{"id":21726,"date":"2017-03-15T12:24:45","date_gmt":"2017-03-15T11:24:45","guid":{"rendered":"https:\/\/seipuntozero-haircare.it\/prodotto\/kromside-krem-do-koloryzacji-wlosow\/"},"modified":"2026-03-17T10:13:24","modified_gmt":"2026-03-17T09:13:24","slug":"kromside-krem-do-koloryzacji-wlosow","status":"publish","type":"product","link":"https:\/\/seipuntozero-haircare.it\/pl\/prodotto\/kromside-krem-do-koloryzacji-wlosow\/","title":{"rendered":"KROMSIDE <br>  Krem do koloryzacji w\u0142os\u00f3w"},"content":{"rendered":"<ul>\n<li style=\"font-weight: 400;\" aria-level=\"1\"><span style=\"font-weight: 400;\">Olejek Marula: znany ze swoich w\u0142a\u015bciwo\u015bci przeciwstarzeniowych. To naturalny przeciwutleniacz, kt\u00f3ry nadaje w\u0142osom mi\u0119kko\u015b\u0107 i po\u0142ysk, chroni sk\u00f3r\u0119 i redukuje skutki czynnik\u00f3w \u015brodowiskowych.<\/span><\/li>\n<li style=\"font-weight: 400;\" aria-level=\"1\"><span style=\"font-weight: 400;\">Aloe Vera: dog\u0142\u0119bnie od\u017cywia, zmi\u0119kcza, wzmacnia i regeneruje w\u0142osy, zapobiegaj\u0105c ich wypadaniu. Sprawia, \u017ce w\u0142osy s\u0105 l\u015bni\u0105ce i pe\u0142ne blasku.<\/span><\/li>\n<li style=\"font-weight: 400;\" aria-level=\"1\"><span style=\"font-weight: 400;\">Ekstrakt z Piwonii: wyr\u00f3\u017cnia si\u0119 udowodnionymi w\u0142a\u015bciwo\u015bciami przeciw podra\u017cnieniom, koj\u0105cym i przeciwdzia\u0142a wolnym rodnikom.<\/span><\/li>\n<\/ul>\n","protected":false},"excerpt":{"rendered":"<p><span style=\"font-weight: 400;\">Kromside, krem koloryzuj\u0105cy do w\u0142os\u00f3w idealny do perfekcyjnego i r\u00f3wnomiernego krycia siwych w\u0142os\u00f3w. Wzbogacony Olejem Marula, Ekstraktem z Aloesu i Piwonii, substancjami funkcjonalnymi o znanych w\u0142a\u015bciwo\u015bciach od\u017cywczych, przeciwstarzeniowych i ochronnych. Profesjonalna koloryzacja w\u0142os\u00f3w od marki 6. Zero zapewnia mi\u0119kkie w\u0142osy o wyj\u0105tkowym blasku oraz pe\u0142ny, \u017cywy i d\u0142ugotrwa\u0142y kolor.<\/span><\/p>\n<p><span style=\"font-weight: 400;\">Do u\u017cytku profesjonalnego<\/span><\/p>\n<p><span style=\"font-weight: 400;\">Tubka o pojemno\u015bci 100 ml<\/span><\/p>\n<p><span style=\"font-weight: 400;\">Mieszanie w proporcji 1:1,5<\/span><\/p>\n<p><span style=\"font-weight: 400;\">118 odcieni<\/span><\/p>\n","protected":false},"featured_media":21363,"template":"","meta":[],"product_brand":[],"product_cat":[1200],"product_tag":[],"class_list":["post-21726","product","type-product","status-publish","has-post-thumbnail","hentry","product_cat-professional-colouring"],"yoast_head":"<!-- This site is optimized with the Yoast SEO plugin v27.1.1 - https:\/\/yoast.com\/product\/yoast-seo-wordpress\/ -->\n<title>Kromside - Krem do koloryzacji w\u0142os\u00f3w<\/title>\n<meta name=\"description\" content=\"Kromside, krem koloryzuj\u0105cy do w\u0142os\u00f3w idealny do perfekcyjnego i r\u00f3wnomiernego krycia siwych w\u0142os\u00f3w.\" \/>\n<meta name=\"robots\" content=\"index, follow, max-snippet:-1, max-image-preview:large, max-video-preview:-1\" \/>\n<link rel=\"canonical\" href=\"https:\/\/seipuntozero-haircare.it\/pl\/prodotto\/kromside-krem-do-koloryzacji-wlosow\/\" \/>\n<meta property=\"og:locale\" content=\"pl_PL\" \/>\n<meta property=\"og:type\" content=\"article\" \/>\n<meta property=\"og:title\" content=\"Kromside - Krem do koloryzacji w\u0142os\u00f3w\" \/>\n<meta property=\"og:description\" content=\"Kromside, krem koloryzuj\u0105cy do w\u0142os\u00f3w idealny do perfekcyjnego i r\u00f3wnomiernego krycia siwych w\u0142os\u00f3w.\" \/>\n<meta property=\"og:url\" content=\"https:\/\/seipuntozero-haircare.it\/pl\/prodotto\/kromside-krem-do-koloryzacji-wlosow\/\" \/>\n<meta property=\"og:site_name\" content=\"6.Zero\" \/>\n<meta property=\"article:modified_time\" content=\"2026-03-17T09:13:24+00:00\" \/>\n<meta property=\"og:image\" content=\"https:\/\/seipuntozero-haircare.it\/wp-content\/uploads\/2017\/03\/260003_sei_punto_zero_kromside_color_cream_100ml.png\" \/>\n\t<meta property=\"og:image:width\" content=\"600\" \/>\n\t<meta property=\"og:image:height\" content=\"600\" \/>\n\t<meta property=\"og:image:type\" content=\"image\/png\" \/>\n<meta name=\"twitter:card\" content=\"summary_large_image\" \/>\n<meta name=\"twitter:label1\" content=\"Szacowany czas czytania\" \/>\n\t<meta name=\"twitter:data1\" content=\"1 minuta\" \/>\n<script type=\"application\/ld+json\" class=\"yoast-schema-graph\">{\"@context\":\"https:\/\/schema.org\",\"@graph\":[{\"@type\":\"WebPage\",\"@id\":\"https:\/\/seipuntozero-haircare.it\/pl\/prodotto\/kromside-krem-do-koloryzacji-wlosow\/\",\"url\":\"https:\/\/seipuntozero-haircare.it\/pl\/prodotto\/kromside-krem-do-koloryzacji-wlosow\/\",\"name\":\"Kromside - Krem do koloryzacji w\u0142os\u00f3w\",\"isPartOf\":{\"@id\":\"https:\/\/seipuntozero-haircare.it\/pl\/#website\"},\"primaryImageOfPage\":{\"@id\":\"https:\/\/seipuntozero-haircare.it\/pl\/prodotto\/kromside-krem-do-koloryzacji-wlosow\/#primaryimage\"},\"image\":{\"@id\":\"https:\/\/seipuntozero-haircare.it\/pl\/prodotto\/kromside-krem-do-koloryzacji-wlosow\/#primaryimage\"},\"thumbnailUrl\":\"https:\/\/seipuntozero-haircare.it\/wp-content\/uploads\/2017\/03\/260003_sei_punto_zero_kromside_color_cream_100ml.png\",\"datePublished\":\"2017-03-15T11:24:45+00:00\",\"dateModified\":\"2026-03-17T09:13:24+00:00\",\"description\":\"Kromside, krem koloryzuj\u0105cy do w\u0142os\u00f3w idealny do perfekcyjnego i r\u00f3wnomiernego krycia siwych w\u0142os\u00f3w.\",\"breadcrumb\":{\"@id\":\"https:\/\/seipuntozero-haircare.it\/pl\/prodotto\/kromside-krem-do-koloryzacji-wlosow\/#breadcrumb\"},\"inLanguage\":\"pl-PL\",\"potentialAction\":[{\"@type\":\"ReadAction\",\"target\":[\"https:\/\/seipuntozero-haircare.it\/pl\/prodotto\/kromside-krem-do-koloryzacji-wlosow\/\"]}]},{\"@type\":\"ImageObject\",\"inLanguage\":\"pl-PL\",\"@id\":\"https:\/\/seipuntozero-haircare.it\/pl\/prodotto\/kromside-krem-do-koloryzacji-wlosow\/#primaryimage\",\"url\":\"https:\/\/seipuntozero-haircare.it\/wp-content\/uploads\/2017\/03\/260003_sei_punto_zero_kromside_color_cream_100ml.png\",\"contentUrl\":\"https:\/\/seipuntozero-haircare.it\/wp-content\/uploads\/2017\/03\/260003_sei_punto_zero_kromside_color_cream_100ml.png\",\"width\":600,\"height\":600},{\"@type\":\"BreadcrumbList\",\"@id\":\"https:\/\/seipuntozero-haircare.it\/pl\/prodotto\/kromside-krem-do-koloryzacji-wlosow\/#breadcrumb\",\"itemListElement\":[{\"@type\":\"ListItem\",\"position\":1,\"name\":\"Home\",\"item\":\"https:\/\/seipuntozero-haircare.it\/pl\/\"},{\"@type\":\"ListItem\",\"position\":2,\"name\":\"Prodotti\",\"item\":\"https:\/\/seipuntozero-haircare.it\/prodotti\/\"},{\"@type\":\"ListItem\",\"position\":3,\"name\":\"KROMSIDE Krem do koloryzacji w\u0142os\u00f3w\"}]},{\"@type\":\"WebSite\",\"@id\":\"https:\/\/seipuntozero-haircare.it\/pl\/#website\",\"url\":\"https:\/\/seipuntozero-haircare.it\/pl\/\",\"name\":\"6.Zero\",\"description\":\"Essential Touch\",\"potentialAction\":[{\"@type\":\"SearchAction\",\"target\":{\"@type\":\"EntryPoint\",\"urlTemplate\":\"https:\/\/seipuntozero-haircare.it\/pl\/?s={search_term_string}\"},\"query-input\":{\"@type\":\"PropertyValueSpecification\",\"valueRequired\":true,\"valueName\":\"search_term_string\"}}],\"inLanguage\":\"pl-PL\"}]}<\/script>\n<!-- \/ Yoast SEO plugin. -->","yoast_head_json":{"title":"Kromside - Krem do koloryzacji w\u0142os\u00f3w","description":"Kromside, krem koloryzuj\u0105cy do w\u0142os\u00f3w idealny do perfekcyjnego i r\u00f3wnomiernego krycia siwych w\u0142os\u00f3w.","robots":{"index":"index","follow":"follow","max-snippet":"max-snippet:-1","max-image-preview":"max-image-preview:large","max-video-preview":"max-video-preview:-1"},"canonical":"https:\/\/seipuntozero-haircare.it\/pl\/prodotto\/kromside-krem-do-koloryzacji-wlosow\/","og_locale":"pl_PL","og_type":"article","og_title":"Kromside - Krem do koloryzacji w\u0142os\u00f3w","og_description":"Kromside, krem koloryzuj\u0105cy do w\u0142os\u00f3w idealny do perfekcyjnego i r\u00f3wnomiernego krycia siwych w\u0142os\u00f3w.","og_url":"https:\/\/seipuntozero-haircare.it\/pl\/prodotto\/kromside-krem-do-koloryzacji-wlosow\/","og_site_name":"6.Zero","article_modified_time":"2026-03-17T09:13:24+00:00","og_image":[{"width":600,"height":600,"url":"https:\/\/seipuntozero-haircare.it\/wp-content\/uploads\/2017\/03\/260003_sei_punto_zero_kromside_color_cream_100ml.png","type":"image\/png"}],"twitter_card":"summary_large_image","twitter_misc":{"Szacowany czas czytania":"1 minuta"},"schema":{"@context":"https:\/\/schema.org","@graph":[{"@type":"WebPage","@id":"https:\/\/seipuntozero-haircare.it\/pl\/prodotto\/kromside-krem-do-koloryzacji-wlosow\/","url":"https:\/\/seipuntozero-haircare.it\/pl\/prodotto\/kromside-krem-do-koloryzacji-wlosow\/","name":"Kromside - Krem do koloryzacji w\u0142os\u00f3w","isPartOf":{"@id":"https:\/\/seipuntozero-haircare.it\/pl\/#website"},"primaryImageOfPage":{"@id":"https:\/\/seipuntozero-haircare.it\/pl\/prodotto\/kromside-krem-do-koloryzacji-wlosow\/#primaryimage"},"image":{"@id":"https:\/\/seipuntozero-haircare.it\/pl\/prodotto\/kromside-krem-do-koloryzacji-wlosow\/#primaryimage"},"thumbnailUrl":"https:\/\/seipuntozero-haircare.it\/wp-content\/uploads\/2017\/03\/260003_sei_punto_zero_kromside_color_cream_100ml.png","datePublished":"2017-03-15T11:24:45+00:00","dateModified":"2026-03-17T09:13:24+00:00","description":"Kromside, krem koloryzuj\u0105cy do w\u0142os\u00f3w idealny do perfekcyjnego i r\u00f3wnomiernego krycia siwych w\u0142os\u00f3w.","breadcrumb":{"@id":"https:\/\/seipuntozero-haircare.it\/pl\/prodotto\/kromside-krem-do-koloryzacji-wlosow\/#breadcrumb"},"inLanguage":"pl-PL","potentialAction":[{"@type":"ReadAction","target":["https:\/\/seipuntozero-haircare.it\/pl\/prodotto\/kromside-krem-do-koloryzacji-wlosow\/"]}]},{"@type":"ImageObject","inLanguage":"pl-PL","@id":"https:\/\/seipuntozero-haircare.it\/pl\/prodotto\/kromside-krem-do-koloryzacji-wlosow\/#primaryimage","url":"https:\/\/seipuntozero-haircare.it\/wp-content\/uploads\/2017\/03\/260003_sei_punto_zero_kromside_color_cream_100ml.png","contentUrl":"https:\/\/seipuntozero-haircare.it\/wp-content\/uploads\/2017\/03\/260003_sei_punto_zero_kromside_color_cream_100ml.png","width":600,"height":600},{"@type":"BreadcrumbList","@id":"https:\/\/seipuntozero-haircare.it\/pl\/prodotto\/kromside-krem-do-koloryzacji-wlosow\/#breadcrumb","itemListElement":[{"@type":"ListItem","position":1,"name":"Home","item":"https:\/\/seipuntozero-haircare.it\/pl\/"},{"@type":"ListItem","position":2,"name":"Prodotti","item":"https:\/\/seipuntozero-haircare.it\/prodotti\/"},{"@type":"ListItem","position":3,"name":"KROMSIDE Krem do koloryzacji w\u0142os\u00f3w"}]},{"@type":"WebSite","@id":"https:\/\/seipuntozero-haircare.it\/pl\/#website","url":"https:\/\/seipuntozero-haircare.it\/pl\/","name":"6.Zero","description":"Essential Touch","potentialAction":[{"@type":"SearchAction","target":{"@type":"EntryPoint","urlTemplate":"https:\/\/seipuntozero-haircare.it\/pl\/?s={search_term_string}"},"query-input":{"@type":"PropertyValueSpecification","valueRequired":true,"valueName":"search_term_string"}}],"inLanguage":"pl-PL"}]}},"_links":{"self":[{"href":"https:\/\/seipuntozero-haircare.it\/pl\/wp-json\/wp\/v2\/product\/21726","targetHints":{"allow":["GET"]}}],"collection":[{"href":"https:\/\/seipuntozero-haircare.it\/pl\/wp-json\/wp\/v2\/product"}],"about":[{"href":"https:\/\/seipuntozero-haircare.it\/pl\/wp-json\/wp\/v2\/types\/product"}],"wp:featuredmedia":[{"embeddable":true,"href":"https:\/\/seipuntozero-haircare.it\/pl\/wp-json\/wp\/v2\/media\/21363"}],"wp:attachment":[{"href":"https:\/\/seipuntozero-haircare.it\/pl\/wp-json\/wp\/v2\/media?parent=21726"}],"wp:term":[{"taxonomy":"product_brand","embeddable":true,"href":"https:\/\/seipuntozero-haircare.it\/pl\/wp-json\/wp\/v2\/product_brand?post=21726"},{"taxonomy":"product_cat","embeddable":true,"href":"https:\/\/seipuntozero-haircare.it\/pl\/wp-json\/wp\/v2\/product_cat?post=21726"},{"taxonomy":"product_tag","embeddable":true,"href":"https:\/\/seipuntozero-haircare.it\/pl\/wp-json\/wp\/v2\/product_tag?post=21726"}],"curies":[{"name":"wp","href":"https:\/\/api.w.org\/{rel}","templated":true}]}}