{"id":21690,"date":"2017-03-15T14:08:30","date_gmt":"2017-03-15T13:08:30","guid":{"rendered":"https:\/\/seipuntozero-haircare.it\/prodotto\/krompure-krem-koloryzujacy-bez-amoniaku-i-ppd\/"},"modified":"2023-11-17T10:55:19","modified_gmt":"2023-11-17T09:55:19","slug":"krompure-krem-koloryzujacy-bez-amoniaku-i-ppd","status":"publish","type":"product","link":"https:\/\/seipuntozero-haircare.it\/pl\/prodotto\/krompure-krem-koloryzujacy-bez-amoniaku-i-ppd\/","title":{"rendered":"KROMPURE <br> Krem koloryzuj\u0105cy bez amoniaku i PPD"},"content":{"rendered":"<ul>\n<li style=\"font-weight: 400;\" aria-level=\"1\"><span style=\"font-weight: 400;\">Zapewnia idealne krycie siwych w\u0142os\u00f3w<\/span><\/li>\n<li style=\"font-weight: 400;\" aria-level=\"1\"><span style=\"font-weight: 400;\">Nie zawiera amoniaku ani PPD<\/span><\/li>\n<li style=\"font-weight: 400;\" aria-level=\"1\"><span style=\"font-weight: 400;\">Nawil\u017cenie i regeneracja dzi\u0119ki sk\u0142adnikom aktywnym zawartym w formule<\/span><\/li>\n<li style=\"font-weight: 400;\" aria-level=\"1\"><span style=\"font-weight: 400;\">L\u015bni\u0105cy i trwa\u0142y kolor<\/span><\/li>\n<\/ul>\n","protected":false},"excerpt":{"rendered":"<p><span style=\"font-weight: 400;\">Krompure, delikatny krem koloryzuj\u0105cy do w\u0142os\u00f3w, bez amoniaku i PPD. Wzbogacony Keratyn\u0105, Olejkiem Tamanu i Skrzypem Polnym, o dobrze znanych w\u0142a\u015bciwo\u015bciach przeciwutleniaj\u0105cych, nawil\u017caj\u0105cych i regeneruj\u0105cych, kt\u00f3re nadaj\u0105 wyj\u0105tkowo d\u0142ugotrwa\u0142y kolor pe\u0142en blasku. Profesjonalna koloryzacja Krompure doskonale kryje siwe w\u0142osy, sprawiaj\u0105c, \u017ce w\u0142osy zyskuj\u0105 naturalny i pe\u0142en blasku wygl\u0105d.<\/span><\/p>\n<p><span style=\"font-weight: 400;\">Do u\u017cytku profesjonalnego<\/span><\/p>\n<p><span style=\"font-weight: 400;\">Tubka o pojemno\u015bci 100 ml<\/span><\/p>\n<p><span style=\"font-weight: 400;\">Mieszanie w proporcji 1:1<\/span><\/p>\n<p><span style=\"font-weight: 400;\">35 odcieni<\/span><\/p>\n","protected":false},"featured_media":21645,"template":"","meta":[],"product_brand":[],"product_cat":[1200],"product_tag":[],"class_list":["post-21690","product","type-product","status-publish","has-post-thumbnail","hentry","product_cat-professional-colouring"],"yoast_head":"<!-- This site is optimized with the Yoast SEO plugin v27.1.1 - https:\/\/yoast.com\/product\/yoast-seo-wordpress\/ -->\n<title>Krompure | Krem koloryzuj\u0105cy bez amoniaku i PPD<\/title>\n<meta name=\"description\" content=\"Krompure, delikatny krem koloryzuj\u0105cy do w\u0142os\u00f3w, bez amoniaku i PPD.\" \/>\n<meta name=\"robots\" content=\"index, follow, max-snippet:-1, max-image-preview:large, max-video-preview:-1\" \/>\n<link rel=\"canonical\" href=\"https:\/\/seipuntozero-haircare.it\/pl\/prodotto\/krompure-krem-koloryzujacy-bez-amoniaku-i-ppd\/\" \/>\n<meta property=\"og:locale\" content=\"pl_PL\" \/>\n<meta property=\"og:type\" content=\"article\" \/>\n<meta property=\"og:title\" content=\"Krompure | Krem koloryzuj\u0105cy bez amoniaku i PPD\" \/>\n<meta property=\"og:description\" content=\"Krompure, delikatny krem koloryzuj\u0105cy do w\u0142os\u00f3w, bez amoniaku i PPD.\" \/>\n<meta property=\"og:url\" content=\"https:\/\/seipuntozero-haircare.it\/pl\/prodotto\/krompure-krem-koloryzujacy-bez-amoniaku-i-ppd\/\" \/>\n<meta property=\"og:site_name\" content=\"6.Zero\" \/>\n<meta property=\"article:modified_time\" content=\"2023-11-17T09:55:19+00:00\" \/>\n<meta property=\"og:image\" content=\"https:\/\/seipuntozero-haircare.it\/wp-content\/uploads\/2017\/03\/260997_sei_punto_zero_krompure_ammonia_ppd_free_hair_colour_cream_100ml-2.png\" \/>\n\t<meta property=\"og:image:width\" content=\"600\" \/>\n\t<meta property=\"og:image:height\" content=\"600\" \/>\n\t<meta property=\"og:image:type\" content=\"image\/png\" \/>\n<meta name=\"twitter:card\" content=\"summary_large_image\" \/>\n<meta name=\"twitter:label1\" content=\"Szacowany czas czytania\" \/>\n\t<meta name=\"twitter:data1\" content=\"1 minuta\" \/>\n<script type=\"application\/ld+json\" class=\"yoast-schema-graph\">{\"@context\":\"https:\/\/schema.org\",\"@graph\":[{\"@type\":\"WebPage\",\"@id\":\"https:\/\/seipuntozero-haircare.it\/pl\/prodotto\/krompure-krem-koloryzujacy-bez-amoniaku-i-ppd\/\",\"url\":\"https:\/\/seipuntozero-haircare.it\/pl\/prodotto\/krompure-krem-koloryzujacy-bez-amoniaku-i-ppd\/\",\"name\":\"Krompure | Krem koloryzuj\u0105cy bez amoniaku i PPD\",\"isPartOf\":{\"@id\":\"https:\/\/seipuntozero-haircare.it\/pl\/#website\"},\"primaryImageOfPage\":{\"@id\":\"https:\/\/seipuntozero-haircare.it\/pl\/prodotto\/krompure-krem-koloryzujacy-bez-amoniaku-i-ppd\/#primaryimage\"},\"image\":{\"@id\":\"https:\/\/seipuntozero-haircare.it\/pl\/prodotto\/krompure-krem-koloryzujacy-bez-amoniaku-i-ppd\/#primaryimage\"},\"thumbnailUrl\":\"https:\/\/seipuntozero-haircare.it\/wp-content\/uploads\/2017\/03\/260997_sei_punto_zero_krompure_ammonia_ppd_free_hair_colour_cream_100ml-2.png\",\"datePublished\":\"2017-03-15T13:08:30+00:00\",\"dateModified\":\"2023-11-17T09:55:19+00:00\",\"description\":\"Krompure, delikatny krem koloryzuj\u0105cy do w\u0142os\u00f3w, bez amoniaku i PPD.\",\"breadcrumb\":{\"@id\":\"https:\/\/seipuntozero-haircare.it\/pl\/prodotto\/krompure-krem-koloryzujacy-bez-amoniaku-i-ppd\/#breadcrumb\"},\"inLanguage\":\"pl-PL\",\"potentialAction\":[{\"@type\":\"ReadAction\",\"target\":[\"https:\/\/seipuntozero-haircare.it\/pl\/prodotto\/krompure-krem-koloryzujacy-bez-amoniaku-i-ppd\/\"]}]},{\"@type\":\"ImageObject\",\"inLanguage\":\"pl-PL\",\"@id\":\"https:\/\/seipuntozero-haircare.it\/pl\/prodotto\/krompure-krem-koloryzujacy-bez-amoniaku-i-ppd\/#primaryimage\",\"url\":\"https:\/\/seipuntozero-haircare.it\/wp-content\/uploads\/2017\/03\/260997_sei_punto_zero_krompure_ammonia_ppd_free_hair_colour_cream_100ml-2.png\",\"contentUrl\":\"https:\/\/seipuntozero-haircare.it\/wp-content\/uploads\/2017\/03\/260997_sei_punto_zero_krompure_ammonia_ppd_free_hair_colour_cream_100ml-2.png\",\"width\":600,\"height\":600},{\"@type\":\"BreadcrumbList\",\"@id\":\"https:\/\/seipuntozero-haircare.it\/pl\/prodotto\/krompure-krem-koloryzujacy-bez-amoniaku-i-ppd\/#breadcrumb\",\"itemListElement\":[{\"@type\":\"ListItem\",\"position\":1,\"name\":\"Home\",\"item\":\"https:\/\/seipuntozero-haircare.it\/pl\/\"},{\"@type\":\"ListItem\",\"position\":2,\"name\":\"Prodotti\",\"item\":\"https:\/\/seipuntozero-haircare.it\/prodotti\/\"},{\"@type\":\"ListItem\",\"position\":3,\"name\":\"KROMPURE Krem koloryzuj\u0105cy bez amoniaku i PPD\"}]},{\"@type\":\"WebSite\",\"@id\":\"https:\/\/seipuntozero-haircare.it\/pl\/#website\",\"url\":\"https:\/\/seipuntozero-haircare.it\/pl\/\",\"name\":\"6.Zero\",\"description\":\"Essential Touch\",\"potentialAction\":[{\"@type\":\"SearchAction\",\"target\":{\"@type\":\"EntryPoint\",\"urlTemplate\":\"https:\/\/seipuntozero-haircare.it\/pl\/?s={search_term_string}\"},\"query-input\":{\"@type\":\"PropertyValueSpecification\",\"valueRequired\":true,\"valueName\":\"search_term_string\"}}],\"inLanguage\":\"pl-PL\"}]}<\/script>\n<!-- \/ Yoast SEO plugin. -->","yoast_head_json":{"title":"Krompure | Krem koloryzuj\u0105cy bez amoniaku i PPD","description":"Krompure, delikatny krem koloryzuj\u0105cy do w\u0142os\u00f3w, bez amoniaku i PPD.","robots":{"index":"index","follow":"follow","max-snippet":"max-snippet:-1","max-image-preview":"max-image-preview:large","max-video-preview":"max-video-preview:-1"},"canonical":"https:\/\/seipuntozero-haircare.it\/pl\/prodotto\/krompure-krem-koloryzujacy-bez-amoniaku-i-ppd\/","og_locale":"pl_PL","og_type":"article","og_title":"Krompure | Krem koloryzuj\u0105cy bez amoniaku i PPD","og_description":"Krompure, delikatny krem koloryzuj\u0105cy do w\u0142os\u00f3w, bez amoniaku i PPD.","og_url":"https:\/\/seipuntozero-haircare.it\/pl\/prodotto\/krompure-krem-koloryzujacy-bez-amoniaku-i-ppd\/","og_site_name":"6.Zero","article_modified_time":"2023-11-17T09:55:19+00:00","og_image":[{"width":600,"height":600,"url":"https:\/\/seipuntozero-haircare.it\/wp-content\/uploads\/2017\/03\/260997_sei_punto_zero_krompure_ammonia_ppd_free_hair_colour_cream_100ml-2.png","type":"image\/png"}],"twitter_card":"summary_large_image","twitter_misc":{"Szacowany czas czytania":"1 minuta"},"schema":{"@context":"https:\/\/schema.org","@graph":[{"@type":"WebPage","@id":"https:\/\/seipuntozero-haircare.it\/pl\/prodotto\/krompure-krem-koloryzujacy-bez-amoniaku-i-ppd\/","url":"https:\/\/seipuntozero-haircare.it\/pl\/prodotto\/krompure-krem-koloryzujacy-bez-amoniaku-i-ppd\/","name":"Krompure | Krem koloryzuj\u0105cy bez amoniaku i PPD","isPartOf":{"@id":"https:\/\/seipuntozero-haircare.it\/pl\/#website"},"primaryImageOfPage":{"@id":"https:\/\/seipuntozero-haircare.it\/pl\/prodotto\/krompure-krem-koloryzujacy-bez-amoniaku-i-ppd\/#primaryimage"},"image":{"@id":"https:\/\/seipuntozero-haircare.it\/pl\/prodotto\/krompure-krem-koloryzujacy-bez-amoniaku-i-ppd\/#primaryimage"},"thumbnailUrl":"https:\/\/seipuntozero-haircare.it\/wp-content\/uploads\/2017\/03\/260997_sei_punto_zero_krompure_ammonia_ppd_free_hair_colour_cream_100ml-2.png","datePublished":"2017-03-15T13:08:30+00:00","dateModified":"2023-11-17T09:55:19+00:00","description":"Krompure, delikatny krem koloryzuj\u0105cy do w\u0142os\u00f3w, bez amoniaku i PPD.","breadcrumb":{"@id":"https:\/\/seipuntozero-haircare.it\/pl\/prodotto\/krompure-krem-koloryzujacy-bez-amoniaku-i-ppd\/#breadcrumb"},"inLanguage":"pl-PL","potentialAction":[{"@type":"ReadAction","target":["https:\/\/seipuntozero-haircare.it\/pl\/prodotto\/krompure-krem-koloryzujacy-bez-amoniaku-i-ppd\/"]}]},{"@type":"ImageObject","inLanguage":"pl-PL","@id":"https:\/\/seipuntozero-haircare.it\/pl\/prodotto\/krompure-krem-koloryzujacy-bez-amoniaku-i-ppd\/#primaryimage","url":"https:\/\/seipuntozero-haircare.it\/wp-content\/uploads\/2017\/03\/260997_sei_punto_zero_krompure_ammonia_ppd_free_hair_colour_cream_100ml-2.png","contentUrl":"https:\/\/seipuntozero-haircare.it\/wp-content\/uploads\/2017\/03\/260997_sei_punto_zero_krompure_ammonia_ppd_free_hair_colour_cream_100ml-2.png","width":600,"height":600},{"@type":"BreadcrumbList","@id":"https:\/\/seipuntozero-haircare.it\/pl\/prodotto\/krompure-krem-koloryzujacy-bez-amoniaku-i-ppd\/#breadcrumb","itemListElement":[{"@type":"ListItem","position":1,"name":"Home","item":"https:\/\/seipuntozero-haircare.it\/pl\/"},{"@type":"ListItem","position":2,"name":"Prodotti","item":"https:\/\/seipuntozero-haircare.it\/prodotti\/"},{"@type":"ListItem","position":3,"name":"KROMPURE Krem koloryzuj\u0105cy bez amoniaku i PPD"}]},{"@type":"WebSite","@id":"https:\/\/seipuntozero-haircare.it\/pl\/#website","url":"https:\/\/seipuntozero-haircare.it\/pl\/","name":"6.Zero","description":"Essential Touch","potentialAction":[{"@type":"SearchAction","target":{"@type":"EntryPoint","urlTemplate":"https:\/\/seipuntozero-haircare.it\/pl\/?s={search_term_string}"},"query-input":{"@type":"PropertyValueSpecification","valueRequired":true,"valueName":"search_term_string"}}],"inLanguage":"pl-PL"}]}},"_links":{"self":[{"href":"https:\/\/seipuntozero-haircare.it\/pl\/wp-json\/wp\/v2\/product\/21690","targetHints":{"allow":["GET"]}}],"collection":[{"href":"https:\/\/seipuntozero-haircare.it\/pl\/wp-json\/wp\/v2\/product"}],"about":[{"href":"https:\/\/seipuntozero-haircare.it\/pl\/wp-json\/wp\/v2\/types\/product"}],"wp:featuredmedia":[{"embeddable":true,"href":"https:\/\/seipuntozero-haircare.it\/pl\/wp-json\/wp\/v2\/media\/21645"}],"wp:attachment":[{"href":"https:\/\/seipuntozero-haircare.it\/pl\/wp-json\/wp\/v2\/media?parent=21690"}],"wp:term":[{"taxonomy":"product_brand","embeddable":true,"href":"https:\/\/seipuntozero-haircare.it\/pl\/wp-json\/wp\/v2\/product_brand?post=21690"},{"taxonomy":"product_cat","embeddable":true,"href":"https:\/\/seipuntozero-haircare.it\/pl\/wp-json\/wp\/v2\/product_cat?post=21690"},{"taxonomy":"product_tag","embeddable":true,"href":"https:\/\/seipuntozero-haircare.it\/pl\/wp-json\/wp\/v2\/product_tag?post=21690"}],"curies":[{"name":"wp","href":"https:\/\/api.w.org\/{rel}","templated":true}]}}