{"id":21689,"date":"2017-03-15T14:48:10","date_gmt":"2017-03-15T13:48:10","guid":{"rendered":"https:\/\/seipuntozero-haircare.it\/prodotto\/wipes-color-off-chusteczki-zmiekczajace-i-usuwajace-plamy-od-farby\/"},"modified":"2023-11-17T10:51:32","modified_gmt":"2023-11-17T09:51:32","slug":"wipes-color-off-chusteczki-zmiekczajace-i-usuwajace-plamy-od-farby","status":"publish","type":"product","link":"https:\/\/seipuntozero-haircare.it\/pl\/prodotto\/wipes-color-off-chusteczki-zmiekczajace-i-usuwajace-plamy-od-farby\/","title":{"rendered":"WIPES COLOR OFF <br> Chusteczki zmi\u0119kczaj\u0105ce i usuwaj\u0105ce plamy od farby"},"content":{"rendered":"<ul>\n<li style=\"font-weight: 400;\" aria-level=\"1\"><span style=\"font-weight: 400;\">Usuwaj\u0105 \u015blady po farbie w trakcie i po zabiegach<\/span><\/li>\n<li style=\"font-weight: 400;\" aria-level=\"1\"><span style=\"font-weight: 400;\">Delikatnie usuwaj\u0105 plamy ze sk\u00f3ry<\/span><\/li>\n<li style=\"font-weight: 400;\" aria-level=\"1\"><span style=\"font-weight: 400;\">Wzbogacone Ekstraktem z Rumianku<\/span><\/li>\n<\/ul>\n","protected":false},"excerpt":{"rendered":"<p><span style=\"font-weight: 400;\">Wipes Color Off, zmi\u0119kczaj\u0105ce chusteczki do usuwania plam przeznaczone do usuwania \u015blad\u00f3w i plam od farby w trakcie i po zabiegach. Dzia\u0142anie oczyszczaj\u0105ce wspomaga Ekstrakt z Rumianku, kt\u00f3ry jest znany ze swoich w\u0142a\u015bciwo\u015bci zmi\u0119kczaj\u0105cych, kosmetycznych, \u0142agodz\u0105cych i oczyszczaj\u0105cych. Delikatnie dzia\u0142a na nask\u00f3rek, aby usun\u0105\u0107 wszelkie pozosta\u0142o\u015bci po us\u0142udze technicznej i pozostawia przyjemny zapach na sk\u00f3rze.<\/span><\/p>\n<p><span style=\"font-weight: 400;\">100 chusteczek<\/span><\/p>\n","protected":false},"featured_media":21373,"template":"","meta":[],"product_brand":[],"product_cat":[1200],"product_tag":[],"class_list":["post-21689","product","type-product","status-publish","has-post-thumbnail","hentry","product_cat-professional-colouring"],"yoast_head":"<!-- This site is optimized with the Yoast SEO plugin v27.1.1 - https:\/\/yoast.com\/product\/yoast-seo-wordpress\/ -->\n<title>Wipes Color Off \u2013 Chusteczki zmi\u0119kczaj\u0105ce i usuwaj\u0105ce plamy od farby<\/title>\n<meta name=\"description\" content=\"Wipes Color Off, zmi\u0119kczaj\u0105ce chusteczki do usuwania plam przeznaczone do usuwania \u015blad\u00f3w i plam od farby w trakcie i po zabiegach.\" \/>\n<meta name=\"robots\" content=\"index, follow, max-snippet:-1, max-image-preview:large, max-video-preview:-1\" \/>\n<link rel=\"canonical\" href=\"https:\/\/seipuntozero-haircare.it\/pl\/prodotto\/wipes-color-off-chusteczki-zmiekczajace-i-usuwajace-plamy-od-farby\/\" \/>\n<meta property=\"og:locale\" content=\"pl_PL\" \/>\n<meta property=\"og:type\" content=\"article\" \/>\n<meta property=\"og:title\" content=\"Wipes Color Off \u2013 Chusteczki zmi\u0119kczaj\u0105ce i usuwaj\u0105ce plamy od farby\" \/>\n<meta property=\"og:description\" content=\"Wipes Color Off, zmi\u0119kczaj\u0105ce chusteczki do usuwania plam przeznaczone do usuwania \u015blad\u00f3w i plam od farby w trakcie i po zabiegach.\" \/>\n<meta property=\"og:url\" content=\"https:\/\/seipuntozero-haircare.it\/pl\/prodotto\/wipes-color-off-chusteczki-zmiekczajace-i-usuwajace-plamy-od-farby\/\" \/>\n<meta property=\"og:site_name\" content=\"6.Zero\" \/>\n<meta property=\"article:modified_time\" content=\"2023-11-17T09:51:32+00:00\" \/>\n<meta property=\"og:image\" content=\"https:\/\/seipuntozero-haircare.it\/wp-content\/uploads\/2017\/03\/262472_sei_punto_zero_wipes_color_off_soothing_colour_remover_wipes.png\" \/>\n\t<meta property=\"og:image:width\" content=\"600\" \/>\n\t<meta property=\"og:image:height\" content=\"600\" \/>\n\t<meta property=\"og:image:type\" content=\"image\/png\" \/>\n<meta name=\"twitter:card\" content=\"summary_large_image\" \/>\n<meta name=\"twitter:label1\" content=\"Szacowany czas czytania\" \/>\n\t<meta name=\"twitter:data1\" content=\"1 minuta\" \/>\n<script type=\"application\/ld+json\" class=\"yoast-schema-graph\">{\"@context\":\"https:\/\/schema.org\",\"@graph\":[{\"@type\":\"WebPage\",\"@id\":\"https:\/\/seipuntozero-haircare.it\/pl\/prodotto\/wipes-color-off-chusteczki-zmiekczajace-i-usuwajace-plamy-od-farby\/\",\"url\":\"https:\/\/seipuntozero-haircare.it\/pl\/prodotto\/wipes-color-off-chusteczki-zmiekczajace-i-usuwajace-plamy-od-farby\/\",\"name\":\"Wipes Color Off \u2013 Chusteczki zmi\u0119kczaj\u0105ce i usuwaj\u0105ce plamy od farby\",\"isPartOf\":{\"@id\":\"https:\/\/seipuntozero-haircare.it\/pl\/#website\"},\"primaryImageOfPage\":{\"@id\":\"https:\/\/seipuntozero-haircare.it\/pl\/prodotto\/wipes-color-off-chusteczki-zmiekczajace-i-usuwajace-plamy-od-farby\/#primaryimage\"},\"image\":{\"@id\":\"https:\/\/seipuntozero-haircare.it\/pl\/prodotto\/wipes-color-off-chusteczki-zmiekczajace-i-usuwajace-plamy-od-farby\/#primaryimage\"},\"thumbnailUrl\":\"https:\/\/seipuntozero-haircare.it\/wp-content\/uploads\/2017\/03\/262472_sei_punto_zero_wipes_color_off_soothing_colour_remover_wipes.png\",\"datePublished\":\"2017-03-15T13:48:10+00:00\",\"dateModified\":\"2023-11-17T09:51:32+00:00\",\"description\":\"Wipes Color Off, zmi\u0119kczaj\u0105ce chusteczki do usuwania plam przeznaczone do usuwania \u015blad\u00f3w i plam od farby w trakcie i po zabiegach.\",\"breadcrumb\":{\"@id\":\"https:\/\/seipuntozero-haircare.it\/pl\/prodotto\/wipes-color-off-chusteczki-zmiekczajace-i-usuwajace-plamy-od-farby\/#breadcrumb\"},\"inLanguage\":\"pl-PL\",\"potentialAction\":[{\"@type\":\"ReadAction\",\"target\":[\"https:\/\/seipuntozero-haircare.it\/pl\/prodotto\/wipes-color-off-chusteczki-zmiekczajace-i-usuwajace-plamy-od-farby\/\"]}]},{\"@type\":\"ImageObject\",\"inLanguage\":\"pl-PL\",\"@id\":\"https:\/\/seipuntozero-haircare.it\/pl\/prodotto\/wipes-color-off-chusteczki-zmiekczajace-i-usuwajace-plamy-od-farby\/#primaryimage\",\"url\":\"https:\/\/seipuntozero-haircare.it\/wp-content\/uploads\/2017\/03\/262472_sei_punto_zero_wipes_color_off_soothing_colour_remover_wipes.png\",\"contentUrl\":\"https:\/\/seipuntozero-haircare.it\/wp-content\/uploads\/2017\/03\/262472_sei_punto_zero_wipes_color_off_soothing_colour_remover_wipes.png\",\"width\":600,\"height\":600},{\"@type\":\"BreadcrumbList\",\"@id\":\"https:\/\/seipuntozero-haircare.it\/pl\/prodotto\/wipes-color-off-chusteczki-zmiekczajace-i-usuwajace-plamy-od-farby\/#breadcrumb\",\"itemListElement\":[{\"@type\":\"ListItem\",\"position\":1,\"name\":\"Home\",\"item\":\"https:\/\/seipuntozero-haircare.it\/pl\/\"},{\"@type\":\"ListItem\",\"position\":2,\"name\":\"Prodotti\",\"item\":\"https:\/\/seipuntozero-haircare.it\/prodotti\/\"},{\"@type\":\"ListItem\",\"position\":3,\"name\":\"WIPES COLOR OFF Chusteczki zmi\u0119kczaj\u0105ce i usuwaj\u0105ce plamy od farby\"}]},{\"@type\":\"WebSite\",\"@id\":\"https:\/\/seipuntozero-haircare.it\/pl\/#website\",\"url\":\"https:\/\/seipuntozero-haircare.it\/pl\/\",\"name\":\"6.Zero\",\"description\":\"Essential Touch\",\"potentialAction\":[{\"@type\":\"SearchAction\",\"target\":{\"@type\":\"EntryPoint\",\"urlTemplate\":\"https:\/\/seipuntozero-haircare.it\/pl\/?s={search_term_string}\"},\"query-input\":{\"@type\":\"PropertyValueSpecification\",\"valueRequired\":true,\"valueName\":\"search_term_string\"}}],\"inLanguage\":\"pl-PL\"}]}<\/script>\n<!-- \/ Yoast SEO plugin. -->","yoast_head_json":{"title":"Wipes Color Off \u2013 Chusteczki zmi\u0119kczaj\u0105ce i usuwaj\u0105ce plamy od farby","description":"Wipes Color Off, zmi\u0119kczaj\u0105ce chusteczki do usuwania plam przeznaczone do usuwania \u015blad\u00f3w i plam od farby w trakcie i po zabiegach.","robots":{"index":"index","follow":"follow","max-snippet":"max-snippet:-1","max-image-preview":"max-image-preview:large","max-video-preview":"max-video-preview:-1"},"canonical":"https:\/\/seipuntozero-haircare.it\/pl\/prodotto\/wipes-color-off-chusteczki-zmiekczajace-i-usuwajace-plamy-od-farby\/","og_locale":"pl_PL","og_type":"article","og_title":"Wipes Color Off \u2013 Chusteczki zmi\u0119kczaj\u0105ce i usuwaj\u0105ce plamy od farby","og_description":"Wipes Color Off, zmi\u0119kczaj\u0105ce chusteczki do usuwania plam przeznaczone do usuwania \u015blad\u00f3w i plam od farby w trakcie i po zabiegach.","og_url":"https:\/\/seipuntozero-haircare.it\/pl\/prodotto\/wipes-color-off-chusteczki-zmiekczajace-i-usuwajace-plamy-od-farby\/","og_site_name":"6.Zero","article_modified_time":"2023-11-17T09:51:32+00:00","og_image":[{"width":600,"height":600,"url":"https:\/\/seipuntozero-haircare.it\/wp-content\/uploads\/2017\/03\/262472_sei_punto_zero_wipes_color_off_soothing_colour_remover_wipes.png","type":"image\/png"}],"twitter_card":"summary_large_image","twitter_misc":{"Szacowany czas czytania":"1 minuta"},"schema":{"@context":"https:\/\/schema.org","@graph":[{"@type":"WebPage","@id":"https:\/\/seipuntozero-haircare.it\/pl\/prodotto\/wipes-color-off-chusteczki-zmiekczajace-i-usuwajace-plamy-od-farby\/","url":"https:\/\/seipuntozero-haircare.it\/pl\/prodotto\/wipes-color-off-chusteczki-zmiekczajace-i-usuwajace-plamy-od-farby\/","name":"Wipes Color Off \u2013 Chusteczki zmi\u0119kczaj\u0105ce i usuwaj\u0105ce plamy od farby","isPartOf":{"@id":"https:\/\/seipuntozero-haircare.it\/pl\/#website"},"primaryImageOfPage":{"@id":"https:\/\/seipuntozero-haircare.it\/pl\/prodotto\/wipes-color-off-chusteczki-zmiekczajace-i-usuwajace-plamy-od-farby\/#primaryimage"},"image":{"@id":"https:\/\/seipuntozero-haircare.it\/pl\/prodotto\/wipes-color-off-chusteczki-zmiekczajace-i-usuwajace-plamy-od-farby\/#primaryimage"},"thumbnailUrl":"https:\/\/seipuntozero-haircare.it\/wp-content\/uploads\/2017\/03\/262472_sei_punto_zero_wipes_color_off_soothing_colour_remover_wipes.png","datePublished":"2017-03-15T13:48:10+00:00","dateModified":"2023-11-17T09:51:32+00:00","description":"Wipes Color Off, zmi\u0119kczaj\u0105ce chusteczki do usuwania plam przeznaczone do usuwania \u015blad\u00f3w i plam od farby w trakcie i po zabiegach.","breadcrumb":{"@id":"https:\/\/seipuntozero-haircare.it\/pl\/prodotto\/wipes-color-off-chusteczki-zmiekczajace-i-usuwajace-plamy-od-farby\/#breadcrumb"},"inLanguage":"pl-PL","potentialAction":[{"@type":"ReadAction","target":["https:\/\/seipuntozero-haircare.it\/pl\/prodotto\/wipes-color-off-chusteczki-zmiekczajace-i-usuwajace-plamy-od-farby\/"]}]},{"@type":"ImageObject","inLanguage":"pl-PL","@id":"https:\/\/seipuntozero-haircare.it\/pl\/prodotto\/wipes-color-off-chusteczki-zmiekczajace-i-usuwajace-plamy-od-farby\/#primaryimage","url":"https:\/\/seipuntozero-haircare.it\/wp-content\/uploads\/2017\/03\/262472_sei_punto_zero_wipes_color_off_soothing_colour_remover_wipes.png","contentUrl":"https:\/\/seipuntozero-haircare.it\/wp-content\/uploads\/2017\/03\/262472_sei_punto_zero_wipes_color_off_soothing_colour_remover_wipes.png","width":600,"height":600},{"@type":"BreadcrumbList","@id":"https:\/\/seipuntozero-haircare.it\/pl\/prodotto\/wipes-color-off-chusteczki-zmiekczajace-i-usuwajace-plamy-od-farby\/#breadcrumb","itemListElement":[{"@type":"ListItem","position":1,"name":"Home","item":"https:\/\/seipuntozero-haircare.it\/pl\/"},{"@type":"ListItem","position":2,"name":"Prodotti","item":"https:\/\/seipuntozero-haircare.it\/prodotti\/"},{"@type":"ListItem","position":3,"name":"WIPES COLOR OFF Chusteczki zmi\u0119kczaj\u0105ce i usuwaj\u0105ce plamy od farby"}]},{"@type":"WebSite","@id":"https:\/\/seipuntozero-haircare.it\/pl\/#website","url":"https:\/\/seipuntozero-haircare.it\/pl\/","name":"6.Zero","description":"Essential Touch","potentialAction":[{"@type":"SearchAction","target":{"@type":"EntryPoint","urlTemplate":"https:\/\/seipuntozero-haircare.it\/pl\/?s={search_term_string}"},"query-input":{"@type":"PropertyValueSpecification","valueRequired":true,"valueName":"search_term_string"}}],"inLanguage":"pl-PL"}]}},"_links":{"self":[{"href":"https:\/\/seipuntozero-haircare.it\/pl\/wp-json\/wp\/v2\/product\/21689","targetHints":{"allow":["GET"]}}],"collection":[{"href":"https:\/\/seipuntozero-haircare.it\/pl\/wp-json\/wp\/v2\/product"}],"about":[{"href":"https:\/\/seipuntozero-haircare.it\/pl\/wp-json\/wp\/v2\/types\/product"}],"wp:featuredmedia":[{"embeddable":true,"href":"https:\/\/seipuntozero-haircare.it\/pl\/wp-json\/wp\/v2\/media\/21373"}],"wp:attachment":[{"href":"https:\/\/seipuntozero-haircare.it\/pl\/wp-json\/wp\/v2\/media?parent=21689"}],"wp:term":[{"taxonomy":"product_brand","embeddable":true,"href":"https:\/\/seipuntozero-haircare.it\/pl\/wp-json\/wp\/v2\/product_brand?post=21689"},{"taxonomy":"product_cat","embeddable":true,"href":"https:\/\/seipuntozero-haircare.it\/pl\/wp-json\/wp\/v2\/product_cat?post=21689"},{"taxonomy":"product_tag","embeddable":true,"href":"https:\/\/seipuntozero-haircare.it\/pl\/wp-json\/wp\/v2\/product_tag?post=21689"}],"curies":[{"name":"wp","href":"https:\/\/api.w.org\/{rel}","templated":true}]}}