{"id":21680,"date":"2018-03-16T09:00:52","date_gmt":"2018-03-16T08:00:52","guid":{"rendered":"https:\/\/seipuntozero-haircare.it\/prodotto\/impact-krom-maska-ozywiajaca-kolor\/"},"modified":"2023-11-17T10:53:53","modified_gmt":"2023-11-17T09:53:53","slug":"impact-krom-maska-ozywiajaca-kolor","status":"publish","type":"product","link":"https:\/\/seipuntozero-haircare.it\/pl\/prodotto\/impact-krom-maska-ozywiajaca-kolor\/","title":{"rendered":"IMPACT KROM <br>  Maska o\u017cywiaj\u0105ca kolor"},"content":{"rendered":"<ul>\n<li style=\"font-weight: 400;\" aria-level=\"1\"><span style=\"font-weight: 400;\">O\u017cywia i roz\u015bwietla kolor<\/span><\/li>\n<li style=\"font-weight: 400;\" aria-level=\"1\"><span style=\"font-weight: 400;\">Zwi\u0119ksza intensywno\u015b\u0107 refleks\u00f3w<\/span><\/li>\n<li style=\"font-weight: 400;\" aria-level=\"1\"><span style=\"font-weight: 400;\">Pokrywa pierwsze siwe w\u0142osy<\/span><\/li>\n<li style=\"font-weight: 400;\" aria-level=\"1\"><span style=\"font-weight: 400;\">Niezwykle szybka us\u0142uga: wystarczy pozostawi\u0107 produkt na w\u0142osach jedynie przez od 3 do 5 minut<\/span><\/li>\n<\/ul>\n","protected":false},"excerpt":{"rendered":"<p><span style=\"font-weight: 400;\">Gotowa do u\u017cycia i \u0142atwa w aplikacji nowa Maska Impact Krom wzmacnia refleksy, maskuje pierwsze siwe w\u0142osy i o\u017cywia kolor pomi\u0119dzy kolejnymi us\u0142ugami, roz\u015bwietlaj\u0105c go odcieniami pe\u0142nymi blasku. Maska 6.Zero wzmacnia refleksy i od\u017cywia w\u0142osy: wysoce kosmetyczna formu\u0142a, bez amoniaku, bez utleniaczy i wzbogacona o zmi\u0119kczaj\u0105ce w\u0142a\u015bciwo\u015bci Olejku z Bia\u0142ej Lilii Wodnej, utrzymuje prawid\u0142ow\u0105 r\u00f3wnowag\u0119 wodn\u0105 w\u0142os\u00f3w.<\/span><\/p>\n<p><span style=\"font-weight: 400;\">Buteleczka o pojemno\u015bci 200 ml<\/span><\/p>\n","protected":false},"featured_media":21367,"template":"","meta":[],"product_brand":[],"product_cat":[1200],"product_tag":[],"class_list":["post-21680","product","type-product","status-publish","has-post-thumbnail","hentry","product_cat-professional-colouring"],"yoast_head":"<!-- This site is optimized with the Yoast SEO plugin v27.1.1 - https:\/\/yoast.com\/product\/yoast-seo-wordpress\/ -->\n<title>Impact Krom - Maska o\u017cywiaj\u0105ca kolor<\/title>\n<meta name=\"description\" content=\"Maska Impact Krom wzmacnia refleksy, maskuje pierwsze siwe w\u0142osy i o\u017cywia kolor pomi\u0119dzy kolejnymi us\u0142ugami\" \/>\n<meta name=\"robots\" content=\"index, follow, max-snippet:-1, max-image-preview:large, max-video-preview:-1\" \/>\n<link rel=\"canonical\" href=\"https:\/\/seipuntozero-haircare.it\/pl\/prodotto\/impact-krom-maska-ozywiajaca-kolor\/\" \/>\n<meta property=\"og:locale\" content=\"pl_PL\" \/>\n<meta property=\"og:type\" content=\"article\" \/>\n<meta property=\"og:title\" content=\"Impact Krom - Maska o\u017cywiaj\u0105ca kolor\" \/>\n<meta property=\"og:description\" content=\"Maska Impact Krom wzmacnia refleksy, maskuje pierwsze siwe w\u0142osy i o\u017cywia kolor pomi\u0119dzy kolejnymi us\u0142ugami\" \/>\n<meta property=\"og:url\" content=\"https:\/\/seipuntozero-haircare.it\/pl\/prodotto\/impact-krom-maska-ozywiajaca-kolor\/\" \/>\n<meta property=\"og:site_name\" content=\"6.Zero\" \/>\n<meta property=\"article:modified_time\" content=\"2023-11-17T09:53:53+00:00\" \/>\n<meta property=\"og:image\" content=\"https:\/\/seipuntozero-haircare.it\/wp-content\/uploads\/2021\/09\/262915_sei_punto_zero_impact_krome_reaviving_color_mask_blonde.png\" \/>\n\t<meta property=\"og:image:width\" content=\"600\" \/>\n\t<meta property=\"og:image:height\" content=\"600\" \/>\n\t<meta property=\"og:image:type\" content=\"image\/png\" \/>\n<meta name=\"twitter:card\" content=\"summary_large_image\" \/>\n<meta name=\"twitter:label1\" content=\"Szacowany czas czytania\" \/>\n\t<meta name=\"twitter:data1\" content=\"1 minuta\" \/>\n<script type=\"application\/ld+json\" class=\"yoast-schema-graph\">{\"@context\":\"https:\/\/schema.org\",\"@graph\":[{\"@type\":\"WebPage\",\"@id\":\"https:\/\/seipuntozero-haircare.it\/pl\/prodotto\/impact-krom-maska-ozywiajaca-kolor\/\",\"url\":\"https:\/\/seipuntozero-haircare.it\/pl\/prodotto\/impact-krom-maska-ozywiajaca-kolor\/\",\"name\":\"Impact Krom - Maska o\u017cywiaj\u0105ca kolor\",\"isPartOf\":{\"@id\":\"https:\/\/seipuntozero-haircare.it\/pl\/#website\"},\"primaryImageOfPage\":{\"@id\":\"https:\/\/seipuntozero-haircare.it\/pl\/prodotto\/impact-krom-maska-ozywiajaca-kolor\/#primaryimage\"},\"image\":{\"@id\":\"https:\/\/seipuntozero-haircare.it\/pl\/prodotto\/impact-krom-maska-ozywiajaca-kolor\/#primaryimage\"},\"thumbnailUrl\":\"https:\/\/seipuntozero-haircare.it\/wp-content\/uploads\/2021\/09\/262915_sei_punto_zero_impact_krome_reaviving_color_mask_blonde.png\",\"datePublished\":\"2018-03-16T08:00:52+00:00\",\"dateModified\":\"2023-11-17T09:53:53+00:00\",\"description\":\"Maska Impact Krom wzmacnia refleksy, maskuje pierwsze siwe w\u0142osy i o\u017cywia kolor pomi\u0119dzy kolejnymi us\u0142ugami\",\"breadcrumb\":{\"@id\":\"https:\/\/seipuntozero-haircare.it\/pl\/prodotto\/impact-krom-maska-ozywiajaca-kolor\/#breadcrumb\"},\"inLanguage\":\"pl-PL\",\"potentialAction\":[{\"@type\":\"ReadAction\",\"target\":[\"https:\/\/seipuntozero-haircare.it\/pl\/prodotto\/impact-krom-maska-ozywiajaca-kolor\/\"]}]},{\"@type\":\"ImageObject\",\"inLanguage\":\"pl-PL\",\"@id\":\"https:\/\/seipuntozero-haircare.it\/pl\/prodotto\/impact-krom-maska-ozywiajaca-kolor\/#primaryimage\",\"url\":\"https:\/\/seipuntozero-haircare.it\/wp-content\/uploads\/2021\/09\/262915_sei_punto_zero_impact_krome_reaviving_color_mask_blonde.png\",\"contentUrl\":\"https:\/\/seipuntozero-haircare.it\/wp-content\/uploads\/2021\/09\/262915_sei_punto_zero_impact_krome_reaviving_color_mask_blonde.png\",\"width\":600,\"height\":600},{\"@type\":\"BreadcrumbList\",\"@id\":\"https:\/\/seipuntozero-haircare.it\/pl\/prodotto\/impact-krom-maska-ozywiajaca-kolor\/#breadcrumb\",\"itemListElement\":[{\"@type\":\"ListItem\",\"position\":1,\"name\":\"Home\",\"item\":\"https:\/\/seipuntozero-haircare.it\/pl\/\"},{\"@type\":\"ListItem\",\"position\":2,\"name\":\"Prodotti\",\"item\":\"https:\/\/seipuntozero-haircare.it\/prodotti\/\"},{\"@type\":\"ListItem\",\"position\":3,\"name\":\"IMPACT KROM Maska o\u017cywiaj\u0105ca kolor\"}]},{\"@type\":\"WebSite\",\"@id\":\"https:\/\/seipuntozero-haircare.it\/pl\/#website\",\"url\":\"https:\/\/seipuntozero-haircare.it\/pl\/\",\"name\":\"6.Zero\",\"description\":\"Essential Touch\",\"potentialAction\":[{\"@type\":\"SearchAction\",\"target\":{\"@type\":\"EntryPoint\",\"urlTemplate\":\"https:\/\/seipuntozero-haircare.it\/pl\/?s={search_term_string}\"},\"query-input\":{\"@type\":\"PropertyValueSpecification\",\"valueRequired\":true,\"valueName\":\"search_term_string\"}}],\"inLanguage\":\"pl-PL\"}]}<\/script>\n<!-- \/ Yoast SEO plugin. -->","yoast_head_json":{"title":"Impact Krom - Maska o\u017cywiaj\u0105ca kolor","description":"Maska Impact Krom wzmacnia refleksy, maskuje pierwsze siwe w\u0142osy i o\u017cywia kolor pomi\u0119dzy kolejnymi us\u0142ugami","robots":{"index":"index","follow":"follow","max-snippet":"max-snippet:-1","max-image-preview":"max-image-preview:large","max-video-preview":"max-video-preview:-1"},"canonical":"https:\/\/seipuntozero-haircare.it\/pl\/prodotto\/impact-krom-maska-ozywiajaca-kolor\/","og_locale":"pl_PL","og_type":"article","og_title":"Impact Krom - Maska o\u017cywiaj\u0105ca kolor","og_description":"Maska Impact Krom wzmacnia refleksy, maskuje pierwsze siwe w\u0142osy i o\u017cywia kolor pomi\u0119dzy kolejnymi us\u0142ugami","og_url":"https:\/\/seipuntozero-haircare.it\/pl\/prodotto\/impact-krom-maska-ozywiajaca-kolor\/","og_site_name":"6.Zero","article_modified_time":"2023-11-17T09:53:53+00:00","og_image":[{"width":600,"height":600,"url":"https:\/\/seipuntozero-haircare.it\/wp-content\/uploads\/2021\/09\/262915_sei_punto_zero_impact_krome_reaviving_color_mask_blonde.png","type":"image\/png"}],"twitter_card":"summary_large_image","twitter_misc":{"Szacowany czas czytania":"1 minuta"},"schema":{"@context":"https:\/\/schema.org","@graph":[{"@type":"WebPage","@id":"https:\/\/seipuntozero-haircare.it\/pl\/prodotto\/impact-krom-maska-ozywiajaca-kolor\/","url":"https:\/\/seipuntozero-haircare.it\/pl\/prodotto\/impact-krom-maska-ozywiajaca-kolor\/","name":"Impact Krom - Maska o\u017cywiaj\u0105ca kolor","isPartOf":{"@id":"https:\/\/seipuntozero-haircare.it\/pl\/#website"},"primaryImageOfPage":{"@id":"https:\/\/seipuntozero-haircare.it\/pl\/prodotto\/impact-krom-maska-ozywiajaca-kolor\/#primaryimage"},"image":{"@id":"https:\/\/seipuntozero-haircare.it\/pl\/prodotto\/impact-krom-maska-ozywiajaca-kolor\/#primaryimage"},"thumbnailUrl":"https:\/\/seipuntozero-haircare.it\/wp-content\/uploads\/2021\/09\/262915_sei_punto_zero_impact_krome_reaviving_color_mask_blonde.png","datePublished":"2018-03-16T08:00:52+00:00","dateModified":"2023-11-17T09:53:53+00:00","description":"Maska Impact Krom wzmacnia refleksy, maskuje pierwsze siwe w\u0142osy i o\u017cywia kolor pomi\u0119dzy kolejnymi us\u0142ugami","breadcrumb":{"@id":"https:\/\/seipuntozero-haircare.it\/pl\/prodotto\/impact-krom-maska-ozywiajaca-kolor\/#breadcrumb"},"inLanguage":"pl-PL","potentialAction":[{"@type":"ReadAction","target":["https:\/\/seipuntozero-haircare.it\/pl\/prodotto\/impact-krom-maska-ozywiajaca-kolor\/"]}]},{"@type":"ImageObject","inLanguage":"pl-PL","@id":"https:\/\/seipuntozero-haircare.it\/pl\/prodotto\/impact-krom-maska-ozywiajaca-kolor\/#primaryimage","url":"https:\/\/seipuntozero-haircare.it\/wp-content\/uploads\/2021\/09\/262915_sei_punto_zero_impact_krome_reaviving_color_mask_blonde.png","contentUrl":"https:\/\/seipuntozero-haircare.it\/wp-content\/uploads\/2021\/09\/262915_sei_punto_zero_impact_krome_reaviving_color_mask_blonde.png","width":600,"height":600},{"@type":"BreadcrumbList","@id":"https:\/\/seipuntozero-haircare.it\/pl\/prodotto\/impact-krom-maska-ozywiajaca-kolor\/#breadcrumb","itemListElement":[{"@type":"ListItem","position":1,"name":"Home","item":"https:\/\/seipuntozero-haircare.it\/pl\/"},{"@type":"ListItem","position":2,"name":"Prodotti","item":"https:\/\/seipuntozero-haircare.it\/prodotti\/"},{"@type":"ListItem","position":3,"name":"IMPACT KROM Maska o\u017cywiaj\u0105ca kolor"}]},{"@type":"WebSite","@id":"https:\/\/seipuntozero-haircare.it\/pl\/#website","url":"https:\/\/seipuntozero-haircare.it\/pl\/","name":"6.Zero","description":"Essential Touch","potentialAction":[{"@type":"SearchAction","target":{"@type":"EntryPoint","urlTemplate":"https:\/\/seipuntozero-haircare.it\/pl\/?s={search_term_string}"},"query-input":{"@type":"PropertyValueSpecification","valueRequired":true,"valueName":"search_term_string"}}],"inLanguage":"pl-PL"}]}},"_links":{"self":[{"href":"https:\/\/seipuntozero-haircare.it\/pl\/wp-json\/wp\/v2\/product\/21680","targetHints":{"allow":["GET"]}}],"collection":[{"href":"https:\/\/seipuntozero-haircare.it\/pl\/wp-json\/wp\/v2\/product"}],"about":[{"href":"https:\/\/seipuntozero-haircare.it\/pl\/wp-json\/wp\/v2\/types\/product"}],"wp:featuredmedia":[{"embeddable":true,"href":"https:\/\/seipuntozero-haircare.it\/pl\/wp-json\/wp\/v2\/media\/21367"}],"wp:attachment":[{"href":"https:\/\/seipuntozero-haircare.it\/pl\/wp-json\/wp\/v2\/media?parent=21680"}],"wp:term":[{"taxonomy":"product_brand","embeddable":true,"href":"https:\/\/seipuntozero-haircare.it\/pl\/wp-json\/wp\/v2\/product_brand?post=21680"},{"taxonomy":"product_cat","embeddable":true,"href":"https:\/\/seipuntozero-haircare.it\/pl\/wp-json\/wp\/v2\/product_cat?post=21680"},{"taxonomy":"product_tag","embeddable":true,"href":"https:\/\/seipuntozero-haircare.it\/pl\/wp-json\/wp\/v2\/product_tag?post=21680"}],"curies":[{"name":"wp","href":"https:\/\/api.w.org\/{rel}","templated":true}]}}