{"id":21679,"date":"2019-11-19T12:00:52","date_gmt":"2019-11-19T11:00:52","guid":{"rendered":"https:\/\/seipuntozero-haircare.it\/prodotto\/cream-color-off-ochronny-krem-przeciw-zabrudzeniom\/"},"modified":"2023-11-17T10:41:29","modified_gmt":"2023-11-17T09:41:29","slug":"cream-color-off-ochronny-krem-przeciw-zabrudzeniom","status":"publish","type":"product","link":"https:\/\/seipuntozero-haircare.it\/pl\/prodotto\/cream-color-off-ochronny-krem-przeciw-zabrudzeniom\/","title":{"rendered":"CREAM COLOR OFF <br> Ochronny krem przeciw zabrudzeniom"},"content":{"rendered":"<ul>\n<li style=\"font-weight: 400;\" aria-level=\"1\"><span style=\"font-weight: 400;\">Chroni sk\u00f3r\u0119 przed plamami od farby<\/span><\/li>\n<li style=\"font-weight: 400;\" aria-level=\"1\"><span style=\"font-weight: 400;\">Izoluje sk\u00f3r\u0119 i chroni j\u0105 przed zaczerwienieniami<\/span><\/li>\n<li style=\"font-weight: 400;\" aria-level=\"1\"><span style=\"font-weight: 400;\">Idealny do profesjonalnego u\u017cytku w Salonie<\/span><\/li>\n<\/ul>\n","protected":false},"excerpt":{"rendered":"<p><span style=\"font-weight: 400;\">Krem Color Off chroni sk\u00f3r\u0119 przed zabrudzeniami, kt\u00f3re mog\u0105 powsta\u0107 w czasie farbowania w\u0142os\u00f3w. Dzia\u0142anie b\u0142onotw\u00f3rcze i ochronne chroni sk\u00f3r\u0119 podczas zabieg\u00f3w koloryzacyjnych i zapobiega niepo\u017c\u0105danym zaczerwienieniom: dzi\u0119ki substancjom izoluj\u0105cym, kt\u00f3re tworz\u0105 doskona\u0142y film ochronny, krem dzia\u0142a jak bariera uniemo\u017cliwiaj\u0105ca kontakt sk\u00f3ry z barwnikami farby. Niezb\u0119dny w Salonie.<\/span><\/p>\n","protected":false},"featured_media":21372,"template":"","meta":[],"product_brand":[],"product_cat":[1200],"product_tag":[],"class_list":["post-21679","product","type-product","status-publish","has-post-thumbnail","hentry","product_cat-professional-colouring"],"yoast_head":"<!-- This site is optimized with the Yoast SEO plugin v27.1.1 - https:\/\/yoast.com\/product\/yoast-seo-wordpress\/ -->\n<title>Ochronny krem przeciw zabrudzeniom<\/title>\n<meta name=\"description\" content=\"Krem Color Off chroni sk\u00f3r\u0119 przed zabrudzeniami, kt\u00f3re mog\u0105 powsta\u0107 w czasie farbowania w\u0142os\u00f3w.\" \/>\n<meta name=\"robots\" content=\"index, follow, max-snippet:-1, max-image-preview:large, max-video-preview:-1\" \/>\n<link rel=\"canonical\" href=\"https:\/\/seipuntozero-haircare.it\/pl\/prodotto\/cream-color-off-ochronny-krem-przeciw-zabrudzeniom\/\" \/>\n<meta property=\"og:locale\" content=\"pl_PL\" \/>\n<meta property=\"og:type\" content=\"article\" \/>\n<meta property=\"og:title\" content=\"Ochronny krem przeciw zabrudzeniom\" \/>\n<meta property=\"og:description\" content=\"Krem Color Off chroni sk\u00f3r\u0119 przed zabrudzeniami, kt\u00f3re mog\u0105 powsta\u0107 w czasie farbowania w\u0142os\u00f3w.\" \/>\n<meta property=\"og:url\" content=\"https:\/\/seipuntozero-haircare.it\/pl\/prodotto\/cream-color-off-ochronny-krem-przeciw-zabrudzeniom\/\" \/>\n<meta property=\"og:site_name\" content=\"6.Zero\" \/>\n<meta property=\"article:modified_time\" content=\"2023-11-17T09:41:29+00:00\" \/>\n<meta property=\"og:image\" content=\"https:\/\/seipuntozero-haircare.it\/wp-content\/uploads\/2019\/11\/262649_sei_punto_zero_cream_color_off_anti_stain_protective_cream_250ml.png\" \/>\n\t<meta property=\"og:image:width\" content=\"600\" \/>\n\t<meta property=\"og:image:height\" content=\"600\" \/>\n\t<meta property=\"og:image:type\" content=\"image\/png\" \/>\n<meta name=\"twitter:card\" content=\"summary_large_image\" \/>\n<meta name=\"twitter:label1\" content=\"Szacowany czas czytania\" \/>\n\t<meta name=\"twitter:data1\" content=\"1 minuta\" \/>\n<script type=\"application\/ld+json\" class=\"yoast-schema-graph\">{\"@context\":\"https:\/\/schema.org\",\"@graph\":[{\"@type\":\"WebPage\",\"@id\":\"https:\/\/seipuntozero-haircare.it\/pl\/prodotto\/cream-color-off-ochronny-krem-przeciw-zabrudzeniom\/\",\"url\":\"https:\/\/seipuntozero-haircare.it\/pl\/prodotto\/cream-color-off-ochronny-krem-przeciw-zabrudzeniom\/\",\"name\":\"Ochronny krem przeciw zabrudzeniom\",\"isPartOf\":{\"@id\":\"https:\/\/seipuntozero-haircare.it\/pl\/#website\"},\"primaryImageOfPage\":{\"@id\":\"https:\/\/seipuntozero-haircare.it\/pl\/prodotto\/cream-color-off-ochronny-krem-przeciw-zabrudzeniom\/#primaryimage\"},\"image\":{\"@id\":\"https:\/\/seipuntozero-haircare.it\/pl\/prodotto\/cream-color-off-ochronny-krem-przeciw-zabrudzeniom\/#primaryimage\"},\"thumbnailUrl\":\"https:\/\/seipuntozero-haircare.it\/wp-content\/uploads\/2019\/11\/262649_sei_punto_zero_cream_color_off_anti_stain_protective_cream_250ml.png\",\"datePublished\":\"2019-11-19T11:00:52+00:00\",\"dateModified\":\"2023-11-17T09:41:29+00:00\",\"description\":\"Krem Color Off chroni sk\u00f3r\u0119 przed zabrudzeniami, kt\u00f3re mog\u0105 powsta\u0107 w czasie farbowania w\u0142os\u00f3w.\",\"breadcrumb\":{\"@id\":\"https:\/\/seipuntozero-haircare.it\/pl\/prodotto\/cream-color-off-ochronny-krem-przeciw-zabrudzeniom\/#breadcrumb\"},\"inLanguage\":\"pl-PL\",\"potentialAction\":[{\"@type\":\"ReadAction\",\"target\":[\"https:\/\/seipuntozero-haircare.it\/pl\/prodotto\/cream-color-off-ochronny-krem-przeciw-zabrudzeniom\/\"]}]},{\"@type\":\"ImageObject\",\"inLanguage\":\"pl-PL\",\"@id\":\"https:\/\/seipuntozero-haircare.it\/pl\/prodotto\/cream-color-off-ochronny-krem-przeciw-zabrudzeniom\/#primaryimage\",\"url\":\"https:\/\/seipuntozero-haircare.it\/wp-content\/uploads\/2019\/11\/262649_sei_punto_zero_cream_color_off_anti_stain_protective_cream_250ml.png\",\"contentUrl\":\"https:\/\/seipuntozero-haircare.it\/wp-content\/uploads\/2019\/11\/262649_sei_punto_zero_cream_color_off_anti_stain_protective_cream_250ml.png\",\"width\":600,\"height\":600},{\"@type\":\"BreadcrumbList\",\"@id\":\"https:\/\/seipuntozero-haircare.it\/pl\/prodotto\/cream-color-off-ochronny-krem-przeciw-zabrudzeniom\/#breadcrumb\",\"itemListElement\":[{\"@type\":\"ListItem\",\"position\":1,\"name\":\"Home\",\"item\":\"https:\/\/seipuntozero-haircare.it\/pl\/\"},{\"@type\":\"ListItem\",\"position\":2,\"name\":\"Prodotti\",\"item\":\"https:\/\/seipuntozero-haircare.it\/prodotti\/\"},{\"@type\":\"ListItem\",\"position\":3,\"name\":\"CREAM COLOR OFF Ochronny krem przeciw zabrudzeniom\"}]},{\"@type\":\"WebSite\",\"@id\":\"https:\/\/seipuntozero-haircare.it\/pl\/#website\",\"url\":\"https:\/\/seipuntozero-haircare.it\/pl\/\",\"name\":\"6.Zero\",\"description\":\"Essential Touch\",\"potentialAction\":[{\"@type\":\"SearchAction\",\"target\":{\"@type\":\"EntryPoint\",\"urlTemplate\":\"https:\/\/seipuntozero-haircare.it\/pl\/?s={search_term_string}\"},\"query-input\":{\"@type\":\"PropertyValueSpecification\",\"valueRequired\":true,\"valueName\":\"search_term_string\"}}],\"inLanguage\":\"pl-PL\"}]}<\/script>\n<!-- \/ Yoast SEO plugin. -->","yoast_head_json":{"title":"Ochronny krem przeciw zabrudzeniom","description":"Krem Color Off chroni sk\u00f3r\u0119 przed zabrudzeniami, kt\u00f3re mog\u0105 powsta\u0107 w czasie farbowania w\u0142os\u00f3w.","robots":{"index":"index","follow":"follow","max-snippet":"max-snippet:-1","max-image-preview":"max-image-preview:large","max-video-preview":"max-video-preview:-1"},"canonical":"https:\/\/seipuntozero-haircare.it\/pl\/prodotto\/cream-color-off-ochronny-krem-przeciw-zabrudzeniom\/","og_locale":"pl_PL","og_type":"article","og_title":"Ochronny krem przeciw zabrudzeniom","og_description":"Krem Color Off chroni sk\u00f3r\u0119 przed zabrudzeniami, kt\u00f3re mog\u0105 powsta\u0107 w czasie farbowania w\u0142os\u00f3w.","og_url":"https:\/\/seipuntozero-haircare.it\/pl\/prodotto\/cream-color-off-ochronny-krem-przeciw-zabrudzeniom\/","og_site_name":"6.Zero","article_modified_time":"2023-11-17T09:41:29+00:00","og_image":[{"width":600,"height":600,"url":"https:\/\/seipuntozero-haircare.it\/wp-content\/uploads\/2019\/11\/262649_sei_punto_zero_cream_color_off_anti_stain_protective_cream_250ml.png","type":"image\/png"}],"twitter_card":"summary_large_image","twitter_misc":{"Szacowany czas czytania":"1 minuta"},"schema":{"@context":"https:\/\/schema.org","@graph":[{"@type":"WebPage","@id":"https:\/\/seipuntozero-haircare.it\/pl\/prodotto\/cream-color-off-ochronny-krem-przeciw-zabrudzeniom\/","url":"https:\/\/seipuntozero-haircare.it\/pl\/prodotto\/cream-color-off-ochronny-krem-przeciw-zabrudzeniom\/","name":"Ochronny krem przeciw zabrudzeniom","isPartOf":{"@id":"https:\/\/seipuntozero-haircare.it\/pl\/#website"},"primaryImageOfPage":{"@id":"https:\/\/seipuntozero-haircare.it\/pl\/prodotto\/cream-color-off-ochronny-krem-przeciw-zabrudzeniom\/#primaryimage"},"image":{"@id":"https:\/\/seipuntozero-haircare.it\/pl\/prodotto\/cream-color-off-ochronny-krem-przeciw-zabrudzeniom\/#primaryimage"},"thumbnailUrl":"https:\/\/seipuntozero-haircare.it\/wp-content\/uploads\/2019\/11\/262649_sei_punto_zero_cream_color_off_anti_stain_protective_cream_250ml.png","datePublished":"2019-11-19T11:00:52+00:00","dateModified":"2023-11-17T09:41:29+00:00","description":"Krem Color Off chroni sk\u00f3r\u0119 przed zabrudzeniami, kt\u00f3re mog\u0105 powsta\u0107 w czasie farbowania w\u0142os\u00f3w.","breadcrumb":{"@id":"https:\/\/seipuntozero-haircare.it\/pl\/prodotto\/cream-color-off-ochronny-krem-przeciw-zabrudzeniom\/#breadcrumb"},"inLanguage":"pl-PL","potentialAction":[{"@type":"ReadAction","target":["https:\/\/seipuntozero-haircare.it\/pl\/prodotto\/cream-color-off-ochronny-krem-przeciw-zabrudzeniom\/"]}]},{"@type":"ImageObject","inLanguage":"pl-PL","@id":"https:\/\/seipuntozero-haircare.it\/pl\/prodotto\/cream-color-off-ochronny-krem-przeciw-zabrudzeniom\/#primaryimage","url":"https:\/\/seipuntozero-haircare.it\/wp-content\/uploads\/2019\/11\/262649_sei_punto_zero_cream_color_off_anti_stain_protective_cream_250ml.png","contentUrl":"https:\/\/seipuntozero-haircare.it\/wp-content\/uploads\/2019\/11\/262649_sei_punto_zero_cream_color_off_anti_stain_protective_cream_250ml.png","width":600,"height":600},{"@type":"BreadcrumbList","@id":"https:\/\/seipuntozero-haircare.it\/pl\/prodotto\/cream-color-off-ochronny-krem-przeciw-zabrudzeniom\/#breadcrumb","itemListElement":[{"@type":"ListItem","position":1,"name":"Home","item":"https:\/\/seipuntozero-haircare.it\/pl\/"},{"@type":"ListItem","position":2,"name":"Prodotti","item":"https:\/\/seipuntozero-haircare.it\/prodotti\/"},{"@type":"ListItem","position":3,"name":"CREAM COLOR OFF Ochronny krem przeciw zabrudzeniom"}]},{"@type":"WebSite","@id":"https:\/\/seipuntozero-haircare.it\/pl\/#website","url":"https:\/\/seipuntozero-haircare.it\/pl\/","name":"6.Zero","description":"Essential Touch","potentialAction":[{"@type":"SearchAction","target":{"@type":"EntryPoint","urlTemplate":"https:\/\/seipuntozero-haircare.it\/pl\/?s={search_term_string}"},"query-input":{"@type":"PropertyValueSpecification","valueRequired":true,"valueName":"search_term_string"}}],"inLanguage":"pl-PL"}]}},"_links":{"self":[{"href":"https:\/\/seipuntozero-haircare.it\/pl\/wp-json\/wp\/v2\/product\/21679","targetHints":{"allow":["GET"]}}],"collection":[{"href":"https:\/\/seipuntozero-haircare.it\/pl\/wp-json\/wp\/v2\/product"}],"about":[{"href":"https:\/\/seipuntozero-haircare.it\/pl\/wp-json\/wp\/v2\/types\/product"}],"wp:featuredmedia":[{"embeddable":true,"href":"https:\/\/seipuntozero-haircare.it\/pl\/wp-json\/wp\/v2\/media\/21372"}],"wp:attachment":[{"href":"https:\/\/seipuntozero-haircare.it\/pl\/wp-json\/wp\/v2\/media?parent=21679"}],"wp:term":[{"taxonomy":"product_brand","embeddable":true,"href":"https:\/\/seipuntozero-haircare.it\/pl\/wp-json\/wp\/v2\/product_brand?post=21679"},{"taxonomy":"product_cat","embeddable":true,"href":"https:\/\/seipuntozero-haircare.it\/pl\/wp-json\/wp\/v2\/product_cat?post=21679"},{"taxonomy":"product_tag","embeddable":true,"href":"https:\/\/seipuntozero-haircare.it\/pl\/wp-json\/wp\/v2\/product_tag?post=21679"}],"curies":[{"name":"wp","href":"https:\/\/api.w.org\/{rel}","templated":true}]}}