{"id":21655,"date":"2023-11-16T11:43:58","date_gmt":"2023-11-16T10:43:58","guid":{"rendered":"https:\/\/seipuntozero-haircare.it\/kontakt\/"},"modified":"2026-04-09T13:18:37","modified_gmt":"2026-04-09T11:18:37","slug":"kontakt","status":"publish","type":"page","link":"https:\/\/seipuntozero-haircare.it\/pl\/kontakt\/","title":{"rendered":"Contacts"},"content":{"rendered":"<div class=\"wpb-content-wrapper\"><p>[vc_row wrap_type=&#8221;in_container&#8221; css=&#8221;.vc_custom_1623141242690{padding-top: 50px !important;}&#8221;][vc_column width=&#8221;5\/12&#8243;][vc_row_inner][vc_column_inner][vc_custom_heading text=&#8221;POTRZEBUJESZ POMOCY?&#8221; font_container=&#8221;tag:h1|text_align:left&#8221; use_theme_fonts=&#8221;yes&#8221;][vc_separator][vc_column_text]<span style=\"font-weight: 400;\">Je\u015bli potrzebujesz pomocy lub chcesz otrzymywa\u0107 informacje techniczne i handlowe o naszych liniach produkt\u00f3w, wy\u015blij swoje zapytanie, wype\u0142niaj\u0105c formularz kontaktowy lub przesy\u0142aj\u0105c nam e-mail. Nasz dzia\u0142 obs\u0142ugi klienta skontaktuje si\u0119 z Tob\u0105 tak szybko, jak to mo\u017cliwe.<\/span>[\/vc_column_text][vc_separator][vc_raw_html]PGRpdiBjbGFzcz0ic3VwcG9ydC1pY29uIiBzdHlsZT0ibWFyZ2luLWJvdHRvbToxNXB4Ij4NCjxpIGNsYXNzPSJmYSBmYS1waG9uZSIgc3R5bGU9ImZvbnQtc2l6ZTogMThweDsgdmVydGljYWwtYWxpZ246IHRleHQtYm90dG9tOyBtYXJnaW4tcmlnaHQ6IDEwcHg7Ij48L2k+DQo4MDAgMjczIDcwOA0KPC9kaXY+[\/vc_raw_html][vc_separator][vc_raw_html]PGRpdiBjbGFzcz0ic3VwcG9ydC1pY29uIiBzdHlsZT0ibWFyZ2luLWJvdHRvbToxNXB4Ij4NCjxpIGNsYXNzPSJmYSBmYS1lbnZlbG9wZS1vIiBzdHlsZT0iZm9udC1zaXplOiAxOHB4OyB2ZXJ0aWNhbC1hbGlnbjogdGV4dC1ib3R0b207IG1hcmdpbi1yaWdodDogMTBweDsiPjwvaT4NCjxhIGhyZWY9IiMiPjxhIGhyZWY9Im1haWx0bzppbmZvQHNlaXB1bnRvemVyby1oYWlyY2FyZS5pdCI+aW5mb0BzZWlwdW50b3plcm8taGFpcmNhcmUuaXQ8L2E+PC9hPg0KPC9kaXY+[\/vc_raw_html][vc_separator][\/vc_column_inner][\/vc_row_inner][vc_raw_html]PGRpdiBjbGFzcz0ic3VwcG9ydC1pY29uIiBzdHlsZT0ibWFyZ2luLWJvdHRvbTogMTVweDsiPjxpIGNsYXNzPSJmYSBmYS1ib29rIiBzdHlsZT0iZm9udC1zaXplOiAxOHB4OyB2ZXJ0aWNhbC1hbGlnbjogdGV4dC1ib3R0b207IG1hcmdpbi1yaWdodDogMTBweDsiPjwvaT4NCjxhIGhyZWY9Imh0dHBzOi8vY29tcHJvZi5pdC9jYXRhbG9naGkvc2VpcHVudG96ZXJvL3NlaXB1bnRvemVyb19wcm9kdWN0c19ib29rLnBkZiIgdGFyZ2V0PSJfYmxhbmsiIHJlbD0ibm9vcGVuZXIiPiBwb2JpZXJ6IGthdGFsb2cgcHJvZHVrdMOzdzwvYT48L2Rpdj4=[\/vc_raw_html][\/vc_column][vc_column width=&#8221;7\/12&#8243;][vc_row_inner][vc_column_inner][vc_raw_html css=&#8221;&#8221;]JTNDJTIxLS0lMjBDdXN0b20lMjBGb3JtJTNBJTIwNi5aZXJvJTIwUEwlMjAtLSUzRSUwQSUzQ2xpbmslMjByZWwlM0QlMjJzdHlsZXNoZWV0JTIyJTIwaHJlZiUzRCUyMmh0dHBzJTNBJTJGJTJGaGVscGRlc2suY29tcHJvZi5pdCUyRmFzc2V0cyUyRmN1c3RvbS1mb3JtJTJGY3VzdG9tLWZvcm0uY3NzJTIyJTNFJTBBJTNDZGl2JTIwaWQlM0QlMjJjdXN0b20tZm9ybS1QdDdnSDBXVyUyMiUzRSUzQyUyRmRpdiUzRSUwQSUzQ3NjcmlwdCUyMHNyYyUzRCUyMmh0dHBzJTNBJTJGJTJGaGVscGRlc2suY29tcHJvZi5pdCUyRmFzc2V0cyUyRmN1c3RvbS1mb3JtJTJGY3VzdG9tLWZvcm0uanMlMjIlM0UlM0MlMkZzY3JpcHQlM0UlMEElM0NzY3JpcHQlM0UlMEElMjAlMjBaYW1tYWRDdXN0b21Gb3JtLmluaXQlMjglN0IlMEElMjAlMjAlMjAlMjBlbCUzQSUyMCUyMCUyMCUyMCUyMCUyMCUyNyUyM2N1c3RvbS1mb3JtLVB0N2dIMFdXJTI3JTJDJTBBJTIwJTIwJTIwJTIwdG9rZW4lM0ElMjAlMjAlMjAlMjdQdDdnSDBXV0pDd0lGa2w3T29oUzhfd1JpVG05LVo4ZGZwMXFjdDR2M0FwTDltclB3NlQwWk13UFZhU0o0Z0JaJTI3JTJDJTBBJTIwJTIwJTIwJTIwYmFzZVVybCUzQSUyMCUyN2h0dHBzJTNBJTJGJTJGaGVscGRlc2suY29tcHJvZi5pdCUyNyUwQSUyMCUyMCU3RCUyOSUzQiUwQSUzQyUyRnNjcmlwdCUzRQ==[\/vc_raw_html][\/vc_column_inner][\/vc_row_inner][\/vc_column][\/vc_row]<\/p>\n<\/div>","protected":false},"excerpt":{"rendered":"<p>[vc_row wrap_type=&#8221;in_container&#8221; css=&#8221;.vc_custom_1623141242690{padding-top: 50px !important;}&#8221;][vc_column width=&#8221;5\/12&#8243;][vc_row_inner][vc_column_inner][vc_custom_heading text=&#8221;POTRZEBUJESZ POMOCY?&#8221; font_container=&#8221;tag:h1|text_align:left&#8221; use_theme_fonts=&#8221;yes&#8221;][vc_separator][vc_column_text]Je\u015bli potrzebujesz pomocy lub chcesz otrzymywa\u0107 informacje techniczne i handlowe o naszych liniach produkt\u00f3w, wy\u015blij swoje zapytanie, wype\u0142niaj\u0105c formularz kontaktowy lub przesy\u0142aj\u0105c nam e-mail. Nasz dzia\u0142 obs\u0142ugi klienta skontaktuje si\u0119 z Tob\u0105 tak szybko, jak to mo\u017cliwe.[\/vc_column_text][vc_separator][vc_raw_html]PGRpdiBjbGFzcz0ic3VwcG9ydC1pY29uIiBzdHlsZT0ibWFyZ2luLWJvdHRvbToxNXB4Ij4NCjxpIGNsYXNzPSJmYSBmYS1waG9uZSIgc3R5bGU9ImZvbnQtc2l6ZTogMThweDsgdmVydGljYWwtYWxpZ246IHRleHQtYm90dG9tOyBtYXJnaW4tcmlnaHQ6IDEwcHg7Ij48L2k+DQo4MDAgMjczIDcwOA0KPC9kaXY+[\/vc_raw_html][vc_separator][vc_raw_html]PGRpdiBjbGFzcz0ic3VwcG9ydC1pY29uIiBzdHlsZT0ibWFyZ2luLWJvdHRvbToxNXB4Ij4NCjxpIGNsYXNzPSJmYSBmYS1lbnZlbG9wZS1vIiBzdHlsZT0iZm9udC1zaXplOiAxOHB4OyB2ZXJ0aWNhbC1hbGlnbjogdGV4dC1ib3R0b207IG1hcmdpbi1yaWdodDogMTBweDsiPjwvaT4NCjxhIGhyZWY9IiMiPjxhIGhyZWY9Im1haWx0bzppbmZvQHNlaXB1bnRvemVyby1oYWlyY2FyZS5pdCI+aW5mb0BzZWlwdW50b3plcm8taGFpcmNhcmUuaXQ8L2E+PC9hPg0KPC9kaXY+[\/vc_raw_html][vc_separator][\/vc_column_inner][\/vc_row_inner][vc_raw_html]PGRpdiBjbGFzcz0ic3VwcG9ydC1pY29uIiBzdHlsZT0ibWFyZ2luLWJvdHRvbTogMTVweDsiPjxpIGNsYXNzPSJmYSBmYS1ib29rIiBzdHlsZT0iZm9udC1zaXplOiAxOHB4OyB2ZXJ0aWNhbC1hbGlnbjogdGV4dC1ib3R0b207IG1hcmdpbi1yaWdodDogMTBweDsiPjwvaT4NCjxhIGhyZWY9Imh0dHBzOi8vY29tcHJvZi5pdC9jYXRhbG9naGkvc2VpcHVudG96ZXJvL3NlaXB1bnRvemVyb19wcm9kdWN0c19ib29rLnBkZiIgdGFyZ2V0PSJfYmxhbmsiIHJlbD0ibm9vcGVuZXIiPiBwb2JpZXJ6IGthdGFsb2cgcHJvZHVrdMOzdzwvYT48L2Rpdj4=[\/vc_raw_html][\/vc_column][vc_column width=&#8221;7\/12&#8243;][vc_row_inner][vc_column_inner][vc_raw_html css=&#8221;&#8221;]JTNDJTIxLS0lMjBDdXN0b20lMjBGb3JtJTNBJTIwNi5aZXJvJTIwUEwlMjAtLSUzRSUwQSUzQ2xpbmslMjByZWwlM0QlMjJzdHlsZXNoZWV0JTIyJTIwaHJlZiUzRCUyMmh0dHBzJTNBJTJGJTJGaGVscGRlc2suY29tcHJvZi5pdCUyRmFzc2V0cyUyRmN1c3RvbS1mb3JtJTJGY3VzdG9tLWZvcm0uY3NzJTIyJTNFJTBBJTNDZGl2JTIwaWQlM0QlMjJjdXN0b20tZm9ybS1QdDdnSDBXVyUyMiUzRSUzQyUyRmRpdiUzRSUwQSUzQ3NjcmlwdCUyMHNyYyUzRCUyMmh0dHBzJTNBJTJGJTJGaGVscGRlc2suY29tcHJvZi5pdCUyRmFzc2V0cyUyRmN1c3RvbS1mb3JtJTJGY3VzdG9tLWZvcm0uanMlMjIlM0UlM0MlMkZzY3JpcHQlM0UlMEElM0NzY3JpcHQlM0UlMEElMjAlMjBaYW1tYWRDdXN0b21Gb3JtLmluaXQlMjglN0IlMEElMjAlMjAlMjAlMjBlbCUzQSUyMCUyMCUyMCUyMCUyMCUyMCUyNyUyM2N1c3RvbS1mb3JtLVB0N2dIMFdXJTI3JTJDJTBBJTIwJTIwJTIwJTIwdG9rZW4lM0ElMjAlMjAlMjAlMjdQdDdnSDBXV0pDd0lGa2w3T29oUzhfd1JpVG05LVo4ZGZwMXFjdDR2M0FwTDltclB3NlQwWk13UFZhU0o0Z0JaJTI3JTJDJTBBJTIwJTIwJTIwJTIwYmFzZVVybCUzQSUyMCUyN2h0dHBzJTNBJTJGJTJGaGVscGRlc2suY29tcHJvZi5pdCUyNyUwQSUyMCUyMCU3RCUyOSUzQiUwQSUzQyUyRnNjcmlwdCUzRQ==[\/vc_raw_html][\/vc_column_inner][\/vc_row_inner][\/vc_column][\/vc_row]<\/p>\n","protected":false},"author":1,"featured_media":0,"parent":0,"menu_order":0,"comment_status":"closed","ping_status":"closed","template":"page-full-width-padding.php","meta":{"footnotes":""},"class_list":["post-21655","page","type-page","status-publish","hentry"],"yoast_head":"<!-- This site is optimized with the Yoast SEO plugin v27.1.1 - https:\/\/yoast.com\/product\/yoast-seo-wordpress\/ -->\n<title>Contacts | 6.Zero<\/title>\n<meta name=\"description\" content=\"Je\u015bli potrzebujesz pomocy lub chcesz otrzymywa\u0107 informacje techniczne i handlowe o naszych liniach produkt\u00f3w, wy\u015blij swoje zapytanie, wype\u0142niaj\u0105c formularz kontaktowy lub przesy\u0142aj\u0105c nam e-mail.\" \/>\n<meta name=\"robots\" content=\"index, follow, max-snippet:-1, max-image-preview:large, max-video-preview:-1\" \/>\n<link rel=\"canonical\" href=\"https:\/\/seipuntozero-haircare.it\/pl\/kontakt\/\" \/>\n<meta property=\"og:locale\" content=\"pl_PL\" \/>\n<meta property=\"og:type\" content=\"article\" \/>\n<meta property=\"og:title\" content=\"Contacts | 6.Zero\" \/>\n<meta property=\"og:description\" content=\"Je\u015bli potrzebujesz pomocy lub chcesz otrzymywa\u0107 informacje techniczne i handlowe o naszych liniach produkt\u00f3w, wy\u015blij swoje zapytanie, wype\u0142niaj\u0105c formularz kontaktowy lub przesy\u0142aj\u0105c nam e-mail.\" \/>\n<meta property=\"og:url\" content=\"https:\/\/seipuntozero-haircare.it\/pl\/kontakt\/\" \/>\n<meta property=\"og:site_name\" content=\"6.Zero\" \/>\n<meta property=\"article:modified_time\" content=\"2026-04-09T11:18:37+00:00\" \/>\n<meta name=\"twitter:card\" content=\"summary_large_image\" \/>\n<meta name=\"twitter:label1\" content=\"Szacowany czas czytania\" \/>\n\t<meta name=\"twitter:data1\" content=\"1 minuta\" \/>\n<script type=\"application\/ld+json\" class=\"yoast-schema-graph\">{\"@context\":\"https:\/\/schema.org\",\"@graph\":[{\"@type\":\"WebPage\",\"@id\":\"https:\/\/seipuntozero-haircare.it\/pl\/kontakt\/\",\"url\":\"https:\/\/seipuntozero-haircare.it\/pl\/kontakt\/\",\"name\":\"Contacts | 6.Zero\",\"isPartOf\":{\"@id\":\"https:\/\/seipuntozero-haircare.it\/pl\/#website\"},\"datePublished\":\"2023-11-16T10:43:58+00:00\",\"dateModified\":\"2026-04-09T11:18:37+00:00\",\"description\":\"Je\u015bli potrzebujesz pomocy lub chcesz otrzymywa\u0107 informacje techniczne i handlowe o naszych liniach produkt\u00f3w, wy\u015blij swoje zapytanie, wype\u0142niaj\u0105c formularz kontaktowy lub przesy\u0142aj\u0105c nam e-mail.\",\"breadcrumb\":{\"@id\":\"https:\/\/seipuntozero-haircare.it\/pl\/kontakt\/#breadcrumb\"},\"inLanguage\":\"pl-PL\",\"potentialAction\":[{\"@type\":\"ReadAction\",\"target\":[\"https:\/\/seipuntozero-haircare.it\/pl\/kontakt\/\"]}]},{\"@type\":\"BreadcrumbList\",\"@id\":\"https:\/\/seipuntozero-haircare.it\/pl\/kontakt\/#breadcrumb\",\"itemListElement\":[{\"@type\":\"ListItem\",\"position\":1,\"name\":\"Home\",\"item\":\"https:\/\/seipuntozero-haircare.it\/pl\/\"},{\"@type\":\"ListItem\",\"position\":2,\"name\":\"Contacts\"}]},{\"@type\":\"WebSite\",\"@id\":\"https:\/\/seipuntozero-haircare.it\/pl\/#website\",\"url\":\"https:\/\/seipuntozero-haircare.it\/pl\/\",\"name\":\"6.Zero\",\"description\":\"Essential Touch\",\"potentialAction\":[{\"@type\":\"SearchAction\",\"target\":{\"@type\":\"EntryPoint\",\"urlTemplate\":\"https:\/\/seipuntozero-haircare.it\/pl\/?s={search_term_string}\"},\"query-input\":{\"@type\":\"PropertyValueSpecification\",\"valueRequired\":true,\"valueName\":\"search_term_string\"}}],\"inLanguage\":\"pl-PL\"}]}<\/script>\n<!-- \/ Yoast SEO plugin. -->","yoast_head_json":{"title":"Contacts | 6.Zero","description":"Je\u015bli potrzebujesz pomocy lub chcesz otrzymywa\u0107 informacje techniczne i handlowe o naszych liniach produkt\u00f3w, wy\u015blij swoje zapytanie, wype\u0142niaj\u0105c formularz kontaktowy lub przesy\u0142aj\u0105c nam e-mail.","robots":{"index":"index","follow":"follow","max-snippet":"max-snippet:-1","max-image-preview":"max-image-preview:large","max-video-preview":"max-video-preview:-1"},"canonical":"https:\/\/seipuntozero-haircare.it\/pl\/kontakt\/","og_locale":"pl_PL","og_type":"article","og_title":"Contacts | 6.Zero","og_description":"Je\u015bli potrzebujesz pomocy lub chcesz otrzymywa\u0107 informacje techniczne i handlowe o naszych liniach produkt\u00f3w, wy\u015blij swoje zapytanie, wype\u0142niaj\u0105c formularz kontaktowy lub przesy\u0142aj\u0105c nam e-mail.","og_url":"https:\/\/seipuntozero-haircare.it\/pl\/kontakt\/","og_site_name":"6.Zero","article_modified_time":"2026-04-09T11:18:37+00:00","twitter_card":"summary_large_image","twitter_misc":{"Szacowany czas czytania":"1 minuta"},"schema":{"@context":"https:\/\/schema.org","@graph":[{"@type":"WebPage","@id":"https:\/\/seipuntozero-haircare.it\/pl\/kontakt\/","url":"https:\/\/seipuntozero-haircare.it\/pl\/kontakt\/","name":"Contacts | 6.Zero","isPartOf":{"@id":"https:\/\/seipuntozero-haircare.it\/pl\/#website"},"datePublished":"2023-11-16T10:43:58+00:00","dateModified":"2026-04-09T11:18:37+00:00","description":"Je\u015bli potrzebujesz pomocy lub chcesz otrzymywa\u0107 informacje techniczne i handlowe o naszych liniach produkt\u00f3w, wy\u015blij swoje zapytanie, wype\u0142niaj\u0105c formularz kontaktowy lub przesy\u0142aj\u0105c nam e-mail.","breadcrumb":{"@id":"https:\/\/seipuntozero-haircare.it\/pl\/kontakt\/#breadcrumb"},"inLanguage":"pl-PL","potentialAction":[{"@type":"ReadAction","target":["https:\/\/seipuntozero-haircare.it\/pl\/kontakt\/"]}]},{"@type":"BreadcrumbList","@id":"https:\/\/seipuntozero-haircare.it\/pl\/kontakt\/#breadcrumb","itemListElement":[{"@type":"ListItem","position":1,"name":"Home","item":"https:\/\/seipuntozero-haircare.it\/pl\/"},{"@type":"ListItem","position":2,"name":"Contacts"}]},{"@type":"WebSite","@id":"https:\/\/seipuntozero-haircare.it\/pl\/#website","url":"https:\/\/seipuntozero-haircare.it\/pl\/","name":"6.Zero","description":"Essential Touch","potentialAction":[{"@type":"SearchAction","target":{"@type":"EntryPoint","urlTemplate":"https:\/\/seipuntozero-haircare.it\/pl\/?s={search_term_string}"},"query-input":{"@type":"PropertyValueSpecification","valueRequired":true,"valueName":"search_term_string"}}],"inLanguage":"pl-PL"}]}},"_links":{"self":[{"href":"https:\/\/seipuntozero-haircare.it\/pl\/wp-json\/wp\/v2\/pages\/21655","targetHints":{"allow":["GET"]}}],"collection":[{"href":"https:\/\/seipuntozero-haircare.it\/pl\/wp-json\/wp\/v2\/pages"}],"about":[{"href":"https:\/\/seipuntozero-haircare.it\/pl\/wp-json\/wp\/v2\/types\/page"}],"author":[{"embeddable":true,"href":"https:\/\/seipuntozero-haircare.it\/pl\/wp-json\/wp\/v2\/users\/1"}],"replies":[{"embeddable":true,"href":"https:\/\/seipuntozero-haircare.it\/pl\/wp-json\/wp\/v2\/comments?post=21655"}],"version-history":[{"count":4,"href":"https:\/\/seipuntozero-haircare.it\/pl\/wp-json\/wp\/v2\/pages\/21655\/revisions"}],"predecessor-version":[{"id":24444,"href":"https:\/\/seipuntozero-haircare.it\/pl\/wp-json\/wp\/v2\/pages\/21655\/revisions\/24444"}],"wp:attachment":[{"href":"https:\/\/seipuntozero-haircare.it\/pl\/wp-json\/wp\/v2\/media?parent=21655"}],"curies":[{"name":"wp","href":"https:\/\/api.w.org\/{rel}","templated":true}]}}