{"id":21652,"date":"2023-11-16T11:38:31","date_gmt":"2023-11-16T10:38:31","guid":{"rendered":"https:\/\/seipuntozero-haircare.it\/essential-touch\/"},"modified":"2023-11-21T11:20:44","modified_gmt":"2023-11-21T10:20:44","slug":"essential-touch","status":"publish","type":"page","link":"https:\/\/seipuntozero-haircare.it\/pl\/essential-touch\/","title":{"rendered":"Essential Touch"},"content":{"rendered":"<div class=\"wpb-content-wrapper\"><p>[vc_row css=&#8221;.vc_custom_1489489155009{margin-top: 0px !important;border-top-width: 0px !important;padding-top: 0px !important;}&#8221;][vc_column css=&#8221;.vc_custom_1489483859416{margin-top: 0px !important;border-top-width: 0px !important;padding-top: 0px !important;}&#8221;][vc_row_inner][vc_column_inner offset=&#8221;vc_hidden-md vc_hidden-sm vc_hidden-xs&#8221;][vc_empty_space height=&#8221;20px&#8221;][\/vc_column_inner][\/vc_row_inner][vc_row_inner wrap_type=&#8221;in_container&#8221;][vc_column_inner][vc_custom_heading text=&#8221;TWORZYMY PRODUKTY DO W\u0141OS\u00d3W KT\u00d3RE WYPRZEDZAJ\u0104 MOD\u0118 I POTRZEBY&#8221; font_container=&#8221;tag:h1|text_align:center&#8221; use_theme_fonts=&#8221;yes&#8221;][vc_column_text]<\/p>\n<p style=\"text-align: center;\"><span style=\"font-weight: 400;\"><strong>6.Zero<\/strong> rzuca wyzwanie konwencjom, tworz\u0105c<strong> inteligentn\u0105 i modn\u0105 koncepcj\u0119<\/strong> pi\u0119kna. Wyznaczanie trend\u00f3w i nieograniczona wyobra\u017ania: sygna\u0142y z przysz\u0142o\u015bci. <strong>Essential Touch<\/strong>: oto filozofia tego, co robimy. W \u015bwiecie nadmiaru wygrywa to, co najwa\u017cniejsze. <strong>6.Zero<\/strong> daje pocz\u0105tek do\u015bwiadczeniu pi\u0119kna, kt\u00f3re dotyczy ka\u017cdej <strong>sfery zmys\u0142\u00f3w.<\/strong><\/span><\/p>\n<p>[\/vc_column_text][\/vc_column_inner][\/vc_row_inner][vc_row_inner][vc_column_inner offset=&#8221;vc_hidden-md vc_hidden-sm vc_hidden-xs&#8221;][vc_empty_space height=&#8221;20px&#8221;][\/vc_column_inner][\/vc_row_inner][\/vc_column][\/vc_row][vc_row css=&#8221;.vc_custom_1489489147637{margin-top: 0px !important;border-top-width: 0px !important;padding-top: 0px !important;}&#8221;][vc_column css=&#8221;.vc_custom_1489483859416{margin-top: 0px !important;border-top-width: 0px !important;padding-top: 0px !important;}&#8221;][vc_row_inner][vc_column_inner offset=&#8221;vc_hidden-md vc_hidden-sm vc_hidden-xs&#8221;][vc_empty_space height=&#8221;20px&#8221;][\/vc_column_inner][\/vc_row_inner][vc_row_inner wrap_type=&#8221;in_container&#8221;][vc_column_inner width=&#8221;5\/12&#8243; css=&#8221;.vc_custom_1489488972825{padding-top: 20% !important;padding-bottom: 20% !important;}&#8221; offset=&#8221;vc_hidden-sm vc_hidden-xs&#8221;][vc_custom_heading text=&#8221;NIE STAWIAMY CI\u0118 PRZED WYBOREM MI\u0118DZY FUNKCJONALNO\u015aCI\u0104 A STYLEM.&#8221; font_container=&#8221;tag:h1|text_align:left&#8221; use_theme_fonts=&#8221;yes&#8221;][vc_column_text]<span style=\"font-weight: 400;\"><strong>6.Zero<\/strong> to technologia i wyselekcjonowane surowce, kt\u00f3re o\u017cywiaj\u0105 innowacyjne oraz wysokowydajne formu\u0142y. <strong>Linearny styl<\/strong> wzbogacony detalami, kt\u00f3re sprawiaj\u0105, \u017ce jest on niezapomniany.<\/span><\/p>\n<p><span style=\"font-weight: 400;\"><strong>Zawsze my\u015blmy o tym<\/strong>, <strong>co b\u0119dzie dalej<\/strong>: wychodzimy poza nowoczesno\u015b\u0107 i kroczymy w futurystycznym stylu. Zwracamy uwag\u0119 na potrzeby kosmetyczne wsp\u00f3\u0142czesnych kobiet. Nowa ods\u0142ona tego, co istotne: tworzenie kompletnych i funkcjonalnych produkt\u00f3w, kt\u00f3re stan\u0105 si\u0119 Twoimi <strong>must-have w codziennej piel\u0119gnacji w\u0142os\u00f3w.<\/strong><\/span>[\/vc_column_text][\/vc_column_inner][vc_column_inner width=&#8221;7\/12&#8243; css=&#8221;.vc_custom_1510063195349{background-image: url(https:\/\/seipuntozero-haircare.it\/wp-content\/uploads\/2015\/04\/seipuntozero_riga2_hair_connection-1.png?id=12161) !important;background-position: center !important;background-repeat: no-repeat !important;background-size: contain !important;}&#8221; offset=&#8221;vc_hidden-sm vc_hidden-xs&#8221;][vc_empty_space height=&#8221;600px&#8221;][\/vc_column_inner][\/vc_row_inner][vc_row_inner wrap_type=&#8221;in_container&#8221;][vc_column_inner offset=&#8221;vc_hidden-lg vc_hidden-md&#8221;][vc_empty_space height=&#8221;400px&#8221; css=&#8221;.vc_custom_1489489093986{background-image: url(https:\/\/seipuntozero-haircare.it\/wp-content\/uploads\/2015\/04\/seipuntozero_riga2_hair_connection.png?id=11624) !important;background-position: center !important;background-repeat: no-repeat !important;background-size: cover !important;}&#8221;][vc_custom_heading text=&#8221;NIE STAWIAMY CI\u0118 PRZED WYBOREM MI\u0118DZY FUNKCJONALNO\u015aCI\u0104 A STYLEM.&#8221; font_container=&#8221;tag:h1|text_align:center&#8221; use_theme_fonts=&#8221;yes&#8221;][vc_column_text]<br \/>\n<span style=\"font-weight: 400;\"><strong>6.Zero<\/strong> to technologia i wyselekcjonowane surowce, kt\u00f3re o\u017cywiaj\u0105 innowacyjne oraz wysokowydajne formu\u0142y. <strong>Linearny styl<\/strong> wzbogacony detalami, kt\u00f3re sprawiaj\u0105, \u017ce jest on niezapomniany.<\/span><\/p>\n<p style=\"text-align: center;\"><span style=\"font-weight: 400;\"><strong>Zawsze my\u015blmy o tym<\/strong>, <strong>co b\u0119dzie dalej<\/strong>: wychodzimy poza nowoczesno\u015b\u0107 i kroczymy w futurystycznym stylu. Zwracamy uwag\u0119 na potrzeby kosmetyczne wsp\u00f3\u0142czesnych kobiet. Nowa ods\u0142ona tego, co istotne: tworzenie kompletnych i funkcjonalnych produkt\u00f3w, kt\u00f3re stan\u0105 si\u0119 Twoimi <strong>must-have w codziennej piel\u0119gnacji w\u0142os\u00f3w.<\/strong><\/span><\/p>\n<p>[\/vc_column_text][\/vc_column_inner][\/vc_row_inner][vc_row_inner][vc_column_inner offset=&#8221;vc_hidden-md vc_hidden-sm vc_hidden-xs&#8221;][vc_empty_space height=&#8221;20px&#8221;][\/vc_column_inner][\/vc_row_inner][\/vc_column][\/vc_row]<\/p>\n<\/div>","protected":false},"excerpt":{"rendered":"<p>[vc_row css=&#8221;.vc_custom_1489489155009{margin-top: 0px !important;border-top-width: 0px !important;padding-top: 0px !important;}&#8221;][vc_column css=&#8221;.vc_custom_1489483859416{margin-top: 0px !important;border-top-width: 0px !important;padding-top: 0px !important;}&#8221;][vc_row_inner][vc_column_inner offset=&#8221;vc_hidden-md vc_hidden-sm vc_hidden-xs&#8221;][vc_empty_space height=&#8221;20px&#8221;][\/vc_column_inner][\/vc_row_inner][vc_row_inner wrap_type=&#8221;in_container&#8221;][vc_column_inner][vc_custom_heading text=&#8221;TWORZYMY PRODUKTY DO W\u0141OS\u00d3W KT\u00d3RE WYPRZEDZAJ\u0104 MOD\u0118 I POTRZEBY&#8221; font_container=&#8221;tag:h1|text_align:center&#8221; use_theme_fonts=&#8221;yes&#8221;][vc_column_text] 6.Zero rzuca wyzwanie konwencjom, tworz\u0105c inteligentn\u0105 i modn\u0105 koncepcj\u0119 pi\u0119kna. Wyznaczanie trend\u00f3w i nieograniczona wyobra\u017ania: sygna\u0142y z przysz\u0142o\u015bci. Essential Touch: oto filozofia tego, co robimy. W \u015bwiecie nadmiaru wygrywa&#8230;<\/p>\n","protected":false},"author":1,"featured_media":0,"parent":0,"menu_order":0,"comment_status":"closed","ping_status":"closed","template":"page-full-width-padding.php","meta":{"footnotes":""},"class_list":["post-21652","page","type-page","status-publish","hentry"],"yoast_head":"<!-- This site is optimized with the Yoast SEO plugin v27.1.1 - https:\/\/yoast.com\/product\/yoast-seo-wordpress\/ -->\n<title>Essential Touch | 6.Zero<\/title>\n<meta name=\"description\" content=\"6.Zero rzuca wyzwanie konwencjom, tworz\u0105c inteligentn\u0105 i modn\u0105 koncepcj\u0119 pi\u0119kna.\" \/>\n<meta name=\"robots\" content=\"index, follow, max-snippet:-1, max-image-preview:large, max-video-preview:-1\" \/>\n<link rel=\"canonical\" href=\"https:\/\/seipuntozero-haircare.it\/pl\/essential-touch\/\" \/>\n<meta property=\"og:locale\" content=\"pl_PL\" \/>\n<meta property=\"og:type\" content=\"article\" \/>\n<meta property=\"og:title\" content=\"Essential Touch | 6.Zero\" \/>\n<meta property=\"og:description\" content=\"6.Zero rzuca wyzwanie konwencjom, tworz\u0105c inteligentn\u0105 i modn\u0105 koncepcj\u0119 pi\u0119kna.\" \/>\n<meta property=\"og:url\" content=\"https:\/\/seipuntozero-haircare.it\/pl\/essential-touch\/\" \/>\n<meta property=\"og:site_name\" content=\"6.Zero\" \/>\n<meta property=\"article:modified_time\" content=\"2023-11-21T10:20:44+00:00\" \/>\n<meta name=\"twitter:card\" content=\"summary_large_image\" \/>\n<meta name=\"twitter:label1\" content=\"Szacowany czas czytania\" \/>\n\t<meta name=\"twitter:data1\" content=\"2 minuty\" \/>\n<script type=\"application\/ld+json\" class=\"yoast-schema-graph\">{\"@context\":\"https:\/\/schema.org\",\"@graph\":[{\"@type\":\"WebPage\",\"@id\":\"https:\/\/seipuntozero-haircare.it\/pl\/essential-touch\/\",\"url\":\"https:\/\/seipuntozero-haircare.it\/pl\/essential-touch\/\",\"name\":\"Essential Touch | 6.Zero\",\"isPartOf\":{\"@id\":\"https:\/\/seipuntozero-haircare.it\/pl\/#website\"},\"datePublished\":\"2023-11-16T10:38:31+00:00\",\"dateModified\":\"2023-11-21T10:20:44+00:00\",\"description\":\"6.Zero rzuca wyzwanie konwencjom, tworz\u0105c inteligentn\u0105 i modn\u0105 koncepcj\u0119 pi\u0119kna.\",\"breadcrumb\":{\"@id\":\"https:\/\/seipuntozero-haircare.it\/pl\/essential-touch\/#breadcrumb\"},\"inLanguage\":\"pl-PL\",\"potentialAction\":[{\"@type\":\"ReadAction\",\"target\":[\"https:\/\/seipuntozero-haircare.it\/pl\/essential-touch\/\"]}]},{\"@type\":\"BreadcrumbList\",\"@id\":\"https:\/\/seipuntozero-haircare.it\/pl\/essential-touch\/#breadcrumb\",\"itemListElement\":[{\"@type\":\"ListItem\",\"position\":1,\"name\":\"Home\",\"item\":\"https:\/\/seipuntozero-haircare.it\/pl\/\"},{\"@type\":\"ListItem\",\"position\":2,\"name\":\"Essential Touch\"}]},{\"@type\":\"WebSite\",\"@id\":\"https:\/\/seipuntozero-haircare.it\/pl\/#website\",\"url\":\"https:\/\/seipuntozero-haircare.it\/pl\/\",\"name\":\"6.Zero\",\"description\":\"Essential Touch\",\"potentialAction\":[{\"@type\":\"SearchAction\",\"target\":{\"@type\":\"EntryPoint\",\"urlTemplate\":\"https:\/\/seipuntozero-haircare.it\/pl\/?s={search_term_string}\"},\"query-input\":{\"@type\":\"PropertyValueSpecification\",\"valueRequired\":true,\"valueName\":\"search_term_string\"}}],\"inLanguage\":\"pl-PL\"}]}<\/script>\n<!-- \/ Yoast SEO plugin. -->","yoast_head_json":{"title":"Essential Touch | 6.Zero","description":"6.Zero rzuca wyzwanie konwencjom, tworz\u0105c inteligentn\u0105 i modn\u0105 koncepcj\u0119 pi\u0119kna.","robots":{"index":"index","follow":"follow","max-snippet":"max-snippet:-1","max-image-preview":"max-image-preview:large","max-video-preview":"max-video-preview:-1"},"canonical":"https:\/\/seipuntozero-haircare.it\/pl\/essential-touch\/","og_locale":"pl_PL","og_type":"article","og_title":"Essential Touch | 6.Zero","og_description":"6.Zero rzuca wyzwanie konwencjom, tworz\u0105c inteligentn\u0105 i modn\u0105 koncepcj\u0119 pi\u0119kna.","og_url":"https:\/\/seipuntozero-haircare.it\/pl\/essential-touch\/","og_site_name":"6.Zero","article_modified_time":"2023-11-21T10:20:44+00:00","twitter_card":"summary_large_image","twitter_misc":{"Szacowany czas czytania":"2 minuty"},"schema":{"@context":"https:\/\/schema.org","@graph":[{"@type":"WebPage","@id":"https:\/\/seipuntozero-haircare.it\/pl\/essential-touch\/","url":"https:\/\/seipuntozero-haircare.it\/pl\/essential-touch\/","name":"Essential Touch | 6.Zero","isPartOf":{"@id":"https:\/\/seipuntozero-haircare.it\/pl\/#website"},"datePublished":"2023-11-16T10:38:31+00:00","dateModified":"2023-11-21T10:20:44+00:00","description":"6.Zero rzuca wyzwanie konwencjom, tworz\u0105c inteligentn\u0105 i modn\u0105 koncepcj\u0119 pi\u0119kna.","breadcrumb":{"@id":"https:\/\/seipuntozero-haircare.it\/pl\/essential-touch\/#breadcrumb"},"inLanguage":"pl-PL","potentialAction":[{"@type":"ReadAction","target":["https:\/\/seipuntozero-haircare.it\/pl\/essential-touch\/"]}]},{"@type":"BreadcrumbList","@id":"https:\/\/seipuntozero-haircare.it\/pl\/essential-touch\/#breadcrumb","itemListElement":[{"@type":"ListItem","position":1,"name":"Home","item":"https:\/\/seipuntozero-haircare.it\/pl\/"},{"@type":"ListItem","position":2,"name":"Essential Touch"}]},{"@type":"WebSite","@id":"https:\/\/seipuntozero-haircare.it\/pl\/#website","url":"https:\/\/seipuntozero-haircare.it\/pl\/","name":"6.Zero","description":"Essential Touch","potentialAction":[{"@type":"SearchAction","target":{"@type":"EntryPoint","urlTemplate":"https:\/\/seipuntozero-haircare.it\/pl\/?s={search_term_string}"},"query-input":{"@type":"PropertyValueSpecification","valueRequired":true,"valueName":"search_term_string"}}],"inLanguage":"pl-PL"}]}},"_links":{"self":[{"href":"https:\/\/seipuntozero-haircare.it\/pl\/wp-json\/wp\/v2\/pages\/21652","targetHints":{"allow":["GET"]}}],"collection":[{"href":"https:\/\/seipuntozero-haircare.it\/pl\/wp-json\/wp\/v2\/pages"}],"about":[{"href":"https:\/\/seipuntozero-haircare.it\/pl\/wp-json\/wp\/v2\/types\/page"}],"author":[{"embeddable":true,"href":"https:\/\/seipuntozero-haircare.it\/pl\/wp-json\/wp\/v2\/users\/1"}],"replies":[{"embeddable":true,"href":"https:\/\/seipuntozero-haircare.it\/pl\/wp-json\/wp\/v2\/comments?post=21652"}],"version-history":[{"count":2,"href":"https:\/\/seipuntozero-haircare.it\/pl\/wp-json\/wp\/v2\/pages\/21652\/revisions"}],"predecessor-version":[{"id":21654,"href":"https:\/\/seipuntozero-haircare.it\/pl\/wp-json\/wp\/v2\/pages\/21652\/revisions\/21654"}],"wp:attachment":[{"href":"https:\/\/seipuntozero-haircare.it\/pl\/wp-json\/wp\/v2\/media?parent=21652"}],"curies":[{"name":"wp","href":"https:\/\/api.w.org\/{rel}","templated":true}]}}