{"id":21648,"date":"2023-11-16T11:34:05","date_gmt":"2023-11-16T10:34:05","guid":{"rendered":"https:\/\/seipuntozero-haircare.it\/home\/"},"modified":"2026-03-10T12:29:41","modified_gmt":"2026-03-10T11:29:41","slug":"home","status":"publish","type":"page","link":"https:\/\/seipuntozero-haircare.it\/pl\/","title":{"rendered":"Home"},"content":{"rendered":"<div class=\"wpb-content-wrapper\"><p>[vc_row css=&#8221;.vc_custom_1489483907775{margin-bottom: 0px !important;border-bottom-width: 0px !important;padding-bottom: 0px !important;}&#8221;][vc_column][vc_row_inner][vc_column_inner offset=&#8221;vc_hidden-xs&#8221;][rev_slider_vc alias=&#8221;home-1&#8243;][\/vc_column_inner][\/vc_row_inner][vc_row_inner][vc_column_inner offset=&#8221;vc_hidden-lg vc_hidden-md vc_hidden-sm&#8221;][rev_slider_vc alias=&#8221;slide_home_mobile&#8221;][\/vc_column_inner][\/vc_row_inner][\/vc_column][\/vc_row][vc_row parallax=&#8221;content-moving&#8221; parallax_image=&#8221;11581&#8243; css=&#8221;.vc_custom_1489484214754{margin-top: 0px !important;border-top-width: 0px !important;padding-top: 0px !important;}&#8221; el_id=&#8221;kromside&#8221;][vc_column css=&#8221;.vc_custom_1489483859416{margin-top: 0px !important;border-top-width: 0px !important;padding-top: 0px !important;}&#8221;][vc_row_inner][vc_column_inner][vc_empty_space height=&#8221;80px&#8221;][\/vc_column_inner][\/vc_row_inner][vc_row_inner wrap_type=&#8221;in_container&#8221;][vc_column_inner width=&#8221;7\/12&#8243; offset=&#8221;vc_hidden-xs&#8221;][vc_single_image image=&#8221;21469&#8243; img_size=&#8221;full&#8221;][\/vc_column_inner][vc_column_inner width=&#8221;5\/12&#8243; css=&#8221;.vc_custom_1489484063901{padding-top: 20% !important;padding-bottom: 20% !important;}&#8221; offset=&#8221;vc_hidden-xs&#8221;][vc_custom_heading text=&#8221;KROMPURE&#8221; font_container=&#8221;tag:h1|text_align:left|color:%23457cbb&#8221; use_theme_fonts=&#8221;yes&#8221;][vc_column_text]<strong>Czysty kolor, wyj\u0105tkowo delikatna us\u0142uga techniczna<\/strong><\/p>\n<p><strong>Krompure: nowy specjalista, kt\u00f3ry wspiera koloryst\u0119<\/strong><\/p>\n<p><span style=\"font-weight: 400;\">Opracowany, aby <strong>oferowa\u0107 naturalne<\/strong>, wyraziste odcienie bogate w refleksy pe\u0142ne blasku, jednocze\u015bnie dbaj\u0105c o dobr\u0105 kondycj\u0119 w\u0142os\u00f3w. <strong>Krompure<\/strong> to delikatny krem koloryzuj\u0105cy <strong>bez amoniaku i PPD<\/strong>. Wzbogacony <strong>Keratyn\u0105, Olejkiem Tamanu i Skrzypem Polnym<\/strong> wyr\u00f3\u017cnia si\u0119 wyj\u0105tkowymi w\u0142a\u015bciwo\u015bciami kosmetycznymi. Maksymalne krycie siwych w\u0142os\u00f3w, pe\u0142ne bezpiecze\u0144stwo klienta.<\/span><\/p>\n<p><a class=\"maxbutton-25 maxbutton maxbutton-kromepure-home-pl\" href=\"https:\/\/seipuntozero-haircare.it\/pl\/prodotto\/krompure-krem-koloryzujacy-bez-amoniaku-i-ppd\/\"><span class='mb-text'>DOWIEDZ SI\u0118 WI\u0118CEJ<\/span><\/a>[\/vc_column_text][\/vc_column_inner][\/vc_row_inner][vc_row_inner wrap_type=&#8221;in_container&#8221;][vc_column_inner width=&#8221;5\/12&#8243; offset=&#8221;vc_hidden-lg vc_hidden-md vc_hidden-sm&#8221;][vc_custom_heading text=&#8221;KROMPURE&#8221; font_container=&#8221;tag:h1|text_align:center|color:%23457cbb&#8221; use_theme_fonts=&#8221;yes&#8221;][vc_column_text]<\/p>\n<p style=\"text-align: center;\"><strong>Czysty kolor, wyj\u0105tkowo delikatna us\u0142uga techniczna<\/strong><\/p>\n<p style=\"text-align: center;\"><strong>Krompure: nowy specjalista, kt\u00f3ry wspiera koloryst\u0119<\/strong><\/p>\n<p style=\"text-align: center;\"><span style=\"font-weight: 400;\">Opracowany, aby <strong>oferowa\u0107 naturalne<\/strong>, wyraziste odcienie bogate w refleksy pe\u0142ne blasku, jednocze\u015bnie dbaj\u0105c o dobr\u0105 kondycj\u0119 w\u0142os\u00f3w. <strong>Krompure<\/strong> to delikatny krem koloryzuj\u0105cy <strong>bez amoniaku i PPD<\/strong>. Wzbogacony <strong>Keratyn\u0105, Olejkiem Tamanu i Skrzypem Polnym<\/strong> wyr\u00f3\u017cnia si\u0119 wyj\u0105tkowymi w\u0142a\u015bciwo\u015bciami kosmetycznymi. Maksymalne krycie siwych w\u0142os\u00f3w, pe\u0142ne bezpiecze\u0144stwo klienta.<\/span><\/p>\n<p style=\"text-align: center;\"><a class=\"maxbutton-25 maxbutton maxbutton-kromepure-home-pl\" href=\"https:\/\/seipuntozero-haircare.it\/pl\/prodotto\/krompure-krem-koloryzujacy-bez-amoniaku-i-ppd\/\"><span class='mb-text'>DOWIEDZ SI\u0118 WI\u0118CEJ<\/span><\/a><\/p>\n<p>[\/vc_column_text][\/vc_column_inner][vc_column_inner width=&#8221;7\/12&#8243; offset=&#8221;vc_hidden-lg vc_hidden-md vc_hidden-sm&#8221;][vc_single_image image=&#8221;21469&#8243; img_size=&#8221;full&#8221;][\/vc_column_inner][\/vc_row_inner][vc_row_inner][vc_column_inner][vc_empty_space height=&#8221;80px&#8221;][\/vc_column_inner][\/vc_row_inner][\/vc_column][\/vc_row][vc_row parallax=&#8221;content-moving&#8221; parallax_image=&#8221;11599&#8243; css=&#8221;.vc_custom_1489484892060{margin-top: 0px !important;border-top-width: 0px !important;padding-top: 0px !important;background-color: #0a0a0a !important;}&#8221; el_id=&#8221;xy10&#8243;][vc_column css=&#8221;.vc_custom_1489483859416{margin-top: 0px !important;border-top-width: 0px !important;padding-top: 0px !important;}&#8221;][vc_row_inner][vc_column_inner][vc_empty_space height=&#8221;80px&#8221;][\/vc_column_inner][\/vc_row_inner][vc_row_inner wrap_type=&#8221;in_container&#8221;][vc_column_inner width=&#8221;5\/12&#8243; css=&#8221;.vc_custom_1489484063901{padding-top: 20% !important;padding-bottom: 20% !important;}&#8221; offset=&#8221;vc_hidden-xs&#8221;][vc_custom_heading text=&#8221;XY 10&#8243; font_container=&#8221;tag:h1|text_align:left|color:%23948146&#8243; use_theme_fonts=&#8221;yes&#8221;][vc_column_text]<\/p>\n<h4><span style=\"color: #ffffff;\"><strong>Dotyk doskona\u0142o\u015bci<\/strong><\/span><\/h4>\n<h4><span style=\"color: #ffffff;\"><strong>Connection X10 i Perfection Y10: elegancki dotyk dla pi\u0119knych w\u0142os\u00f3w<\/strong><\/span><\/h4>\n<p><span style=\"color: #ffffff;\">Delikatno\u015b\u0107 i synergia drogocennych sk\u0142adnik\u00f3w <strong>aktywnych<\/strong>, kt\u00f3re podkre\u015blaj\u0105 pi\u0119kno i dobr\u0105 kondycj\u0119 w\u0142os\u00f3w::\u00a0<strong>Connection X10<\/strong>, natychmiastowa maska w sprayu z <strong>Olejkiem z Czarnej Porzeczki i Kolagenem Ro\u015blinnym<\/strong> \u0142\u0105czy w sobie 10 dzia\u0142a\u0144, dzi\u0119ki kt\u00f3rym w\u0142osy s\u0105 od\u017cywione i chronione;\u00a0<strong>Perfection Y10<\/strong>, lekki i mi\u0119kki olejek z <strong>Olejkiem Arganowym i Keratyn\u0105<\/strong>, kt\u00f3ry zapewnia idealnie rozczesane i zregenerowane w\u0142osy.<\/span><\/p>\n<p><a class=\"maxbutton-24 maxbutton maxbutton-xy-10-pl\" href=\"https:\/\/seipuntozero-haircare.it\/pl\/categoria-prodotto\/luxury-touch-pl\/\"><span class='mb-text'>DOWIEDZ SI\u0118 WI\u0118CEJ<\/span><\/a>[\/vc_column_text][\/vc_column_inner][vc_column_inner width=&#8221;7\/12&#8243; offset=&#8221;vc_hidden-xs&#8221;][vc_single_image image=&#8221;24407&#8243; img_size=&#8221;full&#8221; alignment=&#8221;right&#8221; css=&#8221;&#8221;][\/vc_column_inner][\/vc_row_inner][vc_row_inner wrap_type=&#8221;in_container&#8221;][vc_column_inner width=&#8221;5\/12&#8243; offset=&#8221;vc_hidden-lg vc_hidden-md vc_hidden-sm&#8221;][vc_custom_heading text=&#8221;XY 10&#8243; font_container=&#8221;tag:h1|text_align:center|color:%23948146&#8243; use_theme_fonts=&#8221;yes&#8221;][vc_column_text]<\/p>\n<h4 style=\"text-align: center;\"><span style=\"color: #ffffff;\"><strong>Dotyk doskona\u0142o\u015bci<\/strong><\/span><\/h4>\n<h4 style=\"text-align: center;\"><span style=\"color: #ffffff;\"><strong>Connection X10 i Perfection Y10: elegancki dotyk dla pi\u0119knych w\u0142os\u00f3w<\/strong><\/span><\/h4>\n<p style=\"text-align: center;\"><span style=\"color: #ffffff;\">Delikatno\u015b\u0107 i synergia drogocennych sk\u0142adnik\u00f3w <strong>aktywnych<\/strong>, kt\u00f3re podkre\u015blaj\u0105 pi\u0119kno i dobr\u0105 kondycj\u0119 w\u0142os\u00f3w::\u00a0<strong>Connection X10<\/strong>, natychmiastowa maska w sprayu z <strong>Olejkiem z Czarnej Porzeczki i Kolagenem Ro\u015blinnym<\/strong> \u0142\u0105czy w sobie 10 dzia\u0142a\u0144, dzi\u0119ki kt\u00f3rym w\u0142osy s\u0105 od\u017cywione i chronione;\u00a0<strong>Perfection Y10<\/strong>, lekki i mi\u0119kki olejek z <strong>Olejkiem Arganowym i Keratyn\u0105<\/strong>, kt\u00f3ry zapewnia idealnie rozczesane i zregenerowane w\u0142osy.<\/span><\/p>\n<p style=\"text-align: center;\"><a class=\"maxbutton-24 maxbutton maxbutton-xy-10-pl\" href=\"https:\/\/seipuntozero-haircare.it\/pl\/categoria-prodotto\/luxury-touch-pl\/\"><span class='mb-text'>DOWIEDZ SI\u0118 WI\u0118CEJ<\/span><\/a><\/p>\n<p>[\/vc_column_text][\/vc_column_inner][vc_column_inner width=&#8221;7\/12&#8243; offset=&#8221;vc_hidden-lg vc_hidden-md vc_hidden-sm&#8221;][vc_single_image image=&#8221;24407&#8243; img_size=&#8221;full&#8221; alignment=&#8221;right&#8221; css=&#8221;&#8221;][\/vc_column_inner][\/vc_row_inner][vc_row_inner][vc_column_inner][vc_empty_space height=&#8221;80px&#8221;][\/vc_column_inner][\/vc_row_inner][\/vc_column][\/vc_row][vc_row parallax=&#8221;content-moving&#8221; parallax_image=&#8221;11615&#8243; css=&#8221;.vc_custom_1489487081199{margin-top: 0px !important;border-top-width: 0px !important;padding-top: 0px !important;}&#8221; el_id=&#8221;heshe&#8221;][vc_column css=&#8221;.vc_custom_1489483859416{margin-top: 0px !important;border-top-width: 0px !important;padding-top: 0px !important;}&#8221;][vc_row_inner][vc_column_inner][vc_empty_space height=&#8221;80px&#8221;][\/vc_column_inner][\/vc_row_inner][vc_row_inner wrap_type=&#8221;in_container&#8221;][vc_column_inner width=&#8221;7\/12&#8243; offset=&#8221;vc_hidden-xs&#8221;][vc_single_image image=&#8221;21467&#8243; img_size=&#8221;full&#8221;][\/vc_column_inner][vc_column_inner width=&#8221;5\/12&#8243; css=&#8221;.vc_custom_1489484063901{padding-top: 20% !important;padding-bottom: 20% !important;}&#8221; offset=&#8221;vc_hidden-xs&#8221;][vc_custom_heading text=&#8221;HE.SHE&#8221; font_container=&#8221;tag:h1|text_align:left|color:%23c7343d&#8221; use_theme_fonts=&#8221;yes&#8221;][vc_column_text]<\/p>\n<h4><strong>Stw\u00f3rz wyj\u0105tkowo kreatywny styl<\/strong><\/h4>\n<h4><strong>He.She: najlepsze stylizacje dla niego i dla niej<\/strong><\/h4>\n<p><span style=\"font-weight: 400;\">Dzi\u0119ki kompletnej linii <strong>produkt\u00f3w do wyka\u0144czania i stylizacji<\/strong> He.She mo\u017cesz maksymalnie podkre\u015bli\u0107 swoj\u0105 stylizacj\u0119, eksperymentuj\u0105c z nowymi mo\u017cliwo\u015bciami: \u017cele, kremy, woski i lakiery do w\u0142os\u00f3w. Modeluj, <strong>definiuj i utrwalaj ka\u017cdy rodzaj fryzury<\/strong>, tworz\u0105c i doskonal\u0105c stylizacje, o jakiej wcze\u015bniej mo\u017cna by\u0142o tylko pomarzy\u0107, <strong>dzi\u0119ki modnemu<\/strong>, precyzyjnemu stylowi z dala od konwenans\u00f3w. <\/span><\/p>\n<p><a class=\"maxbutton-27 maxbutton maxbutton-he-she-pl\" href=\"https:\/\/seipuntozero-haircare.it\/pl\/categoria-prodotto\/styling-pl\/\"><span class='mb-text'>DOWIEDZ SI\u0118 WI\u0118CEJ<\/span><\/a>[\/vc_column_text][\/vc_column_inner][\/vc_row_inner][vc_row_inner wrap_type=&#8221;in_container&#8221;][vc_column_inner width=&#8221;5\/12&#8243; offset=&#8221;vc_hidden-lg vc_hidden-md vc_hidden-sm&#8221;][vc_custom_heading text=&#8221;HE.SHE&#8221; font_container=&#8221;tag:h1|text_align:center|color:%23c7343d&#8221; use_theme_fonts=&#8221;yes&#8221;][vc_column_text]<\/p>\n<h4 style=\"text-align: center;\"><strong>Stw\u00f3rz wyj\u0105tkowo kreatywny styl<\/strong><\/h4>\n<h4 style=\"text-align: center;\"><strong>He.She: najlepsze stylizacje dla niego i dla niej<\/strong><\/h4>\n<p style=\"text-align: center;\"><span style=\"font-weight: 400;\">Dzi\u0119ki kompletnej linii <strong>produkt\u00f3w do wyka\u0144czania i stylizacji<\/strong> He.She mo\u017cesz maksymalnie podkre\u015bli\u0107 swoj\u0105 stylizacj\u0119, eksperymentuj\u0105c z nowymi mo\u017cliwo\u015bciami: \u017cele, kremy, woski i lakiery do w\u0142os\u00f3w. Modeluj, <strong>definiuj i utrwalaj ka\u017cdy rodzaj fryzury<\/strong>, tworz\u0105c i doskonal\u0105c stylizacje, o jakiej wcze\u015bniej mo\u017cna by\u0142o tylko pomarzy\u0107, <strong>dzi\u0119ki modnemu<\/strong>, precyzyjnemu stylowi z dala od konwenans\u00f3w. <\/span><\/p>\n<p style=\"text-align: center;\"><a class=\"maxbutton-27 maxbutton maxbutton-he-she-pl\" href=\"https:\/\/seipuntozero-haircare.it\/pl\/categoria-prodotto\/styling-pl\/\"><span class='mb-text'>DOWIEDZ SI\u0118 WI\u0118CEJ<\/span><\/a><\/p>\n<p>[\/vc_column_text][\/vc_column_inner][vc_column_inner width=&#8221;7\/12&#8243; offset=&#8221;vc_hidden-lg vc_hidden-md vc_hidden-sm&#8221;][vc_single_image image=&#8221;21467&#8243; img_size=&#8221;full&#8221;][\/vc_column_inner][\/vc_row_inner][vc_row_inner][vc_column_inner][vc_empty_space height=&#8221;80px&#8221;][\/vc_column_inner][\/vc_row_inner][\/vc_column][\/vc_row]<\/p>\n<\/div>","protected":false},"excerpt":{"rendered":"<p>[vc_row css=&#8221;.vc_custom_1489483907775{margin-bottom: 0px !important;border-bottom-width: 0px !important;padding-bottom: 0px !important;}&#8221;][vc_column][vc_row_inner][vc_column_inner offset=&#8221;vc_hidden-xs&#8221;][rev_slider_vc alias=&#8221;home-1&#8243;][\/vc_column_inner][\/vc_row_inner][vc_row_inner][vc_column_inner offset=&#8221;vc_hidden-lg vc_hidden-md vc_hidden-sm&#8221;][rev_slider_vc alias=&#8221;slide_home_mobile&#8221;][\/vc_column_inner][\/vc_row_inner][\/vc_column][\/vc_row][vc_row parallax=&#8221;content-moving&#8221; parallax_image=&#8221;11581&#8243; css=&#8221;.vc_custom_1489484214754{margin-top: 0px !important;border-top-width: 0px !important;padding-top: 0px !important;}&#8221; el_id=&#8221;kromside&#8221;][vc_column css=&#8221;.vc_custom_1489483859416{margin-top: 0px !important;border-top-width: 0px !important;padding-top: 0px !important;}&#8221;][vc_row_inner][vc_column_inner][vc_empty_space height=&#8221;80px&#8221;][\/vc_column_inner][\/vc_row_inner][vc_row_inner wrap_type=&#8221;in_container&#8221;][vc_column_inner width=&#8221;7\/12&#8243; offset=&#8221;vc_hidden-xs&#8221;][vc_single_image image=&#8221;21469&#8243; img_size=&#8221;full&#8221;][\/vc_column_inner][vc_column_inner width=&#8221;5\/12&#8243; css=&#8221;.vc_custom_1489484063901{padding-top: 20% !important;padding-bottom: 20% !important;}&#8221; offset=&#8221;vc_hidden-xs&#8221;][vc_custom_heading text=&#8221;KROMPURE&#8221; font_container=&#8221;tag:h1|text_align:left|color:%23457cbb&#8221; use_theme_fonts=&#8221;yes&#8221;][vc_column_text]Czysty kolor, wyj\u0105tkowo delikatna us\u0142uga techniczna Krompure: nowy specjalista, kt\u00f3ry wspiera koloryst\u0119 Opracowany, aby&#8230;<\/p>\n","protected":false},"author":1,"featured_media":0,"parent":0,"menu_order":0,"comment_status":"closed","ping_status":"closed","template":"page-full-width.php","meta":{"footnotes":""},"class_list":["post-21648","page","type-page","status-publish","hentry"],"yoast_head":"<!-- This site is optimized with the Yoast SEO plugin v27.1.1 - https:\/\/yoast.com\/product\/yoast-seo-wordpress\/ -->\n<title>Profesjonalna Koloryzacja, Hair Care, Finishing &amp; Styling | 6.Zero - Essential Touch<\/title>\n<meta name=\"description\" content=\"6.Zero: zabiegi piel\u0119gnacyjne dostosowane do wszystkich potrzeb w\u0142os\u00f3w, profesjonalna koloryzacja i produkty do stylizacji oraz wyko\u0144czenia.\" \/>\n<meta name=\"robots\" content=\"index, follow, max-snippet:-1, max-image-preview:large, max-video-preview:-1\" \/>\n<link rel=\"canonical\" href=\"https:\/\/seipuntozero-haircare.it\/pl\/\" \/>\n<meta property=\"og:locale\" content=\"pl_PL\" \/>\n<meta property=\"og:type\" content=\"article\" \/>\n<meta property=\"og:title\" content=\"Profesjonalna Koloryzacja, Hair Care, Finishing &amp; Styling | 6.Zero - Essential Touch\" \/>\n<meta property=\"og:description\" content=\"6.Zero: zabiegi piel\u0119gnacyjne dostosowane do wszystkich potrzeb w\u0142os\u00f3w, profesjonalna koloryzacja i produkty do stylizacji oraz wyko\u0144czenia.\" \/>\n<meta property=\"og:url\" content=\"https:\/\/seipuntozero-haircare.it\/pl\/\" \/>\n<meta property=\"og:site_name\" content=\"6.Zero\" \/>\n<meta property=\"article:modified_time\" content=\"2026-03-10T11:29:41+00:00\" \/>\n<meta name=\"twitter:card\" content=\"summary_large_image\" \/>\n<meta name=\"twitter:label1\" content=\"Szacowany czas czytania\" \/>\n\t<meta name=\"twitter:data1\" content=\"5 minut\" \/>\n<script type=\"application\/ld+json\" class=\"yoast-schema-graph\">{\"@context\":\"https:\/\/schema.org\",\"@graph\":[{\"@type\":\"WebPage\",\"@id\":\"https:\/\/seipuntozero-haircare.it\/pl\/\",\"url\":\"https:\/\/seipuntozero-haircare.it\/pl\/\",\"name\":\"Profesjonalna Koloryzacja, Hair Care, Finishing & Styling | 6.Zero - Essential Touch\",\"isPartOf\":{\"@id\":\"https:\/\/seipuntozero-haircare.it\/pl\/#website\"},\"datePublished\":\"2023-11-16T10:34:05+00:00\",\"dateModified\":\"2026-03-10T11:29:41+00:00\",\"description\":\"6.Zero: zabiegi piel\u0119gnacyjne dostosowane do wszystkich potrzeb w\u0142os\u00f3w, profesjonalna koloryzacja i produkty do stylizacji oraz wyko\u0144czenia.\",\"breadcrumb\":{\"@id\":\"https:\/\/seipuntozero-haircare.it\/pl\/#breadcrumb\"},\"inLanguage\":\"pl-PL\",\"potentialAction\":[{\"@type\":\"ReadAction\",\"target\":[\"https:\/\/seipuntozero-haircare.it\/pl\/\"]}]},{\"@type\":\"BreadcrumbList\",\"@id\":\"https:\/\/seipuntozero-haircare.it\/pl\/#breadcrumb\",\"itemListElement\":[{\"@type\":\"ListItem\",\"position\":1,\"name\":\"Home\",\"item\":\"https:\/\/seipuntozero-haircare.it\/pl\/\"},{\"@type\":\"ListItem\",\"position\":2,\"name\":\"Home\"}]},{\"@type\":\"WebSite\",\"@id\":\"https:\/\/seipuntozero-haircare.it\/pl\/#website\",\"url\":\"https:\/\/seipuntozero-haircare.it\/pl\/\",\"name\":\"6.Zero\",\"description\":\"Essential Touch\",\"potentialAction\":[{\"@type\":\"SearchAction\",\"target\":{\"@type\":\"EntryPoint\",\"urlTemplate\":\"https:\/\/seipuntozero-haircare.it\/pl\/?s={search_term_string}\"},\"query-input\":{\"@type\":\"PropertyValueSpecification\",\"valueRequired\":true,\"valueName\":\"search_term_string\"}}],\"inLanguage\":\"pl-PL\"}]}<\/script>\n<!-- \/ Yoast SEO plugin. -->","yoast_head_json":{"title":"Profesjonalna Koloryzacja, Hair Care, Finishing & Styling | 6.Zero - Essential Touch","description":"6.Zero: zabiegi piel\u0119gnacyjne dostosowane do wszystkich potrzeb w\u0142os\u00f3w, profesjonalna koloryzacja i produkty do stylizacji oraz wyko\u0144czenia.","robots":{"index":"index","follow":"follow","max-snippet":"max-snippet:-1","max-image-preview":"max-image-preview:large","max-video-preview":"max-video-preview:-1"},"canonical":"https:\/\/seipuntozero-haircare.it\/pl\/","og_locale":"pl_PL","og_type":"article","og_title":"Profesjonalna Koloryzacja, Hair Care, Finishing & Styling | 6.Zero - Essential Touch","og_description":"6.Zero: zabiegi piel\u0119gnacyjne dostosowane do wszystkich potrzeb w\u0142os\u00f3w, profesjonalna koloryzacja i produkty do stylizacji oraz wyko\u0144czenia.","og_url":"https:\/\/seipuntozero-haircare.it\/pl\/","og_site_name":"6.Zero","article_modified_time":"2026-03-10T11:29:41+00:00","twitter_card":"summary_large_image","twitter_misc":{"Szacowany czas czytania":"5 minut"},"schema":{"@context":"https:\/\/schema.org","@graph":[{"@type":"WebPage","@id":"https:\/\/seipuntozero-haircare.it\/pl\/","url":"https:\/\/seipuntozero-haircare.it\/pl\/","name":"Profesjonalna Koloryzacja, Hair Care, Finishing & Styling | 6.Zero - Essential Touch","isPartOf":{"@id":"https:\/\/seipuntozero-haircare.it\/pl\/#website"},"datePublished":"2023-11-16T10:34:05+00:00","dateModified":"2026-03-10T11:29:41+00:00","description":"6.Zero: zabiegi piel\u0119gnacyjne dostosowane do wszystkich potrzeb w\u0142os\u00f3w, profesjonalna koloryzacja i produkty do stylizacji oraz wyko\u0144czenia.","breadcrumb":{"@id":"https:\/\/seipuntozero-haircare.it\/pl\/#breadcrumb"},"inLanguage":"pl-PL","potentialAction":[{"@type":"ReadAction","target":["https:\/\/seipuntozero-haircare.it\/pl\/"]}]},{"@type":"BreadcrumbList","@id":"https:\/\/seipuntozero-haircare.it\/pl\/#breadcrumb","itemListElement":[{"@type":"ListItem","position":1,"name":"Home","item":"https:\/\/seipuntozero-haircare.it\/pl\/"},{"@type":"ListItem","position":2,"name":"Home"}]},{"@type":"WebSite","@id":"https:\/\/seipuntozero-haircare.it\/pl\/#website","url":"https:\/\/seipuntozero-haircare.it\/pl\/","name":"6.Zero","description":"Essential Touch","potentialAction":[{"@type":"SearchAction","target":{"@type":"EntryPoint","urlTemplate":"https:\/\/seipuntozero-haircare.it\/pl\/?s={search_term_string}"},"query-input":{"@type":"PropertyValueSpecification","valueRequired":true,"valueName":"search_term_string"}}],"inLanguage":"pl-PL"}]}},"_links":{"self":[{"href":"https:\/\/seipuntozero-haircare.it\/pl\/wp-json\/wp\/v2\/pages\/21648","targetHints":{"allow":["GET"]}}],"collection":[{"href":"https:\/\/seipuntozero-haircare.it\/pl\/wp-json\/wp\/v2\/pages"}],"about":[{"href":"https:\/\/seipuntozero-haircare.it\/pl\/wp-json\/wp\/v2\/types\/page"}],"author":[{"embeddable":true,"href":"https:\/\/seipuntozero-haircare.it\/pl\/wp-json\/wp\/v2\/users\/1"}],"replies":[{"embeddable":true,"href":"https:\/\/seipuntozero-haircare.it\/pl\/wp-json\/wp\/v2\/comments?post=21648"}],"version-history":[{"count":4,"href":"https:\/\/seipuntozero-haircare.it\/pl\/wp-json\/wp\/v2\/pages\/21648\/revisions"}],"predecessor-version":[{"id":24415,"href":"https:\/\/seipuntozero-haircare.it\/pl\/wp-json\/wp\/v2\/pages\/21648\/revisions\/24415"}],"wp:attachment":[{"href":"https:\/\/seipuntozero-haircare.it\/pl\/wp-json\/wp\/v2\/media?parent=21648"}],"curies":[{"name":"wp","href":"https:\/\/api.w.org\/{rel}","templated":true}]}}