{"id":24508,"date":"2026-04-24T12:21:50","date_gmt":"2026-04-24T10:21:50","guid":{"rendered":"https:\/\/seipuntozero-haircare.it\/?post_type=product&#038;p=24508"},"modified":"2026-04-24T12:23:18","modified_gmt":"2026-04-24T10:23:18","slug":"take-over-sun-set-masque-apres-soleil-2","status":"publish","type":"product","link":"https:\/\/seipuntozero-haircare.it\/fr\/product\/take-over-sun-set-masque-apres-soleil-2\/","title":{"rendered":"TAKE OVER \u2013 SUN SET <br> Masque apr\u00e8s-soleil"},"content":{"rendered":"<ul>\n<li style=\"font-weight: 400;\" aria-level=\"1\"><span style=\"font-weight: 400;\">Nourrit en profondeur les cheveux stress\u00e9s par le soleil, le chlore et le sel<\/span><\/li>\n<li style=\"font-weight: 400;\" aria-level=\"1\"><span style=\"font-weight: 400;\">Aide \u00e0 restructurer la fibre capillaire<\/span><\/li>\n<li style=\"font-weight: 400;\" aria-level=\"1\"><span style=\"font-weight: 400;\">Am\u00e9liore l\u2019\u00e9lasticit\u00e9 et la facilit\u00e9 de coiffage<\/span><\/li>\n<li style=\"font-weight: 400;\" aria-level=\"1\"><span style=\"font-weight: 400;\">R\u00e9duit les frisottis<\/span><\/li>\n<li style=\"font-weight: 400;\" aria-level=\"1\"><span style=\"font-weight: 400;\">Laisse les cheveux doux et lumineux sans les alourdir<\/span><\/li>\n<\/ul>\n","protected":false},"excerpt":{"rendered":"<p><span style=\"font-weight: 400;\">Un traitement intensif con\u00e7u pour nourrir et restructurer les cheveux apr\u00e8s l\u2019exposition au soleil, au vent et au sel. Sa texture riche mais l\u00e9g\u00e8re am\u00e9liore la facilit\u00e9 de coiffage et redonne \u00e0 la fibre capillaire \u00e9lasticit\u00e9 et douceur.<\/span><\/p>\n<p>50 ml<\/p>\n","protected":false},"featured_media":24447,"template":"","meta":[],"product_brand":[],"product_cat":[604],"product_tag":[],"class_list":["post-24508","product","type-product","status-publish","has-post-thumbnail","hentry","product_cat-take-over-sun-set"],"yoast_head":"<!-- This site is optimized with the Yoast SEO plugin v27.1.1 - https:\/\/yoast.com\/product\/yoast-seo-wordpress\/ -->\n<title>TAKE OVER \u2013 SUN SET | Masque apr\u00e8s-soleil<\/title>\n<meta name=\"description\" content=\"Take Over Sun Set, masque apr\u00e8s-soleil illuminant et protecteur.\" \/>\n<meta name=\"robots\" content=\"index, follow, max-snippet:-1, max-image-preview:large, max-video-preview:-1\" \/>\n<link rel=\"canonical\" href=\"https:\/\/seipuntozero-haircare.it\/fr\/product\/take-over-sun-set-masque-apres-soleil-2\/\" \/>\n<meta property=\"og:locale\" content=\"fr_FR\" \/>\n<meta property=\"og:type\" content=\"article\" \/>\n<meta property=\"og:title\" content=\"TAKE OVER \u2013 SUN SET | Masque apr\u00e8s-soleil\" \/>\n<meta property=\"og:description\" content=\"Take Over Sun Set, masque apr\u00e8s-soleil illuminant et protecteur.\" \/>\n<meta property=\"og:url\" content=\"https:\/\/seipuntozero-haircare.it\/fr\/product\/take-over-sun-set-masque-apres-soleil-2\/\" \/>\n<meta property=\"og:site_name\" content=\"6.Zero\" \/>\n<meta property=\"article:modified_time\" content=\"2026-04-24T10:23:18+00:00\" \/>\n<meta property=\"og:image\" content=\"https:\/\/seipuntozero-haircare.it\/wp-content\/uploads\/2026\/04\/sei-punto-zero-take-over-sun-deluxe-mask-50ml.png\" \/>\n\t<meta property=\"og:image:width\" content=\"800\" \/>\n\t<meta property=\"og:image:height\" content=\"800\" \/>\n\t<meta property=\"og:image:type\" content=\"image\/png\" \/>\n<meta name=\"twitter:card\" content=\"summary_large_image\" \/>\n<meta name=\"twitter:label1\" content=\"Dur\u00e9e de lecture estim\u00e9e\" \/>\n\t<meta name=\"twitter:data1\" content=\"1 minute\" \/>\n<script type=\"application\/ld+json\" class=\"yoast-schema-graph\">{\"@context\":\"https:\/\/schema.org\",\"@graph\":[{\"@type\":\"WebPage\",\"@id\":\"https:\/\/seipuntozero-haircare.it\/fr\/product\/take-over-sun-set-masque-apres-soleil-2\/\",\"url\":\"https:\/\/seipuntozero-haircare.it\/fr\/product\/take-over-sun-set-masque-apres-soleil-2\/\",\"name\":\"TAKE OVER \u2013 SUN SET | Masque apr\u00e8s-soleil\",\"isPartOf\":{\"@id\":\"https:\/\/seipuntozero-haircare.it\/fr\/#website\"},\"primaryImageOfPage\":{\"@id\":\"https:\/\/seipuntozero-haircare.it\/fr\/product\/take-over-sun-set-masque-apres-soleil-2\/#primaryimage\"},\"image\":{\"@id\":\"https:\/\/seipuntozero-haircare.it\/fr\/product\/take-over-sun-set-masque-apres-soleil-2\/#primaryimage\"},\"thumbnailUrl\":\"https:\/\/seipuntozero-haircare.it\/wp-content\/uploads\/2026\/04\/sei-punto-zero-take-over-sun-deluxe-mask-50ml.png\",\"datePublished\":\"2026-04-24T10:21:50+00:00\",\"dateModified\":\"2026-04-24T10:23:18+00:00\",\"description\":\"Take Over Sun Set, masque apr\u00e8s-soleil illuminant et protecteur.\",\"breadcrumb\":{\"@id\":\"https:\/\/seipuntozero-haircare.it\/fr\/product\/take-over-sun-set-masque-apres-soleil-2\/#breadcrumb\"},\"inLanguage\":\"fr-FR\",\"potentialAction\":[{\"@type\":\"ReadAction\",\"target\":[\"https:\/\/seipuntozero-haircare.it\/fr\/product\/take-over-sun-set-masque-apres-soleil-2\/\"]}]},{\"@type\":\"ImageObject\",\"inLanguage\":\"fr-FR\",\"@id\":\"https:\/\/seipuntozero-haircare.it\/fr\/product\/take-over-sun-set-masque-apres-soleil-2\/#primaryimage\",\"url\":\"https:\/\/seipuntozero-haircare.it\/wp-content\/uploads\/2026\/04\/sei-punto-zero-take-over-sun-deluxe-mask-50ml.png\",\"contentUrl\":\"https:\/\/seipuntozero-haircare.it\/wp-content\/uploads\/2026\/04\/sei-punto-zero-take-over-sun-deluxe-mask-50ml.png\",\"width\":800,\"height\":800},{\"@type\":\"BreadcrumbList\",\"@id\":\"https:\/\/seipuntozero-haircare.it\/fr\/product\/take-over-sun-set-masque-apres-soleil-2\/#breadcrumb\",\"itemListElement\":[{\"@type\":\"ListItem\",\"position\":1,\"name\":\"Home\",\"item\":\"https:\/\/seipuntozero-haircare.it\/fr\/\"},{\"@type\":\"ListItem\",\"position\":2,\"name\":\"Products\",\"item\":\"https:\/\/seipuntozero-haircare.it\/fr\/shop\/\"},{\"@type\":\"ListItem\",\"position\":3,\"name\":\"TAKE OVER \u2013 SUN SET Masque apr\u00e8s-soleil\"}]},{\"@type\":\"WebSite\",\"@id\":\"https:\/\/seipuntozero-haircare.it\/fr\/#website\",\"url\":\"https:\/\/seipuntozero-haircare.it\/fr\/\",\"name\":\"6.Zero\",\"description\":\"Essential Touch\",\"potentialAction\":[{\"@type\":\"SearchAction\",\"target\":{\"@type\":\"EntryPoint\",\"urlTemplate\":\"https:\/\/seipuntozero-haircare.it\/fr\/?s={search_term_string}\"},\"query-input\":{\"@type\":\"PropertyValueSpecification\",\"valueRequired\":true,\"valueName\":\"search_term_string\"}}],\"inLanguage\":\"fr-FR\"}]}<\/script>\n<!-- \/ Yoast SEO plugin. -->","yoast_head_json":{"title":"TAKE OVER \u2013 SUN SET | Masque apr\u00e8s-soleil","description":"Take Over Sun Set, masque apr\u00e8s-soleil illuminant et protecteur.","robots":{"index":"index","follow":"follow","max-snippet":"max-snippet:-1","max-image-preview":"max-image-preview:large","max-video-preview":"max-video-preview:-1"},"canonical":"https:\/\/seipuntozero-haircare.it\/fr\/product\/take-over-sun-set-masque-apres-soleil-2\/","og_locale":"fr_FR","og_type":"article","og_title":"TAKE OVER \u2013 SUN SET | Masque apr\u00e8s-soleil","og_description":"Take Over Sun Set, masque apr\u00e8s-soleil illuminant et protecteur.","og_url":"https:\/\/seipuntozero-haircare.it\/fr\/product\/take-over-sun-set-masque-apres-soleil-2\/","og_site_name":"6.Zero","article_modified_time":"2026-04-24T10:23:18+00:00","og_image":[{"width":800,"height":800,"url":"https:\/\/seipuntozero-haircare.it\/wp-content\/uploads\/2026\/04\/sei-punto-zero-take-over-sun-deluxe-mask-50ml.png","type":"image\/png"}],"twitter_card":"summary_large_image","twitter_misc":{"Dur\u00e9e de lecture estim\u00e9e":"1 minute"},"schema":{"@context":"https:\/\/schema.org","@graph":[{"@type":"WebPage","@id":"https:\/\/seipuntozero-haircare.it\/fr\/product\/take-over-sun-set-masque-apres-soleil-2\/","url":"https:\/\/seipuntozero-haircare.it\/fr\/product\/take-over-sun-set-masque-apres-soleil-2\/","name":"TAKE OVER \u2013 SUN SET | Masque apr\u00e8s-soleil","isPartOf":{"@id":"https:\/\/seipuntozero-haircare.it\/fr\/#website"},"primaryImageOfPage":{"@id":"https:\/\/seipuntozero-haircare.it\/fr\/product\/take-over-sun-set-masque-apres-soleil-2\/#primaryimage"},"image":{"@id":"https:\/\/seipuntozero-haircare.it\/fr\/product\/take-over-sun-set-masque-apres-soleil-2\/#primaryimage"},"thumbnailUrl":"https:\/\/seipuntozero-haircare.it\/wp-content\/uploads\/2026\/04\/sei-punto-zero-take-over-sun-deluxe-mask-50ml.png","datePublished":"2026-04-24T10:21:50+00:00","dateModified":"2026-04-24T10:23:18+00:00","description":"Take Over Sun Set, masque apr\u00e8s-soleil illuminant et protecteur.","breadcrumb":{"@id":"https:\/\/seipuntozero-haircare.it\/fr\/product\/take-over-sun-set-masque-apres-soleil-2\/#breadcrumb"},"inLanguage":"fr-FR","potentialAction":[{"@type":"ReadAction","target":["https:\/\/seipuntozero-haircare.it\/fr\/product\/take-over-sun-set-masque-apres-soleil-2\/"]}]},{"@type":"ImageObject","inLanguage":"fr-FR","@id":"https:\/\/seipuntozero-haircare.it\/fr\/product\/take-over-sun-set-masque-apres-soleil-2\/#primaryimage","url":"https:\/\/seipuntozero-haircare.it\/wp-content\/uploads\/2026\/04\/sei-punto-zero-take-over-sun-deluxe-mask-50ml.png","contentUrl":"https:\/\/seipuntozero-haircare.it\/wp-content\/uploads\/2026\/04\/sei-punto-zero-take-over-sun-deluxe-mask-50ml.png","width":800,"height":800},{"@type":"BreadcrumbList","@id":"https:\/\/seipuntozero-haircare.it\/fr\/product\/take-over-sun-set-masque-apres-soleil-2\/#breadcrumb","itemListElement":[{"@type":"ListItem","position":1,"name":"Home","item":"https:\/\/seipuntozero-haircare.it\/fr\/"},{"@type":"ListItem","position":2,"name":"Products","item":"https:\/\/seipuntozero-haircare.it\/fr\/shop\/"},{"@type":"ListItem","position":3,"name":"TAKE OVER \u2013 SUN SET Masque apr\u00e8s-soleil"}]},{"@type":"WebSite","@id":"https:\/\/seipuntozero-haircare.it\/fr\/#website","url":"https:\/\/seipuntozero-haircare.it\/fr\/","name":"6.Zero","description":"Essential Touch","potentialAction":[{"@type":"SearchAction","target":{"@type":"EntryPoint","urlTemplate":"https:\/\/seipuntozero-haircare.it\/fr\/?s={search_term_string}"},"query-input":{"@type":"PropertyValueSpecification","valueRequired":true,"valueName":"search_term_string"}}],"inLanguage":"fr-FR"}]}},"_links":{"self":[{"href":"https:\/\/seipuntozero-haircare.it\/fr\/wp-json\/wp\/v2\/product\/24508","targetHints":{"allow":["GET"]}}],"collection":[{"href":"https:\/\/seipuntozero-haircare.it\/fr\/wp-json\/wp\/v2\/product"}],"about":[{"href":"https:\/\/seipuntozero-haircare.it\/fr\/wp-json\/wp\/v2\/types\/product"}],"wp:featuredmedia":[{"embeddable":true,"href":"https:\/\/seipuntozero-haircare.it\/fr\/wp-json\/wp\/v2\/media\/24447"}],"wp:attachment":[{"href":"https:\/\/seipuntozero-haircare.it\/fr\/wp-json\/wp\/v2\/media?parent=24508"}],"wp:term":[{"taxonomy":"product_brand","embeddable":true,"href":"https:\/\/seipuntozero-haircare.it\/fr\/wp-json\/wp\/v2\/product_brand?post=24508"},{"taxonomy":"product_cat","embeddable":true,"href":"https:\/\/seipuntozero-haircare.it\/fr\/wp-json\/wp\/v2\/product_cat?post=24508"},{"taxonomy":"product_tag","embeddable":true,"href":"https:\/\/seipuntozero-haircare.it\/fr\/wp-json\/wp\/v2\/product_tag?post=24508"}],"curies":[{"name":"wp","href":"https:\/\/api.w.org\/{rel}","templated":true}]}}