{"id":24295,"date":"2025-11-12T08:47:05","date_gmt":"2025-11-12T07:47:05","guid":{"rendered":"https:\/\/seipuntozero-haircare.it\/?post_type=product&#038;p=24295"},"modified":"2025-11-12T09:48:43","modified_gmt":"2025-11-12T08:48:43","slug":"hy-primer","status":"publish","type":"product","link":"https:\/\/seipuntozero-haircare.it\/fr\/product\/hy-primer\/","title":{"rendered":"HY-PRIMER <br>  Fluide pr\u00e9-shampooing pour le cuir chevelu"},"content":{"rendered":"","protected":false},"excerpt":{"rendered":"<p><em><span style=\"font-weight: 400;\">D\u2019abord on r\u00e9initialise, puis on construit.<\/span><\/em><\/p>\n<p><span style=\"font-weight: 400;\"><strong>HY-PRIMER<\/strong> est le fluide pr\u00e9-shampooing pour le cuir chevelu qui \u00ab r\u00e9initialise \u00bb la base et lib\u00e8re toute la performance des soins suivants, gr\u00e2ce \u00e0 la technologie innovante Reset Technology. Il nettoie le cuir chevelu et \u00e9limine les impuret\u00e9s invisibles, devenant ainsi l\u2019\u00e9tape strat\u00e9gique qui am\u00e9liore l\u2019absorption et l\u2019efficacit\u00e9 de la routine capillaire.<\/span><span style=\"font-weight: 400;\"><br \/>\n<\/span><span style=\"font-weight: 400;\"> Formul\u00e9 pour agir en synergie avec les gammes Take Over, XY et Hairzoe.<\/span><\/p>\n<p><span style=\"font-weight: 400;\">150 ml<\/span><\/p>\n","protected":false},"featured_media":24300,"template":"","meta":[],"product_brand":[],"product_cat":[596,597,598,599,1180,600,601,602,603,604,605,606],"product_tag":[],"class_list":["post-24295","product","type-product","status-publish","has-post-thumbnail","hentry","product_cat-hairzoe-fr","product_cat-take-over-absolute-rich-shine-fr","product_cat-take-over-define-curl-fr","product_cat-take-over-full-expand-fr","product_cat-take-over-hydra-detox-fr","product_cat-take-over-out-orange-fr","product_cat-take-over-perfect-smooth-fr","product_cat-take-over-protective-color-fr","product_cat-take-over-pure-silver-fr","product_cat-take-over-sun-deluxe-fr","product_cat-take-over-active-power-fr","product_cat-take-over-active-sheer-fr"],"yoast_head":"<!-- This site is optimized with the Yoast SEO plugin v27.1.1 - https:\/\/yoast.com\/product\/yoast-seo-wordpress\/ -->\n<title>HY-PRIMER \u2013 Fluide pr\u00e9-shampooing pour le cuir chevelu<\/title>\n<meta name=\"description\" content=\"HY-PRIMER est le fluide pr\u00e9-shampooing pour le cuir chevelu qui \u00ab r\u00e9initialise \u00bb la base et lib\u00e8re toute la performance des soins suivants, gr\u00e2ce \u00e0 la technologie innovante Reset Technology.\" \/>\n<meta name=\"robots\" content=\"index, follow, max-snippet:-1, max-image-preview:large, max-video-preview:-1\" \/>\n<link rel=\"canonical\" href=\"https:\/\/seipuntozero-haircare.it\/fr\/product\/hy-primer\/\" \/>\n<meta property=\"og:locale\" content=\"fr_FR\" \/>\n<meta property=\"og:type\" content=\"article\" \/>\n<meta property=\"og:title\" content=\"HY-PRIMER \u2013 Fluide pr\u00e9-shampooing pour le cuir chevelu\" \/>\n<meta property=\"og:description\" content=\"HY-PRIMER est le fluide pr\u00e9-shampooing pour le cuir chevelu qui \u00ab r\u00e9initialise \u00bb la base et lib\u00e8re toute la performance des soins suivants, gr\u00e2ce \u00e0 la technologie innovante Reset Technology.\" \/>\n<meta property=\"og:url\" content=\"https:\/\/seipuntozero-haircare.it\/fr\/product\/hy-primer\/\" \/>\n<meta property=\"og:site_name\" content=\"6.Zero\" \/>\n<meta property=\"article:modified_time\" content=\"2025-11-12T08:48:43+00:00\" \/>\n<meta property=\"og:image\" content=\"https:\/\/seipuntozero-haircare.it\/wp-content\/uploads\/2025\/11\/Hy-primer-sito.png\" \/>\n\t<meta property=\"og:image:width\" content=\"800\" \/>\n\t<meta property=\"og:image:height\" content=\"800\" \/>\n\t<meta property=\"og:image:type\" content=\"image\/png\" \/>\n<meta name=\"twitter:card\" content=\"summary_large_image\" \/>\n<script type=\"application\/ld+json\" class=\"yoast-schema-graph\">{\"@context\":\"https:\/\/schema.org\",\"@graph\":[{\"@type\":\"WebPage\",\"@id\":\"https:\/\/seipuntozero-haircare.it\/fr\/product\/hy-primer\/\",\"url\":\"https:\/\/seipuntozero-haircare.it\/fr\/product\/hy-primer\/\",\"name\":\"HY-PRIMER \u2013 Fluide pr\u00e9-shampooing pour le cuir chevelu\",\"isPartOf\":{\"@id\":\"https:\/\/seipuntozero-haircare.it\/fr\/#website\"},\"primaryImageOfPage\":{\"@id\":\"https:\/\/seipuntozero-haircare.it\/fr\/product\/hy-primer\/#primaryimage\"},\"image\":{\"@id\":\"https:\/\/seipuntozero-haircare.it\/fr\/product\/hy-primer\/#primaryimage\"},\"thumbnailUrl\":\"https:\/\/seipuntozero-haircare.it\/wp-content\/uploads\/2025\/11\/Hy-primer-sito.png\",\"datePublished\":\"2025-11-12T07:47:05+00:00\",\"dateModified\":\"2025-11-12T08:48:43+00:00\",\"description\":\"HY-PRIMER est le fluide pr\u00e9-shampooing pour le cuir chevelu qui \u00ab r\u00e9initialise \u00bb la base et lib\u00e8re toute la performance des soins suivants, gr\u00e2ce \u00e0 la technologie innovante Reset Technology.\",\"breadcrumb\":{\"@id\":\"https:\/\/seipuntozero-haircare.it\/fr\/product\/hy-primer\/#breadcrumb\"},\"inLanguage\":\"fr-FR\",\"potentialAction\":[{\"@type\":\"ReadAction\",\"target\":[\"https:\/\/seipuntozero-haircare.it\/fr\/product\/hy-primer\/\"]}]},{\"@type\":\"ImageObject\",\"inLanguage\":\"fr-FR\",\"@id\":\"https:\/\/seipuntozero-haircare.it\/fr\/product\/hy-primer\/#primaryimage\",\"url\":\"https:\/\/seipuntozero-haircare.it\/wp-content\/uploads\/2025\/11\/Hy-primer-sito.png\",\"contentUrl\":\"https:\/\/seipuntozero-haircare.it\/wp-content\/uploads\/2025\/11\/Hy-primer-sito.png\",\"width\":800,\"height\":800},{\"@type\":\"BreadcrumbList\",\"@id\":\"https:\/\/seipuntozero-haircare.it\/fr\/product\/hy-primer\/#breadcrumb\",\"itemListElement\":[{\"@type\":\"ListItem\",\"position\":1,\"name\":\"Home\",\"item\":\"https:\/\/seipuntozero-haircare.it\/fr\/\"},{\"@type\":\"ListItem\",\"position\":2,\"name\":\"Products\",\"item\":\"https:\/\/seipuntozero-haircare.it\/fr\/shop\/\"},{\"@type\":\"ListItem\",\"position\":3,\"name\":\"HY-PRIMER Fluide pr\u00e9-shampooing pour le cuir chevelu\"}]},{\"@type\":\"WebSite\",\"@id\":\"https:\/\/seipuntozero-haircare.it\/fr\/#website\",\"url\":\"https:\/\/seipuntozero-haircare.it\/fr\/\",\"name\":\"6.Zero\",\"description\":\"Essential Touch\",\"potentialAction\":[{\"@type\":\"SearchAction\",\"target\":{\"@type\":\"EntryPoint\",\"urlTemplate\":\"https:\/\/seipuntozero-haircare.it\/fr\/?s={search_term_string}\"},\"query-input\":{\"@type\":\"PropertyValueSpecification\",\"valueRequired\":true,\"valueName\":\"search_term_string\"}}],\"inLanguage\":\"fr-FR\"}]}<\/script>\n<!-- \/ Yoast SEO plugin. -->","yoast_head_json":{"title":"HY-PRIMER \u2013 Fluide pr\u00e9-shampooing pour le cuir chevelu","description":"HY-PRIMER est le fluide pr\u00e9-shampooing pour le cuir chevelu qui \u00ab r\u00e9initialise \u00bb la base et lib\u00e8re toute la performance des soins suivants, gr\u00e2ce \u00e0 la technologie innovante Reset Technology.","robots":{"index":"index","follow":"follow","max-snippet":"max-snippet:-1","max-image-preview":"max-image-preview:large","max-video-preview":"max-video-preview:-1"},"canonical":"https:\/\/seipuntozero-haircare.it\/fr\/product\/hy-primer\/","og_locale":"fr_FR","og_type":"article","og_title":"HY-PRIMER \u2013 Fluide pr\u00e9-shampooing pour le cuir chevelu","og_description":"HY-PRIMER est le fluide pr\u00e9-shampooing pour le cuir chevelu qui \u00ab r\u00e9initialise \u00bb la base et lib\u00e8re toute la performance des soins suivants, gr\u00e2ce \u00e0 la technologie innovante Reset Technology.","og_url":"https:\/\/seipuntozero-haircare.it\/fr\/product\/hy-primer\/","og_site_name":"6.Zero","article_modified_time":"2025-11-12T08:48:43+00:00","og_image":[{"width":800,"height":800,"url":"https:\/\/seipuntozero-haircare.it\/wp-content\/uploads\/2025\/11\/Hy-primer-sito.png","type":"image\/png"}],"twitter_card":"summary_large_image","schema":{"@context":"https:\/\/schema.org","@graph":[{"@type":"WebPage","@id":"https:\/\/seipuntozero-haircare.it\/fr\/product\/hy-primer\/","url":"https:\/\/seipuntozero-haircare.it\/fr\/product\/hy-primer\/","name":"HY-PRIMER \u2013 Fluide pr\u00e9-shampooing pour le cuir chevelu","isPartOf":{"@id":"https:\/\/seipuntozero-haircare.it\/fr\/#website"},"primaryImageOfPage":{"@id":"https:\/\/seipuntozero-haircare.it\/fr\/product\/hy-primer\/#primaryimage"},"image":{"@id":"https:\/\/seipuntozero-haircare.it\/fr\/product\/hy-primer\/#primaryimage"},"thumbnailUrl":"https:\/\/seipuntozero-haircare.it\/wp-content\/uploads\/2025\/11\/Hy-primer-sito.png","datePublished":"2025-11-12T07:47:05+00:00","dateModified":"2025-11-12T08:48:43+00:00","description":"HY-PRIMER est le fluide pr\u00e9-shampooing pour le cuir chevelu qui \u00ab r\u00e9initialise \u00bb la base et lib\u00e8re toute la performance des soins suivants, gr\u00e2ce \u00e0 la technologie innovante Reset Technology.","breadcrumb":{"@id":"https:\/\/seipuntozero-haircare.it\/fr\/product\/hy-primer\/#breadcrumb"},"inLanguage":"fr-FR","potentialAction":[{"@type":"ReadAction","target":["https:\/\/seipuntozero-haircare.it\/fr\/product\/hy-primer\/"]}]},{"@type":"ImageObject","inLanguage":"fr-FR","@id":"https:\/\/seipuntozero-haircare.it\/fr\/product\/hy-primer\/#primaryimage","url":"https:\/\/seipuntozero-haircare.it\/wp-content\/uploads\/2025\/11\/Hy-primer-sito.png","contentUrl":"https:\/\/seipuntozero-haircare.it\/wp-content\/uploads\/2025\/11\/Hy-primer-sito.png","width":800,"height":800},{"@type":"BreadcrumbList","@id":"https:\/\/seipuntozero-haircare.it\/fr\/product\/hy-primer\/#breadcrumb","itemListElement":[{"@type":"ListItem","position":1,"name":"Home","item":"https:\/\/seipuntozero-haircare.it\/fr\/"},{"@type":"ListItem","position":2,"name":"Products","item":"https:\/\/seipuntozero-haircare.it\/fr\/shop\/"},{"@type":"ListItem","position":3,"name":"HY-PRIMER Fluide pr\u00e9-shampooing pour le cuir chevelu"}]},{"@type":"WebSite","@id":"https:\/\/seipuntozero-haircare.it\/fr\/#website","url":"https:\/\/seipuntozero-haircare.it\/fr\/","name":"6.Zero","description":"Essential Touch","potentialAction":[{"@type":"SearchAction","target":{"@type":"EntryPoint","urlTemplate":"https:\/\/seipuntozero-haircare.it\/fr\/?s={search_term_string}"},"query-input":{"@type":"PropertyValueSpecification","valueRequired":true,"valueName":"search_term_string"}}],"inLanguage":"fr-FR"}]}},"_links":{"self":[{"href":"https:\/\/seipuntozero-haircare.it\/fr\/wp-json\/wp\/v2\/product\/24295","targetHints":{"allow":["GET"]}}],"collection":[{"href":"https:\/\/seipuntozero-haircare.it\/fr\/wp-json\/wp\/v2\/product"}],"about":[{"href":"https:\/\/seipuntozero-haircare.it\/fr\/wp-json\/wp\/v2\/types\/product"}],"wp:featuredmedia":[{"embeddable":true,"href":"https:\/\/seipuntozero-haircare.it\/fr\/wp-json\/wp\/v2\/media\/24300"}],"wp:attachment":[{"href":"https:\/\/seipuntozero-haircare.it\/fr\/wp-json\/wp\/v2\/media?parent=24295"}],"wp:term":[{"taxonomy":"product_brand","embeddable":true,"href":"https:\/\/seipuntozero-haircare.it\/fr\/wp-json\/wp\/v2\/product_brand?post=24295"},{"taxonomy":"product_cat","embeddable":true,"href":"https:\/\/seipuntozero-haircare.it\/fr\/wp-json\/wp\/v2\/product_cat?post=24295"},{"taxonomy":"product_tag","embeddable":true,"href":"https:\/\/seipuntozero-haircare.it\/fr\/wp-json\/wp\/v2\/product_tag?post=24295"}],"curies":[{"name":"wp","href":"https:\/\/api.w.org\/{rel}","templated":true}]}}