{"id":24220,"date":"2025-09-23T08:56:10","date_gmt":"2025-09-23T06:56:10","guid":{"rendered":"https:\/\/seipuntozero-haircare.it\/?post_type=product&#038;p=24220"},"modified":"2025-09-23T09:16:25","modified_gmt":"2025-09-23T07:16:25","slug":"take-over-active-power-tonique-spray-prevention-chute","status":"publish","type":"product","link":"https:\/\/seipuntozero-haircare.it\/fr\/product\/take-over-active-power-tonique-spray-prevention-chute\/","title":{"rendered":"TAKE OVER \u2013 ACTIVE POWER <br> Tonique Spray Pr\u00e9vention Chute"},"content":{"rendered":"","protected":false},"excerpt":{"rendered":"<p><span style=\"font-weight: 400;\">Le <strong>Tonique Spray Antichute Active Power<\/strong> est un rituel quotidien qui redonne vitalit\u00e9 et force aux cheveux. Sa formule avanc\u00e9e agit directement sur le cuir chevelu, r\u00e9activant la microcirculation et am\u00e9liorant l\u2019oxyg\u00e9nation des follicules. Un alli\u00e9 indispensable pour lutter contre la chute et retrouver une chevelure visiblement plus dense et r\u00e9sistante.<\/span><span style=\"font-weight: 400;\"><br \/>\n<\/span><span style=\"font-weight: 400;\"> Efficacit\u00e9 et tol\u00e9rance cliniquement test\u00e9es.<\/span><\/p>\n<p><span style=\"font-weight: 400;\">100 ml<\/span><\/p>\n","protected":false},"featured_media":24223,"template":"","meta":[],"product_brand":[],"product_cat":[605],"product_tag":[],"class_list":["post-24220","product","type-product","status-publish","has-post-thumbnail","hentry","product_cat-take-over-active-power-fr"],"yoast_head":"<!-- This site is optimized with the Yoast SEO plugin v27.1.1 - https:\/\/yoast.com\/product\/yoast-seo-wordpress\/ -->\n<title>TAKE OVER \u2013 ACTIVE POWER | Tonique Spray Pr\u00e9vention Chute<\/title>\n<meta name=\"description\" content=\"Le Tonique Spray Antichute Active Power est un rituel quotidien qui redonne vitalit\u00e9 et force aux cheveux.\" \/>\n<meta name=\"robots\" content=\"index, follow, max-snippet:-1, max-image-preview:large, max-video-preview:-1\" \/>\n<link rel=\"canonical\" href=\"https:\/\/seipuntozero-haircare.it\/fr\/product\/take-over-active-power-tonique-spray-prevention-chute\/\" \/>\n<meta property=\"og:locale\" content=\"fr_FR\" \/>\n<meta property=\"og:type\" content=\"article\" \/>\n<meta property=\"og:title\" content=\"TAKE OVER \u2013 ACTIVE POWER | Tonique Spray Pr\u00e9vention Chute\" \/>\n<meta property=\"og:description\" content=\"Le Tonique Spray Antichute Active Power est un rituel quotidien qui redonne vitalit\u00e9 et force aux cheveux.\" \/>\n<meta property=\"og:url\" content=\"https:\/\/seipuntozero-haircare.it\/fr\/product\/take-over-active-power-tonique-spray-prevention-chute\/\" \/>\n<meta property=\"og:site_name\" content=\"6.Zero\" \/>\n<meta property=\"article:modified_time\" content=\"2025-09-23T07:16:25+00:00\" \/>\n<meta property=\"og:image\" content=\"https:\/\/seipuntozero-haircare.it\/wp-content\/uploads\/2025\/09\/sei_punto_zero_active_power_tonic_100ml.png\" \/>\n\t<meta property=\"og:image:width\" content=\"800\" \/>\n\t<meta property=\"og:image:height\" content=\"800\" \/>\n\t<meta property=\"og:image:type\" content=\"image\/png\" \/>\n<meta name=\"twitter:card\" content=\"summary_large_image\" \/>\n<meta name=\"twitter:label1\" content=\"Dur\u00e9e de lecture estim\u00e9e\" \/>\n\t<meta name=\"twitter:data1\" content=\"1 minute\" \/>\n<script type=\"application\/ld+json\" class=\"yoast-schema-graph\">{\"@context\":\"https:\/\/schema.org\",\"@graph\":[{\"@type\":\"WebPage\",\"@id\":\"https:\/\/seipuntozero-haircare.it\/fr\/product\/take-over-active-power-tonique-spray-prevention-chute\/\",\"url\":\"https:\/\/seipuntozero-haircare.it\/fr\/product\/take-over-active-power-tonique-spray-prevention-chute\/\",\"name\":\"TAKE OVER \u2013 ACTIVE POWER | Tonique Spray Pr\u00e9vention Chute\",\"isPartOf\":{\"@id\":\"https:\/\/seipuntozero-haircare.it\/fr\/#website\"},\"primaryImageOfPage\":{\"@id\":\"https:\/\/seipuntozero-haircare.it\/fr\/product\/take-over-active-power-tonique-spray-prevention-chute\/#primaryimage\"},\"image\":{\"@id\":\"https:\/\/seipuntozero-haircare.it\/fr\/product\/take-over-active-power-tonique-spray-prevention-chute\/#primaryimage\"},\"thumbnailUrl\":\"https:\/\/seipuntozero-haircare.it\/wp-content\/uploads\/2025\/09\/sei_punto_zero_active_power_tonic_100ml.png\",\"datePublished\":\"2025-09-23T06:56:10+00:00\",\"dateModified\":\"2025-09-23T07:16:25+00:00\",\"description\":\"Le Tonique Spray Antichute Active Power est un rituel quotidien qui redonne vitalit\u00e9 et force aux cheveux.\",\"breadcrumb\":{\"@id\":\"https:\/\/seipuntozero-haircare.it\/fr\/product\/take-over-active-power-tonique-spray-prevention-chute\/#breadcrumb\"},\"inLanguage\":\"fr-FR\",\"potentialAction\":[{\"@type\":\"ReadAction\",\"target\":[\"https:\/\/seipuntozero-haircare.it\/fr\/product\/take-over-active-power-tonique-spray-prevention-chute\/\"]}]},{\"@type\":\"ImageObject\",\"inLanguage\":\"fr-FR\",\"@id\":\"https:\/\/seipuntozero-haircare.it\/fr\/product\/take-over-active-power-tonique-spray-prevention-chute\/#primaryimage\",\"url\":\"https:\/\/seipuntozero-haircare.it\/wp-content\/uploads\/2025\/09\/sei_punto_zero_active_power_tonic_100ml.png\",\"contentUrl\":\"https:\/\/seipuntozero-haircare.it\/wp-content\/uploads\/2025\/09\/sei_punto_zero_active_power_tonic_100ml.png\",\"width\":800,\"height\":800},{\"@type\":\"BreadcrumbList\",\"@id\":\"https:\/\/seipuntozero-haircare.it\/fr\/product\/take-over-active-power-tonique-spray-prevention-chute\/#breadcrumb\",\"itemListElement\":[{\"@type\":\"ListItem\",\"position\":1,\"name\":\"Home\",\"item\":\"https:\/\/seipuntozero-haircare.it\/fr\/\"},{\"@type\":\"ListItem\",\"position\":2,\"name\":\"Products\",\"item\":\"https:\/\/seipuntozero-haircare.it\/fr\/shop\/\"},{\"@type\":\"ListItem\",\"position\":3,\"name\":\"TAKE OVER \u2013 ACTIVE POWER Tonique Spray Pr\u00e9vention Chute\"}]},{\"@type\":\"WebSite\",\"@id\":\"https:\/\/seipuntozero-haircare.it\/fr\/#website\",\"url\":\"https:\/\/seipuntozero-haircare.it\/fr\/\",\"name\":\"6.Zero\",\"description\":\"Essential Touch\",\"potentialAction\":[{\"@type\":\"SearchAction\",\"target\":{\"@type\":\"EntryPoint\",\"urlTemplate\":\"https:\/\/seipuntozero-haircare.it\/fr\/?s={search_term_string}\"},\"query-input\":{\"@type\":\"PropertyValueSpecification\",\"valueRequired\":true,\"valueName\":\"search_term_string\"}}],\"inLanguage\":\"fr-FR\"}]}<\/script>\n<!-- \/ Yoast SEO plugin. -->","yoast_head_json":{"title":"TAKE OVER \u2013 ACTIVE POWER | Tonique Spray Pr\u00e9vention Chute","description":"Le Tonique Spray Antichute Active Power est un rituel quotidien qui redonne vitalit\u00e9 et force aux cheveux.","robots":{"index":"index","follow":"follow","max-snippet":"max-snippet:-1","max-image-preview":"max-image-preview:large","max-video-preview":"max-video-preview:-1"},"canonical":"https:\/\/seipuntozero-haircare.it\/fr\/product\/take-over-active-power-tonique-spray-prevention-chute\/","og_locale":"fr_FR","og_type":"article","og_title":"TAKE OVER \u2013 ACTIVE POWER | Tonique Spray Pr\u00e9vention Chute","og_description":"Le Tonique Spray Antichute Active Power est un rituel quotidien qui redonne vitalit\u00e9 et force aux cheveux.","og_url":"https:\/\/seipuntozero-haircare.it\/fr\/product\/take-over-active-power-tonique-spray-prevention-chute\/","og_site_name":"6.Zero","article_modified_time":"2025-09-23T07:16:25+00:00","og_image":[{"width":800,"height":800,"url":"https:\/\/seipuntozero-haircare.it\/wp-content\/uploads\/2025\/09\/sei_punto_zero_active_power_tonic_100ml.png","type":"image\/png"}],"twitter_card":"summary_large_image","twitter_misc":{"Dur\u00e9e de lecture estim\u00e9e":"1 minute"},"schema":{"@context":"https:\/\/schema.org","@graph":[{"@type":"WebPage","@id":"https:\/\/seipuntozero-haircare.it\/fr\/product\/take-over-active-power-tonique-spray-prevention-chute\/","url":"https:\/\/seipuntozero-haircare.it\/fr\/product\/take-over-active-power-tonique-spray-prevention-chute\/","name":"TAKE OVER \u2013 ACTIVE POWER | Tonique Spray Pr\u00e9vention Chute","isPartOf":{"@id":"https:\/\/seipuntozero-haircare.it\/fr\/#website"},"primaryImageOfPage":{"@id":"https:\/\/seipuntozero-haircare.it\/fr\/product\/take-over-active-power-tonique-spray-prevention-chute\/#primaryimage"},"image":{"@id":"https:\/\/seipuntozero-haircare.it\/fr\/product\/take-over-active-power-tonique-spray-prevention-chute\/#primaryimage"},"thumbnailUrl":"https:\/\/seipuntozero-haircare.it\/wp-content\/uploads\/2025\/09\/sei_punto_zero_active_power_tonic_100ml.png","datePublished":"2025-09-23T06:56:10+00:00","dateModified":"2025-09-23T07:16:25+00:00","description":"Le Tonique Spray Antichute Active Power est un rituel quotidien qui redonne vitalit\u00e9 et force aux cheveux.","breadcrumb":{"@id":"https:\/\/seipuntozero-haircare.it\/fr\/product\/take-over-active-power-tonique-spray-prevention-chute\/#breadcrumb"},"inLanguage":"fr-FR","potentialAction":[{"@type":"ReadAction","target":["https:\/\/seipuntozero-haircare.it\/fr\/product\/take-over-active-power-tonique-spray-prevention-chute\/"]}]},{"@type":"ImageObject","inLanguage":"fr-FR","@id":"https:\/\/seipuntozero-haircare.it\/fr\/product\/take-over-active-power-tonique-spray-prevention-chute\/#primaryimage","url":"https:\/\/seipuntozero-haircare.it\/wp-content\/uploads\/2025\/09\/sei_punto_zero_active_power_tonic_100ml.png","contentUrl":"https:\/\/seipuntozero-haircare.it\/wp-content\/uploads\/2025\/09\/sei_punto_zero_active_power_tonic_100ml.png","width":800,"height":800},{"@type":"BreadcrumbList","@id":"https:\/\/seipuntozero-haircare.it\/fr\/product\/take-over-active-power-tonique-spray-prevention-chute\/#breadcrumb","itemListElement":[{"@type":"ListItem","position":1,"name":"Home","item":"https:\/\/seipuntozero-haircare.it\/fr\/"},{"@type":"ListItem","position":2,"name":"Products","item":"https:\/\/seipuntozero-haircare.it\/fr\/shop\/"},{"@type":"ListItem","position":3,"name":"TAKE OVER \u2013 ACTIVE POWER Tonique Spray Pr\u00e9vention Chute"}]},{"@type":"WebSite","@id":"https:\/\/seipuntozero-haircare.it\/fr\/#website","url":"https:\/\/seipuntozero-haircare.it\/fr\/","name":"6.Zero","description":"Essential Touch","potentialAction":[{"@type":"SearchAction","target":{"@type":"EntryPoint","urlTemplate":"https:\/\/seipuntozero-haircare.it\/fr\/?s={search_term_string}"},"query-input":{"@type":"PropertyValueSpecification","valueRequired":true,"valueName":"search_term_string"}}],"inLanguage":"fr-FR"}]}},"_links":{"self":[{"href":"https:\/\/seipuntozero-haircare.it\/fr\/wp-json\/wp\/v2\/product\/24220","targetHints":{"allow":["GET"]}}],"collection":[{"href":"https:\/\/seipuntozero-haircare.it\/fr\/wp-json\/wp\/v2\/product"}],"about":[{"href":"https:\/\/seipuntozero-haircare.it\/fr\/wp-json\/wp\/v2\/types\/product"}],"wp:featuredmedia":[{"embeddable":true,"href":"https:\/\/seipuntozero-haircare.it\/fr\/wp-json\/wp\/v2\/media\/24223"}],"wp:attachment":[{"href":"https:\/\/seipuntozero-haircare.it\/fr\/wp-json\/wp\/v2\/media?parent=24220"}],"wp:term":[{"taxonomy":"product_brand","embeddable":true,"href":"https:\/\/seipuntozero-haircare.it\/fr\/wp-json\/wp\/v2\/product_brand?post=24220"},{"taxonomy":"product_cat","embeddable":true,"href":"https:\/\/seipuntozero-haircare.it\/fr\/wp-json\/wp\/v2\/product_cat?post=24220"},{"taxonomy":"product_tag","embeddable":true,"href":"https:\/\/seipuntozero-haircare.it\/fr\/wp-json\/wp\/v2\/product_tag?post=24220"}],"curies":[{"name":"wp","href":"https:\/\/api.w.org\/{rel}","templated":true}]}}