{"id":24102,"date":"2024-12-05T08:49:43","date_gmt":"2024-12-05T07:49:44","guid":{"rendered":"https:\/\/seipuntozero-haircare.it\/?post_type=product&#038;p=24102"},"modified":"2025-01-21T10:10:16","modified_gmt":"2025-01-21T09:10:16","slug":"creme-decolorante-violette","status":"publish","type":"product","link":"https:\/\/seipuntozero-haircare.it\/fr\/product\/creme-decolorante-violette\/","title":{"rendered":"Cr\u00e8me D\u00e9colorante Violette"},"content":{"rendered":"<ul>\n<li>\u00c9claircissements progressifs jusqu&rsquo;\u00e0<strong> 7 tons<\/strong><\/li>\n<li><strong>Ne coule pas<\/strong><\/li>\n<li>Pigments violets<strong> \u00e0 action neutralisante<\/strong><\/li>\n<\/ul>\n","protected":false},"excerpt":{"rendered":"<p><strong>Cr\u00e8me d\u00e9colorante violette<\/strong>. Gr\u00e2ce \u00e0 sa formule innovante, elle est id\u00e9ale pour toutes les techniques de d\u00e9coloration, en offrant des \u00e9claircissements progressifs jusqu&rsquo;\u00e0<strong> 7 tons<\/strong>. Sa formule professionnelle est \u00e9tudi\u00e9e pour garantir<strong> des \u00e9claircissements pr\u00e9cis et uniformes<\/strong>, y compris sur le<strong> cuir chevelu<\/strong>.<\/p>\n<p>Gr\u00e2ce \u00e0 sa<strong> texture cr\u00e9meuse<\/strong>, elle ne se disperse pas dans l&rsquo;air et adh\u00e8re parfaitement aux m\u00e8ches, sans couler.<\/p>\n<p>Usage professionnel<\/p>\n<p>250 g<\/p>\n","protected":false},"featured_media":24121,"template":"","meta":[],"product_brand":[],"product_cat":[610],"product_tag":[],"class_list":["post-24102","product","type-product","status-publish","has-post-thumbnail","hentry","product_cat-decoloration"],"yoast_head":"<!-- This site is optimized with the Yoast SEO plugin v27.1.1 - https:\/\/yoast.com\/product\/yoast-seo-wordpress\/ -->\n<title>Cr\u00e8me D\u00e9colorante Violette - 6.Zero<\/title>\n<meta name=\"description\" content=\"Gr\u00e2ce \u00e0 sa formule innovante, elle est id\u00e9ale pour toutes les techniques de d\u00e9coloration, en offrant des \u00e9claircissements progressifs jusqu&#039;\u00e0 7 tons.\" \/>\n<meta name=\"robots\" content=\"index, follow, max-snippet:-1, max-image-preview:large, max-video-preview:-1\" \/>\n<link rel=\"canonical\" href=\"https:\/\/seipuntozero-haircare.it\/fr\/product\/creme-decolorante-violette\/\" \/>\n<meta property=\"og:locale\" content=\"fr_FR\" \/>\n<meta property=\"og:type\" content=\"article\" \/>\n<meta property=\"og:title\" content=\"Cr\u00e8me D\u00e9colorante Violette - 6.Zero\" \/>\n<meta property=\"og:description\" content=\"Gr\u00e2ce \u00e0 sa formule innovante, elle est id\u00e9ale pour toutes les techniques de d\u00e9coloration, en offrant des \u00e9claircissements progressifs jusqu&#039;\u00e0 7 tons.\" \/>\n<meta property=\"og:url\" content=\"https:\/\/seipuntozero-haircare.it\/fr\/product\/creme-decolorante-violette\/\" \/>\n<meta property=\"og:site_name\" content=\"6.Zero\" \/>\n<meta property=\"article:modified_time\" content=\"2025-01-21T09:10:16+00:00\" \/>\n<meta property=\"og:image\" content=\"https:\/\/seipuntozero-haircare.it\/wp-content\/uploads\/2024\/12\/263035_sei_punto_zero_violet_bleaching_cream_250ml.png\" \/>\n\t<meta property=\"og:image:width\" content=\"600\" \/>\n\t<meta property=\"og:image:height\" content=\"600\" \/>\n\t<meta property=\"og:image:type\" content=\"image\/png\" \/>\n<meta name=\"twitter:card\" content=\"summary_large_image\" \/>\n<meta name=\"twitter:label1\" content=\"Dur\u00e9e de lecture estim\u00e9e\" \/>\n\t<meta name=\"twitter:data1\" content=\"1 minute\" \/>\n<script type=\"application\/ld+json\" class=\"yoast-schema-graph\">{\"@context\":\"https:\/\/schema.org\",\"@graph\":[{\"@type\":\"WebPage\",\"@id\":\"https:\/\/seipuntozero-haircare.it\/fr\/product\/creme-decolorante-violette\/\",\"url\":\"https:\/\/seipuntozero-haircare.it\/fr\/product\/creme-decolorante-violette\/\",\"name\":\"Cr\u00e8me D\u00e9colorante Violette - 6.Zero\",\"isPartOf\":{\"@id\":\"https:\/\/seipuntozero-haircare.it\/fr\/#website\"},\"primaryImageOfPage\":{\"@id\":\"https:\/\/seipuntozero-haircare.it\/fr\/product\/creme-decolorante-violette\/#primaryimage\"},\"image\":{\"@id\":\"https:\/\/seipuntozero-haircare.it\/fr\/product\/creme-decolorante-violette\/#primaryimage\"},\"thumbnailUrl\":\"https:\/\/seipuntozero-haircare.it\/wp-content\/uploads\/2024\/12\/263035_sei_punto_zero_violet_bleaching_cream_250ml.png\",\"datePublished\":\"2024-12-05T07:49:44+00:00\",\"dateModified\":\"2025-01-21T09:10:16+00:00\",\"description\":\"Gr\u00e2ce \u00e0 sa formule innovante, elle est id\u00e9ale pour toutes les techniques de d\u00e9coloration, en offrant des \u00e9claircissements progressifs jusqu'\u00e0 7 tons.\",\"breadcrumb\":{\"@id\":\"https:\/\/seipuntozero-haircare.it\/fr\/product\/creme-decolorante-violette\/#breadcrumb\"},\"inLanguage\":\"fr-FR\",\"potentialAction\":[{\"@type\":\"ReadAction\",\"target\":[\"https:\/\/seipuntozero-haircare.it\/fr\/product\/creme-decolorante-violette\/\"]}]},{\"@type\":\"ImageObject\",\"inLanguage\":\"fr-FR\",\"@id\":\"https:\/\/seipuntozero-haircare.it\/fr\/product\/creme-decolorante-violette\/#primaryimage\",\"url\":\"https:\/\/seipuntozero-haircare.it\/wp-content\/uploads\/2024\/12\/263035_sei_punto_zero_violet_bleaching_cream_250ml.png\",\"contentUrl\":\"https:\/\/seipuntozero-haircare.it\/wp-content\/uploads\/2024\/12\/263035_sei_punto_zero_violet_bleaching_cream_250ml.png\",\"width\":600,\"height\":600},{\"@type\":\"BreadcrumbList\",\"@id\":\"https:\/\/seipuntozero-haircare.it\/fr\/product\/creme-decolorante-violette\/#breadcrumb\",\"itemListElement\":[{\"@type\":\"ListItem\",\"position\":1,\"name\":\"Home\",\"item\":\"https:\/\/seipuntozero-haircare.it\/fr\/\"},{\"@type\":\"ListItem\",\"position\":2,\"name\":\"Products\",\"item\":\"https:\/\/seipuntozero-haircare.it\/fr\/shop\/\"},{\"@type\":\"ListItem\",\"position\":3,\"name\":\"Cr\u00e8me D\u00e9colorante Violette\"}]},{\"@type\":\"WebSite\",\"@id\":\"https:\/\/seipuntozero-haircare.it\/fr\/#website\",\"url\":\"https:\/\/seipuntozero-haircare.it\/fr\/\",\"name\":\"6.Zero\",\"description\":\"Essential Touch\",\"potentialAction\":[{\"@type\":\"SearchAction\",\"target\":{\"@type\":\"EntryPoint\",\"urlTemplate\":\"https:\/\/seipuntozero-haircare.it\/fr\/?s={search_term_string}\"},\"query-input\":{\"@type\":\"PropertyValueSpecification\",\"valueRequired\":true,\"valueName\":\"search_term_string\"}}],\"inLanguage\":\"fr-FR\"}]}<\/script>\n<!-- \/ Yoast SEO plugin. -->","yoast_head_json":{"title":"Cr\u00e8me D\u00e9colorante Violette - 6.Zero","description":"Gr\u00e2ce \u00e0 sa formule innovante, elle est id\u00e9ale pour toutes les techniques de d\u00e9coloration, en offrant des \u00e9claircissements progressifs jusqu'\u00e0 7 tons.","robots":{"index":"index","follow":"follow","max-snippet":"max-snippet:-1","max-image-preview":"max-image-preview:large","max-video-preview":"max-video-preview:-1"},"canonical":"https:\/\/seipuntozero-haircare.it\/fr\/product\/creme-decolorante-violette\/","og_locale":"fr_FR","og_type":"article","og_title":"Cr\u00e8me D\u00e9colorante Violette - 6.Zero","og_description":"Gr\u00e2ce \u00e0 sa formule innovante, elle est id\u00e9ale pour toutes les techniques de d\u00e9coloration, en offrant des \u00e9claircissements progressifs jusqu'\u00e0 7 tons.","og_url":"https:\/\/seipuntozero-haircare.it\/fr\/product\/creme-decolorante-violette\/","og_site_name":"6.Zero","article_modified_time":"2025-01-21T09:10:16+00:00","og_image":[{"width":600,"height":600,"url":"https:\/\/seipuntozero-haircare.it\/wp-content\/uploads\/2024\/12\/263035_sei_punto_zero_violet_bleaching_cream_250ml.png","type":"image\/png"}],"twitter_card":"summary_large_image","twitter_misc":{"Dur\u00e9e de lecture estim\u00e9e":"1 minute"},"schema":{"@context":"https:\/\/schema.org","@graph":[{"@type":"WebPage","@id":"https:\/\/seipuntozero-haircare.it\/fr\/product\/creme-decolorante-violette\/","url":"https:\/\/seipuntozero-haircare.it\/fr\/product\/creme-decolorante-violette\/","name":"Cr\u00e8me D\u00e9colorante Violette - 6.Zero","isPartOf":{"@id":"https:\/\/seipuntozero-haircare.it\/fr\/#website"},"primaryImageOfPage":{"@id":"https:\/\/seipuntozero-haircare.it\/fr\/product\/creme-decolorante-violette\/#primaryimage"},"image":{"@id":"https:\/\/seipuntozero-haircare.it\/fr\/product\/creme-decolorante-violette\/#primaryimage"},"thumbnailUrl":"https:\/\/seipuntozero-haircare.it\/wp-content\/uploads\/2024\/12\/263035_sei_punto_zero_violet_bleaching_cream_250ml.png","datePublished":"2024-12-05T07:49:44+00:00","dateModified":"2025-01-21T09:10:16+00:00","description":"Gr\u00e2ce \u00e0 sa formule innovante, elle est id\u00e9ale pour toutes les techniques de d\u00e9coloration, en offrant des \u00e9claircissements progressifs jusqu'\u00e0 7 tons.","breadcrumb":{"@id":"https:\/\/seipuntozero-haircare.it\/fr\/product\/creme-decolorante-violette\/#breadcrumb"},"inLanguage":"fr-FR","potentialAction":[{"@type":"ReadAction","target":["https:\/\/seipuntozero-haircare.it\/fr\/product\/creme-decolorante-violette\/"]}]},{"@type":"ImageObject","inLanguage":"fr-FR","@id":"https:\/\/seipuntozero-haircare.it\/fr\/product\/creme-decolorante-violette\/#primaryimage","url":"https:\/\/seipuntozero-haircare.it\/wp-content\/uploads\/2024\/12\/263035_sei_punto_zero_violet_bleaching_cream_250ml.png","contentUrl":"https:\/\/seipuntozero-haircare.it\/wp-content\/uploads\/2024\/12\/263035_sei_punto_zero_violet_bleaching_cream_250ml.png","width":600,"height":600},{"@type":"BreadcrumbList","@id":"https:\/\/seipuntozero-haircare.it\/fr\/product\/creme-decolorante-violette\/#breadcrumb","itemListElement":[{"@type":"ListItem","position":1,"name":"Home","item":"https:\/\/seipuntozero-haircare.it\/fr\/"},{"@type":"ListItem","position":2,"name":"Products","item":"https:\/\/seipuntozero-haircare.it\/fr\/shop\/"},{"@type":"ListItem","position":3,"name":"Cr\u00e8me D\u00e9colorante Violette"}]},{"@type":"WebSite","@id":"https:\/\/seipuntozero-haircare.it\/fr\/#website","url":"https:\/\/seipuntozero-haircare.it\/fr\/","name":"6.Zero","description":"Essential Touch","potentialAction":[{"@type":"SearchAction","target":{"@type":"EntryPoint","urlTemplate":"https:\/\/seipuntozero-haircare.it\/fr\/?s={search_term_string}"},"query-input":{"@type":"PropertyValueSpecification","valueRequired":true,"valueName":"search_term_string"}}],"inLanguage":"fr-FR"}]}},"_links":{"self":[{"href":"https:\/\/seipuntozero-haircare.it\/fr\/wp-json\/wp\/v2\/product\/24102","targetHints":{"allow":["GET"]}}],"collection":[{"href":"https:\/\/seipuntozero-haircare.it\/fr\/wp-json\/wp\/v2\/product"}],"about":[{"href":"https:\/\/seipuntozero-haircare.it\/fr\/wp-json\/wp\/v2\/types\/product"}],"wp:featuredmedia":[{"embeddable":true,"href":"https:\/\/seipuntozero-haircare.it\/fr\/wp-json\/wp\/v2\/media\/24121"}],"wp:attachment":[{"href":"https:\/\/seipuntozero-haircare.it\/fr\/wp-json\/wp\/v2\/media?parent=24102"}],"wp:term":[{"taxonomy":"product_brand","embeddable":true,"href":"https:\/\/seipuntozero-haircare.it\/fr\/wp-json\/wp\/v2\/product_brand?post=24102"},{"taxonomy":"product_cat","embeddable":true,"href":"https:\/\/seipuntozero-haircare.it\/fr\/wp-json\/wp\/v2\/product_cat?post=24102"},{"taxonomy":"product_tag","embeddable":true,"href":"https:\/\/seipuntozero-haircare.it\/fr\/wp-json\/wp\/v2\/product_tag?post=24102"}],"curies":[{"name":"wp","href":"https:\/\/api.w.org\/{rel}","templated":true}]}}