{"id":24053,"date":"2024-10-25T09:10:58","date_gmt":"2024-10-25T07:10:59","guid":{"rendered":"https:\/\/seipuntozero-haircare.it\/?post_type=product&#038;p=24053"},"modified":"2024-10-25T09:34:47","modified_gmt":"2024-10-25T07:34:47","slug":"take-over-protective-color-spray-fixateur-de-couleur","status":"publish","type":"product","link":"https:\/\/seipuntozero-haircare.it\/fr\/product\/take-over-protective-color-spray-fixateur-de-couleur\/","title":{"rendered":"TAKE OVER \u2013 PROTECTIVE COLOR <br> Spray fixateur de couleur"},"content":{"rendered":"<ul>\n<li>Maintient la<strong> couleur \u00e9clatante<\/strong>,<strong> brillante et radieuse<\/strong><\/li>\n<li>Rend les <strong>cheveux souples<\/strong> en les prot\u00e9geant de l&rsquo;<strong>humidit\u00e9<\/strong> et en emp\u00eachant<strong> les frisottis<\/strong><\/li>\n<li>R\u00e9sultat<strong> longue dur\u00e9e<\/strong> jusqu&rsquo;\u00e0<strong> 3 lavages<\/strong><\/li>\n<\/ul>\n","protected":false},"excerpt":{"rendered":"<p>Take Over Protective Color,<strong> spray fixateur de couleur<\/strong>. Il s&rsquo;active avec une<strong> source de chaleur<\/strong> et agit comme une<strong> barri\u00e8re de protection<\/strong>.<br \/>\n<strong>Il fixe<\/strong> la<strong> couleur<\/strong>,<strong> pr\u00e9serve<\/strong> l&rsquo;<strong>\u00e9clat<\/strong> et la<strong> souplesse<\/strong> des cheveux et se caract\u00e9rise par ses<strong> propri\u00e9t\u00e9s anti-humidit\u00e9.<\/strong><\/p>\n<p>Les<strong> cheveux color\u00e9s et trait\u00e9s<\/strong> seront plus<strong> faciles \u00e0 coiffer<\/strong> et \u00e0<strong> g\u00e9rer<\/strong>.<\/p>\n<p class=\"Standard\"><span lang=\"it\">Flacon de 150 ml<\/span><\/p>\n","protected":false},"featured_media":24058,"template":"","meta":[],"product_brand":[],"product_cat":[602],"product_tag":[],"class_list":["post-24053","product","type-product","status-publish","has-post-thumbnail","hentry","product_cat-take-over-protective-color-fr"],"yoast_head":"<!-- This site is optimized with the Yoast SEO plugin v27.1.1 - https:\/\/yoast.com\/product\/yoast-seo-wordpress\/ -->\n<title>TAKE OVER \u2013 PROTECTIVE COLOR | Spray fixateur de couleur<\/title>\n<meta name=\"description\" content=\"Take Over Protective Color, spray fixateur de couleur. Il s&#039;active avec une source de chaleur et agit comme une barri\u00e8re de protection.\" \/>\n<meta name=\"robots\" content=\"index, follow, max-snippet:-1, max-image-preview:large, max-video-preview:-1\" \/>\n<link rel=\"canonical\" href=\"https:\/\/seipuntozero-haircare.it\/fr\/product\/take-over-protective-color-spray-fixateur-de-couleur\/\" \/>\n<meta property=\"og:locale\" content=\"fr_FR\" \/>\n<meta property=\"og:type\" content=\"article\" \/>\n<meta property=\"og:title\" content=\"TAKE OVER \u2013 PROTECTIVE COLOR | Spray fixateur de couleur\" \/>\n<meta property=\"og:description\" content=\"Take Over Protective Color, spray fixateur de couleur. Il s&#039;active avec une source de chaleur et agit comme une barri\u00e8re de protection.\" \/>\n<meta property=\"og:url\" content=\"https:\/\/seipuntozero-haircare.it\/fr\/product\/take-over-protective-color-spray-fixateur-de-couleur\/\" \/>\n<meta property=\"og:site_name\" content=\"6.Zero\" \/>\n<meta property=\"article:modified_time\" content=\"2024-10-25T07:34:47+00:00\" \/>\n<meta property=\"og:image\" content=\"https:\/\/seipuntozero-haircare.it\/wp-content\/uploads\/2024\/10\/263486_sei_punto_zero_take_over_protective_color_spray_150ml.png\" \/>\n\t<meta property=\"og:image:width\" content=\"800\" \/>\n\t<meta property=\"og:image:height\" content=\"800\" \/>\n\t<meta property=\"og:image:type\" content=\"image\/png\" \/>\n<meta name=\"twitter:card\" content=\"summary_large_image\" \/>\n<meta name=\"twitter:label1\" content=\"Dur\u00e9e de lecture estim\u00e9e\" \/>\n\t<meta name=\"twitter:data1\" content=\"1 minute\" \/>\n<script type=\"application\/ld+json\" class=\"yoast-schema-graph\">{\"@context\":\"https:\/\/schema.org\",\"@graph\":[{\"@type\":\"WebPage\",\"@id\":\"https:\/\/seipuntozero-haircare.it\/fr\/product\/take-over-protective-color-spray-fixateur-de-couleur\/\",\"url\":\"https:\/\/seipuntozero-haircare.it\/fr\/product\/take-over-protective-color-spray-fixateur-de-couleur\/\",\"name\":\"TAKE OVER \u2013 PROTECTIVE COLOR | Spray fixateur de couleur\",\"isPartOf\":{\"@id\":\"https:\/\/seipuntozero-haircare.it\/fr\/#website\"},\"primaryImageOfPage\":{\"@id\":\"https:\/\/seipuntozero-haircare.it\/fr\/product\/take-over-protective-color-spray-fixateur-de-couleur\/#primaryimage\"},\"image\":{\"@id\":\"https:\/\/seipuntozero-haircare.it\/fr\/product\/take-over-protective-color-spray-fixateur-de-couleur\/#primaryimage\"},\"thumbnailUrl\":\"https:\/\/seipuntozero-haircare.it\/wp-content\/uploads\/2024\/10\/263486_sei_punto_zero_take_over_protective_color_spray_150ml.png\",\"datePublished\":\"2024-10-25T07:10:59+00:00\",\"dateModified\":\"2024-10-25T07:34:47+00:00\",\"description\":\"Take Over Protective Color, spray fixateur de couleur. Il s'active avec une source de chaleur et agit comme une barri\u00e8re de protection.\",\"breadcrumb\":{\"@id\":\"https:\/\/seipuntozero-haircare.it\/fr\/product\/take-over-protective-color-spray-fixateur-de-couleur\/#breadcrumb\"},\"inLanguage\":\"fr-FR\",\"potentialAction\":[{\"@type\":\"ReadAction\",\"target\":[\"https:\/\/seipuntozero-haircare.it\/fr\/product\/take-over-protective-color-spray-fixateur-de-couleur\/\"]}]},{\"@type\":\"ImageObject\",\"inLanguage\":\"fr-FR\",\"@id\":\"https:\/\/seipuntozero-haircare.it\/fr\/product\/take-over-protective-color-spray-fixateur-de-couleur\/#primaryimage\",\"url\":\"https:\/\/seipuntozero-haircare.it\/wp-content\/uploads\/2024\/10\/263486_sei_punto_zero_take_over_protective_color_spray_150ml.png\",\"contentUrl\":\"https:\/\/seipuntozero-haircare.it\/wp-content\/uploads\/2024\/10\/263486_sei_punto_zero_take_over_protective_color_spray_150ml.png\",\"width\":800,\"height\":800},{\"@type\":\"BreadcrumbList\",\"@id\":\"https:\/\/seipuntozero-haircare.it\/fr\/product\/take-over-protective-color-spray-fixateur-de-couleur\/#breadcrumb\",\"itemListElement\":[{\"@type\":\"ListItem\",\"position\":1,\"name\":\"Home\",\"item\":\"https:\/\/seipuntozero-haircare.it\/fr\/\"},{\"@type\":\"ListItem\",\"position\":2,\"name\":\"Products\",\"item\":\"https:\/\/seipuntozero-haircare.it\/fr\/shop\/\"},{\"@type\":\"ListItem\",\"position\":3,\"name\":\"TAKE OVER \u2013 PROTECTIVE COLOR Spray fixateur de couleur\"}]},{\"@type\":\"WebSite\",\"@id\":\"https:\/\/seipuntozero-haircare.it\/fr\/#website\",\"url\":\"https:\/\/seipuntozero-haircare.it\/fr\/\",\"name\":\"6.Zero\",\"description\":\"Essential Touch\",\"potentialAction\":[{\"@type\":\"SearchAction\",\"target\":{\"@type\":\"EntryPoint\",\"urlTemplate\":\"https:\/\/seipuntozero-haircare.it\/fr\/?s={search_term_string}\"},\"query-input\":{\"@type\":\"PropertyValueSpecification\",\"valueRequired\":true,\"valueName\":\"search_term_string\"}}],\"inLanguage\":\"fr-FR\"}]}<\/script>\n<!-- \/ Yoast SEO plugin. -->","yoast_head_json":{"title":"TAKE OVER \u2013 PROTECTIVE COLOR | Spray fixateur de couleur","description":"Take Over Protective Color, spray fixateur de couleur. Il s'active avec une source de chaleur et agit comme une barri\u00e8re de protection.","robots":{"index":"index","follow":"follow","max-snippet":"max-snippet:-1","max-image-preview":"max-image-preview:large","max-video-preview":"max-video-preview:-1"},"canonical":"https:\/\/seipuntozero-haircare.it\/fr\/product\/take-over-protective-color-spray-fixateur-de-couleur\/","og_locale":"fr_FR","og_type":"article","og_title":"TAKE OVER \u2013 PROTECTIVE COLOR | Spray fixateur de couleur","og_description":"Take Over Protective Color, spray fixateur de couleur. Il s'active avec une source de chaleur et agit comme une barri\u00e8re de protection.","og_url":"https:\/\/seipuntozero-haircare.it\/fr\/product\/take-over-protective-color-spray-fixateur-de-couleur\/","og_site_name":"6.Zero","article_modified_time":"2024-10-25T07:34:47+00:00","og_image":[{"width":800,"height":800,"url":"https:\/\/seipuntozero-haircare.it\/wp-content\/uploads\/2024\/10\/263486_sei_punto_zero_take_over_protective_color_spray_150ml.png","type":"image\/png"}],"twitter_card":"summary_large_image","twitter_misc":{"Dur\u00e9e de lecture estim\u00e9e":"1 minute"},"schema":{"@context":"https:\/\/schema.org","@graph":[{"@type":"WebPage","@id":"https:\/\/seipuntozero-haircare.it\/fr\/product\/take-over-protective-color-spray-fixateur-de-couleur\/","url":"https:\/\/seipuntozero-haircare.it\/fr\/product\/take-over-protective-color-spray-fixateur-de-couleur\/","name":"TAKE OVER \u2013 PROTECTIVE COLOR | Spray fixateur de couleur","isPartOf":{"@id":"https:\/\/seipuntozero-haircare.it\/fr\/#website"},"primaryImageOfPage":{"@id":"https:\/\/seipuntozero-haircare.it\/fr\/product\/take-over-protective-color-spray-fixateur-de-couleur\/#primaryimage"},"image":{"@id":"https:\/\/seipuntozero-haircare.it\/fr\/product\/take-over-protective-color-spray-fixateur-de-couleur\/#primaryimage"},"thumbnailUrl":"https:\/\/seipuntozero-haircare.it\/wp-content\/uploads\/2024\/10\/263486_sei_punto_zero_take_over_protective_color_spray_150ml.png","datePublished":"2024-10-25T07:10:59+00:00","dateModified":"2024-10-25T07:34:47+00:00","description":"Take Over Protective Color, spray fixateur de couleur. Il s'active avec une source de chaleur et agit comme une barri\u00e8re de protection.","breadcrumb":{"@id":"https:\/\/seipuntozero-haircare.it\/fr\/product\/take-over-protective-color-spray-fixateur-de-couleur\/#breadcrumb"},"inLanguage":"fr-FR","potentialAction":[{"@type":"ReadAction","target":["https:\/\/seipuntozero-haircare.it\/fr\/product\/take-over-protective-color-spray-fixateur-de-couleur\/"]}]},{"@type":"ImageObject","inLanguage":"fr-FR","@id":"https:\/\/seipuntozero-haircare.it\/fr\/product\/take-over-protective-color-spray-fixateur-de-couleur\/#primaryimage","url":"https:\/\/seipuntozero-haircare.it\/wp-content\/uploads\/2024\/10\/263486_sei_punto_zero_take_over_protective_color_spray_150ml.png","contentUrl":"https:\/\/seipuntozero-haircare.it\/wp-content\/uploads\/2024\/10\/263486_sei_punto_zero_take_over_protective_color_spray_150ml.png","width":800,"height":800},{"@type":"BreadcrumbList","@id":"https:\/\/seipuntozero-haircare.it\/fr\/product\/take-over-protective-color-spray-fixateur-de-couleur\/#breadcrumb","itemListElement":[{"@type":"ListItem","position":1,"name":"Home","item":"https:\/\/seipuntozero-haircare.it\/fr\/"},{"@type":"ListItem","position":2,"name":"Products","item":"https:\/\/seipuntozero-haircare.it\/fr\/shop\/"},{"@type":"ListItem","position":3,"name":"TAKE OVER \u2013 PROTECTIVE COLOR Spray fixateur de couleur"}]},{"@type":"WebSite","@id":"https:\/\/seipuntozero-haircare.it\/fr\/#website","url":"https:\/\/seipuntozero-haircare.it\/fr\/","name":"6.Zero","description":"Essential Touch","potentialAction":[{"@type":"SearchAction","target":{"@type":"EntryPoint","urlTemplate":"https:\/\/seipuntozero-haircare.it\/fr\/?s={search_term_string}"},"query-input":{"@type":"PropertyValueSpecification","valueRequired":true,"valueName":"search_term_string"}}],"inLanguage":"fr-FR"}]}},"_links":{"self":[{"href":"https:\/\/seipuntozero-haircare.it\/fr\/wp-json\/wp\/v2\/product\/24053","targetHints":{"allow":["GET"]}}],"collection":[{"href":"https:\/\/seipuntozero-haircare.it\/fr\/wp-json\/wp\/v2\/product"}],"about":[{"href":"https:\/\/seipuntozero-haircare.it\/fr\/wp-json\/wp\/v2\/types\/product"}],"wp:featuredmedia":[{"embeddable":true,"href":"https:\/\/seipuntozero-haircare.it\/fr\/wp-json\/wp\/v2\/media\/24058"}],"wp:attachment":[{"href":"https:\/\/seipuntozero-haircare.it\/fr\/wp-json\/wp\/v2\/media?parent=24053"}],"wp:term":[{"taxonomy":"product_brand","embeddable":true,"href":"https:\/\/seipuntozero-haircare.it\/fr\/wp-json\/wp\/v2\/product_brand?post=24053"},{"taxonomy":"product_cat","embeddable":true,"href":"https:\/\/seipuntozero-haircare.it\/fr\/wp-json\/wp\/v2\/product_cat?post=24053"},{"taxonomy":"product_tag","embeddable":true,"href":"https:\/\/seipuntozero-haircare.it\/fr\/wp-json\/wp\/v2\/product_tag?post=24053"}],"curies":[{"name":"wp","href":"https:\/\/api.w.org\/{rel}","templated":true}]}}