{"id":24022,"date":"2024-07-04T17:05:19","date_gmt":"2024-07-04T15:05:20","guid":{"rendered":"https:\/\/seipuntozero-haircare.it\/?post_type=product&#038;p=24022"},"modified":"2024-07-05T08:59:00","modified_gmt":"2024-07-05T06:59:00","slug":"poudre-decolorante-violette","status":"publish","type":"product","link":"https:\/\/seipuntozero-haircare.it\/fr\/product\/poudre-decolorante-violette\/","title":{"rendered":"Poudre d\u00e9colorante violette"},"content":{"rendered":"<ul>\n<li>\u00c9claircissement progressif jusqu&rsquo;\u00e0<strong> 10 tons<\/strong><\/li>\n<li>Facile \u00e0<strong> m\u00e9langer<\/strong><\/li>\n<li>Pigments violets pour un effet<strong> anti-jaunissement<\/strong><\/li>\n<\/ul>\n","protected":false},"excerpt":{"rendered":"<p><strong>Poudre d\u00e9colorante violette parfum\u00e9e<\/strong>. Gr\u00e2ce \u00e0 sa formule avanc\u00e9e, elle offre un \u00e9claircissement progressif jusqu&rsquo;\u00e0<strong> 10 tons<\/strong> pour un<strong> r\u00e9sultat uniforme et professionnel<\/strong>. Produit professionnel, id\u00e9al pour r\u00e9aliser diff\u00e9rentes<strong> techniques de travail,<\/strong> telles que nuances, reflets, balayages ou d\u00e9colorations totales.<\/p>\n<p>Les extraits de<strong> Biotine<\/strong> et de<strong> Macadamia<\/strong> pr\u00e9sents dans la formule aident \u00e0<strong> hydrater<\/strong> les cheveux, en leur donnant un fini brillant et doux au toucher.<\/p>\n<p>Usage professionnel<\/p>\n<p>500 g<\/p>\n","protected":false},"featured_media":24012,"template":"","meta":[],"product_brand":[],"product_cat":[610],"product_tag":[],"class_list":["post-24022","product","type-product","status-publish","has-post-thumbnail","hentry","product_cat-decoloration"],"yoast_head":"<!-- This site is optimized with the Yoast SEO plugin v27.1.1 - https:\/\/yoast.com\/product\/yoast-seo-wordpress\/ -->\n<title>Poudre d\u00e9colorante violette - 6.Zero<\/title>\n<meta name=\"description\" content=\"Poudre d\u00e9colorante violette parfum\u00e9e. Gr\u00e2ce \u00e0 sa formule avanc\u00e9e, elle offre un \u00e9claircissement progressif jusqu&#039;\u00e0 10 tons\" \/>\n<meta name=\"robots\" content=\"index, follow, max-snippet:-1, max-image-preview:large, max-video-preview:-1\" \/>\n<link rel=\"canonical\" href=\"https:\/\/seipuntozero-haircare.it\/fr\/product\/poudre-decolorante-violette\/\" \/>\n<meta property=\"og:locale\" content=\"fr_FR\" \/>\n<meta property=\"og:type\" content=\"article\" \/>\n<meta property=\"og:title\" content=\"Poudre d\u00e9colorante violette - 6.Zero\" \/>\n<meta property=\"og:description\" content=\"Poudre d\u00e9colorante violette parfum\u00e9e. Gr\u00e2ce \u00e0 sa formule avanc\u00e9e, elle offre un \u00e9claircissement progressif jusqu&#039;\u00e0 10 tons\" \/>\n<meta property=\"og:url\" content=\"https:\/\/seipuntozero-haircare.it\/fr\/product\/poudre-decolorante-violette\/\" \/>\n<meta property=\"og:site_name\" content=\"6.Zero\" \/>\n<meta property=\"article:modified_time\" content=\"2024-07-05T06:59:00+00:00\" \/>\n<meta property=\"og:image\" content=\"https:\/\/seipuntozero-haircare.it\/wp-content\/uploads\/2024\/07\/263028_sei_punto_zero_violet_bleaching_powder_500gr.png\" \/>\n\t<meta property=\"og:image:width\" content=\"800\" \/>\n\t<meta property=\"og:image:height\" content=\"800\" \/>\n\t<meta property=\"og:image:type\" content=\"image\/png\" \/>\n<meta name=\"twitter:card\" content=\"summary_large_image\" \/>\n<meta name=\"twitter:label1\" content=\"Dur\u00e9e de lecture estim\u00e9e\" \/>\n\t<meta name=\"twitter:data1\" content=\"1 minute\" \/>\n<script type=\"application\/ld+json\" class=\"yoast-schema-graph\">{\"@context\":\"https:\/\/schema.org\",\"@graph\":[{\"@type\":\"WebPage\",\"@id\":\"https:\/\/seipuntozero-haircare.it\/fr\/product\/poudre-decolorante-violette\/\",\"url\":\"https:\/\/seipuntozero-haircare.it\/fr\/product\/poudre-decolorante-violette\/\",\"name\":\"Poudre d\u00e9colorante violette - 6.Zero\",\"isPartOf\":{\"@id\":\"https:\/\/seipuntozero-haircare.it\/fr\/#website\"},\"primaryImageOfPage\":{\"@id\":\"https:\/\/seipuntozero-haircare.it\/fr\/product\/poudre-decolorante-violette\/#primaryimage\"},\"image\":{\"@id\":\"https:\/\/seipuntozero-haircare.it\/fr\/product\/poudre-decolorante-violette\/#primaryimage\"},\"thumbnailUrl\":\"https:\/\/seipuntozero-haircare.it\/wp-content\/uploads\/2024\/07\/263028_sei_punto_zero_violet_bleaching_powder_500gr.png\",\"datePublished\":\"2024-07-04T15:05:20+00:00\",\"dateModified\":\"2024-07-05T06:59:00+00:00\",\"description\":\"Poudre d\u00e9colorante violette parfum\u00e9e. Gr\u00e2ce \u00e0 sa formule avanc\u00e9e, elle offre un \u00e9claircissement progressif jusqu'\u00e0 10 tons\",\"breadcrumb\":{\"@id\":\"https:\/\/seipuntozero-haircare.it\/fr\/product\/poudre-decolorante-violette\/#breadcrumb\"},\"inLanguage\":\"fr-FR\",\"potentialAction\":[{\"@type\":\"ReadAction\",\"target\":[\"https:\/\/seipuntozero-haircare.it\/fr\/product\/poudre-decolorante-violette\/\"]}]},{\"@type\":\"ImageObject\",\"inLanguage\":\"fr-FR\",\"@id\":\"https:\/\/seipuntozero-haircare.it\/fr\/product\/poudre-decolorante-violette\/#primaryimage\",\"url\":\"https:\/\/seipuntozero-haircare.it\/wp-content\/uploads\/2024\/07\/263028_sei_punto_zero_violet_bleaching_powder_500gr.png\",\"contentUrl\":\"https:\/\/seipuntozero-haircare.it\/wp-content\/uploads\/2024\/07\/263028_sei_punto_zero_violet_bleaching_powder_500gr.png\",\"width\":800,\"height\":800},{\"@type\":\"BreadcrumbList\",\"@id\":\"https:\/\/seipuntozero-haircare.it\/fr\/product\/poudre-decolorante-violette\/#breadcrumb\",\"itemListElement\":[{\"@type\":\"ListItem\",\"position\":1,\"name\":\"Home\",\"item\":\"https:\/\/seipuntozero-haircare.it\/fr\/\"},{\"@type\":\"ListItem\",\"position\":2,\"name\":\"Products\",\"item\":\"https:\/\/seipuntozero-haircare.it\/fr\/shop\/\"},{\"@type\":\"ListItem\",\"position\":3,\"name\":\"Poudre d\u00e9colorante violette\"}]},{\"@type\":\"WebSite\",\"@id\":\"https:\/\/seipuntozero-haircare.it\/fr\/#website\",\"url\":\"https:\/\/seipuntozero-haircare.it\/fr\/\",\"name\":\"6.Zero\",\"description\":\"Essential Touch\",\"potentialAction\":[{\"@type\":\"SearchAction\",\"target\":{\"@type\":\"EntryPoint\",\"urlTemplate\":\"https:\/\/seipuntozero-haircare.it\/fr\/?s={search_term_string}\"},\"query-input\":{\"@type\":\"PropertyValueSpecification\",\"valueRequired\":true,\"valueName\":\"search_term_string\"}}],\"inLanguage\":\"fr-FR\"}]}<\/script>\n<!-- \/ Yoast SEO plugin. -->","yoast_head_json":{"title":"Poudre d\u00e9colorante violette - 6.Zero","description":"Poudre d\u00e9colorante violette parfum\u00e9e. Gr\u00e2ce \u00e0 sa formule avanc\u00e9e, elle offre un \u00e9claircissement progressif jusqu'\u00e0 10 tons","robots":{"index":"index","follow":"follow","max-snippet":"max-snippet:-1","max-image-preview":"max-image-preview:large","max-video-preview":"max-video-preview:-1"},"canonical":"https:\/\/seipuntozero-haircare.it\/fr\/product\/poudre-decolorante-violette\/","og_locale":"fr_FR","og_type":"article","og_title":"Poudre d\u00e9colorante violette - 6.Zero","og_description":"Poudre d\u00e9colorante violette parfum\u00e9e. Gr\u00e2ce \u00e0 sa formule avanc\u00e9e, elle offre un \u00e9claircissement progressif jusqu'\u00e0 10 tons","og_url":"https:\/\/seipuntozero-haircare.it\/fr\/product\/poudre-decolorante-violette\/","og_site_name":"6.Zero","article_modified_time":"2024-07-05T06:59:00+00:00","og_image":[{"width":800,"height":800,"url":"https:\/\/seipuntozero-haircare.it\/wp-content\/uploads\/2024\/07\/263028_sei_punto_zero_violet_bleaching_powder_500gr.png","type":"image\/png"}],"twitter_card":"summary_large_image","twitter_misc":{"Dur\u00e9e de lecture estim\u00e9e":"1 minute"},"schema":{"@context":"https:\/\/schema.org","@graph":[{"@type":"WebPage","@id":"https:\/\/seipuntozero-haircare.it\/fr\/product\/poudre-decolorante-violette\/","url":"https:\/\/seipuntozero-haircare.it\/fr\/product\/poudre-decolorante-violette\/","name":"Poudre d\u00e9colorante violette - 6.Zero","isPartOf":{"@id":"https:\/\/seipuntozero-haircare.it\/fr\/#website"},"primaryImageOfPage":{"@id":"https:\/\/seipuntozero-haircare.it\/fr\/product\/poudre-decolorante-violette\/#primaryimage"},"image":{"@id":"https:\/\/seipuntozero-haircare.it\/fr\/product\/poudre-decolorante-violette\/#primaryimage"},"thumbnailUrl":"https:\/\/seipuntozero-haircare.it\/wp-content\/uploads\/2024\/07\/263028_sei_punto_zero_violet_bleaching_powder_500gr.png","datePublished":"2024-07-04T15:05:20+00:00","dateModified":"2024-07-05T06:59:00+00:00","description":"Poudre d\u00e9colorante violette parfum\u00e9e. Gr\u00e2ce \u00e0 sa formule avanc\u00e9e, elle offre un \u00e9claircissement progressif jusqu'\u00e0 10 tons","breadcrumb":{"@id":"https:\/\/seipuntozero-haircare.it\/fr\/product\/poudre-decolorante-violette\/#breadcrumb"},"inLanguage":"fr-FR","potentialAction":[{"@type":"ReadAction","target":["https:\/\/seipuntozero-haircare.it\/fr\/product\/poudre-decolorante-violette\/"]}]},{"@type":"ImageObject","inLanguage":"fr-FR","@id":"https:\/\/seipuntozero-haircare.it\/fr\/product\/poudre-decolorante-violette\/#primaryimage","url":"https:\/\/seipuntozero-haircare.it\/wp-content\/uploads\/2024\/07\/263028_sei_punto_zero_violet_bleaching_powder_500gr.png","contentUrl":"https:\/\/seipuntozero-haircare.it\/wp-content\/uploads\/2024\/07\/263028_sei_punto_zero_violet_bleaching_powder_500gr.png","width":800,"height":800},{"@type":"BreadcrumbList","@id":"https:\/\/seipuntozero-haircare.it\/fr\/product\/poudre-decolorante-violette\/#breadcrumb","itemListElement":[{"@type":"ListItem","position":1,"name":"Home","item":"https:\/\/seipuntozero-haircare.it\/fr\/"},{"@type":"ListItem","position":2,"name":"Products","item":"https:\/\/seipuntozero-haircare.it\/fr\/shop\/"},{"@type":"ListItem","position":3,"name":"Poudre d\u00e9colorante violette"}]},{"@type":"WebSite","@id":"https:\/\/seipuntozero-haircare.it\/fr\/#website","url":"https:\/\/seipuntozero-haircare.it\/fr\/","name":"6.Zero","description":"Essential Touch","potentialAction":[{"@type":"SearchAction","target":{"@type":"EntryPoint","urlTemplate":"https:\/\/seipuntozero-haircare.it\/fr\/?s={search_term_string}"},"query-input":{"@type":"PropertyValueSpecification","valueRequired":true,"valueName":"search_term_string"}}],"inLanguage":"fr-FR"}]}},"_links":{"self":[{"href":"https:\/\/seipuntozero-haircare.it\/fr\/wp-json\/wp\/v2\/product\/24022","targetHints":{"allow":["GET"]}}],"collection":[{"href":"https:\/\/seipuntozero-haircare.it\/fr\/wp-json\/wp\/v2\/product"}],"about":[{"href":"https:\/\/seipuntozero-haircare.it\/fr\/wp-json\/wp\/v2\/types\/product"}],"wp:featuredmedia":[{"embeddable":true,"href":"https:\/\/seipuntozero-haircare.it\/fr\/wp-json\/wp\/v2\/media\/24012"}],"wp:attachment":[{"href":"https:\/\/seipuntozero-haircare.it\/fr\/wp-json\/wp\/v2\/media?parent=24022"}],"wp:term":[{"taxonomy":"product_brand","embeddable":true,"href":"https:\/\/seipuntozero-haircare.it\/fr\/wp-json\/wp\/v2\/product_brand?post=24022"},{"taxonomy":"product_cat","embeddable":true,"href":"https:\/\/seipuntozero-haircare.it\/fr\/wp-json\/wp\/v2\/product_cat?post=24022"},{"taxonomy":"product_tag","embeddable":true,"href":"https:\/\/seipuntozero-haircare.it\/fr\/wp-json\/wp\/v2\/product_tag?post=24022"}],"curies":[{"name":"wp","href":"https:\/\/api.w.org\/{rel}","templated":true}]}}