{"id":23147,"date":"2024-06-26T12:20:08","date_gmt":"2024-06-26T10:20:51","guid":{"rendered":"https:\/\/seipuntozero-haircare.it\/?post_type=product&#038;p=23147"},"modified":"2024-06-27T11:27:19","modified_gmt":"2024-06-27T09:27:19","slug":"kromlite-double-mode-coloration-semi-permanente-sans-ammoniaque","status":"publish","type":"product","link":"https:\/\/seipuntozero-haircare.it\/fr\/product\/kromlite-double-mode-coloration-semi-permanente-sans-ammoniaque\/","title":{"rendered":"KROMLITE <br> Coloration semi-permanente sans ammoniaque"},"content":{"rendered":"<ul>\n<li><strong>Couverture<\/strong> des cheveux blancs <strong>jusqu&rsquo;\u00e0 80 %<\/strong><\/li>\n<li>Jusqu&rsquo;\u00e0 3 niveaux d&rsquo;\u00e9claircissement<\/li>\n<li>Id\u00e9ale \u00e9galement pour <strong>cheveux<\/strong> <strong>stress\u00e9s et ab\u00eem\u00e9s<\/strong><\/li>\n<\/ul>\n","protected":false},"excerpt":{"rendered":"<p>Kromlite est une <strong>coloration semi-permanente \u00e0 l&rsquo;huile<\/strong>, sans ammoniaque, con\u00e7ue pour fournir <strong>deux types de coloration<\/strong> en une seule solution. Sa <strong>formule bivalente<\/strong> permet d&rsquo;obtenir soit une <strong>couverture naturelle<\/strong>, soit une <strong>coloration ton sur ton<\/strong>.<\/p>\n<p>Enrichie \u00e0 l&rsquo;<strong>huile de macadamia<\/strong> et aux <strong>extraits de th\u00e9 vert et de sureau<\/strong>, Kromlite apporte une <strong>intensit\u00e9 de reflet<\/strong> et une <strong>luminosit\u00e9<\/strong> extraordinaire, pour un<strong> effet naturel et durable<\/strong>.<\/p>\n<p>&nbsp;<\/p>\n<p>Usage professionnel<\/p>\n<p>Flacon de 60\u00a0ml<\/p>\n<p>42 nuances<\/p>\n","protected":false},"featured_media":22785,"template":"","meta":[],"product_brand":[],"product_cat":[593],"product_tag":[],"class_list":["post-23147","product","type-product","status-publish","has-post-thumbnail","hentry","product_cat-professional-colouring-fr"],"yoast_head":"<!-- This site is optimized with the Yoast SEO plugin v27.1.1 - https:\/\/yoast.com\/product\/yoast-seo-wordpress\/ -->\n<title>KROMLITE  Coloration semi-permanente sans ammoniaque - 6.Zero<\/title>\n<meta name=\"description\" content=\"Kromlite est une coloration semi-permanente \u00e0 l&#039;huile, sans ammoniaque, con\u00e7ue pour fournir deux types de coloration en une seule solution.\" \/>\n<meta name=\"robots\" content=\"index, follow, max-snippet:-1, max-image-preview:large, max-video-preview:-1\" \/>\n<link rel=\"canonical\" href=\"https:\/\/seipuntozero-haircare.it\/fr\/product\/kromlite-double-mode-coloration-semi-permanente-sans-ammoniaque\/\" \/>\n<meta property=\"og:locale\" content=\"fr_FR\" \/>\n<meta property=\"og:type\" content=\"article\" \/>\n<meta property=\"og:title\" content=\"KROMLITE  Coloration semi-permanente sans ammoniaque - 6.Zero\" \/>\n<meta property=\"og:description\" content=\"Kromlite est une coloration semi-permanente \u00e0 l&#039;huile, sans ammoniaque, con\u00e7ue pour fournir deux types de coloration en une seule solution.\" \/>\n<meta property=\"og:url\" content=\"https:\/\/seipuntozero-haircare.it\/fr\/product\/kromlite-double-mode-coloration-semi-permanente-sans-ammoniaque\/\" \/>\n<meta property=\"og:site_name\" content=\"6.Zero\" \/>\n<meta property=\"article:modified_time\" content=\"2024-06-27T09:27:19+00:00\" \/>\n<meta property=\"og:image\" content=\"https:\/\/seipuntozero-haircare.it\/wp-content\/uploads\/2024\/06\/265xxx_sei_punto_zero_kromlite.png\" \/>\n\t<meta property=\"og:image:width\" content=\"800\" \/>\n\t<meta property=\"og:image:height\" content=\"800\" \/>\n\t<meta property=\"og:image:type\" content=\"image\/png\" \/>\n<meta name=\"twitter:card\" content=\"summary_large_image\" \/>\n<meta name=\"twitter:label1\" content=\"Dur\u00e9e de lecture estim\u00e9e\" \/>\n\t<meta name=\"twitter:data1\" content=\"1 minute\" \/>\n<script type=\"application\/ld+json\" class=\"yoast-schema-graph\">{\"@context\":\"https:\/\/schema.org\",\"@graph\":[{\"@type\":\"WebPage\",\"@id\":\"https:\/\/seipuntozero-haircare.it\/fr\/product\/kromlite-double-mode-coloration-semi-permanente-sans-ammoniaque\/\",\"url\":\"https:\/\/seipuntozero-haircare.it\/fr\/product\/kromlite-double-mode-coloration-semi-permanente-sans-ammoniaque\/\",\"name\":\"KROMLITE Coloration semi-permanente sans ammoniaque - 6.Zero\",\"isPartOf\":{\"@id\":\"https:\/\/seipuntozero-haircare.it\/fr\/#website\"},\"primaryImageOfPage\":{\"@id\":\"https:\/\/seipuntozero-haircare.it\/fr\/product\/kromlite-double-mode-coloration-semi-permanente-sans-ammoniaque\/#primaryimage\"},\"image\":{\"@id\":\"https:\/\/seipuntozero-haircare.it\/fr\/product\/kromlite-double-mode-coloration-semi-permanente-sans-ammoniaque\/#primaryimage\"},\"thumbnailUrl\":\"https:\/\/seipuntozero-haircare.it\/wp-content\/uploads\/2024\/06\/265xxx_sei_punto_zero_kromlite.png\",\"datePublished\":\"2024-06-26T10:20:51+00:00\",\"dateModified\":\"2024-06-27T09:27:19+00:00\",\"description\":\"Kromlite est une coloration semi-permanente \u00e0 l'huile, sans ammoniaque, con\u00e7ue pour fournir deux types de coloration en une seule solution.\",\"breadcrumb\":{\"@id\":\"https:\/\/seipuntozero-haircare.it\/fr\/product\/kromlite-double-mode-coloration-semi-permanente-sans-ammoniaque\/#breadcrumb\"},\"inLanguage\":\"fr-FR\",\"potentialAction\":[{\"@type\":\"ReadAction\",\"target\":[\"https:\/\/seipuntozero-haircare.it\/fr\/product\/kromlite-double-mode-coloration-semi-permanente-sans-ammoniaque\/\"]}]},{\"@type\":\"ImageObject\",\"inLanguage\":\"fr-FR\",\"@id\":\"https:\/\/seipuntozero-haircare.it\/fr\/product\/kromlite-double-mode-coloration-semi-permanente-sans-ammoniaque\/#primaryimage\",\"url\":\"https:\/\/seipuntozero-haircare.it\/wp-content\/uploads\/2024\/06\/265xxx_sei_punto_zero_kromlite.png\",\"contentUrl\":\"https:\/\/seipuntozero-haircare.it\/wp-content\/uploads\/2024\/06\/265xxx_sei_punto_zero_kromlite.png\",\"width\":800,\"height\":800},{\"@type\":\"BreadcrumbList\",\"@id\":\"https:\/\/seipuntozero-haircare.it\/fr\/product\/kromlite-double-mode-coloration-semi-permanente-sans-ammoniaque\/#breadcrumb\",\"itemListElement\":[{\"@type\":\"ListItem\",\"position\":1,\"name\":\"Home\",\"item\":\"https:\/\/seipuntozero-haircare.it\/fr\/\"},{\"@type\":\"ListItem\",\"position\":2,\"name\":\"Products\",\"item\":\"https:\/\/seipuntozero-haircare.it\/fr\/shop\/\"},{\"@type\":\"ListItem\",\"position\":3,\"name\":\"KROMLITE Coloration semi-permanente sans ammoniaque\"}]},{\"@type\":\"WebSite\",\"@id\":\"https:\/\/seipuntozero-haircare.it\/fr\/#website\",\"url\":\"https:\/\/seipuntozero-haircare.it\/fr\/\",\"name\":\"6.Zero\",\"description\":\"Essential Touch\",\"potentialAction\":[{\"@type\":\"SearchAction\",\"target\":{\"@type\":\"EntryPoint\",\"urlTemplate\":\"https:\/\/seipuntozero-haircare.it\/fr\/?s={search_term_string}\"},\"query-input\":{\"@type\":\"PropertyValueSpecification\",\"valueRequired\":true,\"valueName\":\"search_term_string\"}}],\"inLanguage\":\"fr-FR\"}]}<\/script>\n<!-- \/ Yoast SEO plugin. -->","yoast_head_json":{"title":"KROMLITE  Coloration semi-permanente sans ammoniaque - 6.Zero","description":"Kromlite est une coloration semi-permanente \u00e0 l'huile, sans ammoniaque, con\u00e7ue pour fournir deux types de coloration en une seule solution.","robots":{"index":"index","follow":"follow","max-snippet":"max-snippet:-1","max-image-preview":"max-image-preview:large","max-video-preview":"max-video-preview:-1"},"canonical":"https:\/\/seipuntozero-haircare.it\/fr\/product\/kromlite-double-mode-coloration-semi-permanente-sans-ammoniaque\/","og_locale":"fr_FR","og_type":"article","og_title":"KROMLITE  Coloration semi-permanente sans ammoniaque - 6.Zero","og_description":"Kromlite est une coloration semi-permanente \u00e0 l'huile, sans ammoniaque, con\u00e7ue pour fournir deux types de coloration en une seule solution.","og_url":"https:\/\/seipuntozero-haircare.it\/fr\/product\/kromlite-double-mode-coloration-semi-permanente-sans-ammoniaque\/","og_site_name":"6.Zero","article_modified_time":"2024-06-27T09:27:19+00:00","og_image":[{"width":800,"height":800,"url":"https:\/\/seipuntozero-haircare.it\/wp-content\/uploads\/2024\/06\/265xxx_sei_punto_zero_kromlite.png","type":"image\/png"}],"twitter_card":"summary_large_image","twitter_misc":{"Dur\u00e9e de lecture estim\u00e9e":"1 minute"},"schema":{"@context":"https:\/\/schema.org","@graph":[{"@type":"WebPage","@id":"https:\/\/seipuntozero-haircare.it\/fr\/product\/kromlite-double-mode-coloration-semi-permanente-sans-ammoniaque\/","url":"https:\/\/seipuntozero-haircare.it\/fr\/product\/kromlite-double-mode-coloration-semi-permanente-sans-ammoniaque\/","name":"KROMLITE Coloration semi-permanente sans ammoniaque - 6.Zero","isPartOf":{"@id":"https:\/\/seipuntozero-haircare.it\/fr\/#website"},"primaryImageOfPage":{"@id":"https:\/\/seipuntozero-haircare.it\/fr\/product\/kromlite-double-mode-coloration-semi-permanente-sans-ammoniaque\/#primaryimage"},"image":{"@id":"https:\/\/seipuntozero-haircare.it\/fr\/product\/kromlite-double-mode-coloration-semi-permanente-sans-ammoniaque\/#primaryimage"},"thumbnailUrl":"https:\/\/seipuntozero-haircare.it\/wp-content\/uploads\/2024\/06\/265xxx_sei_punto_zero_kromlite.png","datePublished":"2024-06-26T10:20:51+00:00","dateModified":"2024-06-27T09:27:19+00:00","description":"Kromlite est une coloration semi-permanente \u00e0 l'huile, sans ammoniaque, con\u00e7ue pour fournir deux types de coloration en une seule solution.","breadcrumb":{"@id":"https:\/\/seipuntozero-haircare.it\/fr\/product\/kromlite-double-mode-coloration-semi-permanente-sans-ammoniaque\/#breadcrumb"},"inLanguage":"fr-FR","potentialAction":[{"@type":"ReadAction","target":["https:\/\/seipuntozero-haircare.it\/fr\/product\/kromlite-double-mode-coloration-semi-permanente-sans-ammoniaque\/"]}]},{"@type":"ImageObject","inLanguage":"fr-FR","@id":"https:\/\/seipuntozero-haircare.it\/fr\/product\/kromlite-double-mode-coloration-semi-permanente-sans-ammoniaque\/#primaryimage","url":"https:\/\/seipuntozero-haircare.it\/wp-content\/uploads\/2024\/06\/265xxx_sei_punto_zero_kromlite.png","contentUrl":"https:\/\/seipuntozero-haircare.it\/wp-content\/uploads\/2024\/06\/265xxx_sei_punto_zero_kromlite.png","width":800,"height":800},{"@type":"BreadcrumbList","@id":"https:\/\/seipuntozero-haircare.it\/fr\/product\/kromlite-double-mode-coloration-semi-permanente-sans-ammoniaque\/#breadcrumb","itemListElement":[{"@type":"ListItem","position":1,"name":"Home","item":"https:\/\/seipuntozero-haircare.it\/fr\/"},{"@type":"ListItem","position":2,"name":"Products","item":"https:\/\/seipuntozero-haircare.it\/fr\/shop\/"},{"@type":"ListItem","position":3,"name":"KROMLITE Coloration semi-permanente sans ammoniaque"}]},{"@type":"WebSite","@id":"https:\/\/seipuntozero-haircare.it\/fr\/#website","url":"https:\/\/seipuntozero-haircare.it\/fr\/","name":"6.Zero","description":"Essential Touch","potentialAction":[{"@type":"SearchAction","target":{"@type":"EntryPoint","urlTemplate":"https:\/\/seipuntozero-haircare.it\/fr\/?s={search_term_string}"},"query-input":{"@type":"PropertyValueSpecification","valueRequired":true,"valueName":"search_term_string"}}],"inLanguage":"fr-FR"}]}},"_links":{"self":[{"href":"https:\/\/seipuntozero-haircare.it\/fr\/wp-json\/wp\/v2\/product\/23147","targetHints":{"allow":["GET"]}}],"collection":[{"href":"https:\/\/seipuntozero-haircare.it\/fr\/wp-json\/wp\/v2\/product"}],"about":[{"href":"https:\/\/seipuntozero-haircare.it\/fr\/wp-json\/wp\/v2\/types\/product"}],"wp:featuredmedia":[{"embeddable":true,"href":"https:\/\/seipuntozero-haircare.it\/fr\/wp-json\/wp\/v2\/media\/22785"}],"wp:attachment":[{"href":"https:\/\/seipuntozero-haircare.it\/fr\/wp-json\/wp\/v2\/media?parent=23147"}],"wp:term":[{"taxonomy":"product_brand","embeddable":true,"href":"https:\/\/seipuntozero-haircare.it\/fr\/wp-json\/wp\/v2\/product_brand?post=23147"},{"taxonomy":"product_cat","embeddable":true,"href":"https:\/\/seipuntozero-haircare.it\/fr\/wp-json\/wp\/v2\/product_cat?post=23147"},{"taxonomy":"product_tag","embeddable":true,"href":"https:\/\/seipuntozero-haircare.it\/fr\/wp-json\/wp\/v2\/product_tag?post=23147"}],"curies":[{"name":"wp","href":"https:\/\/api.w.org\/{rel}","templated":true}]}}