{"id":19655,"date":"2023-08-29T17:15:44","date_gmt":"2023-08-29T15:15:45","guid":{"rendered":"https:\/\/seipuntozero-haircare.it\/?post_type=product&#038;p=19655"},"modified":"2023-10-02T16:31:06","modified_gmt":"2023-10-02T14:31:06","slug":"take-over-hydra-detox-apres-shampooing-hydratant-usage-frequent","status":"publish","type":"product","link":"https:\/\/seipuntozero-haircare.it\/fr\/product\/take-over-hydra-detox-apres-shampooing-hydratant-usage-frequent\/","title":{"rendered":"TAKE OVER \u2013 HYDRA D\u00c9TOX <br> Apr\u00e8s-shampooing hydratant Usage fr\u00e9quent"},"content":{"rendered":"<ul>\n<li style=\"font-weight: 400;\" aria-level=\"1\"><span style=\"font-weight: 400;\">Formulation l\u00e9g\u00e8re, sans paraben<\/span><\/li>\n<li style=\"font-weight: 400;\" aria-level=\"1\"><span style=\"font-weight: 400;\">N&rsquo;alourdit pas les cheveux<\/span><\/li>\n<li style=\"font-weight: 400;\" aria-level=\"1\"><span style=\"font-weight: 400;\">Protection contre la pollution<\/span><\/li>\n<\/ul>\n","protected":false},"excerpt":{"rendered":"<p><span style=\"font-weight: 400;\">Formul\u00e9 avec des agents revitalisants, l&rsquo;apr\u00e8s-shampooing Take Over Hydra D\u00e9tox est un <\/span><b>d\u00e9m\u00ealant pour lavages fr\u00e9quents<\/b><span style=\"font-weight: 400;\"> qui rend les cheveux faciles \u00e0 coiffer, en r\u00e9hydratant la fibre capillaire. Sa <\/span><b>formule sans silicone<\/b><span style=\"font-weight: 400;\"> r\u00e9g\u00e9n\u00e8re les cheveux et apporte aux cheveux douceur et l\u00e9g\u00e8ret\u00e9. <\/span><\/p>\n<p>Flacon 1000 ml<\/p>\n","protected":false},"featured_media":19905,"template":"","meta":[],"product_brand":[],"product_cat":[1180],"product_tag":[],"class_list":["post-19655","product","type-product","status-publish","has-post-thumbnail","hentry","product_cat-take-over-hydra-detox-fr"],"yoast_head":"<!-- This site is optimized with the Yoast SEO plugin v27.1.1 - https:\/\/yoast.com\/product\/yoast-seo-wordpress\/ -->\n<title>TAKE OVER - HYDRA D\u00c9TOX Apr\u00e8s-shampooing hydratant Usage fr\u00e9quent<\/title>\n<meta name=\"description\" content=\"L&#039;apr\u00e8s-shampooing Take Over Hydra D\u00e9tox est un d\u00e9m\u00ealant pour lavages fr\u00e9quents qui rend les cheveux faciles \u00e0 coiffer, en r\u00e9hydratant la fibre capillaire.\" \/>\n<meta name=\"robots\" content=\"index, follow, max-snippet:-1, max-image-preview:large, max-video-preview:-1\" \/>\n<link rel=\"canonical\" href=\"https:\/\/seipuntozero-haircare.it\/fr\/product\/take-over-hydra-detox-apres-shampooing-hydratant-usage-frequent\/\" \/>\n<meta property=\"og:locale\" content=\"fr_FR\" \/>\n<meta property=\"og:type\" content=\"article\" \/>\n<meta property=\"og:title\" content=\"TAKE OVER - HYDRA D\u00c9TOX Apr\u00e8s-shampooing hydratant Usage fr\u00e9quent\" \/>\n<meta property=\"og:description\" content=\"L&#039;apr\u00e8s-shampooing Take Over Hydra D\u00e9tox est un d\u00e9m\u00ealant pour lavages fr\u00e9quents qui rend les cheveux faciles \u00e0 coiffer, en r\u00e9hydratant la fibre capillaire.\" \/>\n<meta property=\"og:url\" content=\"https:\/\/seipuntozero-haircare.it\/fr\/product\/take-over-hydra-detox-apres-shampooing-hydratant-usage-frequent\/\" \/>\n<meta property=\"og:site_name\" content=\"6.Zero\" \/>\n<meta property=\"article:modified_time\" content=\"2023-10-02T14:31:06+00:00\" \/>\n<meta property=\"og:image\" content=\"https:\/\/seipuntozero-haircare.it\/wp-content\/uploads\/2023\/08\/263431_sei_punto_zero_take_over_hydra_detox_conditioner_1000ml.png\" \/>\n\t<meta property=\"og:image:width\" content=\"600\" \/>\n\t<meta property=\"og:image:height\" content=\"600\" \/>\n\t<meta property=\"og:image:type\" content=\"image\/png\" \/>\n<meta name=\"twitter:card\" content=\"summary_large_image\" \/>\n<meta name=\"twitter:label1\" content=\"Dur\u00e9e de lecture estim\u00e9e\" \/>\n\t<meta name=\"twitter:data1\" content=\"1 minute\" \/>\n<script type=\"application\/ld+json\" class=\"yoast-schema-graph\">{\"@context\":\"https:\/\/schema.org\",\"@graph\":[{\"@type\":\"WebPage\",\"@id\":\"https:\/\/seipuntozero-haircare.it\/fr\/product\/take-over-hydra-detox-apres-shampooing-hydratant-usage-frequent\/\",\"url\":\"https:\/\/seipuntozero-haircare.it\/fr\/product\/take-over-hydra-detox-apres-shampooing-hydratant-usage-frequent\/\",\"name\":\"TAKE OVER - HYDRA D\u00c9TOX Apr\u00e8s-shampooing hydratant Usage fr\u00e9quent\",\"isPartOf\":{\"@id\":\"https:\/\/seipuntozero-haircare.it\/fr\/#website\"},\"primaryImageOfPage\":{\"@id\":\"https:\/\/seipuntozero-haircare.it\/fr\/product\/take-over-hydra-detox-apres-shampooing-hydratant-usage-frequent\/#primaryimage\"},\"image\":{\"@id\":\"https:\/\/seipuntozero-haircare.it\/fr\/product\/take-over-hydra-detox-apres-shampooing-hydratant-usage-frequent\/#primaryimage\"},\"thumbnailUrl\":\"https:\/\/seipuntozero-haircare.it\/wp-content\/uploads\/2023\/08\/263431_sei_punto_zero_take_over_hydra_detox_conditioner_1000ml-2.png\",\"datePublished\":\"2023-08-29T15:15:45+00:00\",\"dateModified\":\"2023-10-02T14:31:06+00:00\",\"description\":\"L'apr\u00e8s-shampooing Take Over Hydra D\u00e9tox est un d\u00e9m\u00ealant pour lavages fr\u00e9quents qui rend les cheveux faciles \u00e0 coiffer, en r\u00e9hydratant la fibre capillaire.\",\"breadcrumb\":{\"@id\":\"https:\/\/seipuntozero-haircare.it\/fr\/product\/take-over-hydra-detox-apres-shampooing-hydratant-usage-frequent\/#breadcrumb\"},\"inLanguage\":\"fr-FR\",\"potentialAction\":[{\"@type\":\"ReadAction\",\"target\":[\"https:\/\/seipuntozero-haircare.it\/fr\/product\/take-over-hydra-detox-apres-shampooing-hydratant-usage-frequent\/\"]}]},{\"@type\":\"ImageObject\",\"inLanguage\":\"fr-FR\",\"@id\":\"https:\/\/seipuntozero-haircare.it\/fr\/product\/take-over-hydra-detox-apres-shampooing-hydratant-usage-frequent\/#primaryimage\",\"url\":\"https:\/\/seipuntozero-haircare.it\/wp-content\/uploads\/2023\/08\/263431_sei_punto_zero_take_over_hydra_detox_conditioner_1000ml-2.png\",\"contentUrl\":\"https:\/\/seipuntozero-haircare.it\/wp-content\/uploads\/2023\/08\/263431_sei_punto_zero_take_over_hydra_detox_conditioner_1000ml-2.png\",\"width\":800,\"height\":800},{\"@type\":\"BreadcrumbList\",\"@id\":\"https:\/\/seipuntozero-haircare.it\/fr\/product\/take-over-hydra-detox-apres-shampooing-hydratant-usage-frequent\/#breadcrumb\",\"itemListElement\":[{\"@type\":\"ListItem\",\"position\":1,\"name\":\"Home\",\"item\":\"https:\/\/seipuntozero-haircare.it\/fr\/\"},{\"@type\":\"ListItem\",\"position\":2,\"name\":\"Products\",\"item\":\"https:\/\/seipuntozero-haircare.it\/fr\/shop\/\"},{\"@type\":\"ListItem\",\"position\":3,\"name\":\"TAKE OVER \u2013 HYDRA D\u00c9TOX Apr\u00e8s-shampooing hydratant Usage fr\u00e9quent\"}]},{\"@type\":\"WebSite\",\"@id\":\"https:\/\/seipuntozero-haircare.it\/fr\/#website\",\"url\":\"https:\/\/seipuntozero-haircare.it\/fr\/\",\"name\":\"6.Zero\",\"description\":\"Essential Touch\",\"potentialAction\":[{\"@type\":\"SearchAction\",\"target\":{\"@type\":\"EntryPoint\",\"urlTemplate\":\"https:\/\/seipuntozero-haircare.it\/fr\/?s={search_term_string}\"},\"query-input\":{\"@type\":\"PropertyValueSpecification\",\"valueRequired\":true,\"valueName\":\"search_term_string\"}}],\"inLanguage\":\"fr-FR\"}]}<\/script>\n<!-- \/ Yoast SEO plugin. -->","yoast_head_json":{"title":"TAKE OVER - HYDRA D\u00c9TOX Apr\u00e8s-shampooing hydratant Usage fr\u00e9quent","description":"L'apr\u00e8s-shampooing Take Over Hydra D\u00e9tox est un d\u00e9m\u00ealant pour lavages fr\u00e9quents qui rend les cheveux faciles \u00e0 coiffer, en r\u00e9hydratant la fibre capillaire.","robots":{"index":"index","follow":"follow","max-snippet":"max-snippet:-1","max-image-preview":"max-image-preview:large","max-video-preview":"max-video-preview:-1"},"canonical":"https:\/\/seipuntozero-haircare.it\/fr\/product\/take-over-hydra-detox-apres-shampooing-hydratant-usage-frequent\/","og_locale":"fr_FR","og_type":"article","og_title":"TAKE OVER - HYDRA D\u00c9TOX Apr\u00e8s-shampooing hydratant Usage fr\u00e9quent","og_description":"L'apr\u00e8s-shampooing Take Over Hydra D\u00e9tox est un d\u00e9m\u00ealant pour lavages fr\u00e9quents qui rend les cheveux faciles \u00e0 coiffer, en r\u00e9hydratant la fibre capillaire.","og_url":"https:\/\/seipuntozero-haircare.it\/fr\/product\/take-over-hydra-detox-apres-shampooing-hydratant-usage-frequent\/","og_site_name":"6.Zero","article_modified_time":"2023-10-02T14:31:06+00:00","og_image":[{"width":600,"height":600,"url":"https:\/\/seipuntozero-haircare.it\/wp-content\/uploads\/2023\/08\/263431_sei_punto_zero_take_over_hydra_detox_conditioner_1000ml.png","type":"image\/png"}],"twitter_card":"summary_large_image","twitter_misc":{"Dur\u00e9e de lecture estim\u00e9e":"1 minute"},"schema":{"@context":"https:\/\/schema.org","@graph":[{"@type":"WebPage","@id":"https:\/\/seipuntozero-haircare.it\/fr\/product\/take-over-hydra-detox-apres-shampooing-hydratant-usage-frequent\/","url":"https:\/\/seipuntozero-haircare.it\/fr\/product\/take-over-hydra-detox-apres-shampooing-hydratant-usage-frequent\/","name":"TAKE OVER - HYDRA D\u00c9TOX Apr\u00e8s-shampooing hydratant Usage fr\u00e9quent","isPartOf":{"@id":"https:\/\/seipuntozero-haircare.it\/fr\/#website"},"primaryImageOfPage":{"@id":"https:\/\/seipuntozero-haircare.it\/fr\/product\/take-over-hydra-detox-apres-shampooing-hydratant-usage-frequent\/#primaryimage"},"image":{"@id":"https:\/\/seipuntozero-haircare.it\/fr\/product\/take-over-hydra-detox-apres-shampooing-hydratant-usage-frequent\/#primaryimage"},"thumbnailUrl":"https:\/\/seipuntozero-haircare.it\/wp-content\/uploads\/2023\/08\/263431_sei_punto_zero_take_over_hydra_detox_conditioner_1000ml-2.png","datePublished":"2023-08-29T15:15:45+00:00","dateModified":"2023-10-02T14:31:06+00:00","description":"L'apr\u00e8s-shampooing Take Over Hydra D\u00e9tox est un d\u00e9m\u00ealant pour lavages fr\u00e9quents qui rend les cheveux faciles \u00e0 coiffer, en r\u00e9hydratant la fibre capillaire.","breadcrumb":{"@id":"https:\/\/seipuntozero-haircare.it\/fr\/product\/take-over-hydra-detox-apres-shampooing-hydratant-usage-frequent\/#breadcrumb"},"inLanguage":"fr-FR","potentialAction":[{"@type":"ReadAction","target":["https:\/\/seipuntozero-haircare.it\/fr\/product\/take-over-hydra-detox-apres-shampooing-hydratant-usage-frequent\/"]}]},{"@type":"ImageObject","inLanguage":"fr-FR","@id":"https:\/\/seipuntozero-haircare.it\/fr\/product\/take-over-hydra-detox-apres-shampooing-hydratant-usage-frequent\/#primaryimage","url":"https:\/\/seipuntozero-haircare.it\/wp-content\/uploads\/2023\/08\/263431_sei_punto_zero_take_over_hydra_detox_conditioner_1000ml-2.png","contentUrl":"https:\/\/seipuntozero-haircare.it\/wp-content\/uploads\/2023\/08\/263431_sei_punto_zero_take_over_hydra_detox_conditioner_1000ml-2.png","width":800,"height":800},{"@type":"BreadcrumbList","@id":"https:\/\/seipuntozero-haircare.it\/fr\/product\/take-over-hydra-detox-apres-shampooing-hydratant-usage-frequent\/#breadcrumb","itemListElement":[{"@type":"ListItem","position":1,"name":"Home","item":"https:\/\/seipuntozero-haircare.it\/fr\/"},{"@type":"ListItem","position":2,"name":"Products","item":"https:\/\/seipuntozero-haircare.it\/fr\/shop\/"},{"@type":"ListItem","position":3,"name":"TAKE OVER \u2013 HYDRA D\u00c9TOX Apr\u00e8s-shampooing hydratant Usage fr\u00e9quent"}]},{"@type":"WebSite","@id":"https:\/\/seipuntozero-haircare.it\/fr\/#website","url":"https:\/\/seipuntozero-haircare.it\/fr\/","name":"6.Zero","description":"Essential Touch","potentialAction":[{"@type":"SearchAction","target":{"@type":"EntryPoint","urlTemplate":"https:\/\/seipuntozero-haircare.it\/fr\/?s={search_term_string}"},"query-input":{"@type":"PropertyValueSpecification","valueRequired":true,"valueName":"search_term_string"}}],"inLanguage":"fr-FR"}]}},"_links":{"self":[{"href":"https:\/\/seipuntozero-haircare.it\/fr\/wp-json\/wp\/v2\/product\/19655","targetHints":{"allow":["GET"]}}],"collection":[{"href":"https:\/\/seipuntozero-haircare.it\/fr\/wp-json\/wp\/v2\/product"}],"about":[{"href":"https:\/\/seipuntozero-haircare.it\/fr\/wp-json\/wp\/v2\/types\/product"}],"wp:featuredmedia":[{"embeddable":true,"href":"https:\/\/seipuntozero-haircare.it\/fr\/wp-json\/wp\/v2\/media\/19905"}],"wp:attachment":[{"href":"https:\/\/seipuntozero-haircare.it\/fr\/wp-json\/wp\/v2\/media?parent=19655"}],"wp:term":[{"taxonomy":"product_brand","embeddable":true,"href":"https:\/\/seipuntozero-haircare.it\/fr\/wp-json\/wp\/v2\/product_brand?post=19655"},{"taxonomy":"product_cat","embeddable":true,"href":"https:\/\/seipuntozero-haircare.it\/fr\/wp-json\/wp\/v2\/product_cat?post=19655"},{"taxonomy":"product_tag","embeddable":true,"href":"https:\/\/seipuntozero-haircare.it\/fr\/wp-json\/wp\/v2\/product_tag?post=19655"}],"curies":[{"name":"wp","href":"https:\/\/api.w.org\/{rel}","templated":true}]}}