{"id":19584,"date":"2023-10-02T09:00:50","date_gmt":"2023-07-11T15:26:51","guid":{"rendered":"https:\/\/seipuntozero-haircare.it\/?post_type=product&#038;p=19584"},"modified":"2023-10-02T16:35:39","modified_gmt":"2023-10-02T14:35:39","slug":"take-over-pure-silver-mousse-anti-jaunissement","status":"publish","type":"product","link":"https:\/\/seipuntozero-haircare.it\/fr\/product\/take-over-pure-silver-mousse-anti-jaunissement\/","title":{"rendered":"TAKE OVER \u2013 PURE SILVER <br> Mousse anti-jaunissement"},"content":{"rendered":"<ul>\n<li>Neutralise les <strong>nuances jaun\u00e2tres<\/strong> ind\u00e9sirables<\/li>\n<li>Offre une couleur<strong> intense<\/strong> et brillante<\/li>\n<li><span style=\"font-weight: 400;\"><strong>N&rsquo;alourdit pas<\/strong> les cheveux<\/span><\/li>\n<\/ul>\n","protected":false},"excerpt":{"rendered":"<p><span style=\"font-weight: 400;\">Take Over Pure Silver est la <\/span><b>mousse anti-jaunissement<\/b><span style=\"font-weight: 400;\"> recommand\u00e9e pour les <\/span><b>cheveux blonds, d\u00e9color\u00e9s ou gris<\/b><span style=\"font-weight: 400;\">. Elle pr\u00e9serve la couleur et la brillance de toute \u00e9ventuelle alt\u00e9ration due \u00e0 des facteurs ext\u00e9rieurs, comme le soleil ou la pollution.\u00a0<\/span><\/p>\n<p><span style=\"font-weight: 400;\">Elle neutralise rapidement les reflets jaunes ind\u00e9sirables et, gr\u00e2ce \u00e0 sa <\/span><b>formule sp\u00e9cialement \u00e9labor\u00e9e<\/b><span style=\"font-weight: 400;\">, donne douceur, brillance et aspect soyeux aux cheveux.\u00a0<\/span><\/p>\n<p><span style=\"font-weight: 400;\">Sa texture mousse cr\u00e9e une mousse onctueuse qui <\/span><b>hydrate les cheveux sans les alourdir. <\/b><\/p>\n<p>Flacon 300 ml<\/p>\n","protected":false},"featured_media":19576,"template":"","meta":[],"product_brand":[],"product_cat":[603],"product_tag":[],"class_list":["post-19584","product","type-product","status-publish","has-post-thumbnail","hentry","product_cat-take-over-pure-silver-fr"],"yoast_head":"<!-- This site is optimized with the Yoast SEO plugin v27.1.1 - https:\/\/yoast.com\/product\/yoast-seo-wordpress\/ -->\n<title>TAKE OVER \u2013 PURE SILVER  Mousse anti-jaunissement - 6.Zero<\/title>\n<meta name=\"description\" content=\"Take Over Pure Silver est la mousse anti-jaunissement recommand\u00e9e pour les cheveux blonds, d\u00e9color\u00e9s ou gris.\" \/>\n<meta name=\"robots\" content=\"index, follow, max-snippet:-1, max-image-preview:large, max-video-preview:-1\" \/>\n<link rel=\"canonical\" href=\"https:\/\/seipuntozero-haircare.it\/fr\/product\/take-over-pure-silver-mousse-anti-jaunissement\/\" \/>\n<meta property=\"og:locale\" content=\"fr_FR\" \/>\n<meta property=\"og:type\" content=\"article\" \/>\n<meta property=\"og:title\" content=\"TAKE OVER \u2013 PURE SILVER  Mousse anti-jaunissement - 6.Zero\" \/>\n<meta property=\"og:description\" content=\"Take Over Pure Silver est la mousse anti-jaunissement recommand\u00e9e pour les cheveux blonds, d\u00e9color\u00e9s ou gris.\" \/>\n<meta property=\"og:url\" content=\"https:\/\/seipuntozero-haircare.it\/fr\/product\/take-over-pure-silver-mousse-anti-jaunissement\/\" \/>\n<meta property=\"og:site_name\" content=\"6.Zero\" \/>\n<meta property=\"article:modified_time\" content=\"2023-10-02T14:35:39+00:00\" \/>\n<meta property=\"og:image\" content=\"https:\/\/seipuntozero-haircare.it\/wp-content\/uploads\/2023\/07\/263400_sei_punto_zero_take_over_pure_silver_mousse_300ml.png\" \/>\n\t<meta property=\"og:image:width\" content=\"600\" \/>\n\t<meta property=\"og:image:height\" content=\"600\" \/>\n\t<meta property=\"og:image:type\" content=\"image\/png\" \/>\n<meta name=\"twitter:card\" content=\"summary_large_image\" \/>\n<meta name=\"twitter:label1\" content=\"Dur\u00e9e de lecture estim\u00e9e\" \/>\n\t<meta name=\"twitter:data1\" content=\"1 minute\" \/>\n<script type=\"application\/ld+json\" class=\"yoast-schema-graph\">{\"@context\":\"https:\/\/schema.org\",\"@graph\":[{\"@type\":\"WebPage\",\"@id\":\"https:\/\/seipuntozero-haircare.it\/fr\/product\/take-over-pure-silver-mousse-anti-jaunissement\/\",\"url\":\"https:\/\/seipuntozero-haircare.it\/fr\/product\/take-over-pure-silver-mousse-anti-jaunissement\/\",\"name\":\"TAKE OVER \u2013 PURE SILVER Mousse anti-jaunissement - 6.Zero\",\"isPartOf\":{\"@id\":\"https:\/\/seipuntozero-haircare.it\/fr\/#website\"},\"primaryImageOfPage\":{\"@id\":\"https:\/\/seipuntozero-haircare.it\/fr\/product\/take-over-pure-silver-mousse-anti-jaunissement\/#primaryimage\"},\"image\":{\"@id\":\"https:\/\/seipuntozero-haircare.it\/fr\/product\/take-over-pure-silver-mousse-anti-jaunissement\/#primaryimage\"},\"thumbnailUrl\":\"https:\/\/seipuntozero-haircare.it\/wp-content\/uploads\/2023\/07\/263400_sei_punto_zero_take_over_pure_silver_mousse_300ml.png\",\"datePublished\":\"2023-07-11T15:26:51+00:00\",\"dateModified\":\"2023-10-02T14:35:39+00:00\",\"description\":\"Take Over Pure Silver est la mousse anti-jaunissement recommand\u00e9e pour les cheveux blonds, d\u00e9color\u00e9s ou gris.\",\"breadcrumb\":{\"@id\":\"https:\/\/seipuntozero-haircare.it\/fr\/product\/take-over-pure-silver-mousse-anti-jaunissement\/#breadcrumb\"},\"inLanguage\":\"fr-FR\",\"potentialAction\":[{\"@type\":\"ReadAction\",\"target\":[\"https:\/\/seipuntozero-haircare.it\/fr\/product\/take-over-pure-silver-mousse-anti-jaunissement\/\"]}]},{\"@type\":\"ImageObject\",\"inLanguage\":\"fr-FR\",\"@id\":\"https:\/\/seipuntozero-haircare.it\/fr\/product\/take-over-pure-silver-mousse-anti-jaunissement\/#primaryimage\",\"url\":\"https:\/\/seipuntozero-haircare.it\/wp-content\/uploads\/2023\/07\/263400_sei_punto_zero_take_over_pure_silver_mousse_300ml.png\",\"contentUrl\":\"https:\/\/seipuntozero-haircare.it\/wp-content\/uploads\/2023\/07\/263400_sei_punto_zero_take_over_pure_silver_mousse_300ml.png\",\"width\":600,\"height\":600,\"caption\":\"silver mousse\"},{\"@type\":\"BreadcrumbList\",\"@id\":\"https:\/\/seipuntozero-haircare.it\/fr\/product\/take-over-pure-silver-mousse-anti-jaunissement\/#breadcrumb\",\"itemListElement\":[{\"@type\":\"ListItem\",\"position\":1,\"name\":\"Home\",\"item\":\"https:\/\/seipuntozero-haircare.it\/fr\/\"},{\"@type\":\"ListItem\",\"position\":2,\"name\":\"Products\",\"item\":\"https:\/\/seipuntozero-haircare.it\/fr\/shop\/\"},{\"@type\":\"ListItem\",\"position\":3,\"name\":\"TAKE OVER \u2013 PURE SILVER Mousse anti-jaunissement\"}]},{\"@type\":\"WebSite\",\"@id\":\"https:\/\/seipuntozero-haircare.it\/fr\/#website\",\"url\":\"https:\/\/seipuntozero-haircare.it\/fr\/\",\"name\":\"6.Zero\",\"description\":\"Essential Touch\",\"potentialAction\":[{\"@type\":\"SearchAction\",\"target\":{\"@type\":\"EntryPoint\",\"urlTemplate\":\"https:\/\/seipuntozero-haircare.it\/fr\/?s={search_term_string}\"},\"query-input\":{\"@type\":\"PropertyValueSpecification\",\"valueRequired\":true,\"valueName\":\"search_term_string\"}}],\"inLanguage\":\"fr-FR\"}]}<\/script>\n<!-- \/ Yoast SEO plugin. -->","yoast_head_json":{"title":"TAKE OVER \u2013 PURE SILVER  Mousse anti-jaunissement - 6.Zero","description":"Take Over Pure Silver est la mousse anti-jaunissement recommand\u00e9e pour les cheveux blonds, d\u00e9color\u00e9s ou gris.","robots":{"index":"index","follow":"follow","max-snippet":"max-snippet:-1","max-image-preview":"max-image-preview:large","max-video-preview":"max-video-preview:-1"},"canonical":"https:\/\/seipuntozero-haircare.it\/fr\/product\/take-over-pure-silver-mousse-anti-jaunissement\/","og_locale":"fr_FR","og_type":"article","og_title":"TAKE OVER \u2013 PURE SILVER  Mousse anti-jaunissement - 6.Zero","og_description":"Take Over Pure Silver est la mousse anti-jaunissement recommand\u00e9e pour les cheveux blonds, d\u00e9color\u00e9s ou gris.","og_url":"https:\/\/seipuntozero-haircare.it\/fr\/product\/take-over-pure-silver-mousse-anti-jaunissement\/","og_site_name":"6.Zero","article_modified_time":"2023-10-02T14:35:39+00:00","og_image":[{"width":600,"height":600,"url":"https:\/\/seipuntozero-haircare.it\/wp-content\/uploads\/2023\/07\/263400_sei_punto_zero_take_over_pure_silver_mousse_300ml.png","type":"image\/png"}],"twitter_card":"summary_large_image","twitter_misc":{"Dur\u00e9e de lecture estim\u00e9e":"1 minute"},"schema":{"@context":"https:\/\/schema.org","@graph":[{"@type":"WebPage","@id":"https:\/\/seipuntozero-haircare.it\/fr\/product\/take-over-pure-silver-mousse-anti-jaunissement\/","url":"https:\/\/seipuntozero-haircare.it\/fr\/product\/take-over-pure-silver-mousse-anti-jaunissement\/","name":"TAKE OVER \u2013 PURE SILVER Mousse anti-jaunissement - 6.Zero","isPartOf":{"@id":"https:\/\/seipuntozero-haircare.it\/fr\/#website"},"primaryImageOfPage":{"@id":"https:\/\/seipuntozero-haircare.it\/fr\/product\/take-over-pure-silver-mousse-anti-jaunissement\/#primaryimage"},"image":{"@id":"https:\/\/seipuntozero-haircare.it\/fr\/product\/take-over-pure-silver-mousse-anti-jaunissement\/#primaryimage"},"thumbnailUrl":"https:\/\/seipuntozero-haircare.it\/wp-content\/uploads\/2023\/07\/263400_sei_punto_zero_take_over_pure_silver_mousse_300ml.png","datePublished":"2023-07-11T15:26:51+00:00","dateModified":"2023-10-02T14:35:39+00:00","description":"Take Over Pure Silver est la mousse anti-jaunissement recommand\u00e9e pour les cheveux blonds, d\u00e9color\u00e9s ou gris.","breadcrumb":{"@id":"https:\/\/seipuntozero-haircare.it\/fr\/product\/take-over-pure-silver-mousse-anti-jaunissement\/#breadcrumb"},"inLanguage":"fr-FR","potentialAction":[{"@type":"ReadAction","target":["https:\/\/seipuntozero-haircare.it\/fr\/product\/take-over-pure-silver-mousse-anti-jaunissement\/"]}]},{"@type":"ImageObject","inLanguage":"fr-FR","@id":"https:\/\/seipuntozero-haircare.it\/fr\/product\/take-over-pure-silver-mousse-anti-jaunissement\/#primaryimage","url":"https:\/\/seipuntozero-haircare.it\/wp-content\/uploads\/2023\/07\/263400_sei_punto_zero_take_over_pure_silver_mousse_300ml.png","contentUrl":"https:\/\/seipuntozero-haircare.it\/wp-content\/uploads\/2023\/07\/263400_sei_punto_zero_take_over_pure_silver_mousse_300ml.png","width":600,"height":600,"caption":"silver mousse"},{"@type":"BreadcrumbList","@id":"https:\/\/seipuntozero-haircare.it\/fr\/product\/take-over-pure-silver-mousse-anti-jaunissement\/#breadcrumb","itemListElement":[{"@type":"ListItem","position":1,"name":"Home","item":"https:\/\/seipuntozero-haircare.it\/fr\/"},{"@type":"ListItem","position":2,"name":"Products","item":"https:\/\/seipuntozero-haircare.it\/fr\/shop\/"},{"@type":"ListItem","position":3,"name":"TAKE OVER \u2013 PURE SILVER Mousse anti-jaunissement"}]},{"@type":"WebSite","@id":"https:\/\/seipuntozero-haircare.it\/fr\/#website","url":"https:\/\/seipuntozero-haircare.it\/fr\/","name":"6.Zero","description":"Essential Touch","potentialAction":[{"@type":"SearchAction","target":{"@type":"EntryPoint","urlTemplate":"https:\/\/seipuntozero-haircare.it\/fr\/?s={search_term_string}"},"query-input":{"@type":"PropertyValueSpecification","valueRequired":true,"valueName":"search_term_string"}}],"inLanguage":"fr-FR"}]}},"_links":{"self":[{"href":"https:\/\/seipuntozero-haircare.it\/fr\/wp-json\/wp\/v2\/product\/19584","targetHints":{"allow":["GET"]}}],"collection":[{"href":"https:\/\/seipuntozero-haircare.it\/fr\/wp-json\/wp\/v2\/product"}],"about":[{"href":"https:\/\/seipuntozero-haircare.it\/fr\/wp-json\/wp\/v2\/types\/product"}],"wp:featuredmedia":[{"embeddable":true,"href":"https:\/\/seipuntozero-haircare.it\/fr\/wp-json\/wp\/v2\/media\/19576"}],"wp:attachment":[{"href":"https:\/\/seipuntozero-haircare.it\/fr\/wp-json\/wp\/v2\/media?parent=19584"}],"wp:term":[{"taxonomy":"product_brand","embeddable":true,"href":"https:\/\/seipuntozero-haircare.it\/fr\/wp-json\/wp\/v2\/product_brand?post=19584"},{"taxonomy":"product_cat","embeddable":true,"href":"https:\/\/seipuntozero-haircare.it\/fr\/wp-json\/wp\/v2\/product_cat?post=19584"},{"taxonomy":"product_tag","embeddable":true,"href":"https:\/\/seipuntozero-haircare.it\/fr\/wp-json\/wp\/v2\/product_tag?post=19584"}],"curies":[{"name":"wp","href":"https:\/\/api.w.org\/{rel}","templated":true}]}}