{"id":19221,"date":"2022-05-27T12:30:04","date_gmt":"2022-05-27T10:30:05","guid":{"rendered":"https:\/\/seipuntozero-haircare.it\/?post_type=product&#038;p=19221"},"modified":"2022-05-27T12:36:17","modified_gmt":"2022-05-27T10:36:17","slug":"take-over-pure-silver-shampooing-anti-jaunissement-3","status":"publish","type":"product","link":"https:\/\/seipuntozero-haircare.it\/fr\/product\/take-over-pure-silver-shampooing-anti-jaunissement-3\/","title":{"rendered":"TAKE OVER \u2013 PURE SILVER <br> Shampooing anti-jaunissement"},"content":{"rendered":"<ul>\n<li>Neutralise les <strong>nuances jaun\u00e2tres<\/strong> ind\u00e9sirables<\/li>\n<li>Offre une couleur<strong> intense<\/strong> et brillante<\/li>\n<li><strong>Nettoie<\/strong> de fa\u00e7on d\u00e9licate sans alourdir la chevelure<\/li>\n<\/ul>\n","protected":false},"excerpt":{"rendered":"<p>Take Over Pure Silver, <strong>shampooing avec action anti-jaunissement<\/strong> pour cheveux blancs et gris. Gr\u00e2ce aux agents pr\u00e9sents, il nettoie, <strong>lutte contre le jaunissement<\/strong> ind\u00e9sirable et stabilise la couleur en la rendant lumineuse et vive. Id\u00e9al pour cheveux blancs, blonds, m\u00e9ch\u00e9s et avec effet soleil, Pure Silver anti-jaunissement conditionne la chevelure, en lui offrant <strong>douceur et \u00e9clat<\/strong>.<\/p>\n<p>Flacon 300 ml<\/p>\n","protected":false},"featured_media":19983,"template":"","meta":[],"product_brand":[],"product_cat":[603],"product_tag":[],"class_list":["post-19221","product","type-product","status-publish","has-post-thumbnail","hentry","product_cat-take-over-pure-silver-fr"],"yoast_head":"<!-- This site is optimized with the Yoast SEO plugin v27.1.1 - https:\/\/yoast.com\/product\/yoast-seo-wordpress\/ -->\n<title>TAKE OVER \u2013 PURE SILVER  Shampooing anti-jaunissement - 6.Zero<\/title>\n<meta name=\"description\" content=\"Take Over Pure Silver, shampooing avec action anti-jaunissement pour cheveux blancs et gris. Gr\u00e2ce aux agents pr\u00e9sents, il nettoie, lutte contre le jaunissement ind\u00e9sirable et stabilise la couleur en la rendant lumineuse et vive.\" \/>\n<meta name=\"robots\" content=\"index, follow, max-snippet:-1, max-image-preview:large, max-video-preview:-1\" \/>\n<link rel=\"canonical\" href=\"https:\/\/seipuntozero-haircare.it\/fr\/product\/take-over-pure-silver-shampooing-anti-jaunissement-3\/\" \/>\n<meta property=\"og:locale\" content=\"fr_FR\" \/>\n<meta property=\"og:type\" content=\"article\" \/>\n<meta property=\"og:title\" content=\"TAKE OVER \u2013 PURE SILVER  Shampooing anti-jaunissement - 6.Zero\" \/>\n<meta property=\"og:description\" content=\"Take Over Pure Silver, shampooing avec action anti-jaunissement pour cheveux blancs et gris. Gr\u00e2ce aux agents pr\u00e9sents, il nettoie, lutte contre le jaunissement ind\u00e9sirable et stabilise la couleur en la rendant lumineuse et vive.\" \/>\n<meta property=\"og:url\" content=\"https:\/\/seipuntozero-haircare.it\/fr\/product\/take-over-pure-silver-shampooing-anti-jaunissement-3\/\" \/>\n<meta property=\"og:site_name\" content=\"6.Zero\" \/>\n<meta property=\"article:modified_time\" content=\"2022-05-27T10:36:17+00:00\" \/>\n<meta property=\"og:image\" content=\"https:\/\/seipuntozero-haircare.it\/wp-content\/uploads\/2022\/05\/263387_sei_punto_zero_take_over_pure_silver_shampoo_300ml-1.png\" \/>\n\t<meta property=\"og:image:width\" content=\"800\" \/>\n\t<meta property=\"og:image:height\" content=\"800\" \/>\n\t<meta property=\"og:image:type\" content=\"image\/png\" \/>\n<meta name=\"twitter:card\" content=\"summary_large_image\" \/>\n<meta name=\"twitter:label1\" content=\"Dur\u00e9e de lecture estim\u00e9e\" \/>\n\t<meta name=\"twitter:data1\" content=\"1 minute\" \/>\n<script type=\"application\/ld+json\" class=\"yoast-schema-graph\">{\"@context\":\"https:\/\/schema.org\",\"@graph\":[{\"@type\":\"WebPage\",\"@id\":\"https:\/\/seipuntozero-haircare.it\/fr\/product\/take-over-pure-silver-shampooing-anti-jaunissement-3\/\",\"url\":\"https:\/\/seipuntozero-haircare.it\/fr\/product\/take-over-pure-silver-shampooing-anti-jaunissement-3\/\",\"name\":\"TAKE OVER \u2013 PURE SILVER Shampooing anti-jaunissement - 6.Zero\",\"isPartOf\":{\"@id\":\"https:\/\/seipuntozero-haircare.it\/fr\/#website\"},\"primaryImageOfPage\":{\"@id\":\"https:\/\/seipuntozero-haircare.it\/fr\/product\/take-over-pure-silver-shampooing-anti-jaunissement-3\/#primaryimage\"},\"image\":{\"@id\":\"https:\/\/seipuntozero-haircare.it\/fr\/product\/take-over-pure-silver-shampooing-anti-jaunissement-3\/#primaryimage\"},\"thumbnailUrl\":\"https:\/\/seipuntozero-haircare.it\/wp-content\/uploads\/2022\/05\/263387_sei_punto_zero_take_over_pure_silver_shampoo_300ml-1.png\",\"datePublished\":\"2022-05-27T10:30:05+00:00\",\"dateModified\":\"2022-05-27T10:36:17+00:00\",\"description\":\"Take Over Pure Silver, shampooing avec action anti-jaunissement pour cheveux blancs et gris. Gr\u00e2ce aux agents pr\u00e9sents, il nettoie, lutte contre le jaunissement ind\u00e9sirable et stabilise la couleur en la rendant lumineuse et vive.\",\"breadcrumb\":{\"@id\":\"https:\/\/seipuntozero-haircare.it\/fr\/product\/take-over-pure-silver-shampooing-anti-jaunissement-3\/#breadcrumb\"},\"inLanguage\":\"fr-FR\",\"potentialAction\":[{\"@type\":\"ReadAction\",\"target\":[\"https:\/\/seipuntozero-haircare.it\/fr\/product\/take-over-pure-silver-shampooing-anti-jaunissement-3\/\"]}]},{\"@type\":\"ImageObject\",\"inLanguage\":\"fr-FR\",\"@id\":\"https:\/\/seipuntozero-haircare.it\/fr\/product\/take-over-pure-silver-shampooing-anti-jaunissement-3\/#primaryimage\",\"url\":\"https:\/\/seipuntozero-haircare.it\/wp-content\/uploads\/2022\/05\/263387_sei_punto_zero_take_over_pure_silver_shampoo_300ml-1.png\",\"contentUrl\":\"https:\/\/seipuntozero-haircare.it\/wp-content\/uploads\/2022\/05\/263387_sei_punto_zero_take_over_pure_silver_shampoo_300ml-1.png\",\"width\":800,\"height\":800},{\"@type\":\"BreadcrumbList\",\"@id\":\"https:\/\/seipuntozero-haircare.it\/fr\/product\/take-over-pure-silver-shampooing-anti-jaunissement-3\/#breadcrumb\",\"itemListElement\":[{\"@type\":\"ListItem\",\"position\":1,\"name\":\"Home\",\"item\":\"https:\/\/seipuntozero-haircare.it\/fr\/\"},{\"@type\":\"ListItem\",\"position\":2,\"name\":\"Products\",\"item\":\"https:\/\/seipuntozero-haircare.it\/fr\/shop\/\"},{\"@type\":\"ListItem\",\"position\":3,\"name\":\"TAKE OVER \u2013 PURE SILVER Shampooing anti-jaunissement\"}]},{\"@type\":\"WebSite\",\"@id\":\"https:\/\/seipuntozero-haircare.it\/fr\/#website\",\"url\":\"https:\/\/seipuntozero-haircare.it\/fr\/\",\"name\":\"6.Zero\",\"description\":\"Essential Touch\",\"potentialAction\":[{\"@type\":\"SearchAction\",\"target\":{\"@type\":\"EntryPoint\",\"urlTemplate\":\"https:\/\/seipuntozero-haircare.it\/fr\/?s={search_term_string}\"},\"query-input\":{\"@type\":\"PropertyValueSpecification\",\"valueRequired\":true,\"valueName\":\"search_term_string\"}}],\"inLanguage\":\"fr-FR\"}]}<\/script>\n<!-- \/ Yoast SEO plugin. -->","yoast_head_json":{"title":"TAKE OVER \u2013 PURE SILVER  Shampooing anti-jaunissement - 6.Zero","description":"Take Over Pure Silver, shampooing avec action anti-jaunissement pour cheveux blancs et gris. Gr\u00e2ce aux agents pr\u00e9sents, il nettoie, lutte contre le jaunissement ind\u00e9sirable et stabilise la couleur en la rendant lumineuse et vive.","robots":{"index":"index","follow":"follow","max-snippet":"max-snippet:-1","max-image-preview":"max-image-preview:large","max-video-preview":"max-video-preview:-1"},"canonical":"https:\/\/seipuntozero-haircare.it\/fr\/product\/take-over-pure-silver-shampooing-anti-jaunissement-3\/","og_locale":"fr_FR","og_type":"article","og_title":"TAKE OVER \u2013 PURE SILVER  Shampooing anti-jaunissement - 6.Zero","og_description":"Take Over Pure Silver, shampooing avec action anti-jaunissement pour cheveux blancs et gris. Gr\u00e2ce aux agents pr\u00e9sents, il nettoie, lutte contre le jaunissement ind\u00e9sirable et stabilise la couleur en la rendant lumineuse et vive.","og_url":"https:\/\/seipuntozero-haircare.it\/fr\/product\/take-over-pure-silver-shampooing-anti-jaunissement-3\/","og_site_name":"6.Zero","article_modified_time":"2022-05-27T10:36:17+00:00","og_image":[{"width":800,"height":800,"url":"https:\/\/seipuntozero-haircare.it\/wp-content\/uploads\/2022\/05\/263387_sei_punto_zero_take_over_pure_silver_shampoo_300ml-1.png","type":"image\/png"}],"twitter_card":"summary_large_image","twitter_misc":{"Dur\u00e9e de lecture estim\u00e9e":"1 minute"},"schema":{"@context":"https:\/\/schema.org","@graph":[{"@type":"WebPage","@id":"https:\/\/seipuntozero-haircare.it\/fr\/product\/take-over-pure-silver-shampooing-anti-jaunissement-3\/","url":"https:\/\/seipuntozero-haircare.it\/fr\/product\/take-over-pure-silver-shampooing-anti-jaunissement-3\/","name":"TAKE OVER \u2013 PURE SILVER Shampooing anti-jaunissement - 6.Zero","isPartOf":{"@id":"https:\/\/seipuntozero-haircare.it\/fr\/#website"},"primaryImageOfPage":{"@id":"https:\/\/seipuntozero-haircare.it\/fr\/product\/take-over-pure-silver-shampooing-anti-jaunissement-3\/#primaryimage"},"image":{"@id":"https:\/\/seipuntozero-haircare.it\/fr\/product\/take-over-pure-silver-shampooing-anti-jaunissement-3\/#primaryimage"},"thumbnailUrl":"https:\/\/seipuntozero-haircare.it\/wp-content\/uploads\/2022\/05\/263387_sei_punto_zero_take_over_pure_silver_shampoo_300ml-1.png","datePublished":"2022-05-27T10:30:05+00:00","dateModified":"2022-05-27T10:36:17+00:00","description":"Take Over Pure Silver, shampooing avec action anti-jaunissement pour cheveux blancs et gris. Gr\u00e2ce aux agents pr\u00e9sents, il nettoie, lutte contre le jaunissement ind\u00e9sirable et stabilise la couleur en la rendant lumineuse et vive.","breadcrumb":{"@id":"https:\/\/seipuntozero-haircare.it\/fr\/product\/take-over-pure-silver-shampooing-anti-jaunissement-3\/#breadcrumb"},"inLanguage":"fr-FR","potentialAction":[{"@type":"ReadAction","target":["https:\/\/seipuntozero-haircare.it\/fr\/product\/take-over-pure-silver-shampooing-anti-jaunissement-3\/"]}]},{"@type":"ImageObject","inLanguage":"fr-FR","@id":"https:\/\/seipuntozero-haircare.it\/fr\/product\/take-over-pure-silver-shampooing-anti-jaunissement-3\/#primaryimage","url":"https:\/\/seipuntozero-haircare.it\/wp-content\/uploads\/2022\/05\/263387_sei_punto_zero_take_over_pure_silver_shampoo_300ml-1.png","contentUrl":"https:\/\/seipuntozero-haircare.it\/wp-content\/uploads\/2022\/05\/263387_sei_punto_zero_take_over_pure_silver_shampoo_300ml-1.png","width":800,"height":800},{"@type":"BreadcrumbList","@id":"https:\/\/seipuntozero-haircare.it\/fr\/product\/take-over-pure-silver-shampooing-anti-jaunissement-3\/#breadcrumb","itemListElement":[{"@type":"ListItem","position":1,"name":"Home","item":"https:\/\/seipuntozero-haircare.it\/fr\/"},{"@type":"ListItem","position":2,"name":"Products","item":"https:\/\/seipuntozero-haircare.it\/fr\/shop\/"},{"@type":"ListItem","position":3,"name":"TAKE OVER \u2013 PURE SILVER Shampooing anti-jaunissement"}]},{"@type":"WebSite","@id":"https:\/\/seipuntozero-haircare.it\/fr\/#website","url":"https:\/\/seipuntozero-haircare.it\/fr\/","name":"6.Zero","description":"Essential Touch","potentialAction":[{"@type":"SearchAction","target":{"@type":"EntryPoint","urlTemplate":"https:\/\/seipuntozero-haircare.it\/fr\/?s={search_term_string}"},"query-input":{"@type":"PropertyValueSpecification","valueRequired":true,"valueName":"search_term_string"}}],"inLanguage":"fr-FR"}]}},"_links":{"self":[{"href":"https:\/\/seipuntozero-haircare.it\/fr\/wp-json\/wp\/v2\/product\/19221","targetHints":{"allow":["GET"]}}],"collection":[{"href":"https:\/\/seipuntozero-haircare.it\/fr\/wp-json\/wp\/v2\/product"}],"about":[{"href":"https:\/\/seipuntozero-haircare.it\/fr\/wp-json\/wp\/v2\/types\/product"}],"wp:featuredmedia":[{"embeddable":true,"href":"https:\/\/seipuntozero-haircare.it\/fr\/wp-json\/wp\/v2\/media\/19983"}],"wp:attachment":[{"href":"https:\/\/seipuntozero-haircare.it\/fr\/wp-json\/wp\/v2\/media?parent=19221"}],"wp:term":[{"taxonomy":"product_brand","embeddable":true,"href":"https:\/\/seipuntozero-haircare.it\/fr\/wp-json\/wp\/v2\/product_brand?post=19221"},{"taxonomy":"product_cat","embeddable":true,"href":"https:\/\/seipuntozero-haircare.it\/fr\/wp-json\/wp\/v2\/product_cat?post=19221"},{"taxonomy":"product_tag","embeddable":true,"href":"https:\/\/seipuntozero-haircare.it\/fr\/wp-json\/wp\/v2\/product_tag?post=19221"}],"curies":[{"name":"wp","href":"https:\/\/api.w.org\/{rel}","templated":true}]}}