{"id":19160,"date":"2022-05-02T15:00:10","date_gmt":"2022-04-28T09:42:11","guid":{"rendered":"https:\/\/seipuntozero-haircare.it\/?post_type=product&#038;p=19160"},"modified":"2022-05-02T16:25:56","modified_gmt":"2022-05-02T14:25:56","slug":"take-over-full-expand-spray-volumisant","status":"publish","type":"product","link":"https:\/\/seipuntozero-haircare.it\/fr\/product\/take-over-full-expand-spray-volumisant\/","title":{"rendered":"TAKE OVER \u2013 FULL EXPAND <br> Spray Volumisant"},"content":{"rendered":"<ul>\n<li style=\"font-weight: 400;\" aria-level=\"1\"><span style=\"font-weight: 400;\">Ne n\u00e9cessite pas de rin\u00e7age<\/span><\/li>\n<li style=\"font-weight: 400;\" aria-level=\"1\"><span style=\"font-weight: 400;\">Conf\u00e8re du volume<\/span><\/li>\n<li style=\"font-weight: 400;\" aria-level=\"1\"><span style=\"font-weight: 400;\">Hydrate les cheveux en profondeur<\/span><\/li>\n<\/ul>\n","protected":false},"excerpt":{"rendered":"<p><span style=\"font-weight: 400;\">Le spray volumisant Take Over Full Expand est \u00e9tudi\u00e9 pour les cheveux fins et en manque de tonus. Ne n\u00e9cessitant pas de rin\u00e7age, le produit est id\u00e9al pour conf\u00e9rer du volume aux cheveux et am\u00e9liorer la tenue du brushing. Sa formule enrichie \u00e0 l&rsquo;avoine noire permet d&rsquo;obtenir une chevelure brillante, souple et hydrat\u00e9e.\u00a0\u00a0<\/span><\/p>\n<p><span style=\"font-weight: 400;\">150 ml<\/span><\/p>\n","protected":false},"featured_media":19868,"template":"","meta":[],"product_brand":[],"product_cat":[599],"product_tag":[],"class_list":["post-19160","product","type-product","status-publish","has-post-thumbnail","hentry","product_cat-take-over-full-expand-fr"],"yoast_head":"<!-- This site is optimized with the Yoast SEO plugin v27.1.1 - https:\/\/yoast.com\/product\/yoast-seo-wordpress\/ -->\n<title>TAKE OVER \u2013 FULL EXPAND | Spray Volumisant<\/title>\n<meta name=\"description\" content=\"Le spray volumisant Take Over Full Expand est \u00e9tudi\u00e9 pour les cheveux fins et en manque de tonus. Ne n\u00e9cessitant pas de rin\u00e7age.\" \/>\n<meta name=\"robots\" content=\"index, follow, max-snippet:-1, max-image-preview:large, max-video-preview:-1\" \/>\n<link rel=\"canonical\" href=\"https:\/\/seipuntozero-haircare.it\/fr\/product\/take-over-full-expand-spray-volumisant\/\" \/>\n<meta property=\"og:locale\" content=\"fr_FR\" \/>\n<meta property=\"og:type\" content=\"article\" \/>\n<meta property=\"og:title\" content=\"TAKE OVER \u2013 FULL EXPAND | Spray Volumisant\" \/>\n<meta property=\"og:description\" content=\"Le spray volumisant Take Over Full Expand est \u00e9tudi\u00e9 pour les cheveux fins et en manque de tonus. Ne n\u00e9cessitant pas de rin\u00e7age.\" \/>\n<meta property=\"og:url\" content=\"https:\/\/seipuntozero-haircare.it\/fr\/product\/take-over-full-expand-spray-volumisant\/\" \/>\n<meta property=\"og:site_name\" content=\"6.Zero\" \/>\n<meta property=\"article:modified_time\" content=\"2022-05-02T14:25:56+00:00\" \/>\n<meta property=\"og:image\" content=\"https:\/\/seipuntozero-haircare.it\/wp-content\/uploads\/2017\/03\/263370_sei_punto_zero_take_over_full_expand_spray_150ml.png\" \/>\n\t<meta property=\"og:image:width\" content=\"800\" \/>\n\t<meta property=\"og:image:height\" content=\"800\" \/>\n\t<meta property=\"og:image:type\" content=\"image\/png\" \/>\n<meta name=\"twitter:card\" content=\"summary_large_image\" \/>\n<meta name=\"twitter:label1\" content=\"Dur\u00e9e de lecture estim\u00e9e\" \/>\n\t<meta name=\"twitter:data1\" content=\"1 minute\" \/>\n<script type=\"application\/ld+json\" class=\"yoast-schema-graph\">{\"@context\":\"https:\/\/schema.org\",\"@graph\":[{\"@type\":\"WebPage\",\"@id\":\"https:\/\/seipuntozero-haircare.it\/fr\/product\/take-over-full-expand-spray-volumisant\/\",\"url\":\"https:\/\/seipuntozero-haircare.it\/fr\/product\/take-over-full-expand-spray-volumisant\/\",\"name\":\"TAKE OVER \u2013 FULL EXPAND | Spray Volumisant\",\"isPartOf\":{\"@id\":\"https:\/\/seipuntozero-haircare.it\/fr\/#website\"},\"primaryImageOfPage\":{\"@id\":\"https:\/\/seipuntozero-haircare.it\/fr\/product\/take-over-full-expand-spray-volumisant\/#primaryimage\"},\"image\":{\"@id\":\"https:\/\/seipuntozero-haircare.it\/fr\/product\/take-over-full-expand-spray-volumisant\/#primaryimage\"},\"thumbnailUrl\":\"https:\/\/seipuntozero-haircare.it\/wp-content\/uploads\/2017\/03\/263370_sei_punto_zero_take_over_full_expand_spray_150ml.png\",\"datePublished\":\"2022-04-28T09:42:11+00:00\",\"dateModified\":\"2022-05-02T14:25:56+00:00\",\"description\":\"Le spray volumisant Take Over Full Expand est \u00e9tudi\u00e9 pour les cheveux fins et en manque de tonus. Ne n\u00e9cessitant pas de rin\u00e7age.\",\"breadcrumb\":{\"@id\":\"https:\/\/seipuntozero-haircare.it\/fr\/product\/take-over-full-expand-spray-volumisant\/#breadcrumb\"},\"inLanguage\":\"fr-FR\",\"potentialAction\":[{\"@type\":\"ReadAction\",\"target\":[\"https:\/\/seipuntozero-haircare.it\/fr\/product\/take-over-full-expand-spray-volumisant\/\"]}]},{\"@type\":\"ImageObject\",\"inLanguage\":\"fr-FR\",\"@id\":\"https:\/\/seipuntozero-haircare.it\/fr\/product\/take-over-full-expand-spray-volumisant\/#primaryimage\",\"url\":\"https:\/\/seipuntozero-haircare.it\/wp-content\/uploads\/2017\/03\/263370_sei_punto_zero_take_over_full_expand_spray_150ml.png\",\"contentUrl\":\"https:\/\/seipuntozero-haircare.it\/wp-content\/uploads\/2017\/03\/263370_sei_punto_zero_take_over_full_expand_spray_150ml.png\",\"width\":800,\"height\":800},{\"@type\":\"BreadcrumbList\",\"@id\":\"https:\/\/seipuntozero-haircare.it\/fr\/product\/take-over-full-expand-spray-volumisant\/#breadcrumb\",\"itemListElement\":[{\"@type\":\"ListItem\",\"position\":1,\"name\":\"Home\",\"item\":\"https:\/\/seipuntozero-haircare.it\/fr\/\"},{\"@type\":\"ListItem\",\"position\":2,\"name\":\"Products\",\"item\":\"https:\/\/seipuntozero-haircare.it\/fr\/shop\/\"},{\"@type\":\"ListItem\",\"position\":3,\"name\":\"TAKE OVER \u2013 FULL EXPAND Spray Volumisant\"}]},{\"@type\":\"WebSite\",\"@id\":\"https:\/\/seipuntozero-haircare.it\/fr\/#website\",\"url\":\"https:\/\/seipuntozero-haircare.it\/fr\/\",\"name\":\"6.Zero\",\"description\":\"Essential Touch\",\"potentialAction\":[{\"@type\":\"SearchAction\",\"target\":{\"@type\":\"EntryPoint\",\"urlTemplate\":\"https:\/\/seipuntozero-haircare.it\/fr\/?s={search_term_string}\"},\"query-input\":{\"@type\":\"PropertyValueSpecification\",\"valueRequired\":true,\"valueName\":\"search_term_string\"}}],\"inLanguage\":\"fr-FR\"}]}<\/script>\n<!-- \/ Yoast SEO plugin. -->","yoast_head_json":{"title":"TAKE OVER \u2013 FULL EXPAND | Spray Volumisant","description":"Le spray volumisant Take Over Full Expand est \u00e9tudi\u00e9 pour les cheveux fins et en manque de tonus. Ne n\u00e9cessitant pas de rin\u00e7age.","robots":{"index":"index","follow":"follow","max-snippet":"max-snippet:-1","max-image-preview":"max-image-preview:large","max-video-preview":"max-video-preview:-1"},"canonical":"https:\/\/seipuntozero-haircare.it\/fr\/product\/take-over-full-expand-spray-volumisant\/","og_locale":"fr_FR","og_type":"article","og_title":"TAKE OVER \u2013 FULL EXPAND | Spray Volumisant","og_description":"Le spray volumisant Take Over Full Expand est \u00e9tudi\u00e9 pour les cheveux fins et en manque de tonus. Ne n\u00e9cessitant pas de rin\u00e7age.","og_url":"https:\/\/seipuntozero-haircare.it\/fr\/product\/take-over-full-expand-spray-volumisant\/","og_site_name":"6.Zero","article_modified_time":"2022-05-02T14:25:56+00:00","og_image":[{"width":800,"height":800,"url":"https:\/\/seipuntozero-haircare.it\/wp-content\/uploads\/2017\/03\/263370_sei_punto_zero_take_over_full_expand_spray_150ml.png","type":"image\/png"}],"twitter_card":"summary_large_image","twitter_misc":{"Dur\u00e9e de lecture estim\u00e9e":"1 minute"},"schema":{"@context":"https:\/\/schema.org","@graph":[{"@type":"WebPage","@id":"https:\/\/seipuntozero-haircare.it\/fr\/product\/take-over-full-expand-spray-volumisant\/","url":"https:\/\/seipuntozero-haircare.it\/fr\/product\/take-over-full-expand-spray-volumisant\/","name":"TAKE OVER \u2013 FULL EXPAND | Spray Volumisant","isPartOf":{"@id":"https:\/\/seipuntozero-haircare.it\/fr\/#website"},"primaryImageOfPage":{"@id":"https:\/\/seipuntozero-haircare.it\/fr\/product\/take-over-full-expand-spray-volumisant\/#primaryimage"},"image":{"@id":"https:\/\/seipuntozero-haircare.it\/fr\/product\/take-over-full-expand-spray-volumisant\/#primaryimage"},"thumbnailUrl":"https:\/\/seipuntozero-haircare.it\/wp-content\/uploads\/2017\/03\/263370_sei_punto_zero_take_over_full_expand_spray_150ml.png","datePublished":"2022-04-28T09:42:11+00:00","dateModified":"2022-05-02T14:25:56+00:00","description":"Le spray volumisant Take Over Full Expand est \u00e9tudi\u00e9 pour les cheveux fins et en manque de tonus. Ne n\u00e9cessitant pas de rin\u00e7age.","breadcrumb":{"@id":"https:\/\/seipuntozero-haircare.it\/fr\/product\/take-over-full-expand-spray-volumisant\/#breadcrumb"},"inLanguage":"fr-FR","potentialAction":[{"@type":"ReadAction","target":["https:\/\/seipuntozero-haircare.it\/fr\/product\/take-over-full-expand-spray-volumisant\/"]}]},{"@type":"ImageObject","inLanguage":"fr-FR","@id":"https:\/\/seipuntozero-haircare.it\/fr\/product\/take-over-full-expand-spray-volumisant\/#primaryimage","url":"https:\/\/seipuntozero-haircare.it\/wp-content\/uploads\/2017\/03\/263370_sei_punto_zero_take_over_full_expand_spray_150ml.png","contentUrl":"https:\/\/seipuntozero-haircare.it\/wp-content\/uploads\/2017\/03\/263370_sei_punto_zero_take_over_full_expand_spray_150ml.png","width":800,"height":800},{"@type":"BreadcrumbList","@id":"https:\/\/seipuntozero-haircare.it\/fr\/product\/take-over-full-expand-spray-volumisant\/#breadcrumb","itemListElement":[{"@type":"ListItem","position":1,"name":"Home","item":"https:\/\/seipuntozero-haircare.it\/fr\/"},{"@type":"ListItem","position":2,"name":"Products","item":"https:\/\/seipuntozero-haircare.it\/fr\/shop\/"},{"@type":"ListItem","position":3,"name":"TAKE OVER \u2013 FULL EXPAND Spray Volumisant"}]},{"@type":"WebSite","@id":"https:\/\/seipuntozero-haircare.it\/fr\/#website","url":"https:\/\/seipuntozero-haircare.it\/fr\/","name":"6.Zero","description":"Essential Touch","potentialAction":[{"@type":"SearchAction","target":{"@type":"EntryPoint","urlTemplate":"https:\/\/seipuntozero-haircare.it\/fr\/?s={search_term_string}"},"query-input":{"@type":"PropertyValueSpecification","valueRequired":true,"valueName":"search_term_string"}}],"inLanguage":"fr-FR"}]}},"_links":{"self":[{"href":"https:\/\/seipuntozero-haircare.it\/fr\/wp-json\/wp\/v2\/product\/19160","targetHints":{"allow":["GET"]}}],"collection":[{"href":"https:\/\/seipuntozero-haircare.it\/fr\/wp-json\/wp\/v2\/product"}],"about":[{"href":"https:\/\/seipuntozero-haircare.it\/fr\/wp-json\/wp\/v2\/types\/product"}],"wp:featuredmedia":[{"embeddable":true,"href":"https:\/\/seipuntozero-haircare.it\/fr\/wp-json\/wp\/v2\/media\/19868"}],"wp:attachment":[{"href":"https:\/\/seipuntozero-haircare.it\/fr\/wp-json\/wp\/v2\/media?parent=19160"}],"wp:term":[{"taxonomy":"product_brand","embeddable":true,"href":"https:\/\/seipuntozero-haircare.it\/fr\/wp-json\/wp\/v2\/product_brand?post=19160"},{"taxonomy":"product_cat","embeddable":true,"href":"https:\/\/seipuntozero-haircare.it\/fr\/wp-json\/wp\/v2\/product_cat?post=19160"},{"taxonomy":"product_tag","embeddable":true,"href":"https:\/\/seipuntozero-haircare.it\/fr\/wp-json\/wp\/v2\/product_tag?post=19160"}],"curies":[{"name":"wp","href":"https:\/\/api.w.org\/{rel}","templated":true}]}}