{"id":19063,"date":"2021-12-13T09:00:22","date_gmt":"2021-11-25T09:34:22","guid":{"rendered":"https:\/\/seipuntozero-haircare.it\/?post_type=product&#038;p=19063"},"modified":"2021-12-13T10:44:12","modified_gmt":"2021-12-13T09:44:12","slug":"hy-plex-kit","status":"publish","type":"product","link":"https:\/\/seipuntozero-haircare.it\/fr\/product\/hy-plex-kit\/","title":{"rendered":"HY-PLEX <br> KIT"},"content":{"rendered":"<ul>\n<li style=\"font-weight: 400;\" aria-level=\"1\"><span style=\"font-weight: 400;\">Revitalise les cheveux trait\u00e9s<\/span><\/li>\n<li style=\"font-weight: 400;\" aria-level=\"1\"><span style=\"font-weight: 400;\">Apporte de la douceur et une brillance extr\u00eame aux cheveux<\/span><\/li>\n<li style=\"font-weight: 400;\" aria-level=\"1\"><span style=\"font-weight: 400;\">R\u00e9g\u00e9n\u00e8re la cuticule\u00a0<\/span><\/li>\n<li style=\"font-weight: 400;\" aria-level=\"1\"><span style=\"font-weight: 400;\">R\u00e9duit la casse des cheveux<\/span><\/li>\n<\/ul>\n","protected":false},"excerpt":{"rendered":"<p><span style=\"font-weight: 400;\">L&rsquo;innovation commence de l&rsquo;int\u00e9rieur : HY-PLEX est le soin exclusif qui r\u00e9volutionne l&rsquo;approche des prestations techniques en revitalisant les cheveux ab\u00eem\u00e9s\u00a0 par les traitements chimiques.<\/span><\/p>\n<p><span style=\"font-weight: 400;\">La formule sp\u00e9ciale avec HP2-Technology donne aux cheveux\u00a0 une protection maximale, avant et apr\u00e8s les soins de coloration, de d\u00e9coloration ou de permanente. Pour un r\u00e9sultat d&rsquo;une douceur et d&rsquo;une luminosit\u00e9 uniques.<\/span><\/p>\n<p>&nbsp;<\/p>\n<p><span style=\"font-weight: 400;\">Le kit se compose de :<\/span><\/p>\n<p>&nbsp;<\/p>\n<p><span style=\"font-weight: 400;\">1pc de HY-PLEX N\u00b01 (500ml) : Additif d\u00e9fensif pour prestations techniques<\/span><\/p>\n<p><span style=\"font-weight: 400;\">2pcs de HY-PLEX N\u00b02 (500ml) : Masque fortifiant apr\u00e8s-soin<\/span><\/p>\n","protected":false},"featured_media":18959,"template":"","meta":[],"product_brand":[],"product_cat":[1124],"product_tag":[],"class_list":["post-19063","product","type-product","status-publish","has-post-thumbnail","hentry","product_cat-hy-plex-fr"],"yoast_head":"<!-- This site is optimized with the Yoast SEO plugin v27.1.1 - https:\/\/yoast.com\/product\/yoast-seo-wordpress\/ -->\n<title>HY-PLEX | KIT<\/title>\n<meta name=\"description\" content=\"HY-PLEX est le soin exclusif qui r\u00e9volutionne l&#039;approche des prestations techniques en revitalisant les cheveux ab\u00eem\u00e9s\u00a0 par les traitements chimiques.\" \/>\n<meta name=\"robots\" content=\"index, follow, max-snippet:-1, max-image-preview:large, max-video-preview:-1\" \/>\n<link rel=\"canonical\" href=\"https:\/\/seipuntozero-haircare.it\/fr\/product\/hy-plex-kit\/\" \/>\n<meta property=\"og:locale\" content=\"fr_FR\" \/>\n<meta property=\"og:type\" content=\"article\" \/>\n<meta property=\"og:title\" content=\"HY-PLEX | KIT\" \/>\n<meta property=\"og:description\" content=\"HY-PLEX est le soin exclusif qui r\u00e9volutionne l&#039;approche des prestations techniques en revitalisant les cheveux ab\u00eem\u00e9s\u00a0 par les traitements chimiques.\" \/>\n<meta property=\"og:url\" content=\"https:\/\/seipuntozero-haircare.it\/fr\/product\/hy-plex-kit\/\" \/>\n<meta property=\"og:site_name\" content=\"6.Zero\" \/>\n<meta property=\"article:modified_time\" content=\"2021-12-13T09:44:12+00:00\" \/>\n<meta property=\"og:image\" content=\"https:\/\/seipuntozero-haircare.it\/wp-content\/uploads\/2021\/11\/263158_sei_punto_zero_hairzoe_restructuring_base_cream_500ml262991_sei_punto_zero_hy_plex_kit_2.png\" \/>\n\t<meta property=\"og:image:width\" content=\"600\" \/>\n\t<meta property=\"og:image:height\" content=\"600\" \/>\n\t<meta property=\"og:image:type\" content=\"image\/png\" \/>\n<meta name=\"twitter:card\" content=\"summary_large_image\" \/>\n<meta name=\"twitter:label1\" content=\"Dur\u00e9e de lecture estim\u00e9e\" \/>\n\t<meta name=\"twitter:data1\" content=\"1 minute\" \/>\n<script type=\"application\/ld+json\" class=\"yoast-schema-graph\">{\"@context\":\"https:\/\/schema.org\",\"@graph\":[{\"@type\":\"WebPage\",\"@id\":\"https:\/\/seipuntozero-haircare.it\/fr\/product\/hy-plex-kit\/\",\"url\":\"https:\/\/seipuntozero-haircare.it\/fr\/product\/hy-plex-kit\/\",\"name\":\"HY-PLEX | KIT\",\"isPartOf\":{\"@id\":\"https:\/\/seipuntozero-haircare.it\/fr\/#website\"},\"primaryImageOfPage\":{\"@id\":\"https:\/\/seipuntozero-haircare.it\/fr\/product\/hy-plex-kit\/#primaryimage\"},\"image\":{\"@id\":\"https:\/\/seipuntozero-haircare.it\/fr\/product\/hy-plex-kit\/#primaryimage\"},\"thumbnailUrl\":\"https:\/\/seipuntozero-haircare.it\/wp-content\/uploads\/2021\/11\/263158_sei_punto_zero_hairzoe_restructuring_base_cream_500ml262991_sei_punto_zero_hy_plex_kit_2.png\",\"datePublished\":\"2021-11-25T09:34:22+00:00\",\"dateModified\":\"2021-12-13T09:44:12+00:00\",\"description\":\"HY-PLEX est le soin exclusif qui r\u00e9volutionne l'approche des prestations techniques en revitalisant les cheveux ab\u00eem\u00e9s\u00a0 par les traitements chimiques.\",\"breadcrumb\":{\"@id\":\"https:\/\/seipuntozero-haircare.it\/fr\/product\/hy-plex-kit\/#breadcrumb\"},\"inLanguage\":\"fr-FR\",\"potentialAction\":[{\"@type\":\"ReadAction\",\"target\":[\"https:\/\/seipuntozero-haircare.it\/fr\/product\/hy-plex-kit\/\"]}]},{\"@type\":\"ImageObject\",\"inLanguage\":\"fr-FR\",\"@id\":\"https:\/\/seipuntozero-haircare.it\/fr\/product\/hy-plex-kit\/#primaryimage\",\"url\":\"https:\/\/seipuntozero-haircare.it\/wp-content\/uploads\/2021\/11\/263158_sei_punto_zero_hairzoe_restructuring_base_cream_500ml262991_sei_punto_zero_hy_plex_kit_2.png\",\"contentUrl\":\"https:\/\/seipuntozero-haircare.it\/wp-content\/uploads\/2021\/11\/263158_sei_punto_zero_hairzoe_restructuring_base_cream_500ml262991_sei_punto_zero_hy_plex_kit_2.png\",\"width\":600,\"height\":600},{\"@type\":\"BreadcrumbList\",\"@id\":\"https:\/\/seipuntozero-haircare.it\/fr\/product\/hy-plex-kit\/#breadcrumb\",\"itemListElement\":[{\"@type\":\"ListItem\",\"position\":1,\"name\":\"Home\",\"item\":\"https:\/\/seipuntozero-haircare.it\/fr\/\"},{\"@type\":\"ListItem\",\"position\":2,\"name\":\"Products\",\"item\":\"https:\/\/seipuntozero-haircare.it\/fr\/shop\/\"},{\"@type\":\"ListItem\",\"position\":3,\"name\":\"HY-PLEX KIT\"}]},{\"@type\":\"WebSite\",\"@id\":\"https:\/\/seipuntozero-haircare.it\/fr\/#website\",\"url\":\"https:\/\/seipuntozero-haircare.it\/fr\/\",\"name\":\"6.Zero\",\"description\":\"Essential Touch\",\"potentialAction\":[{\"@type\":\"SearchAction\",\"target\":{\"@type\":\"EntryPoint\",\"urlTemplate\":\"https:\/\/seipuntozero-haircare.it\/fr\/?s={search_term_string}\"},\"query-input\":{\"@type\":\"PropertyValueSpecification\",\"valueRequired\":true,\"valueName\":\"search_term_string\"}}],\"inLanguage\":\"fr-FR\"}]}<\/script>\n<!-- \/ Yoast SEO plugin. -->","yoast_head_json":{"title":"HY-PLEX | KIT","description":"HY-PLEX est le soin exclusif qui r\u00e9volutionne l'approche des prestations techniques en revitalisant les cheveux ab\u00eem\u00e9s\u00a0 par les traitements chimiques.","robots":{"index":"index","follow":"follow","max-snippet":"max-snippet:-1","max-image-preview":"max-image-preview:large","max-video-preview":"max-video-preview:-1"},"canonical":"https:\/\/seipuntozero-haircare.it\/fr\/product\/hy-plex-kit\/","og_locale":"fr_FR","og_type":"article","og_title":"HY-PLEX | KIT","og_description":"HY-PLEX est le soin exclusif qui r\u00e9volutionne l'approche des prestations techniques en revitalisant les cheveux ab\u00eem\u00e9s\u00a0 par les traitements chimiques.","og_url":"https:\/\/seipuntozero-haircare.it\/fr\/product\/hy-plex-kit\/","og_site_name":"6.Zero","article_modified_time":"2021-12-13T09:44:12+00:00","og_image":[{"width":600,"height":600,"url":"https:\/\/seipuntozero-haircare.it\/wp-content\/uploads\/2021\/11\/263158_sei_punto_zero_hairzoe_restructuring_base_cream_500ml262991_sei_punto_zero_hy_plex_kit_2.png","type":"image\/png"}],"twitter_card":"summary_large_image","twitter_misc":{"Dur\u00e9e de lecture estim\u00e9e":"1 minute"},"schema":{"@context":"https:\/\/schema.org","@graph":[{"@type":"WebPage","@id":"https:\/\/seipuntozero-haircare.it\/fr\/product\/hy-plex-kit\/","url":"https:\/\/seipuntozero-haircare.it\/fr\/product\/hy-plex-kit\/","name":"HY-PLEX | KIT","isPartOf":{"@id":"https:\/\/seipuntozero-haircare.it\/fr\/#website"},"primaryImageOfPage":{"@id":"https:\/\/seipuntozero-haircare.it\/fr\/product\/hy-plex-kit\/#primaryimage"},"image":{"@id":"https:\/\/seipuntozero-haircare.it\/fr\/product\/hy-plex-kit\/#primaryimage"},"thumbnailUrl":"https:\/\/seipuntozero-haircare.it\/wp-content\/uploads\/2021\/11\/263158_sei_punto_zero_hairzoe_restructuring_base_cream_500ml262991_sei_punto_zero_hy_plex_kit_2.png","datePublished":"2021-11-25T09:34:22+00:00","dateModified":"2021-12-13T09:44:12+00:00","description":"HY-PLEX est le soin exclusif qui r\u00e9volutionne l'approche des prestations techniques en revitalisant les cheveux ab\u00eem\u00e9s\u00a0 par les traitements chimiques.","breadcrumb":{"@id":"https:\/\/seipuntozero-haircare.it\/fr\/product\/hy-plex-kit\/#breadcrumb"},"inLanguage":"fr-FR","potentialAction":[{"@type":"ReadAction","target":["https:\/\/seipuntozero-haircare.it\/fr\/product\/hy-plex-kit\/"]}]},{"@type":"ImageObject","inLanguage":"fr-FR","@id":"https:\/\/seipuntozero-haircare.it\/fr\/product\/hy-plex-kit\/#primaryimage","url":"https:\/\/seipuntozero-haircare.it\/wp-content\/uploads\/2021\/11\/263158_sei_punto_zero_hairzoe_restructuring_base_cream_500ml262991_sei_punto_zero_hy_plex_kit_2.png","contentUrl":"https:\/\/seipuntozero-haircare.it\/wp-content\/uploads\/2021\/11\/263158_sei_punto_zero_hairzoe_restructuring_base_cream_500ml262991_sei_punto_zero_hy_plex_kit_2.png","width":600,"height":600},{"@type":"BreadcrumbList","@id":"https:\/\/seipuntozero-haircare.it\/fr\/product\/hy-plex-kit\/#breadcrumb","itemListElement":[{"@type":"ListItem","position":1,"name":"Home","item":"https:\/\/seipuntozero-haircare.it\/fr\/"},{"@type":"ListItem","position":2,"name":"Products","item":"https:\/\/seipuntozero-haircare.it\/fr\/shop\/"},{"@type":"ListItem","position":3,"name":"HY-PLEX KIT"}]},{"@type":"WebSite","@id":"https:\/\/seipuntozero-haircare.it\/fr\/#website","url":"https:\/\/seipuntozero-haircare.it\/fr\/","name":"6.Zero","description":"Essential Touch","potentialAction":[{"@type":"SearchAction","target":{"@type":"EntryPoint","urlTemplate":"https:\/\/seipuntozero-haircare.it\/fr\/?s={search_term_string}"},"query-input":{"@type":"PropertyValueSpecification","valueRequired":true,"valueName":"search_term_string"}}],"inLanguage":"fr-FR"}]}},"_links":{"self":[{"href":"https:\/\/seipuntozero-haircare.it\/fr\/wp-json\/wp\/v2\/product\/19063","targetHints":{"allow":["GET"]}}],"collection":[{"href":"https:\/\/seipuntozero-haircare.it\/fr\/wp-json\/wp\/v2\/product"}],"about":[{"href":"https:\/\/seipuntozero-haircare.it\/fr\/wp-json\/wp\/v2\/types\/product"}],"wp:featuredmedia":[{"embeddable":true,"href":"https:\/\/seipuntozero-haircare.it\/fr\/wp-json\/wp\/v2\/media\/18959"}],"wp:attachment":[{"href":"https:\/\/seipuntozero-haircare.it\/fr\/wp-json\/wp\/v2\/media?parent=19063"}],"wp:term":[{"taxonomy":"product_brand","embeddable":true,"href":"https:\/\/seipuntozero-haircare.it\/fr\/wp-json\/wp\/v2\/product_brand?post=19063"},{"taxonomy":"product_cat","embeddable":true,"href":"https:\/\/seipuntozero-haircare.it\/fr\/wp-json\/wp\/v2\/product_cat?post=19063"},{"taxonomy":"product_tag","embeddable":true,"href":"https:\/\/seipuntozero-haircare.it\/fr\/wp-json\/wp\/v2\/product_tag?post=19063"}],"curies":[{"name":"wp","href":"https:\/\/api.w.org\/{rel}","templated":true}]}}