{"id":19056,"date":"2021-12-13T09:00:59","date_gmt":"2021-11-25T09:29:00","guid":{"rendered":"https:\/\/seipuntozero-haircare.it\/?post_type=product&#038;p=19056"},"modified":"2021-12-13T10:41:36","modified_gmt":"2021-12-13T09:41:36","slug":"hy-plex-n3-soin-multifonction-pour-cheveux-traites","status":"publish","type":"product","link":"https:\/\/seipuntozero-haircare.it\/fr\/product\/hy-plex-n3-soin-multifonction-pour-cheveux-traites\/","title":{"rendered":"HY-PLEX N\u00b03 <br> Soin multifonction pour cheveux trait\u00e9s"},"content":{"rendered":"<ul>\n<li style=\"font-weight: 400;\" aria-level=\"1\"><span style=\"font-weight: 400;\">Utile pour prolonger le soin effectu\u00e9 en salon<\/span><\/li>\n<li style=\"font-weight: 400;\" aria-level=\"1\"><span style=\"font-weight: 400;\">Aide \u00e0 prot\u00e9ger les cheveux ab\u00eem\u00e9s par des soins chimiques agressifs<\/span><\/li>\n<li style=\"font-weight: 400;\" aria-level=\"1\"><span style=\"font-weight: 400;\">Renouvelle et pr\u00e9serve la structure interne du cheveu<\/span><\/li>\n<li style=\"font-weight: 400;\" aria-level=\"1\"><span style=\"font-weight: 400;\">Les cheveux retrouvent force et vitalit\u00e9<\/span><\/li>\n<\/ul>\n","protected":false},"excerpt":{"rendered":"<p><span style=\"font-weight: 400;\">HY-PLEX N\u00b03 est une \u00e9mulsion multifonction \u00e0 appliquer avant ou apr\u00e8s le shampooing pour prolonger les r\u00e9sultats du soin HY-PLEX effectu\u00e9 en salon. Con\u00e7u pour les cheveux ab\u00eem\u00e9s par des prestations techniques comme la coloration, la d\u00e9coloration ou la permanente, il permet de maintenir le niveau de nutrition des cheveux \u00e9lev\u00e9, m\u00eame \u00e0 la maison.<\/span><\/p>\n<p><span style=\"font-weight: 400;\">Gr\u00e2ce \u00e0 la combinaison de mol\u00e9cules fonctionnelles, la formule sp\u00e9ciale avec HP2-Technology renouvelle et pr\u00e9serve la structure interne du cheveu.<\/span><\/p>\n<p><span style=\"font-weight: 400;\">N\u00e9cessite un rin\u00e7age.<\/span><\/p>\n<p><span style=\"font-weight: 400;\">150 ml<\/span><\/p>\n","protected":false},"featured_media":24067,"template":"","meta":[],"product_brand":[],"product_cat":[1124],"product_tag":[],"class_list":["post-19056","product","type-product","status-publish","has-post-thumbnail","hentry","product_cat-hy-plex-fr"],"yoast_head":"<!-- This site is optimized with the Yoast SEO plugin v27.1.1 - https:\/\/yoast.com\/product\/yoast-seo-wordpress\/ -->\n<title>HY-PLEX N\u00b03 | Soin multifonction pour cheveux trait\u00e9s<\/title>\n<meta name=\"description\" content=\"HY-PLEX N\u00b03 est une \u00e9mulsion multifonction \u00e0 appliquer avant ou apr\u00e8s le shampooing pour prolonger les r\u00e9sultats du soin HY-PLEX effectu\u00e9 en salon.\" \/>\n<meta name=\"robots\" content=\"index, follow, max-snippet:-1, max-image-preview:large, max-video-preview:-1\" \/>\n<link rel=\"canonical\" href=\"https:\/\/seipuntozero-haircare.it\/fr\/product\/hy-plex-n3-soin-multifonction-pour-cheveux-traites\/\" \/>\n<meta property=\"og:locale\" content=\"fr_FR\" \/>\n<meta property=\"og:type\" content=\"article\" \/>\n<meta property=\"og:title\" content=\"HY-PLEX N\u00b03 | Soin multifonction pour cheveux trait\u00e9s\" \/>\n<meta property=\"og:description\" content=\"HY-PLEX N\u00b03 est une \u00e9mulsion multifonction \u00e0 appliquer avant ou apr\u00e8s le shampooing pour prolonger les r\u00e9sultats du soin HY-PLEX effectu\u00e9 en salon.\" \/>\n<meta property=\"og:url\" content=\"https:\/\/seipuntozero-haircare.it\/fr\/product\/hy-plex-n3-soin-multifonction-pour-cheveux-traites\/\" \/>\n<meta property=\"og:site_name\" content=\"6.Zero\" \/>\n<meta property=\"article:modified_time\" content=\"2021-12-13T09:41:36+00:00\" \/>\n<meta property=\"og:image\" content=\"https:\/\/seipuntozero-haircare.it\/wp-content\/uploads\/2021\/11\/262984_sei_punto_zero_hy_plex_multifunctional_treatment_3_150ml.png\" \/>\n\t<meta property=\"og:image:width\" content=\"600\" \/>\n\t<meta property=\"og:image:height\" content=\"600\" \/>\n\t<meta property=\"og:image:type\" content=\"image\/png\" \/>\n<meta name=\"twitter:card\" content=\"summary_large_image\" \/>\n<meta name=\"twitter:label1\" content=\"Dur\u00e9e de lecture estim\u00e9e\" \/>\n\t<meta name=\"twitter:data1\" content=\"1 minute\" \/>\n<script type=\"application\/ld+json\" class=\"yoast-schema-graph\">{\"@context\":\"https:\/\/schema.org\",\"@graph\":[{\"@type\":\"WebPage\",\"@id\":\"https:\/\/seipuntozero-haircare.it\/fr\/product\/hy-plex-n3-soin-multifonction-pour-cheveux-traites\/\",\"url\":\"https:\/\/seipuntozero-haircare.it\/fr\/product\/hy-plex-n3-soin-multifonction-pour-cheveux-traites\/\",\"name\":\"HY-PLEX N\u00b03 | Soin multifonction pour cheveux trait\u00e9s\",\"isPartOf\":{\"@id\":\"https:\/\/seipuntozero-haircare.it\/fr\/#website\"},\"primaryImageOfPage\":{\"@id\":\"https:\/\/seipuntozero-haircare.it\/fr\/product\/hy-plex-n3-soin-multifonction-pour-cheveux-traites\/#primaryimage\"},\"image\":{\"@id\":\"https:\/\/seipuntozero-haircare.it\/fr\/product\/hy-plex-n3-soin-multifonction-pour-cheveux-traites\/#primaryimage\"},\"thumbnailUrl\":\"https:\/\/seipuntozero-haircare.it\/wp-content\/uploads\/2021\/12\/262984_sei_punto_zero_hy_plex_multifunctional_treatment_3_150ml.png\",\"datePublished\":\"2021-11-25T09:29:00+00:00\",\"dateModified\":\"2021-12-13T09:41:36+00:00\",\"description\":\"HY-PLEX N\u00b03 est une \u00e9mulsion multifonction \u00e0 appliquer avant ou apr\u00e8s le shampooing pour prolonger les r\u00e9sultats du soin HY-PLEX effectu\u00e9 en salon.\",\"breadcrumb\":{\"@id\":\"https:\/\/seipuntozero-haircare.it\/fr\/product\/hy-plex-n3-soin-multifonction-pour-cheveux-traites\/#breadcrumb\"},\"inLanguage\":\"fr-FR\",\"potentialAction\":[{\"@type\":\"ReadAction\",\"target\":[\"https:\/\/seipuntozero-haircare.it\/fr\/product\/hy-plex-n3-soin-multifonction-pour-cheveux-traites\/\"]}]},{\"@type\":\"ImageObject\",\"inLanguage\":\"fr-FR\",\"@id\":\"https:\/\/seipuntozero-haircare.it\/fr\/product\/hy-plex-n3-soin-multifonction-pour-cheveux-traites\/#primaryimage\",\"url\":\"https:\/\/seipuntozero-haircare.it\/wp-content\/uploads\/2021\/12\/262984_sei_punto_zero_hy_plex_multifunctional_treatment_3_150ml.png\",\"contentUrl\":\"https:\/\/seipuntozero-haircare.it\/wp-content\/uploads\/2021\/12\/262984_sei_punto_zero_hy_plex_multifunctional_treatment_3_150ml.png\",\"width\":600,\"height\":600},{\"@type\":\"BreadcrumbList\",\"@id\":\"https:\/\/seipuntozero-haircare.it\/fr\/product\/hy-plex-n3-soin-multifonction-pour-cheveux-traites\/#breadcrumb\",\"itemListElement\":[{\"@type\":\"ListItem\",\"position\":1,\"name\":\"Home\",\"item\":\"https:\/\/seipuntozero-haircare.it\/fr\/\"},{\"@type\":\"ListItem\",\"position\":2,\"name\":\"Products\",\"item\":\"https:\/\/seipuntozero-haircare.it\/fr\/shop\/\"},{\"@type\":\"ListItem\",\"position\":3,\"name\":\"HY-PLEX N\u00b03 Soin multifonction pour cheveux trait\u00e9s\"}]},{\"@type\":\"WebSite\",\"@id\":\"https:\/\/seipuntozero-haircare.it\/fr\/#website\",\"url\":\"https:\/\/seipuntozero-haircare.it\/fr\/\",\"name\":\"6.Zero\",\"description\":\"Essential Touch\",\"potentialAction\":[{\"@type\":\"SearchAction\",\"target\":{\"@type\":\"EntryPoint\",\"urlTemplate\":\"https:\/\/seipuntozero-haircare.it\/fr\/?s={search_term_string}\"},\"query-input\":{\"@type\":\"PropertyValueSpecification\",\"valueRequired\":true,\"valueName\":\"search_term_string\"}}],\"inLanguage\":\"fr-FR\"}]}<\/script>\n<!-- \/ Yoast SEO plugin. -->","yoast_head_json":{"title":"HY-PLEX N\u00b03 | Soin multifonction pour cheveux trait\u00e9s","description":"HY-PLEX N\u00b03 est une \u00e9mulsion multifonction \u00e0 appliquer avant ou apr\u00e8s le shampooing pour prolonger les r\u00e9sultats du soin HY-PLEX effectu\u00e9 en salon.","robots":{"index":"index","follow":"follow","max-snippet":"max-snippet:-1","max-image-preview":"max-image-preview:large","max-video-preview":"max-video-preview:-1"},"canonical":"https:\/\/seipuntozero-haircare.it\/fr\/product\/hy-plex-n3-soin-multifonction-pour-cheveux-traites\/","og_locale":"fr_FR","og_type":"article","og_title":"HY-PLEX N\u00b03 | Soin multifonction pour cheveux trait\u00e9s","og_description":"HY-PLEX N\u00b03 est une \u00e9mulsion multifonction \u00e0 appliquer avant ou apr\u00e8s le shampooing pour prolonger les r\u00e9sultats du soin HY-PLEX effectu\u00e9 en salon.","og_url":"https:\/\/seipuntozero-haircare.it\/fr\/product\/hy-plex-n3-soin-multifonction-pour-cheveux-traites\/","og_site_name":"6.Zero","article_modified_time":"2021-12-13T09:41:36+00:00","og_image":[{"width":600,"height":600,"url":"https:\/\/seipuntozero-haircare.it\/wp-content\/uploads\/2021\/11\/262984_sei_punto_zero_hy_plex_multifunctional_treatment_3_150ml.png","type":"image\/png"}],"twitter_card":"summary_large_image","twitter_misc":{"Dur\u00e9e de lecture estim\u00e9e":"1 minute"},"schema":{"@context":"https:\/\/schema.org","@graph":[{"@type":"WebPage","@id":"https:\/\/seipuntozero-haircare.it\/fr\/product\/hy-plex-n3-soin-multifonction-pour-cheveux-traites\/","url":"https:\/\/seipuntozero-haircare.it\/fr\/product\/hy-plex-n3-soin-multifonction-pour-cheveux-traites\/","name":"HY-PLEX N\u00b03 | Soin multifonction pour cheveux trait\u00e9s","isPartOf":{"@id":"https:\/\/seipuntozero-haircare.it\/fr\/#website"},"primaryImageOfPage":{"@id":"https:\/\/seipuntozero-haircare.it\/fr\/product\/hy-plex-n3-soin-multifonction-pour-cheveux-traites\/#primaryimage"},"image":{"@id":"https:\/\/seipuntozero-haircare.it\/fr\/product\/hy-plex-n3-soin-multifonction-pour-cheveux-traites\/#primaryimage"},"thumbnailUrl":"https:\/\/seipuntozero-haircare.it\/wp-content\/uploads\/2021\/12\/262984_sei_punto_zero_hy_plex_multifunctional_treatment_3_150ml.png","datePublished":"2021-11-25T09:29:00+00:00","dateModified":"2021-12-13T09:41:36+00:00","description":"HY-PLEX N\u00b03 est une \u00e9mulsion multifonction \u00e0 appliquer avant ou apr\u00e8s le shampooing pour prolonger les r\u00e9sultats du soin HY-PLEX effectu\u00e9 en salon.","breadcrumb":{"@id":"https:\/\/seipuntozero-haircare.it\/fr\/product\/hy-plex-n3-soin-multifonction-pour-cheveux-traites\/#breadcrumb"},"inLanguage":"fr-FR","potentialAction":[{"@type":"ReadAction","target":["https:\/\/seipuntozero-haircare.it\/fr\/product\/hy-plex-n3-soin-multifonction-pour-cheveux-traites\/"]}]},{"@type":"ImageObject","inLanguage":"fr-FR","@id":"https:\/\/seipuntozero-haircare.it\/fr\/product\/hy-plex-n3-soin-multifonction-pour-cheveux-traites\/#primaryimage","url":"https:\/\/seipuntozero-haircare.it\/wp-content\/uploads\/2021\/12\/262984_sei_punto_zero_hy_plex_multifunctional_treatment_3_150ml.png","contentUrl":"https:\/\/seipuntozero-haircare.it\/wp-content\/uploads\/2021\/12\/262984_sei_punto_zero_hy_plex_multifunctional_treatment_3_150ml.png","width":600,"height":600},{"@type":"BreadcrumbList","@id":"https:\/\/seipuntozero-haircare.it\/fr\/product\/hy-plex-n3-soin-multifonction-pour-cheveux-traites\/#breadcrumb","itemListElement":[{"@type":"ListItem","position":1,"name":"Home","item":"https:\/\/seipuntozero-haircare.it\/fr\/"},{"@type":"ListItem","position":2,"name":"Products","item":"https:\/\/seipuntozero-haircare.it\/fr\/shop\/"},{"@type":"ListItem","position":3,"name":"HY-PLEX N\u00b03 Soin multifonction pour cheveux trait\u00e9s"}]},{"@type":"WebSite","@id":"https:\/\/seipuntozero-haircare.it\/fr\/#website","url":"https:\/\/seipuntozero-haircare.it\/fr\/","name":"6.Zero","description":"Essential Touch","potentialAction":[{"@type":"SearchAction","target":{"@type":"EntryPoint","urlTemplate":"https:\/\/seipuntozero-haircare.it\/fr\/?s={search_term_string}"},"query-input":{"@type":"PropertyValueSpecification","valueRequired":true,"valueName":"search_term_string"}}],"inLanguage":"fr-FR"}]}},"_links":{"self":[{"href":"https:\/\/seipuntozero-haircare.it\/fr\/wp-json\/wp\/v2\/product\/19056","targetHints":{"allow":["GET"]}}],"collection":[{"href":"https:\/\/seipuntozero-haircare.it\/fr\/wp-json\/wp\/v2\/product"}],"about":[{"href":"https:\/\/seipuntozero-haircare.it\/fr\/wp-json\/wp\/v2\/types\/product"}],"wp:featuredmedia":[{"embeddable":true,"href":"https:\/\/seipuntozero-haircare.it\/fr\/wp-json\/wp\/v2\/media\/24067"}],"wp:attachment":[{"href":"https:\/\/seipuntozero-haircare.it\/fr\/wp-json\/wp\/v2\/media?parent=19056"}],"wp:term":[{"taxonomy":"product_brand","embeddable":true,"href":"https:\/\/seipuntozero-haircare.it\/fr\/wp-json\/wp\/v2\/product_brand?post=19056"},{"taxonomy":"product_cat","embeddable":true,"href":"https:\/\/seipuntozero-haircare.it\/fr\/wp-json\/wp\/v2\/product_cat?post=19056"},{"taxonomy":"product_tag","embeddable":true,"href":"https:\/\/seipuntozero-haircare.it\/fr\/wp-json\/wp\/v2\/product_tag?post=19056"}],"curies":[{"name":"wp","href":"https:\/\/api.w.org\/{rel}","templated":true}]}}