{"id":19042,"date":"2021-12-13T09:00:54","date_gmt":"2021-11-25T09:16:55","guid":{"rendered":"https:\/\/seipuntozero-haircare.it\/?post_type=product&#038;p=19042"},"modified":"2021-12-13T10:39:09","modified_gmt":"2021-12-13T09:39:09","slug":"selection-xy-masque-cheveux-abimes-copia-2","status":"publish","type":"product","link":"https:\/\/seipuntozero-haircare.it\/fr\/product\/selection-xy-masque-cheveux-abimes-copia-2\/","title":{"rendered":"HY-PLEX N\u00b01 <br> Additif d\u00e9fensif pour prestations techniques"},"content":{"rendered":"<ul>\n<li style=\"font-weight: 400;\" aria-level=\"1\"><span style=\"font-weight: 400;\">Aide \u00e0 prot\u00e9ger les cheveux des traitements chimiques agressifs<\/span><\/li>\n<li style=\"font-weight: 400;\" aria-level=\"1\"><span style=\"font-weight: 400;\">Conf\u00e8re une grande r\u00e9sistance aux cheveux et referme la partie la plus externe\u00a0<\/span><\/li>\n<li style=\"font-weight: 400;\" aria-level=\"1\"><span style=\"font-weight: 400;\">Renforce la fibre capillaire<\/span><\/li>\n<li style=\"font-weight: 400;\" aria-level=\"1\"><span style=\"font-weight: 400;\">Laisse les cheveux doux et brillants<\/span><\/li>\n<\/ul>\n","protected":false},"excerpt":{"rendered":"<p><span style=\"font-weight: 400;\">Des cheveux forts et prot\u00e9g\u00e9s gr\u00e2ce \u00e0 HY-PLEX N\u00b01 : le fluide protecteur \u00e0 m\u00e9langer avec le produit technique pour r\u00e9aliser des colorations, d\u00e9colorations ou des permanentes.<\/span><\/p>\n<p><span style=\"font-weight: 400;\">La premi\u00e8re \u00e9tape HY-PLEX redonne de la vitalit\u00e9 et du volume aux cheveux et am\u00e9liore le r\u00e9sultat cosm\u00e9tique du soin technique.<\/span><span style=\"font-weight: 400;\">La technologie r\u00e9volutionnaire HP2-Technology agit sur la fibre capillaire et aide \u00e0 pr\u00e9server les liaisons internes, en emp\u00eachant les cheveux de se casser.<\/span><\/p>\n<p>&nbsp;<\/p>\n<p><span style=\"font-weight: 400;\">Format 500 ml<\/span><\/p>\n","protected":false},"featured_media":18983,"template":"","meta":[],"product_brand":[],"product_cat":[1124],"product_tag":[],"class_list":["post-19042","product","type-product","status-publish","has-post-thumbnail","hentry","product_cat-hy-plex-fr"],"yoast_head":"<!-- This site is optimized with the Yoast SEO plugin v27.1.1 - https:\/\/yoast.com\/product\/yoast-seo-wordpress\/ -->\n<title>HY-PLEX N\u00b01 | Additif d\u00e9fensif pour prestations techniques<\/title>\n<meta name=\"description\" content=\"HY-PLEX N\u00b01 : le fluide protecteur \u00e0 m\u00e9langer avec le produit technique pour r\u00e9aliser des colorations, d\u00e9colorations ou des permanentes.\" \/>\n<meta name=\"robots\" content=\"index, follow, max-snippet:-1, max-image-preview:large, max-video-preview:-1\" \/>\n<link rel=\"canonical\" href=\"https:\/\/seipuntozero-haircare.it\/fr\/product\/selection-xy-masque-cheveux-abimes-copia-2\/\" \/>\n<meta property=\"og:locale\" content=\"fr_FR\" \/>\n<meta property=\"og:type\" content=\"article\" \/>\n<meta property=\"og:title\" content=\"HY-PLEX N\u00b01 | Additif d\u00e9fensif pour prestations techniques\" \/>\n<meta property=\"og:description\" content=\"HY-PLEX N\u00b01 : le fluide protecteur \u00e0 m\u00e9langer avec le produit technique pour r\u00e9aliser des colorations, d\u00e9colorations ou des permanentes.\" \/>\n<meta property=\"og:url\" content=\"https:\/\/seipuntozero-haircare.it\/fr\/product\/selection-xy-masque-cheveux-abimes-copia-2\/\" \/>\n<meta property=\"og:site_name\" content=\"6.Zero\" \/>\n<meta property=\"article:modified_time\" content=\"2021-12-13T09:39:09+00:00\" \/>\n<meta property=\"og:image\" content=\"https:\/\/seipuntozero-haircare.it\/wp-content\/uploads\/2021\/11\/262960_sei_punto_zero_hy_plex_defense_additive_1_500ml.png\" \/>\n\t<meta property=\"og:image:width\" content=\"600\" \/>\n\t<meta property=\"og:image:height\" content=\"600\" \/>\n\t<meta property=\"og:image:type\" content=\"image\/png\" \/>\n<meta name=\"twitter:card\" content=\"summary_large_image\" \/>\n<meta name=\"twitter:label1\" content=\"Dur\u00e9e de lecture estim\u00e9e\" \/>\n\t<meta name=\"twitter:data1\" content=\"1 minute\" \/>\n<script type=\"application\/ld+json\" class=\"yoast-schema-graph\">{\"@context\":\"https:\/\/schema.org\",\"@graph\":[{\"@type\":\"WebPage\",\"@id\":\"https:\/\/seipuntozero-haircare.it\/fr\/product\/selection-xy-masque-cheveux-abimes-copia-2\/\",\"url\":\"https:\/\/seipuntozero-haircare.it\/fr\/product\/selection-xy-masque-cheveux-abimes-copia-2\/\",\"name\":\"HY-PLEX N\u00b01 | Additif d\u00e9fensif pour prestations techniques\",\"isPartOf\":{\"@id\":\"https:\/\/seipuntozero-haircare.it\/fr\/#website\"},\"primaryImageOfPage\":{\"@id\":\"https:\/\/seipuntozero-haircare.it\/fr\/product\/selection-xy-masque-cheveux-abimes-copia-2\/#primaryimage\"},\"image\":{\"@id\":\"https:\/\/seipuntozero-haircare.it\/fr\/product\/selection-xy-masque-cheveux-abimes-copia-2\/#primaryimage\"},\"thumbnailUrl\":\"https:\/\/seipuntozero-haircare.it\/wp-content\/uploads\/2021\/11\/262960_sei_punto_zero_hy_plex_defense_additive_1_500ml.png\",\"datePublished\":\"2021-11-25T09:16:55+00:00\",\"dateModified\":\"2021-12-13T09:39:09+00:00\",\"description\":\"HY-PLEX N\u00b01 : le fluide protecteur \u00e0 m\u00e9langer avec le produit technique pour r\u00e9aliser des colorations, d\u00e9colorations ou des permanentes.\",\"breadcrumb\":{\"@id\":\"https:\/\/seipuntozero-haircare.it\/fr\/product\/selection-xy-masque-cheveux-abimes-copia-2\/#breadcrumb\"},\"inLanguage\":\"fr-FR\",\"potentialAction\":[{\"@type\":\"ReadAction\",\"target\":[\"https:\/\/seipuntozero-haircare.it\/fr\/product\/selection-xy-masque-cheveux-abimes-copia-2\/\"]}]},{\"@type\":\"ImageObject\",\"inLanguage\":\"fr-FR\",\"@id\":\"https:\/\/seipuntozero-haircare.it\/fr\/product\/selection-xy-masque-cheveux-abimes-copia-2\/#primaryimage\",\"url\":\"https:\/\/seipuntozero-haircare.it\/wp-content\/uploads\/2021\/11\/262960_sei_punto_zero_hy_plex_defense_additive_1_500ml.png\",\"contentUrl\":\"https:\/\/seipuntozero-haircare.it\/wp-content\/uploads\/2021\/11\/262960_sei_punto_zero_hy_plex_defense_additive_1_500ml.png\",\"width\":600,\"height\":600},{\"@type\":\"BreadcrumbList\",\"@id\":\"https:\/\/seipuntozero-haircare.it\/fr\/product\/selection-xy-masque-cheveux-abimes-copia-2\/#breadcrumb\",\"itemListElement\":[{\"@type\":\"ListItem\",\"position\":1,\"name\":\"Home\",\"item\":\"https:\/\/seipuntozero-haircare.it\/fr\/\"},{\"@type\":\"ListItem\",\"position\":2,\"name\":\"Products\",\"item\":\"https:\/\/seipuntozero-haircare.it\/fr\/shop\/\"},{\"@type\":\"ListItem\",\"position\":3,\"name\":\"HY-PLEX N\u00b01 Additif d\u00e9fensif pour prestations techniques\"}]},{\"@type\":\"WebSite\",\"@id\":\"https:\/\/seipuntozero-haircare.it\/fr\/#website\",\"url\":\"https:\/\/seipuntozero-haircare.it\/fr\/\",\"name\":\"6.Zero\",\"description\":\"Essential Touch\",\"potentialAction\":[{\"@type\":\"SearchAction\",\"target\":{\"@type\":\"EntryPoint\",\"urlTemplate\":\"https:\/\/seipuntozero-haircare.it\/fr\/?s={search_term_string}\"},\"query-input\":{\"@type\":\"PropertyValueSpecification\",\"valueRequired\":true,\"valueName\":\"search_term_string\"}}],\"inLanguage\":\"fr-FR\"}]}<\/script>\n<!-- \/ Yoast SEO plugin. -->","yoast_head_json":{"title":"HY-PLEX N\u00b01 | Additif d\u00e9fensif pour prestations techniques","description":"HY-PLEX N\u00b01 : le fluide protecteur \u00e0 m\u00e9langer avec le produit technique pour r\u00e9aliser des colorations, d\u00e9colorations ou des permanentes.","robots":{"index":"index","follow":"follow","max-snippet":"max-snippet:-1","max-image-preview":"max-image-preview:large","max-video-preview":"max-video-preview:-1"},"canonical":"https:\/\/seipuntozero-haircare.it\/fr\/product\/selection-xy-masque-cheveux-abimes-copia-2\/","og_locale":"fr_FR","og_type":"article","og_title":"HY-PLEX N\u00b01 | Additif d\u00e9fensif pour prestations techniques","og_description":"HY-PLEX N\u00b01 : le fluide protecteur \u00e0 m\u00e9langer avec le produit technique pour r\u00e9aliser des colorations, d\u00e9colorations ou des permanentes.","og_url":"https:\/\/seipuntozero-haircare.it\/fr\/product\/selection-xy-masque-cheveux-abimes-copia-2\/","og_site_name":"6.Zero","article_modified_time":"2021-12-13T09:39:09+00:00","og_image":[{"width":600,"height":600,"url":"https:\/\/seipuntozero-haircare.it\/wp-content\/uploads\/2021\/11\/262960_sei_punto_zero_hy_plex_defense_additive_1_500ml.png","type":"image\/png"}],"twitter_card":"summary_large_image","twitter_misc":{"Dur\u00e9e de lecture estim\u00e9e":"1 minute"},"schema":{"@context":"https:\/\/schema.org","@graph":[{"@type":"WebPage","@id":"https:\/\/seipuntozero-haircare.it\/fr\/product\/selection-xy-masque-cheveux-abimes-copia-2\/","url":"https:\/\/seipuntozero-haircare.it\/fr\/product\/selection-xy-masque-cheveux-abimes-copia-2\/","name":"HY-PLEX N\u00b01 | Additif d\u00e9fensif pour prestations techniques","isPartOf":{"@id":"https:\/\/seipuntozero-haircare.it\/fr\/#website"},"primaryImageOfPage":{"@id":"https:\/\/seipuntozero-haircare.it\/fr\/product\/selection-xy-masque-cheveux-abimes-copia-2\/#primaryimage"},"image":{"@id":"https:\/\/seipuntozero-haircare.it\/fr\/product\/selection-xy-masque-cheveux-abimes-copia-2\/#primaryimage"},"thumbnailUrl":"https:\/\/seipuntozero-haircare.it\/wp-content\/uploads\/2021\/11\/262960_sei_punto_zero_hy_plex_defense_additive_1_500ml.png","datePublished":"2021-11-25T09:16:55+00:00","dateModified":"2021-12-13T09:39:09+00:00","description":"HY-PLEX N\u00b01 : le fluide protecteur \u00e0 m\u00e9langer avec le produit technique pour r\u00e9aliser des colorations, d\u00e9colorations ou des permanentes.","breadcrumb":{"@id":"https:\/\/seipuntozero-haircare.it\/fr\/product\/selection-xy-masque-cheveux-abimes-copia-2\/#breadcrumb"},"inLanguage":"fr-FR","potentialAction":[{"@type":"ReadAction","target":["https:\/\/seipuntozero-haircare.it\/fr\/product\/selection-xy-masque-cheveux-abimes-copia-2\/"]}]},{"@type":"ImageObject","inLanguage":"fr-FR","@id":"https:\/\/seipuntozero-haircare.it\/fr\/product\/selection-xy-masque-cheveux-abimes-copia-2\/#primaryimage","url":"https:\/\/seipuntozero-haircare.it\/wp-content\/uploads\/2021\/11\/262960_sei_punto_zero_hy_plex_defense_additive_1_500ml.png","contentUrl":"https:\/\/seipuntozero-haircare.it\/wp-content\/uploads\/2021\/11\/262960_sei_punto_zero_hy_plex_defense_additive_1_500ml.png","width":600,"height":600},{"@type":"BreadcrumbList","@id":"https:\/\/seipuntozero-haircare.it\/fr\/product\/selection-xy-masque-cheveux-abimes-copia-2\/#breadcrumb","itemListElement":[{"@type":"ListItem","position":1,"name":"Home","item":"https:\/\/seipuntozero-haircare.it\/fr\/"},{"@type":"ListItem","position":2,"name":"Products","item":"https:\/\/seipuntozero-haircare.it\/fr\/shop\/"},{"@type":"ListItem","position":3,"name":"HY-PLEX N\u00b01 Additif d\u00e9fensif pour prestations techniques"}]},{"@type":"WebSite","@id":"https:\/\/seipuntozero-haircare.it\/fr\/#website","url":"https:\/\/seipuntozero-haircare.it\/fr\/","name":"6.Zero","description":"Essential Touch","potentialAction":[{"@type":"SearchAction","target":{"@type":"EntryPoint","urlTemplate":"https:\/\/seipuntozero-haircare.it\/fr\/?s={search_term_string}"},"query-input":{"@type":"PropertyValueSpecification","valueRequired":true,"valueName":"search_term_string"}}],"inLanguage":"fr-FR"}]}},"_links":{"self":[{"href":"https:\/\/seipuntozero-haircare.it\/fr\/wp-json\/wp\/v2\/product\/19042","targetHints":{"allow":["GET"]}}],"collection":[{"href":"https:\/\/seipuntozero-haircare.it\/fr\/wp-json\/wp\/v2\/product"}],"about":[{"href":"https:\/\/seipuntozero-haircare.it\/fr\/wp-json\/wp\/v2\/types\/product"}],"wp:featuredmedia":[{"embeddable":true,"href":"https:\/\/seipuntozero-haircare.it\/fr\/wp-json\/wp\/v2\/media\/18983"}],"wp:attachment":[{"href":"https:\/\/seipuntozero-haircare.it\/fr\/wp-json\/wp\/v2\/media?parent=19042"}],"wp:term":[{"taxonomy":"product_brand","embeddable":true,"href":"https:\/\/seipuntozero-haircare.it\/fr\/wp-json\/wp\/v2\/product_brand?post=19042"},{"taxonomy":"product_cat","embeddable":true,"href":"https:\/\/seipuntozero-haircare.it\/fr\/wp-json\/wp\/v2\/product_cat?post=19042"},{"taxonomy":"product_tag","embeddable":true,"href":"https:\/\/seipuntozero-haircare.it\/fr\/wp-json\/wp\/v2\/product_tag?post=19042"}],"curies":[{"name":"wp","href":"https:\/\/api.w.org\/{rel}","templated":true}]}}