{"id":18451,"date":"2021-09-29T16:37:29","date_gmt":"2021-09-29T14:37:30","guid":{"rendered":"https:\/\/seipuntozero-haircare.it\/?post_type=product&#038;p=18451"},"modified":"2022-09-01T12:08:43","modified_gmt":"2022-09-01T10:08:43","slug":"take-over-active-power-shampooing-adjuvant-prevention-chute-copia","status":"publish","type":"product","link":"https:\/\/seipuntozero-haircare.it\/fr\/product\/take-over-active-power-shampooing-adjuvant-prevention-chute-copia\/","title":{"rendered":"TAKE OVER \u2013 ACTIVE POWER <br> Kit Anti-chute de cheveux avec Shampooing et Flacons"},"content":{"rendered":"<ul>\n<li><span style=\"font-weight: 400;\">Id\u00e9al pour les cheveux <\/span><b>\u00a0sujets \u00e0 la chute\u00a0<\/b><\/li>\n<li><span style=\"font-weight: 400;\">Tonifie et prot\u00e8ge le cuir chevelu<\/span><\/li>\n<li><span style=\"font-weight: 400;\">Donne un aspect sain et brillant aux cheveux<\/span><\/li>\n<li>Combat efficacement la fragilisation des cheveux<\/li>\n<li style=\"list-style-type: none;\"><\/li>\n<\/ul>\n","protected":false},"excerpt":{"rendered":"<p><span style=\"font-weight: 400;\">Le stress, les traitements cosm\u00e9tiques agressifs et la pollution de l&rsquo;environnement sont des facteurs qui\u00a0<\/span><span style=\"font-weight: 400;\">fragilisent les cheveux de l&rsquo;int\u00e9rieur et augmentent le <\/span><b>\u00a0risque de chute<\/b><span style=\"font-weight: 400;\">. <\/span><span style=\"font-weight: 400;\">Active Power <\/span><span style=\"font-weight: 400;\">Shampooing et Soin en flacons <\/span><b>\u00a0renforcent les cheveux cassants<\/b><span style=\"font-weight: 400;\">, gr\u00e2ce \u00e0 leur <\/span><b>action protectrice<\/b><span style=\"font-weight: 400;\"> et <\/span><b>\u00a0antioxydante <\/b><span style=\"font-weight: 400;\">, pour pr\u00e9venir la chute des cheveux.<\/span><span style=\"font-weight: 400;\">Les extraits v\u00e9g\u00e9taux et les vitamines pr\u00e9sents dans la formule poss\u00e8dent des propri\u00e9t\u00e9s tonifiantes et stimulantes qui conditionnent les cheveux et leur donnent un <\/span><b>\u00a0aspect sain et brillant<\/b><span style=\"font-weight: 400;\">.\u00a0<\/span><\/p>\n<p class=\"p1\">Le Kit se compose d&rsquo;un Shampooing adjuvant de 300 ml, d&rsquo;une bo\u00eete de 10 ampoules de 8 ml et d&rsquo;un Masseur du cuir chevelu pour r\u00e9activer la microcirculation et favoriser la croissance des cheveux.<\/p>\n","protected":false},"featured_media":19789,"template":"","meta":[],"product_brand":[],"product_cat":[605],"product_tag":[],"class_list":["post-18451","product","type-product","status-publish","has-post-thumbnail","hentry","product_cat-take-over-active-power-fr"],"yoast_head":"<!-- This site is optimized with the Yoast SEO plugin v27.1.1 - https:\/\/yoast.com\/product\/yoast-seo-wordpress\/ -->\n<title>TAKE OVER \u2013 ACTIVE POWER | Kit Anti-chute de cheveux avec Shampooing et Flacons<\/title>\n<meta name=\"description\" content=\"Active Power Shampooing et Soin en flacons \u00a0renforcent les cheveux cassants, gr\u00e2ce \u00e0 leur action protectrice et \u00a0antioxydante , pour pr\u00e9venir la chute des cheveux.\" \/>\n<meta name=\"robots\" content=\"index, follow, max-snippet:-1, max-image-preview:large, max-video-preview:-1\" \/>\n<link rel=\"canonical\" href=\"https:\/\/seipuntozero-haircare.it\/fr\/product\/take-over-active-power-shampooing-adjuvant-prevention-chute-copia\/\" \/>\n<meta property=\"og:locale\" content=\"fr_FR\" \/>\n<meta property=\"og:type\" content=\"article\" \/>\n<meta property=\"og:title\" content=\"TAKE OVER \u2013 ACTIVE POWER | Kit Anti-chute de cheveux avec Shampooing et Flacons\" \/>\n<meta property=\"og:description\" content=\"Active Power Shampooing et Soin en flacons \u00a0renforcent les cheveux cassants, gr\u00e2ce \u00e0 leur action protectrice et \u00a0antioxydante , pour pr\u00e9venir la chute des cheveux.\" \/>\n<meta property=\"og:url\" content=\"https:\/\/seipuntozero-haircare.it\/fr\/product\/take-over-active-power-shampooing-adjuvant-prevention-chute-copia\/\" \/>\n<meta property=\"og:site_name\" content=\"6.Zero\" \/>\n<meta property=\"article:modified_time\" content=\"2022-09-01T10:08:43+00:00\" \/>\n<meta property=\"og:image\" content=\"https:\/\/seipuntozero-haircare.it\/wp-content\/uploads\/2021\/09\/sei_punto_zero_take_over_kit_active_power_massaggiatore.png\" \/>\n\t<meta property=\"og:image:width\" content=\"600\" \/>\n\t<meta property=\"og:image:height\" content=\"600\" \/>\n\t<meta property=\"og:image:type\" content=\"image\/png\" \/>\n<meta name=\"twitter:card\" content=\"summary_large_image\" \/>\n<meta name=\"twitter:label1\" content=\"Dur\u00e9e de lecture estim\u00e9e\" \/>\n\t<meta name=\"twitter:data1\" content=\"1 minute\" \/>\n<script type=\"application\/ld+json\" class=\"yoast-schema-graph\">{\"@context\":\"https:\/\/schema.org\",\"@graph\":[{\"@type\":\"WebPage\",\"@id\":\"https:\/\/seipuntozero-haircare.it\/fr\/product\/take-over-active-power-shampooing-adjuvant-prevention-chute-copia\/\",\"url\":\"https:\/\/seipuntozero-haircare.it\/fr\/product\/take-over-active-power-shampooing-adjuvant-prevention-chute-copia\/\",\"name\":\"TAKE OVER \u2013 ACTIVE POWER | Kit Anti-chute de cheveux avec Shampooing et Flacons\",\"isPartOf\":{\"@id\":\"https:\/\/seipuntozero-haircare.it\/fr\/#website\"},\"primaryImageOfPage\":{\"@id\":\"https:\/\/seipuntozero-haircare.it\/fr\/product\/take-over-active-power-shampooing-adjuvant-prevention-chute-copia\/#primaryimage\"},\"image\":{\"@id\":\"https:\/\/seipuntozero-haircare.it\/fr\/product\/take-over-active-power-shampooing-adjuvant-prevention-chute-copia\/#primaryimage\"},\"thumbnailUrl\":\"https:\/\/seipuntozero-haircare.it\/wp-content\/uploads\/2021\/09\/sei_punto_zero_take_over_kit_active_power_massaggiatore.png\",\"datePublished\":\"2021-09-29T14:37:30+00:00\",\"dateModified\":\"2022-09-01T10:08:43+00:00\",\"description\":\"Active Power Shampooing et Soin en flacons \u00a0renforcent les cheveux cassants, gr\u00e2ce \u00e0 leur action protectrice et \u00a0antioxydante , pour pr\u00e9venir la chute des cheveux.\",\"breadcrumb\":{\"@id\":\"https:\/\/seipuntozero-haircare.it\/fr\/product\/take-over-active-power-shampooing-adjuvant-prevention-chute-copia\/#breadcrumb\"},\"inLanguage\":\"fr-FR\",\"potentialAction\":[{\"@type\":\"ReadAction\",\"target\":[\"https:\/\/seipuntozero-haircare.it\/fr\/product\/take-over-active-power-shampooing-adjuvant-prevention-chute-copia\/\"]}]},{\"@type\":\"ImageObject\",\"inLanguage\":\"fr-FR\",\"@id\":\"https:\/\/seipuntozero-haircare.it\/fr\/product\/take-over-active-power-shampooing-adjuvant-prevention-chute-copia\/#primaryimage\",\"url\":\"https:\/\/seipuntozero-haircare.it\/wp-content\/uploads\/2021\/09\/sei_punto_zero_take_over_kit_active_power_massaggiatore.png\",\"contentUrl\":\"https:\/\/seipuntozero-haircare.it\/wp-content\/uploads\/2021\/09\/sei_punto_zero_take_over_kit_active_power_massaggiatore.png\",\"width\":600,\"height\":600},{\"@type\":\"BreadcrumbList\",\"@id\":\"https:\/\/seipuntozero-haircare.it\/fr\/product\/take-over-active-power-shampooing-adjuvant-prevention-chute-copia\/#breadcrumb\",\"itemListElement\":[{\"@type\":\"ListItem\",\"position\":1,\"name\":\"Home\",\"item\":\"https:\/\/seipuntozero-haircare.it\/fr\/\"},{\"@type\":\"ListItem\",\"position\":2,\"name\":\"Products\",\"item\":\"https:\/\/seipuntozero-haircare.it\/fr\/shop\/\"},{\"@type\":\"ListItem\",\"position\":3,\"name\":\"TAKE OVER \u2013 ACTIVE POWER Kit Anti-chute de cheveux avec Shampooing et Flacons\"}]},{\"@type\":\"WebSite\",\"@id\":\"https:\/\/seipuntozero-haircare.it\/fr\/#website\",\"url\":\"https:\/\/seipuntozero-haircare.it\/fr\/\",\"name\":\"6.Zero\",\"description\":\"Essential Touch\",\"potentialAction\":[{\"@type\":\"SearchAction\",\"target\":{\"@type\":\"EntryPoint\",\"urlTemplate\":\"https:\/\/seipuntozero-haircare.it\/fr\/?s={search_term_string}\"},\"query-input\":{\"@type\":\"PropertyValueSpecification\",\"valueRequired\":true,\"valueName\":\"search_term_string\"}}],\"inLanguage\":\"fr-FR\"}]}<\/script>\n<!-- \/ Yoast SEO plugin. -->","yoast_head_json":{"title":"TAKE OVER \u2013 ACTIVE POWER | Kit Anti-chute de cheveux avec Shampooing et Flacons","description":"Active Power Shampooing et Soin en flacons \u00a0renforcent les cheveux cassants, gr\u00e2ce \u00e0 leur action protectrice et \u00a0antioxydante , pour pr\u00e9venir la chute des cheveux.","robots":{"index":"index","follow":"follow","max-snippet":"max-snippet:-1","max-image-preview":"max-image-preview:large","max-video-preview":"max-video-preview:-1"},"canonical":"https:\/\/seipuntozero-haircare.it\/fr\/product\/take-over-active-power-shampooing-adjuvant-prevention-chute-copia\/","og_locale":"fr_FR","og_type":"article","og_title":"TAKE OVER \u2013 ACTIVE POWER | Kit Anti-chute de cheveux avec Shampooing et Flacons","og_description":"Active Power Shampooing et Soin en flacons \u00a0renforcent les cheveux cassants, gr\u00e2ce \u00e0 leur action protectrice et \u00a0antioxydante , pour pr\u00e9venir la chute des cheveux.","og_url":"https:\/\/seipuntozero-haircare.it\/fr\/product\/take-over-active-power-shampooing-adjuvant-prevention-chute-copia\/","og_site_name":"6.Zero","article_modified_time":"2022-09-01T10:08:43+00:00","og_image":[{"width":600,"height":600,"url":"https:\/\/seipuntozero-haircare.it\/wp-content\/uploads\/2021\/09\/sei_punto_zero_take_over_kit_active_power_massaggiatore.png","type":"image\/png"}],"twitter_card":"summary_large_image","twitter_misc":{"Dur\u00e9e de lecture estim\u00e9e":"1 minute"},"schema":{"@context":"https:\/\/schema.org","@graph":[{"@type":"WebPage","@id":"https:\/\/seipuntozero-haircare.it\/fr\/product\/take-over-active-power-shampooing-adjuvant-prevention-chute-copia\/","url":"https:\/\/seipuntozero-haircare.it\/fr\/product\/take-over-active-power-shampooing-adjuvant-prevention-chute-copia\/","name":"TAKE OVER \u2013 ACTIVE POWER | Kit Anti-chute de cheveux avec Shampooing et Flacons","isPartOf":{"@id":"https:\/\/seipuntozero-haircare.it\/fr\/#website"},"primaryImageOfPage":{"@id":"https:\/\/seipuntozero-haircare.it\/fr\/product\/take-over-active-power-shampooing-adjuvant-prevention-chute-copia\/#primaryimage"},"image":{"@id":"https:\/\/seipuntozero-haircare.it\/fr\/product\/take-over-active-power-shampooing-adjuvant-prevention-chute-copia\/#primaryimage"},"thumbnailUrl":"https:\/\/seipuntozero-haircare.it\/wp-content\/uploads\/2021\/09\/sei_punto_zero_take_over_kit_active_power_massaggiatore.png","datePublished":"2021-09-29T14:37:30+00:00","dateModified":"2022-09-01T10:08:43+00:00","description":"Active Power Shampooing et Soin en flacons \u00a0renforcent les cheveux cassants, gr\u00e2ce \u00e0 leur action protectrice et \u00a0antioxydante , pour pr\u00e9venir la chute des cheveux.","breadcrumb":{"@id":"https:\/\/seipuntozero-haircare.it\/fr\/product\/take-over-active-power-shampooing-adjuvant-prevention-chute-copia\/#breadcrumb"},"inLanguage":"fr-FR","potentialAction":[{"@type":"ReadAction","target":["https:\/\/seipuntozero-haircare.it\/fr\/product\/take-over-active-power-shampooing-adjuvant-prevention-chute-copia\/"]}]},{"@type":"ImageObject","inLanguage":"fr-FR","@id":"https:\/\/seipuntozero-haircare.it\/fr\/product\/take-over-active-power-shampooing-adjuvant-prevention-chute-copia\/#primaryimage","url":"https:\/\/seipuntozero-haircare.it\/wp-content\/uploads\/2021\/09\/sei_punto_zero_take_over_kit_active_power_massaggiatore.png","contentUrl":"https:\/\/seipuntozero-haircare.it\/wp-content\/uploads\/2021\/09\/sei_punto_zero_take_over_kit_active_power_massaggiatore.png","width":600,"height":600},{"@type":"BreadcrumbList","@id":"https:\/\/seipuntozero-haircare.it\/fr\/product\/take-over-active-power-shampooing-adjuvant-prevention-chute-copia\/#breadcrumb","itemListElement":[{"@type":"ListItem","position":1,"name":"Home","item":"https:\/\/seipuntozero-haircare.it\/fr\/"},{"@type":"ListItem","position":2,"name":"Products","item":"https:\/\/seipuntozero-haircare.it\/fr\/shop\/"},{"@type":"ListItem","position":3,"name":"TAKE OVER \u2013 ACTIVE POWER Kit Anti-chute de cheveux avec Shampooing et Flacons"}]},{"@type":"WebSite","@id":"https:\/\/seipuntozero-haircare.it\/fr\/#website","url":"https:\/\/seipuntozero-haircare.it\/fr\/","name":"6.Zero","description":"Essential Touch","potentialAction":[{"@type":"SearchAction","target":{"@type":"EntryPoint","urlTemplate":"https:\/\/seipuntozero-haircare.it\/fr\/?s={search_term_string}"},"query-input":{"@type":"PropertyValueSpecification","valueRequired":true,"valueName":"search_term_string"}}],"inLanguage":"fr-FR"}]}},"_links":{"self":[{"href":"https:\/\/seipuntozero-haircare.it\/fr\/wp-json\/wp\/v2\/product\/18451","targetHints":{"allow":["GET"]}}],"collection":[{"href":"https:\/\/seipuntozero-haircare.it\/fr\/wp-json\/wp\/v2\/product"}],"about":[{"href":"https:\/\/seipuntozero-haircare.it\/fr\/wp-json\/wp\/v2\/types\/product"}],"wp:featuredmedia":[{"embeddable":true,"href":"https:\/\/seipuntozero-haircare.it\/fr\/wp-json\/wp\/v2\/media\/19789"}],"wp:attachment":[{"href":"https:\/\/seipuntozero-haircare.it\/fr\/wp-json\/wp\/v2\/media?parent=18451"}],"wp:term":[{"taxonomy":"product_brand","embeddable":true,"href":"https:\/\/seipuntozero-haircare.it\/fr\/wp-json\/wp\/v2\/product_brand?post=18451"},{"taxonomy":"product_cat","embeddable":true,"href":"https:\/\/seipuntozero-haircare.it\/fr\/wp-json\/wp\/v2\/product_cat?post=18451"},{"taxonomy":"product_tag","embeddable":true,"href":"https:\/\/seipuntozero-haircare.it\/fr\/wp-json\/wp\/v2\/product_tag?post=18451"}],"curies":[{"name":"wp","href":"https:\/\/api.w.org\/{rel}","templated":true}]}}