{"id":15229,"date":"2017-03-15T14:33:35","date_gmt":"2017-03-15T13:33:35","guid":{"rendered":"https:\/\/seipuntozero-haircare.it\/prodotto\/ondulant-cosmetique-pour-cheveux-colores\/"},"modified":"2021-06-09T11:37:57","modified_gmt":"2021-06-09T09:37:57","slug":"ondulant-cosmetique-pour-cheveux-colores","status":"publish","type":"product","link":"https:\/\/seipuntozero-haircare.it\/fr\/product\/ondulant-cosmetique-pour-cheveux-colores\/","title":{"rendered":"Ondulant cosm\u00e9tique pour cheveux color\u00e9s"},"content":{"rendered":"<ul>\n<li>D\u00e9finit les boucles et cr\u00e9e une <strong>ondulation parfaite<\/strong><\/li>\n<li>Les cheveux color\u00e9s sont plus <strong>doux et volumineux<\/strong><\/li>\n<li>Combat l\u2019<strong>effet cr\u00e9pu<\/strong><\/li>\n<\/ul>\n","protected":false},"excerpt":{"rendered":"<p><strong>Ondulant cosm\u00e9tique pour <\/strong>cheveux color\u00e9s avec Cyst\u00e9amine, <strong>sans ammoniaque et sans thioglycolates<\/strong>. Il cr\u00e9e des <strong>boucles volumineuses et \u00e9lastiques<\/strong>, assurant une parfaite ondulation tout en respectant la fibre capillaire. Les boucles sont souples, naturelles et durables. Gr\u00e2ce \u00e0 l\u2019application de l\u2019<strong>ondulant cosm\u00e9tique<\/strong>, les cheveux color\u00e9s sont dociles au toucher, pleins de volume, lumineux et sans effet cr\u00e9pu.<\/p>\n<p>Usage professionnel<\/p>\n<p>Flacon 250 ml<\/p>\n","protected":false},"featured_media":18076,"template":"","meta":[],"product_brand":[],"product_cat":[611],"product_tag":[],"class_list":["post-15229","product","type-product","status-publish","has-post-thumbnail","hentry","product_cat-texture-fr"],"yoast_head":"<!-- This site is optimized with the Yoast SEO plugin v27.1.1 - https:\/\/yoast.com\/product\/yoast-seo-wordpress\/ -->\n<title>Ondulant cosm\u00e9tique pour cheveux color\u00e9s - 6.Zero<\/title>\n<meta name=\"description\" content=\"Ondulant cosm\u00e9tique pour cheveux color\u00e9s avec Cyst\u00e9amine, sans ammoniaque et sans thioglycolates. Il cr\u00e9e des boucles volumineuses et \u00e9lastiques, assurant une parfaite ondulation tout en respectant la fibre capillaire. Les boucles sont souples, naturelles et durables.\" \/>\n<meta name=\"robots\" content=\"index, follow, max-snippet:-1, max-image-preview:large, max-video-preview:-1\" \/>\n<link rel=\"canonical\" href=\"https:\/\/seipuntozero-haircare.it\/fr\/product\/ondulant-cosmetique-pour-cheveux-colores\/\" \/>\n<meta property=\"og:locale\" content=\"fr_FR\" \/>\n<meta property=\"og:type\" content=\"article\" \/>\n<meta property=\"og:title\" content=\"Ondulant cosm\u00e9tique pour cheveux color\u00e9s - 6.Zero\" \/>\n<meta property=\"og:description\" content=\"Ondulant cosm\u00e9tique pour cheveux color\u00e9s avec Cyst\u00e9amine, sans ammoniaque et sans thioglycolates. Il cr\u00e9e des boucles volumineuses et \u00e9lastiques, assurant une parfaite ondulation tout en respectant la fibre capillaire. Les boucles sont souples, naturelles et durables.\" \/>\n<meta property=\"og:url\" content=\"https:\/\/seipuntozero-haircare.it\/fr\/product\/ondulant-cosmetique-pour-cheveux-colores\/\" \/>\n<meta property=\"og:site_name\" content=\"6.Zero\" \/>\n<meta property=\"article:modified_time\" content=\"2021-06-09T09:37:57+00:00\" \/>\n<meta property=\"og:image\" content=\"https:\/\/seipuntozero-haircare.it\/wp-content\/uploads\/2021\/09\/262113_sei_punto_zero_cosmetic_waving_lotion_for_coloured_hair_250ml.png\" \/>\n\t<meta property=\"og:image:width\" content=\"600\" \/>\n\t<meta property=\"og:image:height\" content=\"600\" \/>\n\t<meta property=\"og:image:type\" content=\"image\/png\" \/>\n<meta name=\"twitter:card\" content=\"summary_large_image\" \/>\n<meta name=\"twitter:label1\" content=\"Dur\u00e9e de lecture estim\u00e9e\" \/>\n\t<meta name=\"twitter:data1\" content=\"1 minute\" \/>\n<script type=\"application\/ld+json\" class=\"yoast-schema-graph\">{\"@context\":\"https:\/\/schema.org\",\"@graph\":[{\"@type\":\"WebPage\",\"@id\":\"https:\/\/seipuntozero-haircare.it\/fr\/product\/ondulant-cosmetique-pour-cheveux-colores\/\",\"url\":\"https:\/\/seipuntozero-haircare.it\/fr\/product\/ondulant-cosmetique-pour-cheveux-colores\/\",\"name\":\"Ondulant cosm\u00e9tique pour cheveux color\u00e9s - 6.Zero\",\"isPartOf\":{\"@id\":\"https:\/\/seipuntozero-haircare.it\/fr\/#website\"},\"primaryImageOfPage\":{\"@id\":\"https:\/\/seipuntozero-haircare.it\/fr\/product\/ondulant-cosmetique-pour-cheveux-colores\/#primaryimage\"},\"image\":{\"@id\":\"https:\/\/seipuntozero-haircare.it\/fr\/product\/ondulant-cosmetique-pour-cheveux-colores\/#primaryimage\"},\"thumbnailUrl\":\"https:\/\/seipuntozero-haircare.it\/wp-content\/uploads\/2021\/09\/262113_sei_punto_zero_cosmetic_waving_lotion_for_coloured_hair_250ml.png\",\"datePublished\":\"2017-03-15T13:33:35+00:00\",\"dateModified\":\"2021-06-09T09:37:57+00:00\",\"description\":\"Ondulant cosm\u00e9tique pour cheveux color\u00e9s avec Cyst\u00e9amine, sans ammoniaque et sans thioglycolates. Il cr\u00e9e des boucles volumineuses et \u00e9lastiques, assurant une parfaite ondulation tout en respectant la fibre capillaire. Les boucles sont souples, naturelles et durables.\",\"breadcrumb\":{\"@id\":\"https:\/\/seipuntozero-haircare.it\/fr\/product\/ondulant-cosmetique-pour-cheveux-colores\/#breadcrumb\"},\"inLanguage\":\"fr-FR\",\"potentialAction\":[{\"@type\":\"ReadAction\",\"target\":[\"https:\/\/seipuntozero-haircare.it\/fr\/product\/ondulant-cosmetique-pour-cheveux-colores\/\"]}]},{\"@type\":\"ImageObject\",\"inLanguage\":\"fr-FR\",\"@id\":\"https:\/\/seipuntozero-haircare.it\/fr\/product\/ondulant-cosmetique-pour-cheveux-colores\/#primaryimage\",\"url\":\"https:\/\/seipuntozero-haircare.it\/wp-content\/uploads\/2021\/09\/262113_sei_punto_zero_cosmetic_waving_lotion_for_coloured_hair_250ml.png\",\"contentUrl\":\"https:\/\/seipuntozero-haircare.it\/wp-content\/uploads\/2021\/09\/262113_sei_punto_zero_cosmetic_waving_lotion_for_coloured_hair_250ml.png\",\"width\":600,\"height\":600,\"caption\":\"Ondulante cosmetico per capelli colorati\"},{\"@type\":\"BreadcrumbList\",\"@id\":\"https:\/\/seipuntozero-haircare.it\/fr\/product\/ondulant-cosmetique-pour-cheveux-colores\/#breadcrumb\",\"itemListElement\":[{\"@type\":\"ListItem\",\"position\":1,\"name\":\"Home\",\"item\":\"https:\/\/seipuntozero-haircare.it\/fr\/\"},{\"@type\":\"ListItem\",\"position\":2,\"name\":\"Products\",\"item\":\"https:\/\/seipuntozero-haircare.it\/fr\/shop\/\"},{\"@type\":\"ListItem\",\"position\":3,\"name\":\"Ondulant cosm\u00e9tique pour cheveux color\u00e9s\"}]},{\"@type\":\"WebSite\",\"@id\":\"https:\/\/seipuntozero-haircare.it\/fr\/#website\",\"url\":\"https:\/\/seipuntozero-haircare.it\/fr\/\",\"name\":\"6.Zero\",\"description\":\"Essential Touch\",\"potentialAction\":[{\"@type\":\"SearchAction\",\"target\":{\"@type\":\"EntryPoint\",\"urlTemplate\":\"https:\/\/seipuntozero-haircare.it\/fr\/?s={search_term_string}\"},\"query-input\":{\"@type\":\"PropertyValueSpecification\",\"valueRequired\":true,\"valueName\":\"search_term_string\"}}],\"inLanguage\":\"fr-FR\"}]}<\/script>\n<!-- \/ Yoast SEO plugin. -->","yoast_head_json":{"title":"Ondulant cosm\u00e9tique pour cheveux color\u00e9s - 6.Zero","description":"Ondulant cosm\u00e9tique pour cheveux color\u00e9s avec Cyst\u00e9amine, sans ammoniaque et sans thioglycolates. Il cr\u00e9e des boucles volumineuses et \u00e9lastiques, assurant une parfaite ondulation tout en respectant la fibre capillaire. Les boucles sont souples, naturelles et durables.","robots":{"index":"index","follow":"follow","max-snippet":"max-snippet:-1","max-image-preview":"max-image-preview:large","max-video-preview":"max-video-preview:-1"},"canonical":"https:\/\/seipuntozero-haircare.it\/fr\/product\/ondulant-cosmetique-pour-cheveux-colores\/","og_locale":"fr_FR","og_type":"article","og_title":"Ondulant cosm\u00e9tique pour cheveux color\u00e9s - 6.Zero","og_description":"Ondulant cosm\u00e9tique pour cheveux color\u00e9s avec Cyst\u00e9amine, sans ammoniaque et sans thioglycolates. Il cr\u00e9e des boucles volumineuses et \u00e9lastiques, assurant une parfaite ondulation tout en respectant la fibre capillaire. Les boucles sont souples, naturelles et durables.","og_url":"https:\/\/seipuntozero-haircare.it\/fr\/product\/ondulant-cosmetique-pour-cheveux-colores\/","og_site_name":"6.Zero","article_modified_time":"2021-06-09T09:37:57+00:00","og_image":[{"width":600,"height":600,"url":"https:\/\/seipuntozero-haircare.it\/wp-content\/uploads\/2021\/09\/262113_sei_punto_zero_cosmetic_waving_lotion_for_coloured_hair_250ml.png","type":"image\/png"}],"twitter_card":"summary_large_image","twitter_misc":{"Dur\u00e9e de lecture estim\u00e9e":"1 minute"},"schema":{"@context":"https:\/\/schema.org","@graph":[{"@type":"WebPage","@id":"https:\/\/seipuntozero-haircare.it\/fr\/product\/ondulant-cosmetique-pour-cheveux-colores\/","url":"https:\/\/seipuntozero-haircare.it\/fr\/product\/ondulant-cosmetique-pour-cheveux-colores\/","name":"Ondulant cosm\u00e9tique pour cheveux color\u00e9s - 6.Zero","isPartOf":{"@id":"https:\/\/seipuntozero-haircare.it\/fr\/#website"},"primaryImageOfPage":{"@id":"https:\/\/seipuntozero-haircare.it\/fr\/product\/ondulant-cosmetique-pour-cheveux-colores\/#primaryimage"},"image":{"@id":"https:\/\/seipuntozero-haircare.it\/fr\/product\/ondulant-cosmetique-pour-cheveux-colores\/#primaryimage"},"thumbnailUrl":"https:\/\/seipuntozero-haircare.it\/wp-content\/uploads\/2021\/09\/262113_sei_punto_zero_cosmetic_waving_lotion_for_coloured_hair_250ml.png","datePublished":"2017-03-15T13:33:35+00:00","dateModified":"2021-06-09T09:37:57+00:00","description":"Ondulant cosm\u00e9tique pour cheveux color\u00e9s avec Cyst\u00e9amine, sans ammoniaque et sans thioglycolates. Il cr\u00e9e des boucles volumineuses et \u00e9lastiques, assurant une parfaite ondulation tout en respectant la fibre capillaire. Les boucles sont souples, naturelles et durables.","breadcrumb":{"@id":"https:\/\/seipuntozero-haircare.it\/fr\/product\/ondulant-cosmetique-pour-cheveux-colores\/#breadcrumb"},"inLanguage":"fr-FR","potentialAction":[{"@type":"ReadAction","target":["https:\/\/seipuntozero-haircare.it\/fr\/product\/ondulant-cosmetique-pour-cheveux-colores\/"]}]},{"@type":"ImageObject","inLanguage":"fr-FR","@id":"https:\/\/seipuntozero-haircare.it\/fr\/product\/ondulant-cosmetique-pour-cheveux-colores\/#primaryimage","url":"https:\/\/seipuntozero-haircare.it\/wp-content\/uploads\/2021\/09\/262113_sei_punto_zero_cosmetic_waving_lotion_for_coloured_hair_250ml.png","contentUrl":"https:\/\/seipuntozero-haircare.it\/wp-content\/uploads\/2021\/09\/262113_sei_punto_zero_cosmetic_waving_lotion_for_coloured_hair_250ml.png","width":600,"height":600,"caption":"Ondulante cosmetico per capelli colorati"},{"@type":"BreadcrumbList","@id":"https:\/\/seipuntozero-haircare.it\/fr\/product\/ondulant-cosmetique-pour-cheveux-colores\/#breadcrumb","itemListElement":[{"@type":"ListItem","position":1,"name":"Home","item":"https:\/\/seipuntozero-haircare.it\/fr\/"},{"@type":"ListItem","position":2,"name":"Products","item":"https:\/\/seipuntozero-haircare.it\/fr\/shop\/"},{"@type":"ListItem","position":3,"name":"Ondulant cosm\u00e9tique pour cheveux color\u00e9s"}]},{"@type":"WebSite","@id":"https:\/\/seipuntozero-haircare.it\/fr\/#website","url":"https:\/\/seipuntozero-haircare.it\/fr\/","name":"6.Zero","description":"Essential Touch","potentialAction":[{"@type":"SearchAction","target":{"@type":"EntryPoint","urlTemplate":"https:\/\/seipuntozero-haircare.it\/fr\/?s={search_term_string}"},"query-input":{"@type":"PropertyValueSpecification","valueRequired":true,"valueName":"search_term_string"}}],"inLanguage":"fr-FR"}]}},"_links":{"self":[{"href":"https:\/\/seipuntozero-haircare.it\/fr\/wp-json\/wp\/v2\/product\/15229","targetHints":{"allow":["GET"]}}],"collection":[{"href":"https:\/\/seipuntozero-haircare.it\/fr\/wp-json\/wp\/v2\/product"}],"about":[{"href":"https:\/\/seipuntozero-haircare.it\/fr\/wp-json\/wp\/v2\/types\/product"}],"wp:featuredmedia":[{"embeddable":true,"href":"https:\/\/seipuntozero-haircare.it\/fr\/wp-json\/wp\/v2\/media\/18076"}],"wp:attachment":[{"href":"https:\/\/seipuntozero-haircare.it\/fr\/wp-json\/wp\/v2\/media?parent=15229"}],"wp:term":[{"taxonomy":"product_brand","embeddable":true,"href":"https:\/\/seipuntozero-haircare.it\/fr\/wp-json\/wp\/v2\/product_brand?post=15229"},{"taxonomy":"product_cat","embeddable":true,"href":"https:\/\/seipuntozero-haircare.it\/fr\/wp-json\/wp\/v2\/product_cat?post=15229"},{"taxonomy":"product_tag","embeddable":true,"href":"https:\/\/seipuntozero-haircare.it\/fr\/wp-json\/wp\/v2\/product_tag?post=15229"}],"curies":[{"name":"wp","href":"https:\/\/api.w.org\/{rel}","templated":true}]}}