{"id":15222,"date":"2017-03-15T14:17:26","date_gmt":"2017-03-15T13:17:26","guid":{"rendered":"https:\/\/seipuntozero-haircare.it\/prodotto\/emulsion-oxydante-parfumee-20-volumes-2\/"},"modified":"2021-06-09T11:47:13","modified_gmt":"2021-06-09T09:47:13","slug":"emulsion-oxydante-parfumee-20-volumes-2","status":"publish","type":"product","link":"https:\/\/seipuntozero-haircare.it\/fr\/product\/emulsion-oxydante-parfumee-20-volumes-2\/","title":{"rendered":"\u00c9mulsion oxydante parfum\u00e9e 20 volumes"},"content":{"rendered":"<ul>\n<li>Indispensable pour <strong>effectuer des colorations ou des d\u00e9colorations<\/strong><\/li>\n<li>Formule <strong>extr\u00eamement stable<\/strong><\/li>\n<li>Pr\u00e9serve l\u2019<strong>hydratation <\/strong>et la<strong> luminosit\u00e9 <\/strong>du cheveu<\/li>\n<\/ul>\n","protected":false},"excerpt":{"rendered":"<p><strong>L\u2019\u00c9mulsion oxydante<\/strong> cr\u00e9meuse et d\u00e9licatement parfum\u00e9e est le compl\u00e9ment id\u00e9al de la coloration 6.Zero, car elle exalte ses caract\u00e9ristiques et exerce une action <strong>conditionnante et protectrice<\/strong> qui <strong>pr\u00e9serve <\/strong>l\u2019<strong>hydratation <\/strong>et la<strong> luminosit\u00e9<\/strong> du cheveu pendant les traitements. Caract\u00e9ris\u00e9e par une forte stabilit\u00e9, l\u2019\u00e9mulsion oxydante 6.Zero permet de <strong>colorer ou de d\u00e9colorer<\/strong> en toute libert\u00e9 et dans le plus grand respect de la <strong>fibre capillaire<\/strong>.<\/p>\n<p>Usage professionnel<\/p>\n<p>20 volumes<\/p>\n<p>Flacon 200 ml<\/p>\n","protected":false},"featured_media":18064,"template":"","meta":[],"product_brand":[],"product_cat":[609],"product_tag":[],"class_list":["post-15222","product","type-product","status-publish","has-post-thumbnail","hentry","product_cat-oxidation-fr"],"yoast_head":"<!-- This site is optimized with the Yoast SEO plugin v27.1.1 - https:\/\/yoast.com\/product\/yoast-seo-wordpress\/ -->\n<title>\u00c9mulsion oxydante parfum\u00e9e 20 volumes - 6.Zero<\/title>\n<meta name=\"description\" content=\"L\u2019\u00c9mulsion oxydante cr\u00e9meuse et d\u00e9licatement parfum\u00e9e est le compl\u00e9ment id\u00e9al de la coloration 6.0, car elle exalte ses caract\u00e9ristiques et exerce une action conditionnante et protectrice qui pr\u00e9serve l\u2019hydratation et la luminosit\u00e9 du cheveu pendant les traitements.\" \/>\n<meta name=\"robots\" content=\"index, follow, max-snippet:-1, max-image-preview:large, max-video-preview:-1\" \/>\n<link rel=\"canonical\" href=\"https:\/\/seipuntozero-haircare.it\/fr\/product\/emulsion-oxydante-parfumee-20-volumes-2\/\" \/>\n<meta property=\"og:locale\" content=\"fr_FR\" \/>\n<meta property=\"og:type\" content=\"article\" \/>\n<meta property=\"og:title\" content=\"\u00c9mulsion oxydante parfum\u00e9e 20 volumes - 6.Zero\" \/>\n<meta property=\"og:description\" content=\"L\u2019\u00c9mulsion oxydante cr\u00e9meuse et d\u00e9licatement parfum\u00e9e est le compl\u00e9ment id\u00e9al de la coloration 6.0, car elle exalte ses caract\u00e9ristiques et exerce une action conditionnante et protectrice qui pr\u00e9serve l\u2019hydratation et la luminosit\u00e9 du cheveu pendant les traitements.\" \/>\n<meta property=\"og:url\" content=\"https:\/\/seipuntozero-haircare.it\/fr\/product\/emulsion-oxydante-parfumee-20-volumes-2\/\" \/>\n<meta property=\"og:site_name\" content=\"6.Zero\" \/>\n<meta property=\"article:modified_time\" content=\"2021-06-09T09:47:13+00:00\" \/>\n<meta property=\"og:image\" content=\"https:\/\/seipuntozero-haircare.it\/wp-content\/uploads\/2017\/03\/262052_sei_punto_zero_oxidizing_emulsion_20vol_200ml-1.png\" \/>\n\t<meta property=\"og:image:width\" content=\"600\" \/>\n\t<meta property=\"og:image:height\" content=\"600\" \/>\n\t<meta property=\"og:image:type\" content=\"image\/png\" \/>\n<meta name=\"twitter:card\" content=\"summary_large_image\" \/>\n<meta name=\"twitter:label1\" content=\"Dur\u00e9e de lecture estim\u00e9e\" \/>\n\t<meta name=\"twitter:data1\" content=\"1 minute\" \/>\n<script type=\"application\/ld+json\" class=\"yoast-schema-graph\">{\"@context\":\"https:\/\/schema.org\",\"@graph\":[{\"@type\":\"WebPage\",\"@id\":\"https:\/\/seipuntozero-haircare.it\/fr\/product\/emulsion-oxydante-parfumee-20-volumes-2\/\",\"url\":\"https:\/\/seipuntozero-haircare.it\/fr\/product\/emulsion-oxydante-parfumee-20-volumes-2\/\",\"name\":\"\u00c9mulsion oxydante parfum\u00e9e 20 volumes - 6.Zero\",\"isPartOf\":{\"@id\":\"https:\/\/seipuntozero-haircare.it\/fr\/#website\"},\"primaryImageOfPage\":{\"@id\":\"https:\/\/seipuntozero-haircare.it\/fr\/product\/emulsion-oxydante-parfumee-20-volumes-2\/#primaryimage\"},\"image\":{\"@id\":\"https:\/\/seipuntozero-haircare.it\/fr\/product\/emulsion-oxydante-parfumee-20-volumes-2\/#primaryimage\"},\"thumbnailUrl\":\"https:\/\/seipuntozero-haircare.it\/wp-content\/uploads\/2017\/03\/262052_sei_punto_zero_oxidizing_emulsion_20vol_200ml-1.png\",\"datePublished\":\"2017-03-15T13:17:26+00:00\",\"dateModified\":\"2021-06-09T09:47:13+00:00\",\"description\":\"L\u2019\u00c9mulsion oxydante cr\u00e9meuse et d\u00e9licatement parfum\u00e9e est le compl\u00e9ment id\u00e9al de la coloration 6.0, car elle exalte ses caract\u00e9ristiques et exerce une action conditionnante et protectrice qui pr\u00e9serve l\u2019hydratation et la luminosit\u00e9 du cheveu pendant les traitements.\",\"breadcrumb\":{\"@id\":\"https:\/\/seipuntozero-haircare.it\/fr\/product\/emulsion-oxydante-parfumee-20-volumes-2\/#breadcrumb\"},\"inLanguage\":\"fr-FR\",\"potentialAction\":[{\"@type\":\"ReadAction\",\"target\":[\"https:\/\/seipuntozero-haircare.it\/fr\/product\/emulsion-oxydante-parfumee-20-volumes-2\/\"]}]},{\"@type\":\"ImageObject\",\"inLanguage\":\"fr-FR\",\"@id\":\"https:\/\/seipuntozero-haircare.it\/fr\/product\/emulsion-oxydante-parfumee-20-volumes-2\/#primaryimage\",\"url\":\"https:\/\/seipuntozero-haircare.it\/wp-content\/uploads\/2017\/03\/262052_sei_punto_zero_oxidizing_emulsion_20vol_200ml-1.png\",\"contentUrl\":\"https:\/\/seipuntozero-haircare.it\/wp-content\/uploads\/2017\/03\/262052_sei_punto_zero_oxidizing_emulsion_20vol_200ml-1.png\",\"width\":600,\"height\":600,\"caption\":\"Emulsione ossidante profumata 20 volumi\"},{\"@type\":\"BreadcrumbList\",\"@id\":\"https:\/\/seipuntozero-haircare.it\/fr\/product\/emulsion-oxydante-parfumee-20-volumes-2\/#breadcrumb\",\"itemListElement\":[{\"@type\":\"ListItem\",\"position\":1,\"name\":\"Home\",\"item\":\"https:\/\/seipuntozero-haircare.it\/fr\/\"},{\"@type\":\"ListItem\",\"position\":2,\"name\":\"Products\",\"item\":\"https:\/\/seipuntozero-haircare.it\/fr\/shop\/\"},{\"@type\":\"ListItem\",\"position\":3,\"name\":\"\u00c9mulsion oxydante parfum\u00e9e 20 volumes\"}]},{\"@type\":\"WebSite\",\"@id\":\"https:\/\/seipuntozero-haircare.it\/fr\/#website\",\"url\":\"https:\/\/seipuntozero-haircare.it\/fr\/\",\"name\":\"6.Zero\",\"description\":\"Essential Touch\",\"potentialAction\":[{\"@type\":\"SearchAction\",\"target\":{\"@type\":\"EntryPoint\",\"urlTemplate\":\"https:\/\/seipuntozero-haircare.it\/fr\/?s={search_term_string}\"},\"query-input\":{\"@type\":\"PropertyValueSpecification\",\"valueRequired\":true,\"valueName\":\"search_term_string\"}}],\"inLanguage\":\"fr-FR\"}]}<\/script>\n<!-- \/ Yoast SEO plugin. -->","yoast_head_json":{"title":"\u00c9mulsion oxydante parfum\u00e9e 20 volumes - 6.Zero","description":"L\u2019\u00c9mulsion oxydante cr\u00e9meuse et d\u00e9licatement parfum\u00e9e est le compl\u00e9ment id\u00e9al de la coloration 6.0, car elle exalte ses caract\u00e9ristiques et exerce une action conditionnante et protectrice qui pr\u00e9serve l\u2019hydratation et la luminosit\u00e9 du cheveu pendant les traitements.","robots":{"index":"index","follow":"follow","max-snippet":"max-snippet:-1","max-image-preview":"max-image-preview:large","max-video-preview":"max-video-preview:-1"},"canonical":"https:\/\/seipuntozero-haircare.it\/fr\/product\/emulsion-oxydante-parfumee-20-volumes-2\/","og_locale":"fr_FR","og_type":"article","og_title":"\u00c9mulsion oxydante parfum\u00e9e 20 volumes - 6.Zero","og_description":"L\u2019\u00c9mulsion oxydante cr\u00e9meuse et d\u00e9licatement parfum\u00e9e est le compl\u00e9ment id\u00e9al de la coloration 6.0, car elle exalte ses caract\u00e9ristiques et exerce une action conditionnante et protectrice qui pr\u00e9serve l\u2019hydratation et la luminosit\u00e9 du cheveu pendant les traitements.","og_url":"https:\/\/seipuntozero-haircare.it\/fr\/product\/emulsion-oxydante-parfumee-20-volumes-2\/","og_site_name":"6.Zero","article_modified_time":"2021-06-09T09:47:13+00:00","og_image":[{"width":600,"height":600,"url":"https:\/\/seipuntozero-haircare.it\/wp-content\/uploads\/2017\/03\/262052_sei_punto_zero_oxidizing_emulsion_20vol_200ml-1.png","type":"image\/png"}],"twitter_card":"summary_large_image","twitter_misc":{"Dur\u00e9e de lecture estim\u00e9e":"1 minute"},"schema":{"@context":"https:\/\/schema.org","@graph":[{"@type":"WebPage","@id":"https:\/\/seipuntozero-haircare.it\/fr\/product\/emulsion-oxydante-parfumee-20-volumes-2\/","url":"https:\/\/seipuntozero-haircare.it\/fr\/product\/emulsion-oxydante-parfumee-20-volumes-2\/","name":"\u00c9mulsion oxydante parfum\u00e9e 20 volumes - 6.Zero","isPartOf":{"@id":"https:\/\/seipuntozero-haircare.it\/fr\/#website"},"primaryImageOfPage":{"@id":"https:\/\/seipuntozero-haircare.it\/fr\/product\/emulsion-oxydante-parfumee-20-volumes-2\/#primaryimage"},"image":{"@id":"https:\/\/seipuntozero-haircare.it\/fr\/product\/emulsion-oxydante-parfumee-20-volumes-2\/#primaryimage"},"thumbnailUrl":"https:\/\/seipuntozero-haircare.it\/wp-content\/uploads\/2017\/03\/262052_sei_punto_zero_oxidizing_emulsion_20vol_200ml-1.png","datePublished":"2017-03-15T13:17:26+00:00","dateModified":"2021-06-09T09:47:13+00:00","description":"L\u2019\u00c9mulsion oxydante cr\u00e9meuse et d\u00e9licatement parfum\u00e9e est le compl\u00e9ment id\u00e9al de la coloration 6.0, car elle exalte ses caract\u00e9ristiques et exerce une action conditionnante et protectrice qui pr\u00e9serve l\u2019hydratation et la luminosit\u00e9 du cheveu pendant les traitements.","breadcrumb":{"@id":"https:\/\/seipuntozero-haircare.it\/fr\/product\/emulsion-oxydante-parfumee-20-volumes-2\/#breadcrumb"},"inLanguage":"fr-FR","potentialAction":[{"@type":"ReadAction","target":["https:\/\/seipuntozero-haircare.it\/fr\/product\/emulsion-oxydante-parfumee-20-volumes-2\/"]}]},{"@type":"ImageObject","inLanguage":"fr-FR","@id":"https:\/\/seipuntozero-haircare.it\/fr\/product\/emulsion-oxydante-parfumee-20-volumes-2\/#primaryimage","url":"https:\/\/seipuntozero-haircare.it\/wp-content\/uploads\/2017\/03\/262052_sei_punto_zero_oxidizing_emulsion_20vol_200ml-1.png","contentUrl":"https:\/\/seipuntozero-haircare.it\/wp-content\/uploads\/2017\/03\/262052_sei_punto_zero_oxidizing_emulsion_20vol_200ml-1.png","width":600,"height":600,"caption":"Emulsione ossidante profumata 20 volumi"},{"@type":"BreadcrumbList","@id":"https:\/\/seipuntozero-haircare.it\/fr\/product\/emulsion-oxydante-parfumee-20-volumes-2\/#breadcrumb","itemListElement":[{"@type":"ListItem","position":1,"name":"Home","item":"https:\/\/seipuntozero-haircare.it\/fr\/"},{"@type":"ListItem","position":2,"name":"Products","item":"https:\/\/seipuntozero-haircare.it\/fr\/shop\/"},{"@type":"ListItem","position":3,"name":"\u00c9mulsion oxydante parfum\u00e9e 20 volumes"}]},{"@type":"WebSite","@id":"https:\/\/seipuntozero-haircare.it\/fr\/#website","url":"https:\/\/seipuntozero-haircare.it\/fr\/","name":"6.Zero","description":"Essential Touch","potentialAction":[{"@type":"SearchAction","target":{"@type":"EntryPoint","urlTemplate":"https:\/\/seipuntozero-haircare.it\/fr\/?s={search_term_string}"},"query-input":{"@type":"PropertyValueSpecification","valueRequired":true,"valueName":"search_term_string"}}],"inLanguage":"fr-FR"}]}},"_links":{"self":[{"href":"https:\/\/seipuntozero-haircare.it\/fr\/wp-json\/wp\/v2\/product\/15222","targetHints":{"allow":["GET"]}}],"collection":[{"href":"https:\/\/seipuntozero-haircare.it\/fr\/wp-json\/wp\/v2\/product"}],"about":[{"href":"https:\/\/seipuntozero-haircare.it\/fr\/wp-json\/wp\/v2\/types\/product"}],"wp:featuredmedia":[{"embeddable":true,"href":"https:\/\/seipuntozero-haircare.it\/fr\/wp-json\/wp\/v2\/media\/18064"}],"wp:attachment":[{"href":"https:\/\/seipuntozero-haircare.it\/fr\/wp-json\/wp\/v2\/media?parent=15222"}],"wp:term":[{"taxonomy":"product_brand","embeddable":true,"href":"https:\/\/seipuntozero-haircare.it\/fr\/wp-json\/wp\/v2\/product_brand?post=15222"},{"taxonomy":"product_cat","embeddable":true,"href":"https:\/\/seipuntozero-haircare.it\/fr\/wp-json\/wp\/v2\/product_cat?post=15222"},{"taxonomy":"product_tag","embeddable":true,"href":"https:\/\/seipuntozero-haircare.it\/fr\/wp-json\/wp\/v2\/product_tag?post=15222"}],"curies":[{"name":"wp","href":"https:\/\/api.w.org\/{rel}","templated":true}]}}