{"id":15206,"date":"2017-03-15T14:40:13","date_gmt":"2017-03-15T13:40:13","guid":{"rendered":"https:\/\/seipuntozero-haircare.it\/prodotto\/poudre-decolorante-a-main-levee\/"},"modified":"2023-07-14T17:09:21","modified_gmt":"2023-07-14T15:09:21","slug":"poudre-decolorante-a-main-levee","status":"publish","type":"product","link":"https:\/\/seipuntozero-haircare.it\/fr\/product\/poudre-decolorante-a-main-levee\/","title":{"rendered":"Poudre d\u00e9colorante \u00e0 main lev\u00e9e"},"content":{"rendered":"<ul>\n<li>Effet <strong>d\u00e9colorant uniforme<\/strong> et naturel<\/li>\n<li><strong>Contr\u00f4le<\/strong> maximal pendant le service technique<\/li>\n<li>La poudre est adapt\u00e9e \u00e0 de nombreuses <strong>techniques d\u2019\u00e9claircissement \u00e0 main lev\u00e9e<\/strong><\/li>\n<\/ul>\n","protected":false},"excerpt":{"rendered":"<p><strong>Poudre pour d\u00e9colorations<\/strong> qui permet un <strong>niveau de pr\u00e9cision<\/strong> et de contr\u00f4le exclusif durant la cr\u00e9ation de techniques d\u2019\u00e9claircissement<strong> \u00e0 main lev\u00e9e<\/strong>. Indiqu\u00e9e pour obtenir une <strong>d\u00e9coloration \u00e0 l\u2019effet naturel<\/strong> et uniforme, la poudre 6.Zero \u00e9claircit jusqu\u2019\u00e0 <strong>6\/7 tons<\/strong>, en toute s\u00e9curit\u00e9, gr\u00e2ce \u00e0 sa formule <strong>non volatile<\/strong>.<\/p>\n<p>Usage professionnel<\/p>\n<p>450 g<\/p>\n","protected":false},"featured_media":19723,"template":"","meta":[],"product_brand":[],"product_cat":[610],"product_tag":[],"class_list":["post-15206","product","type-product","status-publish","has-post-thumbnail","hentry","product_cat-decoloration"],"yoast_head":"<!-- This site is optimized with the Yoast SEO plugin v27.1.1 - https:\/\/yoast.com\/product\/yoast-seo-wordpress\/ -->\n<title>Poudre d\u00e9colorante \u00e0 main lev\u00e9e - 6.Zero<\/title>\n<meta name=\"description\" content=\"Poudre pour d\u00e9colorations qui permet un niveau de pr\u00e9cision et de contr\u00f4le exclusif durant la cr\u00e9ation de techniques d\u2019\u00e9claircissement \u00e0 main lev\u00e9e.\" \/>\n<meta name=\"robots\" content=\"index, follow, max-snippet:-1, max-image-preview:large, max-video-preview:-1\" \/>\n<link rel=\"canonical\" href=\"https:\/\/seipuntozero-haircare.it\/fr\/product\/poudre-decolorante-a-main-levee\/\" \/>\n<meta property=\"og:locale\" content=\"fr_FR\" \/>\n<meta property=\"og:type\" content=\"article\" \/>\n<meta property=\"og:title\" content=\"Poudre d\u00e9colorante \u00e0 main lev\u00e9e - 6.Zero\" \/>\n<meta property=\"og:description\" content=\"Poudre pour d\u00e9colorations qui permet un niveau de pr\u00e9cision et de contr\u00f4le exclusif durant la cr\u00e9ation de techniques d\u2019\u00e9claircissement \u00e0 main lev\u00e9e.\" \/>\n<meta property=\"og:url\" content=\"https:\/\/seipuntozero-haircare.it\/fr\/product\/poudre-decolorante-a-main-levee\/\" \/>\n<meta property=\"og:site_name\" content=\"6.Zero\" \/>\n<meta property=\"article:modified_time\" content=\"2023-07-14T15:09:21+00:00\" \/>\n<meta property=\"og:image\" content=\"https:\/\/seipuntozero-haircare.it\/wp-content\/uploads\/2023\/07\/263011_sei_punto_zero_freehand_bleaching_powder_450gr.png\" \/>\n\t<meta property=\"og:image:width\" content=\"600\" \/>\n\t<meta property=\"og:image:height\" content=\"600\" \/>\n\t<meta property=\"og:image:type\" content=\"image\/png\" \/>\n<meta name=\"twitter:card\" content=\"summary_large_image\" \/>\n<meta name=\"twitter:label1\" content=\"Dur\u00e9e de lecture estim\u00e9e\" \/>\n\t<meta name=\"twitter:data1\" content=\"1 minute\" \/>\n<script type=\"application\/ld+json\" class=\"yoast-schema-graph\">{\"@context\":\"https:\/\/schema.org\",\"@graph\":[{\"@type\":\"WebPage\",\"@id\":\"https:\/\/seipuntozero-haircare.it\/fr\/product\/poudre-decolorante-a-main-levee\/\",\"url\":\"https:\/\/seipuntozero-haircare.it\/fr\/product\/poudre-decolorante-a-main-levee\/\",\"name\":\"Poudre d\u00e9colorante \u00e0 main lev\u00e9e - 6.Zero\",\"isPartOf\":{\"@id\":\"https:\/\/seipuntozero-haircare.it\/fr\/#website\"},\"primaryImageOfPage\":{\"@id\":\"https:\/\/seipuntozero-haircare.it\/fr\/product\/poudre-decolorante-a-main-levee\/#primaryimage\"},\"image\":{\"@id\":\"https:\/\/seipuntozero-haircare.it\/fr\/product\/poudre-decolorante-a-main-levee\/#primaryimage\"},\"thumbnailUrl\":\"https:\/\/seipuntozero-haircare.it\/wp-content\/uploads\/2017\/03\/263011_sei_punto_zero_freehand_bleaching_powder_450gr.png\",\"datePublished\":\"2017-03-15T13:40:13+00:00\",\"dateModified\":\"2023-07-14T15:09:21+00:00\",\"description\":\"Poudre pour d\u00e9colorations qui permet un niveau de pr\u00e9cision et de contr\u00f4le exclusif durant la cr\u00e9ation de techniques d\u2019\u00e9claircissement \u00e0 main lev\u00e9e.\",\"breadcrumb\":{\"@id\":\"https:\/\/seipuntozero-haircare.it\/fr\/product\/poudre-decolorante-a-main-levee\/#breadcrumb\"},\"inLanguage\":\"fr-FR\",\"potentialAction\":[{\"@type\":\"ReadAction\",\"target\":[\"https:\/\/seipuntozero-haircare.it\/fr\/product\/poudre-decolorante-a-main-levee\/\"]}]},{\"@type\":\"ImageObject\",\"inLanguage\":\"fr-FR\",\"@id\":\"https:\/\/seipuntozero-haircare.it\/fr\/product\/poudre-decolorante-a-main-levee\/#primaryimage\",\"url\":\"https:\/\/seipuntozero-haircare.it\/wp-content\/uploads\/2017\/03\/263011_sei_punto_zero_freehand_bleaching_powder_450gr.png\",\"contentUrl\":\"https:\/\/seipuntozero-haircare.it\/wp-content\/uploads\/2017\/03\/263011_sei_punto_zero_freehand_bleaching_powder_450gr.png\",\"width\":600,\"height\":600},{\"@type\":\"BreadcrumbList\",\"@id\":\"https:\/\/seipuntozero-haircare.it\/fr\/product\/poudre-decolorante-a-main-levee\/#breadcrumb\",\"itemListElement\":[{\"@type\":\"ListItem\",\"position\":1,\"name\":\"Home\",\"item\":\"https:\/\/seipuntozero-haircare.it\/fr\/\"},{\"@type\":\"ListItem\",\"position\":2,\"name\":\"Products\",\"item\":\"https:\/\/seipuntozero-haircare.it\/fr\/shop\/\"},{\"@type\":\"ListItem\",\"position\":3,\"name\":\"Poudre d\u00e9colorante \u00e0 main lev\u00e9e\"}]},{\"@type\":\"WebSite\",\"@id\":\"https:\/\/seipuntozero-haircare.it\/fr\/#website\",\"url\":\"https:\/\/seipuntozero-haircare.it\/fr\/\",\"name\":\"6.Zero\",\"description\":\"Essential Touch\",\"potentialAction\":[{\"@type\":\"SearchAction\",\"target\":{\"@type\":\"EntryPoint\",\"urlTemplate\":\"https:\/\/seipuntozero-haircare.it\/fr\/?s={search_term_string}\"},\"query-input\":{\"@type\":\"PropertyValueSpecification\",\"valueRequired\":true,\"valueName\":\"search_term_string\"}}],\"inLanguage\":\"fr-FR\"}]}<\/script>\n<!-- \/ Yoast SEO plugin. -->","yoast_head_json":{"title":"Poudre d\u00e9colorante \u00e0 main lev\u00e9e - 6.Zero","description":"Poudre pour d\u00e9colorations qui permet un niveau de pr\u00e9cision et de contr\u00f4le exclusif durant la cr\u00e9ation de techniques d\u2019\u00e9claircissement \u00e0 main lev\u00e9e.","robots":{"index":"index","follow":"follow","max-snippet":"max-snippet:-1","max-image-preview":"max-image-preview:large","max-video-preview":"max-video-preview:-1"},"canonical":"https:\/\/seipuntozero-haircare.it\/fr\/product\/poudre-decolorante-a-main-levee\/","og_locale":"fr_FR","og_type":"article","og_title":"Poudre d\u00e9colorante \u00e0 main lev\u00e9e - 6.Zero","og_description":"Poudre pour d\u00e9colorations qui permet un niveau de pr\u00e9cision et de contr\u00f4le exclusif durant la cr\u00e9ation de techniques d\u2019\u00e9claircissement \u00e0 main lev\u00e9e.","og_url":"https:\/\/seipuntozero-haircare.it\/fr\/product\/poudre-decolorante-a-main-levee\/","og_site_name":"6.Zero","article_modified_time":"2023-07-14T15:09:21+00:00","og_image":[{"width":600,"height":600,"url":"https:\/\/seipuntozero-haircare.it\/wp-content\/uploads\/2023\/07\/263011_sei_punto_zero_freehand_bleaching_powder_450gr.png","type":"image\/png"}],"twitter_card":"summary_large_image","twitter_misc":{"Dur\u00e9e de lecture estim\u00e9e":"1 minute"},"schema":{"@context":"https:\/\/schema.org","@graph":[{"@type":"WebPage","@id":"https:\/\/seipuntozero-haircare.it\/fr\/product\/poudre-decolorante-a-main-levee\/","url":"https:\/\/seipuntozero-haircare.it\/fr\/product\/poudre-decolorante-a-main-levee\/","name":"Poudre d\u00e9colorante \u00e0 main lev\u00e9e - 6.Zero","isPartOf":{"@id":"https:\/\/seipuntozero-haircare.it\/fr\/#website"},"primaryImageOfPage":{"@id":"https:\/\/seipuntozero-haircare.it\/fr\/product\/poudre-decolorante-a-main-levee\/#primaryimage"},"image":{"@id":"https:\/\/seipuntozero-haircare.it\/fr\/product\/poudre-decolorante-a-main-levee\/#primaryimage"},"thumbnailUrl":"https:\/\/seipuntozero-haircare.it\/wp-content\/uploads\/2017\/03\/263011_sei_punto_zero_freehand_bleaching_powder_450gr.png","datePublished":"2017-03-15T13:40:13+00:00","dateModified":"2023-07-14T15:09:21+00:00","description":"Poudre pour d\u00e9colorations qui permet un niveau de pr\u00e9cision et de contr\u00f4le exclusif durant la cr\u00e9ation de techniques d\u2019\u00e9claircissement \u00e0 main lev\u00e9e.","breadcrumb":{"@id":"https:\/\/seipuntozero-haircare.it\/fr\/product\/poudre-decolorante-a-main-levee\/#breadcrumb"},"inLanguage":"fr-FR","potentialAction":[{"@type":"ReadAction","target":["https:\/\/seipuntozero-haircare.it\/fr\/product\/poudre-decolorante-a-main-levee\/"]}]},{"@type":"ImageObject","inLanguage":"fr-FR","@id":"https:\/\/seipuntozero-haircare.it\/fr\/product\/poudre-decolorante-a-main-levee\/#primaryimage","url":"https:\/\/seipuntozero-haircare.it\/wp-content\/uploads\/2017\/03\/263011_sei_punto_zero_freehand_bleaching_powder_450gr.png","contentUrl":"https:\/\/seipuntozero-haircare.it\/wp-content\/uploads\/2017\/03\/263011_sei_punto_zero_freehand_bleaching_powder_450gr.png","width":600,"height":600},{"@type":"BreadcrumbList","@id":"https:\/\/seipuntozero-haircare.it\/fr\/product\/poudre-decolorante-a-main-levee\/#breadcrumb","itemListElement":[{"@type":"ListItem","position":1,"name":"Home","item":"https:\/\/seipuntozero-haircare.it\/fr\/"},{"@type":"ListItem","position":2,"name":"Products","item":"https:\/\/seipuntozero-haircare.it\/fr\/shop\/"},{"@type":"ListItem","position":3,"name":"Poudre d\u00e9colorante \u00e0 main lev\u00e9e"}]},{"@type":"WebSite","@id":"https:\/\/seipuntozero-haircare.it\/fr\/#website","url":"https:\/\/seipuntozero-haircare.it\/fr\/","name":"6.Zero","description":"Essential Touch","potentialAction":[{"@type":"SearchAction","target":{"@type":"EntryPoint","urlTemplate":"https:\/\/seipuntozero-haircare.it\/fr\/?s={search_term_string}"},"query-input":{"@type":"PropertyValueSpecification","valueRequired":true,"valueName":"search_term_string"}}],"inLanguage":"fr-FR"}]}},"_links":{"self":[{"href":"https:\/\/seipuntozero-haircare.it\/fr\/wp-json\/wp\/v2\/product\/15206","targetHints":{"allow":["GET"]}}],"collection":[{"href":"https:\/\/seipuntozero-haircare.it\/fr\/wp-json\/wp\/v2\/product"}],"about":[{"href":"https:\/\/seipuntozero-haircare.it\/fr\/wp-json\/wp\/v2\/types\/product"}],"wp:featuredmedia":[{"embeddable":true,"href":"https:\/\/seipuntozero-haircare.it\/fr\/wp-json\/wp\/v2\/media\/19723"}],"wp:attachment":[{"href":"https:\/\/seipuntozero-haircare.it\/fr\/wp-json\/wp\/v2\/media?parent=15206"}],"wp:term":[{"taxonomy":"product_brand","embeddable":true,"href":"https:\/\/seipuntozero-haircare.it\/fr\/wp-json\/wp\/v2\/product_brand?post=15206"},{"taxonomy":"product_cat","embeddable":true,"href":"https:\/\/seipuntozero-haircare.it\/fr\/wp-json\/wp\/v2\/product_cat?post=15206"},{"taxonomy":"product_tag","embeddable":true,"href":"https:\/\/seipuntozero-haircare.it\/fr\/wp-json\/wp\/v2\/product_tag?post=15206"}],"curies":[{"name":"wp","href":"https:\/\/api.w.org\/{rel}","templated":true}]}}