{"id":15204,"date":"2017-03-15T14:42:05","date_gmt":"2017-03-15T13:42:05","guid":{"rendered":"https:\/\/seipuntozero-haircare.it\/prodotto\/poudre-decolorante-compacte\/"},"modified":"2023-07-14T17:00:42","modified_gmt":"2023-07-14T15:00:42","slug":"poudre-decolorante-compacte","status":"publish","type":"product","link":"https:\/\/seipuntozero-haircare.it\/fr\/product\/poudre-decolorante-compacte\/","title":{"rendered":"Poudre d\u00e9colorante compacte bleue"},"content":{"rendered":"<ul>\n<li>Action <strong>d\u00e9colorante <\/strong>homog\u00e8ne et pr\u00e9cise,<strong> jusqu\u2019\u00e0 6-7 tons<\/strong><\/li>\n<li>R\u00e9sultats performants, gr\u00e2ce \u00e0 la <strong>formule non volatile<\/strong><\/li>\n<li>La poudre est adapt\u00e9e \u00e0 de nombreuses <strong>techniques d\u2019\u00e9claircissement<\/strong><\/li>\n<\/ul>\n","protected":false},"excerpt":{"rendered":"<p><strong>Poudre d\u00e9colorante compacte bleue<\/strong> parfum\u00e9e. Produit professionnel indiqu\u00e9 pour toutes les <strong>techniques de travail<\/strong> (effet soleil, balayage, m\u00e8ches), elle assure un \u00e9claircissement homog\u00e8ne et pr\u00e9cis, jusqu\u2019\u00e0 <strong>6-7 tons<\/strong>. Sa <strong>formulation non volatile<\/strong> garantit des r\u00e9sultats performants sans compromettre la s\u00e9curit\u00e9 du coloriste et de la cliente.<\/p>\n<p>Usage professionnel<\/p>\n<p>500 g<\/p>\n","protected":false},"featured_media":19594,"template":"","meta":[],"product_brand":[],"product_cat":[610],"product_tag":[],"class_list":["post-15204","product","type-product","status-publish","has-post-thumbnail","hentry","product_cat-decoloration"],"yoast_head":"<!-- This site is optimized with the Yoast SEO plugin v27.1.1 - https:\/\/yoast.com\/product\/yoast-seo-wordpress\/ -->\n<title>Poudre d\u00e9colorante compacte bleue - 6.Zero<\/title>\n<meta name=\"description\" content=\"Poudre d\u00e9colorante compacte bleue parfum\u00e9e. Produit professionnel indiqu\u00e9 pour toutes les techniques de travail (effet soleil, balayage, m\u00e8ches), elle assure un \u00e9claircissement homog\u00e8ne et pr\u00e9cis, jusqu\u2019\u00e0 6-7 tons.\" \/>\n<meta name=\"robots\" content=\"index, follow, max-snippet:-1, max-image-preview:large, max-video-preview:-1\" \/>\n<link rel=\"canonical\" href=\"https:\/\/seipuntozero-haircare.it\/fr\/product\/poudre-decolorante-compacte\/\" \/>\n<meta property=\"og:locale\" content=\"fr_FR\" \/>\n<meta property=\"og:type\" content=\"article\" \/>\n<meta property=\"og:title\" content=\"Poudre d\u00e9colorante compacte bleue - 6.Zero\" \/>\n<meta property=\"og:description\" content=\"Poudre d\u00e9colorante compacte bleue parfum\u00e9e. Produit professionnel indiqu\u00e9 pour toutes les techniques de travail (effet soleil, balayage, m\u00e8ches), elle assure un \u00e9claircissement homog\u00e8ne et pr\u00e9cis, jusqu\u2019\u00e0 6-7 tons.\" \/>\n<meta property=\"og:url\" content=\"https:\/\/seipuntozero-haircare.it\/fr\/product\/poudre-decolorante-compacte\/\" \/>\n<meta property=\"og:site_name\" content=\"6.Zero\" \/>\n<meta property=\"article:modified_time\" content=\"2023-07-14T15:00:42+00:00\" \/>\n<meta property=\"og:image\" content=\"https:\/\/seipuntozero-haircare.it\/wp-content\/uploads\/2023\/07\/263004_sei_punto_zero_blue_bleaching_powder_500gr.png\" \/>\n\t<meta property=\"og:image:width\" content=\"600\" \/>\n\t<meta property=\"og:image:height\" content=\"600\" \/>\n\t<meta property=\"og:image:type\" content=\"image\/png\" \/>\n<meta name=\"twitter:card\" content=\"summary_large_image\" \/>\n<meta name=\"twitter:label1\" content=\"Dur\u00e9e de lecture estim\u00e9e\" \/>\n\t<meta name=\"twitter:data1\" content=\"1 minute\" \/>\n<script type=\"application\/ld+json\" class=\"yoast-schema-graph\">{\"@context\":\"https:\/\/schema.org\",\"@graph\":[{\"@type\":\"WebPage\",\"@id\":\"https:\/\/seipuntozero-haircare.it\/fr\/product\/poudre-decolorante-compacte\/\",\"url\":\"https:\/\/seipuntozero-haircare.it\/fr\/product\/poudre-decolorante-compacte\/\",\"name\":\"Poudre d\u00e9colorante compacte bleue - 6.Zero\",\"isPartOf\":{\"@id\":\"https:\/\/seipuntozero-haircare.it\/fr\/#website\"},\"primaryImageOfPage\":{\"@id\":\"https:\/\/seipuntozero-haircare.it\/fr\/product\/poudre-decolorante-compacte\/#primaryimage\"},\"image\":{\"@id\":\"https:\/\/seipuntozero-haircare.it\/fr\/product\/poudre-decolorante-compacte\/#primaryimage\"},\"thumbnailUrl\":\"https:\/\/seipuntozero-haircare.it\/wp-content\/uploads\/2023\/07\/263004_sei_punto_zero_blue_bleaching_powder_500gr.png\",\"datePublished\":\"2017-03-15T13:42:05+00:00\",\"dateModified\":\"2023-07-14T15:00:42+00:00\",\"description\":\"Poudre d\u00e9colorante compacte bleue parfum\u00e9e. Produit professionnel indiqu\u00e9 pour toutes les techniques de travail (effet soleil, balayage, m\u00e8ches), elle assure un \u00e9claircissement homog\u00e8ne et pr\u00e9cis, jusqu\u2019\u00e0 6-7 tons.\",\"breadcrumb\":{\"@id\":\"https:\/\/seipuntozero-haircare.it\/fr\/product\/poudre-decolorante-compacte\/#breadcrumb\"},\"inLanguage\":\"fr-FR\",\"potentialAction\":[{\"@type\":\"ReadAction\",\"target\":[\"https:\/\/seipuntozero-haircare.it\/fr\/product\/poudre-decolorante-compacte\/\"]}]},{\"@type\":\"ImageObject\",\"inLanguage\":\"fr-FR\",\"@id\":\"https:\/\/seipuntozero-haircare.it\/fr\/product\/poudre-decolorante-compacte\/#primaryimage\",\"url\":\"https:\/\/seipuntozero-haircare.it\/wp-content\/uploads\/2023\/07\/263004_sei_punto_zero_blue_bleaching_powder_500gr.png\",\"contentUrl\":\"https:\/\/seipuntozero-haircare.it\/wp-content\/uploads\/2023\/07\/263004_sei_punto_zero_blue_bleaching_powder_500gr.png\",\"width\":600,\"height\":600,\"caption\":\"polvere decolorante blu\"},{\"@type\":\"BreadcrumbList\",\"@id\":\"https:\/\/seipuntozero-haircare.it\/fr\/product\/poudre-decolorante-compacte\/#breadcrumb\",\"itemListElement\":[{\"@type\":\"ListItem\",\"position\":1,\"name\":\"Home\",\"item\":\"https:\/\/seipuntozero-haircare.it\/fr\/\"},{\"@type\":\"ListItem\",\"position\":2,\"name\":\"Products\",\"item\":\"https:\/\/seipuntozero-haircare.it\/fr\/shop\/\"},{\"@type\":\"ListItem\",\"position\":3,\"name\":\"Poudre d\u00e9colorante compacte bleue\"}]},{\"@type\":\"WebSite\",\"@id\":\"https:\/\/seipuntozero-haircare.it\/fr\/#website\",\"url\":\"https:\/\/seipuntozero-haircare.it\/fr\/\",\"name\":\"6.Zero\",\"description\":\"Essential Touch\",\"potentialAction\":[{\"@type\":\"SearchAction\",\"target\":{\"@type\":\"EntryPoint\",\"urlTemplate\":\"https:\/\/seipuntozero-haircare.it\/fr\/?s={search_term_string}\"},\"query-input\":{\"@type\":\"PropertyValueSpecification\",\"valueRequired\":true,\"valueName\":\"search_term_string\"}}],\"inLanguage\":\"fr-FR\"}]}<\/script>\n<!-- \/ Yoast SEO plugin. -->","yoast_head_json":{"title":"Poudre d\u00e9colorante compacte bleue - 6.Zero","description":"Poudre d\u00e9colorante compacte bleue parfum\u00e9e. Produit professionnel indiqu\u00e9 pour toutes les techniques de travail (effet soleil, balayage, m\u00e8ches), elle assure un \u00e9claircissement homog\u00e8ne et pr\u00e9cis, jusqu\u2019\u00e0 6-7 tons.","robots":{"index":"index","follow":"follow","max-snippet":"max-snippet:-1","max-image-preview":"max-image-preview:large","max-video-preview":"max-video-preview:-1"},"canonical":"https:\/\/seipuntozero-haircare.it\/fr\/product\/poudre-decolorante-compacte\/","og_locale":"fr_FR","og_type":"article","og_title":"Poudre d\u00e9colorante compacte bleue - 6.Zero","og_description":"Poudre d\u00e9colorante compacte bleue parfum\u00e9e. Produit professionnel indiqu\u00e9 pour toutes les techniques de travail (effet soleil, balayage, m\u00e8ches), elle assure un \u00e9claircissement homog\u00e8ne et pr\u00e9cis, jusqu\u2019\u00e0 6-7 tons.","og_url":"https:\/\/seipuntozero-haircare.it\/fr\/product\/poudre-decolorante-compacte\/","og_site_name":"6.Zero","article_modified_time":"2023-07-14T15:00:42+00:00","og_image":[{"width":600,"height":600,"url":"https:\/\/seipuntozero-haircare.it\/wp-content\/uploads\/2023\/07\/263004_sei_punto_zero_blue_bleaching_powder_500gr.png","type":"image\/png"}],"twitter_card":"summary_large_image","twitter_misc":{"Dur\u00e9e de lecture estim\u00e9e":"1 minute"},"schema":{"@context":"https:\/\/schema.org","@graph":[{"@type":"WebPage","@id":"https:\/\/seipuntozero-haircare.it\/fr\/product\/poudre-decolorante-compacte\/","url":"https:\/\/seipuntozero-haircare.it\/fr\/product\/poudre-decolorante-compacte\/","name":"Poudre d\u00e9colorante compacte bleue - 6.Zero","isPartOf":{"@id":"https:\/\/seipuntozero-haircare.it\/fr\/#website"},"primaryImageOfPage":{"@id":"https:\/\/seipuntozero-haircare.it\/fr\/product\/poudre-decolorante-compacte\/#primaryimage"},"image":{"@id":"https:\/\/seipuntozero-haircare.it\/fr\/product\/poudre-decolorante-compacte\/#primaryimage"},"thumbnailUrl":"https:\/\/seipuntozero-haircare.it\/wp-content\/uploads\/2023\/07\/263004_sei_punto_zero_blue_bleaching_powder_500gr.png","datePublished":"2017-03-15T13:42:05+00:00","dateModified":"2023-07-14T15:00:42+00:00","description":"Poudre d\u00e9colorante compacte bleue parfum\u00e9e. Produit professionnel indiqu\u00e9 pour toutes les techniques de travail (effet soleil, balayage, m\u00e8ches), elle assure un \u00e9claircissement homog\u00e8ne et pr\u00e9cis, jusqu\u2019\u00e0 6-7 tons.","breadcrumb":{"@id":"https:\/\/seipuntozero-haircare.it\/fr\/product\/poudre-decolorante-compacte\/#breadcrumb"},"inLanguage":"fr-FR","potentialAction":[{"@type":"ReadAction","target":["https:\/\/seipuntozero-haircare.it\/fr\/product\/poudre-decolorante-compacte\/"]}]},{"@type":"ImageObject","inLanguage":"fr-FR","@id":"https:\/\/seipuntozero-haircare.it\/fr\/product\/poudre-decolorante-compacte\/#primaryimage","url":"https:\/\/seipuntozero-haircare.it\/wp-content\/uploads\/2023\/07\/263004_sei_punto_zero_blue_bleaching_powder_500gr.png","contentUrl":"https:\/\/seipuntozero-haircare.it\/wp-content\/uploads\/2023\/07\/263004_sei_punto_zero_blue_bleaching_powder_500gr.png","width":600,"height":600,"caption":"polvere decolorante blu"},{"@type":"BreadcrumbList","@id":"https:\/\/seipuntozero-haircare.it\/fr\/product\/poudre-decolorante-compacte\/#breadcrumb","itemListElement":[{"@type":"ListItem","position":1,"name":"Home","item":"https:\/\/seipuntozero-haircare.it\/fr\/"},{"@type":"ListItem","position":2,"name":"Products","item":"https:\/\/seipuntozero-haircare.it\/fr\/shop\/"},{"@type":"ListItem","position":3,"name":"Poudre d\u00e9colorante compacte bleue"}]},{"@type":"WebSite","@id":"https:\/\/seipuntozero-haircare.it\/fr\/#website","url":"https:\/\/seipuntozero-haircare.it\/fr\/","name":"6.Zero","description":"Essential Touch","potentialAction":[{"@type":"SearchAction","target":{"@type":"EntryPoint","urlTemplate":"https:\/\/seipuntozero-haircare.it\/fr\/?s={search_term_string}"},"query-input":{"@type":"PropertyValueSpecification","valueRequired":true,"valueName":"search_term_string"}}],"inLanguage":"fr-FR"}]}},"_links":{"self":[{"href":"https:\/\/seipuntozero-haircare.it\/fr\/wp-json\/wp\/v2\/product\/15204","targetHints":{"allow":["GET"]}}],"collection":[{"href":"https:\/\/seipuntozero-haircare.it\/fr\/wp-json\/wp\/v2\/product"}],"about":[{"href":"https:\/\/seipuntozero-haircare.it\/fr\/wp-json\/wp\/v2\/types\/product"}],"wp:featuredmedia":[{"embeddable":true,"href":"https:\/\/seipuntozero-haircare.it\/fr\/wp-json\/wp\/v2\/media\/19594"}],"wp:attachment":[{"href":"https:\/\/seipuntozero-haircare.it\/fr\/wp-json\/wp\/v2\/media?parent=15204"}],"wp:term":[{"taxonomy":"product_brand","embeddable":true,"href":"https:\/\/seipuntozero-haircare.it\/fr\/wp-json\/wp\/v2\/product_brand?post=15204"},{"taxonomy":"product_cat","embeddable":true,"href":"https:\/\/seipuntozero-haircare.it\/fr\/wp-json\/wp\/v2\/product_cat?post=15204"},{"taxonomy":"product_tag","embeddable":true,"href":"https:\/\/seipuntozero-haircare.it\/fr\/wp-json\/wp\/v2\/product_tag?post=15204"}],"curies":[{"name":"wp","href":"https:\/\/api.w.org\/{rel}","templated":true}]}}