{"id":15199,"date":"2017-03-15T16:38:06","date_gmt":"2017-03-15T15:38:06","guid":{"rendered":"https:\/\/seipuntozero-haircare.it\/prodotto\/he-she-sea-salt-spray-marin-pour-cheveux-effet-plage\/"},"modified":"2021-06-09T11:32:41","modified_gmt":"2021-06-09T09:32:41","slug":"he-she-sea-salt-spray-marin-pour-cheveux-effet-plage","status":"publish","type":"product","link":"https:\/\/seipuntozero-haircare.it\/fr\/product\/he-she-sea-salt-spray-marin-pour-cheveux-effet-plage\/","title":{"rendered":"HE.SHE \u2013 SEA SALT <br> Spray marin pour cheveux effet plage"},"content":{"rendered":"<ul>\n<li>Mod\u00e8le avec une action<strong> texturisante<\/strong><\/li>\n<li>Permet de cr\u00e9er un <strong>look effet plage<\/strong><\/li>\n<li>Donne <strong>consistance et volume<\/strong> \u00e0 la coiffure<\/li>\n<\/ul>\n","protected":false},"excerpt":{"rendered":"<p>He.She Sea Salt, <strong>spray marin pour cheveux<\/strong>. L\u2019effet plage offre un<strong> look<\/strong> <strong>flexible <\/strong>et naturel. Gr\u00e2ce \u00e0 sa <strong>formule texturisante<\/strong>, il apporte consistance et volume en modelant avec un effet extraordinaire. <strong>Des ondulations naturelles<\/strong> et des styles textur\u00e9s, avec une tenue l\u00e9g\u00e8re mais capable de soutenir m\u00eame les volumes les plus extr\u00eames. Gr\u00e2ce \u00e0 son essence saline, le spray Sea Salt permet de reproduire facilement les merveilleuses \u00ab\u00a0<strong>beach waves<\/strong>\u00a0\u00bb, pour un look capillaire de plage toute l\u2019ann\u00e9e.<\/p>\n<p>Flacon 200 ml<\/p>\n","protected":false},"featured_media":18568,"template":"","meta":[],"product_brand":[],"product_cat":[607],"product_tag":[],"class_list":["post-15199","product","type-product","status-publish","has-post-thumbnail","hentry","product_cat-styling-fr"],"yoast_head":"<!-- This site is optimized with the Yoast SEO plugin v27.1.1 - https:\/\/yoast.com\/product\/yoast-seo-wordpress\/ -->\n<title>HE.SHE \u2013 SEA SALT | Spray marin pour cheveux effet plage<\/title>\n<meta name=\"description\" content=\"He.She Sea Salt, spray marin pour cheveux. L\u2019effet plage offre un look flexible et naturel. Gr\u00e2ce \u00e0 sa formule texturisante, il apporte consistance et volume en modelant avec un effet extraordinaire.\" \/>\n<meta name=\"robots\" content=\"index, follow, max-snippet:-1, max-image-preview:large, max-video-preview:-1\" \/>\n<link rel=\"canonical\" href=\"https:\/\/seipuntozero-haircare.it\/fr\/product\/he-she-sea-salt-spray-marin-pour-cheveux-effet-plage\/\" \/>\n<meta property=\"og:locale\" content=\"fr_FR\" \/>\n<meta property=\"og:type\" content=\"article\" \/>\n<meta property=\"og:title\" content=\"HE.SHE \u2013 SEA SALT | Spray marin pour cheveux effet plage\" \/>\n<meta property=\"og:description\" content=\"He.She Sea Salt, spray marin pour cheveux. L\u2019effet plage offre un look flexible et naturel. Gr\u00e2ce \u00e0 sa formule texturisante, il apporte consistance et volume en modelant avec un effet extraordinaire.\" \/>\n<meta property=\"og:url\" content=\"https:\/\/seipuntozero-haircare.it\/fr\/product\/he-she-sea-salt-spray-marin-pour-cheveux-effet-plage\/\" \/>\n<meta property=\"og:site_name\" content=\"6.Zero\" \/>\n<meta property=\"article:modified_time\" content=\"2021-06-09T09:32:41+00:00\" \/>\n<meta property=\"og:image\" content=\"https:\/\/seipuntozero-haircare.it\/wp-content\/uploads\/2017\/03\/262328_sei_punto_zero_heshe_sea_salt_marine_spray_200ml.png\" \/>\n\t<meta property=\"og:image:width\" content=\"600\" \/>\n\t<meta property=\"og:image:height\" content=\"600\" \/>\n\t<meta property=\"og:image:type\" content=\"image\/png\" \/>\n<meta name=\"twitter:card\" content=\"summary_large_image\" \/>\n<meta name=\"twitter:label1\" content=\"Dur\u00e9e de lecture estim\u00e9e\" \/>\n\t<meta name=\"twitter:data1\" content=\"1 minute\" \/>\n<script type=\"application\/ld+json\" class=\"yoast-schema-graph\">{\"@context\":\"https:\/\/schema.org\",\"@graph\":[{\"@type\":\"WebPage\",\"@id\":\"https:\/\/seipuntozero-haircare.it\/fr\/product\/he-she-sea-salt-spray-marin-pour-cheveux-effet-plage\/\",\"url\":\"https:\/\/seipuntozero-haircare.it\/fr\/product\/he-she-sea-salt-spray-marin-pour-cheveux-effet-plage\/\",\"name\":\"HE.SHE \u2013 SEA SALT | Spray marin pour cheveux effet plage\",\"isPartOf\":{\"@id\":\"https:\/\/seipuntozero-haircare.it\/fr\/#website\"},\"primaryImageOfPage\":{\"@id\":\"https:\/\/seipuntozero-haircare.it\/fr\/product\/he-she-sea-salt-spray-marin-pour-cheveux-effet-plage\/#primaryimage\"},\"image\":{\"@id\":\"https:\/\/seipuntozero-haircare.it\/fr\/product\/he-she-sea-salt-spray-marin-pour-cheveux-effet-plage\/#primaryimage\"},\"thumbnailUrl\":\"https:\/\/seipuntozero-haircare.it\/wp-content\/uploads\/2017\/03\/262328_sei_punto_zero_heshe_sea_salt_marine_spray_200ml.png\",\"datePublished\":\"2017-03-15T15:38:06+00:00\",\"dateModified\":\"2021-06-09T09:32:41+00:00\",\"description\":\"He.She Sea Salt, spray marin pour cheveux. L\u2019effet plage offre un look flexible et naturel. Gr\u00e2ce \u00e0 sa formule texturisante, il apporte consistance et volume en modelant avec un effet extraordinaire.\",\"breadcrumb\":{\"@id\":\"https:\/\/seipuntozero-haircare.it\/fr\/product\/he-she-sea-salt-spray-marin-pour-cheveux-effet-plage\/#breadcrumb\"},\"inLanguage\":\"fr-FR\",\"potentialAction\":[{\"@type\":\"ReadAction\",\"target\":[\"https:\/\/seipuntozero-haircare.it\/fr\/product\/he-she-sea-salt-spray-marin-pour-cheveux-effet-plage\/\"]}]},{\"@type\":\"ImageObject\",\"inLanguage\":\"fr-FR\",\"@id\":\"https:\/\/seipuntozero-haircare.it\/fr\/product\/he-she-sea-salt-spray-marin-pour-cheveux-effet-plage\/#primaryimage\",\"url\":\"https:\/\/seipuntozero-haircare.it\/wp-content\/uploads\/2017\/03\/262328_sei_punto_zero_heshe_sea_salt_marine_spray_200ml.png\",\"contentUrl\":\"https:\/\/seipuntozero-haircare.it\/wp-content\/uploads\/2017\/03\/262328_sei_punto_zero_heshe_sea_salt_marine_spray_200ml.png\",\"width\":600,\"height\":600,\"caption\":\"He.She - Spray Marino per Capelli\"},{\"@type\":\"BreadcrumbList\",\"@id\":\"https:\/\/seipuntozero-haircare.it\/fr\/product\/he-she-sea-salt-spray-marin-pour-cheveux-effet-plage\/#breadcrumb\",\"itemListElement\":[{\"@type\":\"ListItem\",\"position\":1,\"name\":\"Home\",\"item\":\"https:\/\/seipuntozero-haircare.it\/fr\/\"},{\"@type\":\"ListItem\",\"position\":2,\"name\":\"Products\",\"item\":\"https:\/\/seipuntozero-haircare.it\/fr\/shop\/\"},{\"@type\":\"ListItem\",\"position\":3,\"name\":\"HE.SHE \u2013 SEA SALT Spray marin pour cheveux effet plage\"}]},{\"@type\":\"WebSite\",\"@id\":\"https:\/\/seipuntozero-haircare.it\/fr\/#website\",\"url\":\"https:\/\/seipuntozero-haircare.it\/fr\/\",\"name\":\"6.Zero\",\"description\":\"Essential Touch\",\"potentialAction\":[{\"@type\":\"SearchAction\",\"target\":{\"@type\":\"EntryPoint\",\"urlTemplate\":\"https:\/\/seipuntozero-haircare.it\/fr\/?s={search_term_string}\"},\"query-input\":{\"@type\":\"PropertyValueSpecification\",\"valueRequired\":true,\"valueName\":\"search_term_string\"}}],\"inLanguage\":\"fr-FR\"}]}<\/script>\n<!-- \/ Yoast SEO plugin. -->","yoast_head_json":{"title":"HE.SHE \u2013 SEA SALT | Spray marin pour cheveux effet plage","description":"He.She Sea Salt, spray marin pour cheveux. L\u2019effet plage offre un look flexible et naturel. Gr\u00e2ce \u00e0 sa formule texturisante, il apporte consistance et volume en modelant avec un effet extraordinaire.","robots":{"index":"index","follow":"follow","max-snippet":"max-snippet:-1","max-image-preview":"max-image-preview:large","max-video-preview":"max-video-preview:-1"},"canonical":"https:\/\/seipuntozero-haircare.it\/fr\/product\/he-she-sea-salt-spray-marin-pour-cheveux-effet-plage\/","og_locale":"fr_FR","og_type":"article","og_title":"HE.SHE \u2013 SEA SALT | Spray marin pour cheveux effet plage","og_description":"He.She Sea Salt, spray marin pour cheveux. L\u2019effet plage offre un look flexible et naturel. Gr\u00e2ce \u00e0 sa formule texturisante, il apporte consistance et volume en modelant avec un effet extraordinaire.","og_url":"https:\/\/seipuntozero-haircare.it\/fr\/product\/he-she-sea-salt-spray-marin-pour-cheveux-effet-plage\/","og_site_name":"6.Zero","article_modified_time":"2021-06-09T09:32:41+00:00","og_image":[{"width":600,"height":600,"url":"https:\/\/seipuntozero-haircare.it\/wp-content\/uploads\/2017\/03\/262328_sei_punto_zero_heshe_sea_salt_marine_spray_200ml.png","type":"image\/png"}],"twitter_card":"summary_large_image","twitter_misc":{"Dur\u00e9e de lecture estim\u00e9e":"1 minute"},"schema":{"@context":"https:\/\/schema.org","@graph":[{"@type":"WebPage","@id":"https:\/\/seipuntozero-haircare.it\/fr\/product\/he-she-sea-salt-spray-marin-pour-cheveux-effet-plage\/","url":"https:\/\/seipuntozero-haircare.it\/fr\/product\/he-she-sea-salt-spray-marin-pour-cheveux-effet-plage\/","name":"HE.SHE \u2013 SEA SALT | Spray marin pour cheveux effet plage","isPartOf":{"@id":"https:\/\/seipuntozero-haircare.it\/fr\/#website"},"primaryImageOfPage":{"@id":"https:\/\/seipuntozero-haircare.it\/fr\/product\/he-she-sea-salt-spray-marin-pour-cheveux-effet-plage\/#primaryimage"},"image":{"@id":"https:\/\/seipuntozero-haircare.it\/fr\/product\/he-she-sea-salt-spray-marin-pour-cheveux-effet-plage\/#primaryimage"},"thumbnailUrl":"https:\/\/seipuntozero-haircare.it\/wp-content\/uploads\/2017\/03\/262328_sei_punto_zero_heshe_sea_salt_marine_spray_200ml.png","datePublished":"2017-03-15T15:38:06+00:00","dateModified":"2021-06-09T09:32:41+00:00","description":"He.She Sea Salt, spray marin pour cheveux. L\u2019effet plage offre un look flexible et naturel. Gr\u00e2ce \u00e0 sa formule texturisante, il apporte consistance et volume en modelant avec un effet extraordinaire.","breadcrumb":{"@id":"https:\/\/seipuntozero-haircare.it\/fr\/product\/he-she-sea-salt-spray-marin-pour-cheveux-effet-plage\/#breadcrumb"},"inLanguage":"fr-FR","potentialAction":[{"@type":"ReadAction","target":["https:\/\/seipuntozero-haircare.it\/fr\/product\/he-she-sea-salt-spray-marin-pour-cheveux-effet-plage\/"]}]},{"@type":"ImageObject","inLanguage":"fr-FR","@id":"https:\/\/seipuntozero-haircare.it\/fr\/product\/he-she-sea-salt-spray-marin-pour-cheveux-effet-plage\/#primaryimage","url":"https:\/\/seipuntozero-haircare.it\/wp-content\/uploads\/2017\/03\/262328_sei_punto_zero_heshe_sea_salt_marine_spray_200ml.png","contentUrl":"https:\/\/seipuntozero-haircare.it\/wp-content\/uploads\/2017\/03\/262328_sei_punto_zero_heshe_sea_salt_marine_spray_200ml.png","width":600,"height":600,"caption":"He.She - Spray Marino per Capelli"},{"@type":"BreadcrumbList","@id":"https:\/\/seipuntozero-haircare.it\/fr\/product\/he-she-sea-salt-spray-marin-pour-cheveux-effet-plage\/#breadcrumb","itemListElement":[{"@type":"ListItem","position":1,"name":"Home","item":"https:\/\/seipuntozero-haircare.it\/fr\/"},{"@type":"ListItem","position":2,"name":"Products","item":"https:\/\/seipuntozero-haircare.it\/fr\/shop\/"},{"@type":"ListItem","position":3,"name":"HE.SHE \u2013 SEA SALT Spray marin pour cheveux effet plage"}]},{"@type":"WebSite","@id":"https:\/\/seipuntozero-haircare.it\/fr\/#website","url":"https:\/\/seipuntozero-haircare.it\/fr\/","name":"6.Zero","description":"Essential Touch","potentialAction":[{"@type":"SearchAction","target":{"@type":"EntryPoint","urlTemplate":"https:\/\/seipuntozero-haircare.it\/fr\/?s={search_term_string}"},"query-input":{"@type":"PropertyValueSpecification","valueRequired":true,"valueName":"search_term_string"}}],"inLanguage":"fr-FR"}]}},"_links":{"self":[{"href":"https:\/\/seipuntozero-haircare.it\/fr\/wp-json\/wp\/v2\/product\/15199","targetHints":{"allow":["GET"]}}],"collection":[{"href":"https:\/\/seipuntozero-haircare.it\/fr\/wp-json\/wp\/v2\/product"}],"about":[{"href":"https:\/\/seipuntozero-haircare.it\/fr\/wp-json\/wp\/v2\/types\/product"}],"wp:featuredmedia":[{"embeddable":true,"href":"https:\/\/seipuntozero-haircare.it\/fr\/wp-json\/wp\/v2\/media\/18568"}],"wp:attachment":[{"href":"https:\/\/seipuntozero-haircare.it\/fr\/wp-json\/wp\/v2\/media?parent=15199"}],"wp:term":[{"taxonomy":"product_brand","embeddable":true,"href":"https:\/\/seipuntozero-haircare.it\/fr\/wp-json\/wp\/v2\/product_brand?post=15199"},{"taxonomy":"product_cat","embeddable":true,"href":"https:\/\/seipuntozero-haircare.it\/fr\/wp-json\/wp\/v2\/product_cat?post=15199"},{"taxonomy":"product_tag","embeddable":true,"href":"https:\/\/seipuntozero-haircare.it\/fr\/wp-json\/wp\/v2\/product_tag?post=15199"}],"curies":[{"name":"wp","href":"https:\/\/api.w.org\/{rel}","templated":true}]}}