{"id":15197,"date":"2017-03-15T16:39:45","date_gmt":"2017-03-15T15:39:45","guid":{"rendered":"https:\/\/seipuntozero-haircare.it\/prodotto\/he-she-water-wax-cire-a-leau-effet-mouille\/"},"modified":"2021-06-09T11:31:44","modified_gmt":"2021-06-09T09:31:44","slug":"he-she-water-wax-cire-a-leau-effet-mouille","status":"publish","type":"product","link":"https:\/\/seipuntozero-haircare.it\/fr\/product\/he-she-water-wax-cire-a-leau-effet-mouille\/","title":{"rendered":"HE.SHE \u2013 WATER WAX <br> Cire \u00e0 l\u2019eau effet mouill\u00e9"},"content":{"rendered":"<ul>\n<li>Offre \u00e0 la coiffure un <strong>effet mouill\u00e9<\/strong> d\u00e9sirable<\/li>\n<li>Permet une <strong>coiffure flexible<\/strong> et \u00e9lastique<\/li>\n<li><strong>Mod\u00e8le les cheveux<\/strong> sans coller ni alourdir<\/li>\n<\/ul>\n","protected":false},"excerpt":{"rendered":"<p>He.She Water Wax, <strong>cire \u00e0 l\u2019eau<\/strong> effet mouill\u00e9. Elle d\u00e9finit, mod\u00e8le et donne <strong>consistance et fibre aux cheveux <\/strong>sans les alourdir. Indispensable pour une <strong>coiffure parfaite et naturelle<\/strong>. Ne laisse pas de r\u00e9sidus. Elle dompte la coiffure avec une tenue \u00e9lastique, permettant un changement de style \u00e0 tout moment gr\u00e2ce \u00e0 sa <strong>texture flexible<\/strong>. L\u2019effet mouill\u00e9 de la cire \u00e0 l\u2019eau He.She offre une <strong>brillance unique<\/strong> \u00e0 la coiffure.<\/p>\n<p>Pot 100 ml<\/p>\n","protected":false},"featured_media":18561,"template":"","meta":[],"product_brand":[],"product_cat":[607],"product_tag":[],"class_list":["post-15197","product","type-product","status-publish","has-post-thumbnail","hentry","product_cat-styling-fr"],"yoast_head":"<!-- This site is optimized with the Yoast SEO plugin v27.1.1 - https:\/\/yoast.com\/product\/yoast-seo-wordpress\/ -->\n<title>HE.SHE \u2013 WATER WAX | Cire \u00e0 l\u2019eau effet mouill\u00e9<\/title>\n<meta name=\"description\" content=\"He.She Water Wax, cire \u00e0 l\u2019eau effet mouill\u00e9. Elle d\u00e9finit, mod\u00e8le et donne consistance et fibre aux cheveux sans les alourdir. Indispensable pour une coiffure parfaite et naturelle.\" \/>\n<meta name=\"robots\" content=\"index, follow, max-snippet:-1, max-image-preview:large, max-video-preview:-1\" \/>\n<link rel=\"canonical\" href=\"https:\/\/seipuntozero-haircare.it\/fr\/product\/he-she-water-wax-cire-a-leau-effet-mouille\/\" \/>\n<meta property=\"og:locale\" content=\"fr_FR\" \/>\n<meta property=\"og:type\" content=\"article\" \/>\n<meta property=\"og:title\" content=\"HE.SHE \u2013 WATER WAX | Cire \u00e0 l\u2019eau effet mouill\u00e9\" \/>\n<meta property=\"og:description\" content=\"He.She Water Wax, cire \u00e0 l\u2019eau effet mouill\u00e9. Elle d\u00e9finit, mod\u00e8le et donne consistance et fibre aux cheveux sans les alourdir. Indispensable pour une coiffure parfaite et naturelle.\" \/>\n<meta property=\"og:url\" content=\"https:\/\/seipuntozero-haircare.it\/fr\/product\/he-she-water-wax-cire-a-leau-effet-mouille\/\" \/>\n<meta property=\"og:site_name\" content=\"6.Zero\" \/>\n<meta property=\"article:modified_time\" content=\"2021-06-09T09:31:44+00:00\" \/>\n<meta property=\"og:image\" content=\"https:\/\/seipuntozero-haircare.it\/wp-content\/uploads\/2017\/03\/262335_sei_punto_zero_heshe_water_wax_100ml.png\" \/>\n\t<meta property=\"og:image:width\" content=\"600\" \/>\n\t<meta property=\"og:image:height\" content=\"600\" \/>\n\t<meta property=\"og:image:type\" content=\"image\/png\" \/>\n<meta name=\"twitter:card\" content=\"summary_large_image\" \/>\n<meta name=\"twitter:label1\" content=\"Dur\u00e9e de lecture estim\u00e9e\" \/>\n\t<meta name=\"twitter:data1\" content=\"1 minute\" \/>\n<script type=\"application\/ld+json\" class=\"yoast-schema-graph\">{\"@context\":\"https:\/\/schema.org\",\"@graph\":[{\"@type\":\"WebPage\",\"@id\":\"https:\/\/seipuntozero-haircare.it\/fr\/product\/he-she-water-wax-cire-a-leau-effet-mouille\/\",\"url\":\"https:\/\/seipuntozero-haircare.it\/fr\/product\/he-she-water-wax-cire-a-leau-effet-mouille\/\",\"name\":\"HE.SHE \u2013 WATER WAX | Cire \u00e0 l\u2019eau effet mouill\u00e9\",\"isPartOf\":{\"@id\":\"https:\/\/seipuntozero-haircare.it\/fr\/#website\"},\"primaryImageOfPage\":{\"@id\":\"https:\/\/seipuntozero-haircare.it\/fr\/product\/he-she-water-wax-cire-a-leau-effet-mouille\/#primaryimage\"},\"image\":{\"@id\":\"https:\/\/seipuntozero-haircare.it\/fr\/product\/he-she-water-wax-cire-a-leau-effet-mouille\/#primaryimage\"},\"thumbnailUrl\":\"https:\/\/seipuntozero-haircare.it\/wp-content\/uploads\/2017\/03\/262335_sei_punto_zero_heshe_water_wax_100ml.png\",\"datePublished\":\"2017-03-15T15:39:45+00:00\",\"dateModified\":\"2021-06-09T09:31:44+00:00\",\"description\":\"He.She Water Wax, cire \u00e0 l\u2019eau effet mouill\u00e9. Elle d\u00e9finit, mod\u00e8le et donne consistance et fibre aux cheveux sans les alourdir. Indispensable pour une coiffure parfaite et naturelle.\",\"breadcrumb\":{\"@id\":\"https:\/\/seipuntozero-haircare.it\/fr\/product\/he-she-water-wax-cire-a-leau-effet-mouille\/#breadcrumb\"},\"inLanguage\":\"fr-FR\",\"potentialAction\":[{\"@type\":\"ReadAction\",\"target\":[\"https:\/\/seipuntozero-haircare.it\/fr\/product\/he-she-water-wax-cire-a-leau-effet-mouille\/\"]}]},{\"@type\":\"ImageObject\",\"inLanguage\":\"fr-FR\",\"@id\":\"https:\/\/seipuntozero-haircare.it\/fr\/product\/he-she-water-wax-cire-a-leau-effet-mouille\/#primaryimage\",\"url\":\"https:\/\/seipuntozero-haircare.it\/wp-content\/uploads\/2017\/03\/262335_sei_punto_zero_heshe_water_wax_100ml.png\",\"contentUrl\":\"https:\/\/seipuntozero-haircare.it\/wp-content\/uploads\/2017\/03\/262335_sei_punto_zero_heshe_water_wax_100ml.png\",\"width\":600,\"height\":600,\"caption\":\"He.She - Cera ad Acqua\"},{\"@type\":\"BreadcrumbList\",\"@id\":\"https:\/\/seipuntozero-haircare.it\/fr\/product\/he-she-water-wax-cire-a-leau-effet-mouille\/#breadcrumb\",\"itemListElement\":[{\"@type\":\"ListItem\",\"position\":1,\"name\":\"Home\",\"item\":\"https:\/\/seipuntozero-haircare.it\/fr\/\"},{\"@type\":\"ListItem\",\"position\":2,\"name\":\"Products\",\"item\":\"https:\/\/seipuntozero-haircare.it\/fr\/shop\/\"},{\"@type\":\"ListItem\",\"position\":3,\"name\":\"HE.SHE \u2013 WATER WAX Cire \u00e0 l\u2019eau effet mouill\u00e9\"}]},{\"@type\":\"WebSite\",\"@id\":\"https:\/\/seipuntozero-haircare.it\/fr\/#website\",\"url\":\"https:\/\/seipuntozero-haircare.it\/fr\/\",\"name\":\"6.Zero\",\"description\":\"Essential Touch\",\"potentialAction\":[{\"@type\":\"SearchAction\",\"target\":{\"@type\":\"EntryPoint\",\"urlTemplate\":\"https:\/\/seipuntozero-haircare.it\/fr\/?s={search_term_string}\"},\"query-input\":{\"@type\":\"PropertyValueSpecification\",\"valueRequired\":true,\"valueName\":\"search_term_string\"}}],\"inLanguage\":\"fr-FR\"}]}<\/script>\n<!-- \/ Yoast SEO plugin. -->","yoast_head_json":{"title":"HE.SHE \u2013 WATER WAX | Cire \u00e0 l\u2019eau effet mouill\u00e9","description":"He.She Water Wax, cire \u00e0 l\u2019eau effet mouill\u00e9. Elle d\u00e9finit, mod\u00e8le et donne consistance et fibre aux cheveux sans les alourdir. Indispensable pour une coiffure parfaite et naturelle.","robots":{"index":"index","follow":"follow","max-snippet":"max-snippet:-1","max-image-preview":"max-image-preview:large","max-video-preview":"max-video-preview:-1"},"canonical":"https:\/\/seipuntozero-haircare.it\/fr\/product\/he-she-water-wax-cire-a-leau-effet-mouille\/","og_locale":"fr_FR","og_type":"article","og_title":"HE.SHE \u2013 WATER WAX | Cire \u00e0 l\u2019eau effet mouill\u00e9","og_description":"He.She Water Wax, cire \u00e0 l\u2019eau effet mouill\u00e9. Elle d\u00e9finit, mod\u00e8le et donne consistance et fibre aux cheveux sans les alourdir. Indispensable pour une coiffure parfaite et naturelle.","og_url":"https:\/\/seipuntozero-haircare.it\/fr\/product\/he-she-water-wax-cire-a-leau-effet-mouille\/","og_site_name":"6.Zero","article_modified_time":"2021-06-09T09:31:44+00:00","og_image":[{"width":600,"height":600,"url":"https:\/\/seipuntozero-haircare.it\/wp-content\/uploads\/2017\/03\/262335_sei_punto_zero_heshe_water_wax_100ml.png","type":"image\/png"}],"twitter_card":"summary_large_image","twitter_misc":{"Dur\u00e9e de lecture estim\u00e9e":"1 minute"},"schema":{"@context":"https:\/\/schema.org","@graph":[{"@type":"WebPage","@id":"https:\/\/seipuntozero-haircare.it\/fr\/product\/he-she-water-wax-cire-a-leau-effet-mouille\/","url":"https:\/\/seipuntozero-haircare.it\/fr\/product\/he-she-water-wax-cire-a-leau-effet-mouille\/","name":"HE.SHE \u2013 WATER WAX | Cire \u00e0 l\u2019eau effet mouill\u00e9","isPartOf":{"@id":"https:\/\/seipuntozero-haircare.it\/fr\/#website"},"primaryImageOfPage":{"@id":"https:\/\/seipuntozero-haircare.it\/fr\/product\/he-she-water-wax-cire-a-leau-effet-mouille\/#primaryimage"},"image":{"@id":"https:\/\/seipuntozero-haircare.it\/fr\/product\/he-she-water-wax-cire-a-leau-effet-mouille\/#primaryimage"},"thumbnailUrl":"https:\/\/seipuntozero-haircare.it\/wp-content\/uploads\/2017\/03\/262335_sei_punto_zero_heshe_water_wax_100ml.png","datePublished":"2017-03-15T15:39:45+00:00","dateModified":"2021-06-09T09:31:44+00:00","description":"He.She Water Wax, cire \u00e0 l\u2019eau effet mouill\u00e9. Elle d\u00e9finit, mod\u00e8le et donne consistance et fibre aux cheveux sans les alourdir. Indispensable pour une coiffure parfaite et naturelle.","breadcrumb":{"@id":"https:\/\/seipuntozero-haircare.it\/fr\/product\/he-she-water-wax-cire-a-leau-effet-mouille\/#breadcrumb"},"inLanguage":"fr-FR","potentialAction":[{"@type":"ReadAction","target":["https:\/\/seipuntozero-haircare.it\/fr\/product\/he-she-water-wax-cire-a-leau-effet-mouille\/"]}]},{"@type":"ImageObject","inLanguage":"fr-FR","@id":"https:\/\/seipuntozero-haircare.it\/fr\/product\/he-she-water-wax-cire-a-leau-effet-mouille\/#primaryimage","url":"https:\/\/seipuntozero-haircare.it\/wp-content\/uploads\/2017\/03\/262335_sei_punto_zero_heshe_water_wax_100ml.png","contentUrl":"https:\/\/seipuntozero-haircare.it\/wp-content\/uploads\/2017\/03\/262335_sei_punto_zero_heshe_water_wax_100ml.png","width":600,"height":600,"caption":"He.She - Cera ad Acqua"},{"@type":"BreadcrumbList","@id":"https:\/\/seipuntozero-haircare.it\/fr\/product\/he-she-water-wax-cire-a-leau-effet-mouille\/#breadcrumb","itemListElement":[{"@type":"ListItem","position":1,"name":"Home","item":"https:\/\/seipuntozero-haircare.it\/fr\/"},{"@type":"ListItem","position":2,"name":"Products","item":"https:\/\/seipuntozero-haircare.it\/fr\/shop\/"},{"@type":"ListItem","position":3,"name":"HE.SHE \u2013 WATER WAX Cire \u00e0 l\u2019eau effet mouill\u00e9"}]},{"@type":"WebSite","@id":"https:\/\/seipuntozero-haircare.it\/fr\/#website","url":"https:\/\/seipuntozero-haircare.it\/fr\/","name":"6.Zero","description":"Essential Touch","potentialAction":[{"@type":"SearchAction","target":{"@type":"EntryPoint","urlTemplate":"https:\/\/seipuntozero-haircare.it\/fr\/?s={search_term_string}"},"query-input":{"@type":"PropertyValueSpecification","valueRequired":true,"valueName":"search_term_string"}}],"inLanguage":"fr-FR"}]}},"_links":{"self":[{"href":"https:\/\/seipuntozero-haircare.it\/fr\/wp-json\/wp\/v2\/product\/15197","targetHints":{"allow":["GET"]}}],"collection":[{"href":"https:\/\/seipuntozero-haircare.it\/fr\/wp-json\/wp\/v2\/product"}],"about":[{"href":"https:\/\/seipuntozero-haircare.it\/fr\/wp-json\/wp\/v2\/types\/product"}],"wp:featuredmedia":[{"embeddable":true,"href":"https:\/\/seipuntozero-haircare.it\/fr\/wp-json\/wp\/v2\/media\/18561"}],"wp:attachment":[{"href":"https:\/\/seipuntozero-haircare.it\/fr\/wp-json\/wp\/v2\/media?parent=15197"}],"wp:term":[{"taxonomy":"product_brand","embeddable":true,"href":"https:\/\/seipuntozero-haircare.it\/fr\/wp-json\/wp\/v2\/product_brand?post=15197"},{"taxonomy":"product_cat","embeddable":true,"href":"https:\/\/seipuntozero-haircare.it\/fr\/wp-json\/wp\/v2\/product_cat?post=15197"},{"taxonomy":"product_tag","embeddable":true,"href":"https:\/\/seipuntozero-haircare.it\/fr\/wp-json\/wp\/v2\/product_tag?post=15197"}],"curies":[{"name":"wp","href":"https:\/\/api.w.org\/{rel}","templated":true}]}}