{"id":15195,"date":"2017-03-15T16:44:24","date_gmt":"2017-03-15T15:44:24","guid":{"rendered":"https:\/\/seipuntozero-haircare.it\/prodotto\/he-she-wet-gel-gel-extra-fort-effet-mouille\/"},"modified":"2021-06-09T11:30:58","modified_gmt":"2021-06-09T09:30:58","slug":"he-she-wet-gel-gel-extra-fort-effet-mouille","status":"publish","type":"product","link":"https:\/\/seipuntozero-haircare.it\/fr\/product\/he-she-wet-gel-gel-extra-fort-effet-mouille\/","title":{"rendered":"HE.SHE \u2013 WET GEL <br> Gel Extra fort effet mouill\u00e9"},"content":{"rendered":"<ul>\n<li><strong>Fixation<\/strong> extra forte<\/li>\n<li>Apporte un <strong>effet mouill\u00e9<\/strong> longue dur\u00e9e \u00e0 la coiffure<\/li>\n<li><strong>Ne colle pas<\/strong> et ne laisse pas de r\u00e9sidus<\/li>\n<\/ul>\n","protected":false},"excerpt":{"rendered":"<p>He.She <strong>Wet Gel Extra fort<\/strong> pour un <strong>effet mouill\u00e9<\/strong>, id\u00e9al pour tous les types de coiffures, donne aux <strong>cheveux une flexibilit\u00e9 et un \u00e9clat<\/strong> extr\u00eames sans alourdir la coiffure et sans coller. Gr\u00e2ce \u00e0 sa texture douce et l\u00e9g\u00e8re, il ne s\u00e8che pas, ne durcit pas et ne graisse pas le cheveu, permettant la cr\u00e9ation d\u2019un <strong>effet mouill\u00e9<\/strong> longue dur\u00e9e. Tenue prolong\u00e9e et fixation tenace permettent une d\u00e9finition maximale et un contr\u00f4le lors de la cr\u00e9ation de la <strong>coiffure<\/strong> souhait\u00e9e.<\/p>\n<p>Pot 500 ml<\/p>\n","protected":false},"featured_media":18555,"template":"","meta":[],"product_brand":[],"product_cat":[607],"product_tag":[],"class_list":["post-15195","product","type-product","status-publish","has-post-thumbnail","hentry","product_cat-styling-fr"],"yoast_head":"<!-- This site is optimized with the Yoast SEO plugin v27.1.1 - https:\/\/yoast.com\/product\/yoast-seo-wordpress\/ -->\n<title>HE.SHE \u2013 WET GEL  Gel Extra fort effet mouill\u00e9 - 6.Zero<\/title>\n<meta name=\"description\" content=\"He.She Wet Gel Extra fort pour un effet mouill\u00e9, id\u00e9al pour tous les types de coiffures, donne aux cheveux une flexibilit\u00e9 et un \u00e9clat extr\u00eames sans alourdir la coiffure et sans coller.\" \/>\n<meta name=\"robots\" content=\"index, follow, max-snippet:-1, max-image-preview:large, max-video-preview:-1\" \/>\n<link rel=\"canonical\" href=\"https:\/\/seipuntozero-haircare.it\/fr\/product\/he-she-wet-gel-gel-extra-fort-effet-mouille\/\" \/>\n<meta property=\"og:locale\" content=\"fr_FR\" \/>\n<meta property=\"og:type\" content=\"article\" \/>\n<meta property=\"og:title\" content=\"HE.SHE \u2013 WET GEL  Gel Extra fort effet mouill\u00e9 - 6.Zero\" \/>\n<meta property=\"og:description\" content=\"He.She Wet Gel Extra fort pour un effet mouill\u00e9, id\u00e9al pour tous les types de coiffures, donne aux cheveux une flexibilit\u00e9 et un \u00e9clat extr\u00eames sans alourdir la coiffure et sans coller.\" \/>\n<meta property=\"og:url\" content=\"https:\/\/seipuntozero-haircare.it\/fr\/product\/he-she-wet-gel-gel-extra-fort-effet-mouille\/\" \/>\n<meta property=\"og:site_name\" content=\"6.Zero\" \/>\n<meta property=\"article:modified_time\" content=\"2021-06-09T09:30:58+00:00\" \/>\n<meta property=\"og:image\" content=\"https:\/\/seipuntozero-haircare.it\/wp-content\/uploads\/2017\/03\/262342_sei_punto_zero_heshe_wet_gel_extra_strong_500ml.png\" \/>\n\t<meta property=\"og:image:width\" content=\"600\" \/>\n\t<meta property=\"og:image:height\" content=\"600\" \/>\n\t<meta property=\"og:image:type\" content=\"image\/png\" \/>\n<meta name=\"twitter:card\" content=\"summary_large_image\" \/>\n<meta name=\"twitter:label1\" content=\"Dur\u00e9e de lecture estim\u00e9e\" \/>\n\t<meta name=\"twitter:data1\" content=\"1 minute\" \/>\n<script type=\"application\/ld+json\" class=\"yoast-schema-graph\">{\"@context\":\"https:\/\/schema.org\",\"@graph\":[{\"@type\":\"WebPage\",\"@id\":\"https:\/\/seipuntozero-haircare.it\/fr\/product\/he-she-wet-gel-gel-extra-fort-effet-mouille\/\",\"url\":\"https:\/\/seipuntozero-haircare.it\/fr\/product\/he-she-wet-gel-gel-extra-fort-effet-mouille\/\",\"name\":\"HE.SHE \u2013 WET GEL Gel Extra fort effet mouill\u00e9 - 6.Zero\",\"isPartOf\":{\"@id\":\"https:\/\/seipuntozero-haircare.it\/fr\/#website\"},\"primaryImageOfPage\":{\"@id\":\"https:\/\/seipuntozero-haircare.it\/fr\/product\/he-she-wet-gel-gel-extra-fort-effet-mouille\/#primaryimage\"},\"image\":{\"@id\":\"https:\/\/seipuntozero-haircare.it\/fr\/product\/he-she-wet-gel-gel-extra-fort-effet-mouille\/#primaryimage\"},\"thumbnailUrl\":\"https:\/\/seipuntozero-haircare.it\/wp-content\/uploads\/2017\/03\/262342_sei_punto_zero_heshe_wet_gel_extra_strong_500ml.png\",\"datePublished\":\"2017-03-15T15:44:24+00:00\",\"dateModified\":\"2021-06-09T09:30:58+00:00\",\"description\":\"He.She Wet Gel Extra fort pour un effet mouill\u00e9, id\u00e9al pour tous les types de coiffures, donne aux cheveux une flexibilit\u00e9 et un \u00e9clat extr\u00eames sans alourdir la coiffure et sans coller.\",\"breadcrumb\":{\"@id\":\"https:\/\/seipuntozero-haircare.it\/fr\/product\/he-she-wet-gel-gel-extra-fort-effet-mouille\/#breadcrumb\"},\"inLanguage\":\"fr-FR\",\"potentialAction\":[{\"@type\":\"ReadAction\",\"target\":[\"https:\/\/seipuntozero-haircare.it\/fr\/product\/he-she-wet-gel-gel-extra-fort-effet-mouille\/\"]}]},{\"@type\":\"ImageObject\",\"inLanguage\":\"fr-FR\",\"@id\":\"https:\/\/seipuntozero-haircare.it\/fr\/product\/he-she-wet-gel-gel-extra-fort-effet-mouille\/#primaryimage\",\"url\":\"https:\/\/seipuntozero-haircare.it\/wp-content\/uploads\/2017\/03\/262342_sei_punto_zero_heshe_wet_gel_extra_strong_500ml.png\",\"contentUrl\":\"https:\/\/seipuntozero-haircare.it\/wp-content\/uploads\/2017\/03\/262342_sei_punto_zero_heshe_wet_gel_extra_strong_500ml.png\",\"width\":600,\"height\":600,\"caption\":\"He.She - Gel Effetto Bagnato\"},{\"@type\":\"BreadcrumbList\",\"@id\":\"https:\/\/seipuntozero-haircare.it\/fr\/product\/he-she-wet-gel-gel-extra-fort-effet-mouille\/#breadcrumb\",\"itemListElement\":[{\"@type\":\"ListItem\",\"position\":1,\"name\":\"Home\",\"item\":\"https:\/\/seipuntozero-haircare.it\/fr\/\"},{\"@type\":\"ListItem\",\"position\":2,\"name\":\"Products\",\"item\":\"https:\/\/seipuntozero-haircare.it\/fr\/shop\/\"},{\"@type\":\"ListItem\",\"position\":3,\"name\":\"HE.SHE \u2013 WET GEL Gel Extra fort effet mouill\u00e9\"}]},{\"@type\":\"WebSite\",\"@id\":\"https:\/\/seipuntozero-haircare.it\/fr\/#website\",\"url\":\"https:\/\/seipuntozero-haircare.it\/fr\/\",\"name\":\"6.Zero\",\"description\":\"Essential Touch\",\"potentialAction\":[{\"@type\":\"SearchAction\",\"target\":{\"@type\":\"EntryPoint\",\"urlTemplate\":\"https:\/\/seipuntozero-haircare.it\/fr\/?s={search_term_string}\"},\"query-input\":{\"@type\":\"PropertyValueSpecification\",\"valueRequired\":true,\"valueName\":\"search_term_string\"}}],\"inLanguage\":\"fr-FR\"}]}<\/script>\n<!-- \/ Yoast SEO plugin. -->","yoast_head_json":{"title":"HE.SHE \u2013 WET GEL  Gel Extra fort effet mouill\u00e9 - 6.Zero","description":"He.She Wet Gel Extra fort pour un effet mouill\u00e9, id\u00e9al pour tous les types de coiffures, donne aux cheveux une flexibilit\u00e9 et un \u00e9clat extr\u00eames sans alourdir la coiffure et sans coller.","robots":{"index":"index","follow":"follow","max-snippet":"max-snippet:-1","max-image-preview":"max-image-preview:large","max-video-preview":"max-video-preview:-1"},"canonical":"https:\/\/seipuntozero-haircare.it\/fr\/product\/he-she-wet-gel-gel-extra-fort-effet-mouille\/","og_locale":"fr_FR","og_type":"article","og_title":"HE.SHE \u2013 WET GEL  Gel Extra fort effet mouill\u00e9 - 6.Zero","og_description":"He.She Wet Gel Extra fort pour un effet mouill\u00e9, id\u00e9al pour tous les types de coiffures, donne aux cheveux une flexibilit\u00e9 et un \u00e9clat extr\u00eames sans alourdir la coiffure et sans coller.","og_url":"https:\/\/seipuntozero-haircare.it\/fr\/product\/he-she-wet-gel-gel-extra-fort-effet-mouille\/","og_site_name":"6.Zero","article_modified_time":"2021-06-09T09:30:58+00:00","og_image":[{"width":600,"height":600,"url":"https:\/\/seipuntozero-haircare.it\/wp-content\/uploads\/2017\/03\/262342_sei_punto_zero_heshe_wet_gel_extra_strong_500ml.png","type":"image\/png"}],"twitter_card":"summary_large_image","twitter_misc":{"Dur\u00e9e de lecture estim\u00e9e":"1 minute"},"schema":{"@context":"https:\/\/schema.org","@graph":[{"@type":"WebPage","@id":"https:\/\/seipuntozero-haircare.it\/fr\/product\/he-she-wet-gel-gel-extra-fort-effet-mouille\/","url":"https:\/\/seipuntozero-haircare.it\/fr\/product\/he-she-wet-gel-gel-extra-fort-effet-mouille\/","name":"HE.SHE \u2013 WET GEL Gel Extra fort effet mouill\u00e9 - 6.Zero","isPartOf":{"@id":"https:\/\/seipuntozero-haircare.it\/fr\/#website"},"primaryImageOfPage":{"@id":"https:\/\/seipuntozero-haircare.it\/fr\/product\/he-she-wet-gel-gel-extra-fort-effet-mouille\/#primaryimage"},"image":{"@id":"https:\/\/seipuntozero-haircare.it\/fr\/product\/he-she-wet-gel-gel-extra-fort-effet-mouille\/#primaryimage"},"thumbnailUrl":"https:\/\/seipuntozero-haircare.it\/wp-content\/uploads\/2017\/03\/262342_sei_punto_zero_heshe_wet_gel_extra_strong_500ml.png","datePublished":"2017-03-15T15:44:24+00:00","dateModified":"2021-06-09T09:30:58+00:00","description":"He.She Wet Gel Extra fort pour un effet mouill\u00e9, id\u00e9al pour tous les types de coiffures, donne aux cheveux une flexibilit\u00e9 et un \u00e9clat extr\u00eames sans alourdir la coiffure et sans coller.","breadcrumb":{"@id":"https:\/\/seipuntozero-haircare.it\/fr\/product\/he-she-wet-gel-gel-extra-fort-effet-mouille\/#breadcrumb"},"inLanguage":"fr-FR","potentialAction":[{"@type":"ReadAction","target":["https:\/\/seipuntozero-haircare.it\/fr\/product\/he-she-wet-gel-gel-extra-fort-effet-mouille\/"]}]},{"@type":"ImageObject","inLanguage":"fr-FR","@id":"https:\/\/seipuntozero-haircare.it\/fr\/product\/he-she-wet-gel-gel-extra-fort-effet-mouille\/#primaryimage","url":"https:\/\/seipuntozero-haircare.it\/wp-content\/uploads\/2017\/03\/262342_sei_punto_zero_heshe_wet_gel_extra_strong_500ml.png","contentUrl":"https:\/\/seipuntozero-haircare.it\/wp-content\/uploads\/2017\/03\/262342_sei_punto_zero_heshe_wet_gel_extra_strong_500ml.png","width":600,"height":600,"caption":"He.She - Gel Effetto Bagnato"},{"@type":"BreadcrumbList","@id":"https:\/\/seipuntozero-haircare.it\/fr\/product\/he-she-wet-gel-gel-extra-fort-effet-mouille\/#breadcrumb","itemListElement":[{"@type":"ListItem","position":1,"name":"Home","item":"https:\/\/seipuntozero-haircare.it\/fr\/"},{"@type":"ListItem","position":2,"name":"Products","item":"https:\/\/seipuntozero-haircare.it\/fr\/shop\/"},{"@type":"ListItem","position":3,"name":"HE.SHE \u2013 WET GEL Gel Extra fort effet mouill\u00e9"}]},{"@type":"WebSite","@id":"https:\/\/seipuntozero-haircare.it\/fr\/#website","url":"https:\/\/seipuntozero-haircare.it\/fr\/","name":"6.Zero","description":"Essential Touch","potentialAction":[{"@type":"SearchAction","target":{"@type":"EntryPoint","urlTemplate":"https:\/\/seipuntozero-haircare.it\/fr\/?s={search_term_string}"},"query-input":{"@type":"PropertyValueSpecification","valueRequired":true,"valueName":"search_term_string"}}],"inLanguage":"fr-FR"}]}},"_links":{"self":[{"href":"https:\/\/seipuntozero-haircare.it\/fr\/wp-json\/wp\/v2\/product\/15195","targetHints":{"allow":["GET"]}}],"collection":[{"href":"https:\/\/seipuntozero-haircare.it\/fr\/wp-json\/wp\/v2\/product"}],"about":[{"href":"https:\/\/seipuntozero-haircare.it\/fr\/wp-json\/wp\/v2\/types\/product"}],"wp:featuredmedia":[{"embeddable":true,"href":"https:\/\/seipuntozero-haircare.it\/fr\/wp-json\/wp\/v2\/media\/18555"}],"wp:attachment":[{"href":"https:\/\/seipuntozero-haircare.it\/fr\/wp-json\/wp\/v2\/media?parent=15195"}],"wp:term":[{"taxonomy":"product_brand","embeddable":true,"href":"https:\/\/seipuntozero-haircare.it\/fr\/wp-json\/wp\/v2\/product_brand?post=15195"},{"taxonomy":"product_cat","embeddable":true,"href":"https:\/\/seipuntozero-haircare.it\/fr\/wp-json\/wp\/v2\/product_cat?post=15195"},{"taxonomy":"product_tag","embeddable":true,"href":"https:\/\/seipuntozero-haircare.it\/fr\/wp-json\/wp\/v2\/product_tag?post=15195"}],"curies":[{"name":"wp","href":"https:\/\/api.w.org\/{rel}","templated":true}]}}