{"id":15193,"date":"2017-03-15T16:46:15","date_gmt":"2017-03-15T15:46:15","guid":{"rendered":"https:\/\/seipuntozero-haircare.it\/prodotto\/he-she-matt-wax-cire-a-effet-opaque-pour-cheveux\/"},"modified":"2021-06-09T11:30:06","modified_gmt":"2021-06-09T09:30:06","slug":"he-she-matt-wax-cire-a-effet-opaque-pour-cheveux","status":"publish","type":"product","link":"https:\/\/seipuntozero-haircare.it\/fr\/product\/he-she-matt-wax-cire-a-effet-opaque-pour-cheveux\/","title":{"rendered":"HE.SHE \u2013 MATT WAX <br> Cire \u00e0 effet opaque pour cheveux"},"content":{"rendered":"<ul>\n<li>Donne un look <strong>effet opaque<\/strong> \u00e0 la coiffure<\/li>\n<li>Permet de modeler la coiffure \u00e0 volont\u00e9<\/li>\n<li>Apporte du soutien <strong>sans alourdir<\/strong>, mouiller ni coller<\/li>\n<\/ul>\n","protected":false},"excerpt":{"rendered":"<p>He.She Matt Wax Definer, <strong>cire \u00e0 effet opaque pour cheveux<\/strong>. Apporte un soutien stable et mod\u00e8le la coiffure, en conf\u00e9rant une <strong>finition satin\u00e9e sans mouiller<\/strong> la coiffure. Elle d\u00e9finit le style en cr\u00e9ant des looks \u00e9clectiques pour elle et lui gr\u00e2ce \u00e0 sa formule douce et modulable. La coiffure est naturelle, la <strong>tenue l\u00e9g\u00e8re<\/strong>.<\/p>\n<p>Pot 100 ml<\/p>\n","protected":false},"featured_media":18549,"template":"","meta":[],"product_brand":[],"product_cat":[607],"product_tag":[],"class_list":["post-15193","product","type-product","status-publish","has-post-thumbnail","hentry","product_cat-styling-fr"],"yoast_head":"<!-- This site is optimized with the Yoast SEO plugin v27.1.1 - https:\/\/yoast.com\/product\/yoast-seo-wordpress\/ -->\n<title>HE.SHE \u2013 MATT WAX  Cire \u00e0 effet opaque pour cheveux - 6.Zero<\/title>\n<meta name=\"description\" content=\"He.She Matt Wax Definer, cire \u00e0 effet opaque pour cheveux. Apporte un soutien stable et mod\u00e8le la coiffure, en conf\u00e9rant une finition satin\u00e9e sans mouiller la coiffure.\" \/>\n<meta name=\"robots\" content=\"index, follow, max-snippet:-1, max-image-preview:large, max-video-preview:-1\" \/>\n<link rel=\"canonical\" href=\"https:\/\/seipuntozero-haircare.it\/fr\/product\/he-she-matt-wax-cire-a-effet-opaque-pour-cheveux\/\" \/>\n<meta property=\"og:locale\" content=\"fr_FR\" \/>\n<meta property=\"og:type\" content=\"article\" \/>\n<meta property=\"og:title\" content=\"HE.SHE \u2013 MATT WAX  Cire \u00e0 effet opaque pour cheveux - 6.Zero\" \/>\n<meta property=\"og:description\" content=\"He.She Matt Wax Definer, cire \u00e0 effet opaque pour cheveux. Apporte un soutien stable et mod\u00e8le la coiffure, en conf\u00e9rant une finition satin\u00e9e sans mouiller la coiffure.\" \/>\n<meta property=\"og:url\" content=\"https:\/\/seipuntozero-haircare.it\/fr\/product\/he-she-matt-wax-cire-a-effet-opaque-pour-cheveux\/\" \/>\n<meta property=\"og:site_name\" content=\"6.Zero\" \/>\n<meta property=\"article:modified_time\" content=\"2021-06-09T09:30:06+00:00\" \/>\n<meta property=\"og:image\" content=\"https:\/\/seipuntozero-haircare.it\/wp-content\/uploads\/2017\/03\/262359_sei_punto_zero_heshe_matt_wax_100ml.png\" \/>\n\t<meta property=\"og:image:width\" content=\"600\" \/>\n\t<meta property=\"og:image:height\" content=\"600\" \/>\n\t<meta property=\"og:image:type\" content=\"image\/png\" \/>\n<meta name=\"twitter:card\" content=\"summary_large_image\" \/>\n<meta name=\"twitter:label1\" content=\"Dur\u00e9e de lecture estim\u00e9e\" \/>\n\t<meta name=\"twitter:data1\" content=\"1 minute\" \/>\n<script type=\"application\/ld+json\" class=\"yoast-schema-graph\">{\"@context\":\"https:\/\/schema.org\",\"@graph\":[{\"@type\":\"WebPage\",\"@id\":\"https:\/\/seipuntozero-haircare.it\/fr\/product\/he-she-matt-wax-cire-a-effet-opaque-pour-cheveux\/\",\"url\":\"https:\/\/seipuntozero-haircare.it\/fr\/product\/he-she-matt-wax-cire-a-effet-opaque-pour-cheveux\/\",\"name\":\"HE.SHE \u2013 MATT WAX Cire \u00e0 effet opaque pour cheveux - 6.Zero\",\"isPartOf\":{\"@id\":\"https:\/\/seipuntozero-haircare.it\/fr\/#website\"},\"primaryImageOfPage\":{\"@id\":\"https:\/\/seipuntozero-haircare.it\/fr\/product\/he-she-matt-wax-cire-a-effet-opaque-pour-cheveux\/#primaryimage\"},\"image\":{\"@id\":\"https:\/\/seipuntozero-haircare.it\/fr\/product\/he-she-matt-wax-cire-a-effet-opaque-pour-cheveux\/#primaryimage\"},\"thumbnailUrl\":\"https:\/\/seipuntozero-haircare.it\/wp-content\/uploads\/2017\/03\/262359_sei_punto_zero_heshe_matt_wax_100ml.png\",\"datePublished\":\"2017-03-15T15:46:15+00:00\",\"dateModified\":\"2021-06-09T09:30:06+00:00\",\"description\":\"He.She Matt Wax Definer, cire \u00e0 effet opaque pour cheveux. Apporte un soutien stable et mod\u00e8le la coiffure, en conf\u00e9rant une finition satin\u00e9e sans mouiller la coiffure.\",\"breadcrumb\":{\"@id\":\"https:\/\/seipuntozero-haircare.it\/fr\/product\/he-she-matt-wax-cire-a-effet-opaque-pour-cheveux\/#breadcrumb\"},\"inLanguage\":\"fr-FR\",\"potentialAction\":[{\"@type\":\"ReadAction\",\"target\":[\"https:\/\/seipuntozero-haircare.it\/fr\/product\/he-she-matt-wax-cire-a-effet-opaque-pour-cheveux\/\"]}]},{\"@type\":\"ImageObject\",\"inLanguage\":\"fr-FR\",\"@id\":\"https:\/\/seipuntozero-haircare.it\/fr\/product\/he-she-matt-wax-cire-a-effet-opaque-pour-cheveux\/#primaryimage\",\"url\":\"https:\/\/seipuntozero-haircare.it\/wp-content\/uploads\/2017\/03\/262359_sei_punto_zero_heshe_matt_wax_100ml.png\",\"contentUrl\":\"https:\/\/seipuntozero-haircare.it\/wp-content\/uploads\/2017\/03\/262359_sei_punto_zero_heshe_matt_wax_100ml.png\",\"width\":600,\"height\":600,\"caption\":\"He.She - Cera Effetto Opaco\"},{\"@type\":\"BreadcrumbList\",\"@id\":\"https:\/\/seipuntozero-haircare.it\/fr\/product\/he-she-matt-wax-cire-a-effet-opaque-pour-cheveux\/#breadcrumb\",\"itemListElement\":[{\"@type\":\"ListItem\",\"position\":1,\"name\":\"Home\",\"item\":\"https:\/\/seipuntozero-haircare.it\/fr\/\"},{\"@type\":\"ListItem\",\"position\":2,\"name\":\"Products\",\"item\":\"https:\/\/seipuntozero-haircare.it\/fr\/shop\/\"},{\"@type\":\"ListItem\",\"position\":3,\"name\":\"HE.SHE \u2013 MATT WAX Cire \u00e0 effet opaque pour cheveux\"}]},{\"@type\":\"WebSite\",\"@id\":\"https:\/\/seipuntozero-haircare.it\/fr\/#website\",\"url\":\"https:\/\/seipuntozero-haircare.it\/fr\/\",\"name\":\"6.Zero\",\"description\":\"Essential Touch\",\"potentialAction\":[{\"@type\":\"SearchAction\",\"target\":{\"@type\":\"EntryPoint\",\"urlTemplate\":\"https:\/\/seipuntozero-haircare.it\/fr\/?s={search_term_string}\"},\"query-input\":{\"@type\":\"PropertyValueSpecification\",\"valueRequired\":true,\"valueName\":\"search_term_string\"}}],\"inLanguage\":\"fr-FR\"}]}<\/script>\n<!-- \/ Yoast SEO plugin. -->","yoast_head_json":{"title":"HE.SHE \u2013 MATT WAX  Cire \u00e0 effet opaque pour cheveux - 6.Zero","description":"He.She Matt Wax Definer, cire \u00e0 effet opaque pour cheveux. Apporte un soutien stable et mod\u00e8le la coiffure, en conf\u00e9rant une finition satin\u00e9e sans mouiller la coiffure.","robots":{"index":"index","follow":"follow","max-snippet":"max-snippet:-1","max-image-preview":"max-image-preview:large","max-video-preview":"max-video-preview:-1"},"canonical":"https:\/\/seipuntozero-haircare.it\/fr\/product\/he-she-matt-wax-cire-a-effet-opaque-pour-cheveux\/","og_locale":"fr_FR","og_type":"article","og_title":"HE.SHE \u2013 MATT WAX  Cire \u00e0 effet opaque pour cheveux - 6.Zero","og_description":"He.She Matt Wax Definer, cire \u00e0 effet opaque pour cheveux. Apporte un soutien stable et mod\u00e8le la coiffure, en conf\u00e9rant une finition satin\u00e9e sans mouiller la coiffure.","og_url":"https:\/\/seipuntozero-haircare.it\/fr\/product\/he-she-matt-wax-cire-a-effet-opaque-pour-cheveux\/","og_site_name":"6.Zero","article_modified_time":"2021-06-09T09:30:06+00:00","og_image":[{"width":600,"height":600,"url":"https:\/\/seipuntozero-haircare.it\/wp-content\/uploads\/2017\/03\/262359_sei_punto_zero_heshe_matt_wax_100ml.png","type":"image\/png"}],"twitter_card":"summary_large_image","twitter_misc":{"Dur\u00e9e de lecture estim\u00e9e":"1 minute"},"schema":{"@context":"https:\/\/schema.org","@graph":[{"@type":"WebPage","@id":"https:\/\/seipuntozero-haircare.it\/fr\/product\/he-she-matt-wax-cire-a-effet-opaque-pour-cheveux\/","url":"https:\/\/seipuntozero-haircare.it\/fr\/product\/he-she-matt-wax-cire-a-effet-opaque-pour-cheveux\/","name":"HE.SHE \u2013 MATT WAX Cire \u00e0 effet opaque pour cheveux - 6.Zero","isPartOf":{"@id":"https:\/\/seipuntozero-haircare.it\/fr\/#website"},"primaryImageOfPage":{"@id":"https:\/\/seipuntozero-haircare.it\/fr\/product\/he-she-matt-wax-cire-a-effet-opaque-pour-cheveux\/#primaryimage"},"image":{"@id":"https:\/\/seipuntozero-haircare.it\/fr\/product\/he-she-matt-wax-cire-a-effet-opaque-pour-cheveux\/#primaryimage"},"thumbnailUrl":"https:\/\/seipuntozero-haircare.it\/wp-content\/uploads\/2017\/03\/262359_sei_punto_zero_heshe_matt_wax_100ml.png","datePublished":"2017-03-15T15:46:15+00:00","dateModified":"2021-06-09T09:30:06+00:00","description":"He.She Matt Wax Definer, cire \u00e0 effet opaque pour cheveux. Apporte un soutien stable et mod\u00e8le la coiffure, en conf\u00e9rant une finition satin\u00e9e sans mouiller la coiffure.","breadcrumb":{"@id":"https:\/\/seipuntozero-haircare.it\/fr\/product\/he-she-matt-wax-cire-a-effet-opaque-pour-cheveux\/#breadcrumb"},"inLanguage":"fr-FR","potentialAction":[{"@type":"ReadAction","target":["https:\/\/seipuntozero-haircare.it\/fr\/product\/he-she-matt-wax-cire-a-effet-opaque-pour-cheveux\/"]}]},{"@type":"ImageObject","inLanguage":"fr-FR","@id":"https:\/\/seipuntozero-haircare.it\/fr\/product\/he-she-matt-wax-cire-a-effet-opaque-pour-cheveux\/#primaryimage","url":"https:\/\/seipuntozero-haircare.it\/wp-content\/uploads\/2017\/03\/262359_sei_punto_zero_heshe_matt_wax_100ml.png","contentUrl":"https:\/\/seipuntozero-haircare.it\/wp-content\/uploads\/2017\/03\/262359_sei_punto_zero_heshe_matt_wax_100ml.png","width":600,"height":600,"caption":"He.She - Cera Effetto Opaco"},{"@type":"BreadcrumbList","@id":"https:\/\/seipuntozero-haircare.it\/fr\/product\/he-she-matt-wax-cire-a-effet-opaque-pour-cheveux\/#breadcrumb","itemListElement":[{"@type":"ListItem","position":1,"name":"Home","item":"https:\/\/seipuntozero-haircare.it\/fr\/"},{"@type":"ListItem","position":2,"name":"Products","item":"https:\/\/seipuntozero-haircare.it\/fr\/shop\/"},{"@type":"ListItem","position":3,"name":"HE.SHE \u2013 MATT WAX Cire \u00e0 effet opaque pour cheveux"}]},{"@type":"WebSite","@id":"https:\/\/seipuntozero-haircare.it\/fr\/#website","url":"https:\/\/seipuntozero-haircare.it\/fr\/","name":"6.Zero","description":"Essential Touch","potentialAction":[{"@type":"SearchAction","target":{"@type":"EntryPoint","urlTemplate":"https:\/\/seipuntozero-haircare.it\/fr\/?s={search_term_string}"},"query-input":{"@type":"PropertyValueSpecification","valueRequired":true,"valueName":"search_term_string"}}],"inLanguage":"fr-FR"}]}},"_links":{"self":[{"href":"https:\/\/seipuntozero-haircare.it\/fr\/wp-json\/wp\/v2\/product\/15193","targetHints":{"allow":["GET"]}}],"collection":[{"href":"https:\/\/seipuntozero-haircare.it\/fr\/wp-json\/wp\/v2\/product"}],"about":[{"href":"https:\/\/seipuntozero-haircare.it\/fr\/wp-json\/wp\/v2\/types\/product"}],"wp:featuredmedia":[{"embeddable":true,"href":"https:\/\/seipuntozero-haircare.it\/fr\/wp-json\/wp\/v2\/media\/18549"}],"wp:attachment":[{"href":"https:\/\/seipuntozero-haircare.it\/fr\/wp-json\/wp\/v2\/media?parent=15193"}],"wp:term":[{"taxonomy":"product_brand","embeddable":true,"href":"https:\/\/seipuntozero-haircare.it\/fr\/wp-json\/wp\/v2\/product_brand?post=15193"},{"taxonomy":"product_cat","embeddable":true,"href":"https:\/\/seipuntozero-haircare.it\/fr\/wp-json\/wp\/v2\/product_cat?post=15193"},{"taxonomy":"product_tag","embeddable":true,"href":"https:\/\/seipuntozero-haircare.it\/fr\/wp-json\/wp\/v2\/product_tag?post=15193"}],"curies":[{"name":"wp","href":"https:\/\/api.w.org\/{rel}","templated":true}]}}