{"id":15191,"date":"2017-03-15T16:48:27","date_gmt":"2017-03-15T15:48:27","guid":{"rendered":"https:\/\/seipuntozero-haircare.it\/prodotto\/he-she-curl-cream-creme-definition-boucles\/"},"modified":"2021-06-09T11:29:13","modified_gmt":"2021-06-09T09:29:13","slug":"he-she-curl-cream-creme-definition-boucles","status":"publish","type":"product","link":"https:\/\/seipuntozero-haircare.it\/fr\/product\/he-she-curl-cream-creme-definition-boucles\/","title":{"rendered":"HE.SHE \u2013 CURL CREAM <br> Cr\u00e8me d\u00e9finition boucles"},"content":{"rendered":"<ul>\n<li>Les <strong>cheveux boucl\u00e9s<\/strong> sont d\u00e9finis, \u00e9lastiques et plus doux<\/li>\n<li>Le mix de <strong>Panth\u00e9nol<\/strong> et d\u2019<strong>Huile de Jojoba<\/strong> est une source de r\u00e9hydratation exclusive<\/li>\n<li>Gestion totale de l\u2019<strong>effet cr\u00e9pu<\/strong><\/li>\n<\/ul>\n","protected":false},"excerpt":{"rendered":"<p>He.She Curl Cream, <strong>cr\u00e8me pour raviver et cr\u00e9er des boucles d\u00e9finies<\/strong> et \u00e9lastiques. Id\u00e9ale pour donner une consistance et une douceur intenses aux cheveux ondul\u00e9s naturels et boucl\u00e9s de toutes les longueurs, en luttant efficacement contre l\u2019<strong>effet cr\u00e9pu durant <\/strong>toute la journ\u00e9e. Elle facilite la coiffure, prot\u00e8ge et hydrate gr\u00e2ce \u00e0 la double action du <strong>Panth\u00e9nol et de l\u2019Huile de Jojoba\u00a0<\/strong>: les actifs pr\u00e9sents dans la formule laissent les cheveux doux et luisants, intensifiant l\u2019\u00e9lasticit\u00e9 naturelle de l\u2019ondulation, pour des boucles d\u00e9finies et rebelles. <strong>Sans rin\u00e7age<\/strong>.<\/p>\n<p>Tube 90 ml<\/p>\n","protected":false},"featured_media":18543,"template":"","meta":[],"product_brand":[],"product_cat":[607],"product_tag":[],"class_list":["post-15191","product","type-product","status-publish","has-post-thumbnail","hentry","product_cat-styling-fr"],"yoast_head":"<!-- This site is optimized with the Yoast SEO plugin v27.1.1 - https:\/\/yoast.com\/product\/yoast-seo-wordpress\/ -->\n<title>HE.SHE \u2013 CURL CREAM  Cr\u00e8me d\u00e9finition boucles - 6.Zero<\/title>\n<meta name=\"description\" content=\"He.She Curl Cream, cr\u00e8me pour raviver et cr\u00e9er des boucles d\u00e9finies et \u00e9lastiques. Id\u00e9ale pour donner une consistance et une douceur intenses aux cheveux ondul\u00e9s naturels et boucl\u00e9s de toutes les longueurs, en luttant efficacement contre l\u2019effet cr\u00e9pu durant toute la journ\u00e9e.\" \/>\n<meta name=\"robots\" content=\"index, follow, max-snippet:-1, max-image-preview:large, max-video-preview:-1\" \/>\n<link rel=\"canonical\" href=\"https:\/\/seipuntozero-haircare.it\/fr\/product\/he-she-curl-cream-creme-definition-boucles\/\" \/>\n<meta property=\"og:locale\" content=\"fr_FR\" \/>\n<meta property=\"og:type\" content=\"article\" \/>\n<meta property=\"og:title\" content=\"HE.SHE \u2013 CURL CREAM  Cr\u00e8me d\u00e9finition boucles - 6.Zero\" \/>\n<meta property=\"og:description\" content=\"He.She Curl Cream, cr\u00e8me pour raviver et cr\u00e9er des boucles d\u00e9finies et \u00e9lastiques. Id\u00e9ale pour donner une consistance et une douceur intenses aux cheveux ondul\u00e9s naturels et boucl\u00e9s de toutes les longueurs, en luttant efficacement contre l\u2019effet cr\u00e9pu durant toute la journ\u00e9e.\" \/>\n<meta property=\"og:url\" content=\"https:\/\/seipuntozero-haircare.it\/fr\/product\/he-she-curl-cream-creme-definition-boucles\/\" \/>\n<meta property=\"og:site_name\" content=\"6.Zero\" \/>\n<meta property=\"article:modified_time\" content=\"2021-06-09T09:29:13+00:00\" \/>\n<meta property=\"og:image\" content=\"https:\/\/seipuntozero-haircare.it\/wp-content\/uploads\/2017\/03\/262366_sei_punto_zero_heshe_curl_cream_90ml.png\" \/>\n\t<meta property=\"og:image:width\" content=\"600\" \/>\n\t<meta property=\"og:image:height\" content=\"600\" \/>\n\t<meta property=\"og:image:type\" content=\"image\/png\" \/>\n<meta name=\"twitter:card\" content=\"summary_large_image\" \/>\n<meta name=\"twitter:label1\" content=\"Dur\u00e9e de lecture estim\u00e9e\" \/>\n\t<meta name=\"twitter:data1\" content=\"1 minute\" \/>\n<script type=\"application\/ld+json\" class=\"yoast-schema-graph\">{\"@context\":\"https:\/\/schema.org\",\"@graph\":[{\"@type\":\"WebPage\",\"@id\":\"https:\/\/seipuntozero-haircare.it\/fr\/product\/he-she-curl-cream-creme-definition-boucles\/\",\"url\":\"https:\/\/seipuntozero-haircare.it\/fr\/product\/he-she-curl-cream-creme-definition-boucles\/\",\"name\":\"HE.SHE \u2013 CURL CREAM Cr\u00e8me d\u00e9finition boucles - 6.Zero\",\"isPartOf\":{\"@id\":\"https:\/\/seipuntozero-haircare.it\/fr\/#website\"},\"primaryImageOfPage\":{\"@id\":\"https:\/\/seipuntozero-haircare.it\/fr\/product\/he-she-curl-cream-creme-definition-boucles\/#primaryimage\"},\"image\":{\"@id\":\"https:\/\/seipuntozero-haircare.it\/fr\/product\/he-she-curl-cream-creme-definition-boucles\/#primaryimage\"},\"thumbnailUrl\":\"https:\/\/seipuntozero-haircare.it\/wp-content\/uploads\/2017\/03\/262366_sei_punto_zero_heshe_curl_cream_90ml.png\",\"datePublished\":\"2017-03-15T15:48:27+00:00\",\"dateModified\":\"2021-06-09T09:29:13+00:00\",\"description\":\"He.She Curl Cream, cr\u00e8me pour raviver et cr\u00e9er des boucles d\u00e9finies et \u00e9lastiques. Id\u00e9ale pour donner une consistance et une douceur intenses aux cheveux ondul\u00e9s naturels et boucl\u00e9s de toutes les longueurs, en luttant efficacement contre l\u2019effet cr\u00e9pu durant toute la journ\u00e9e.\",\"breadcrumb\":{\"@id\":\"https:\/\/seipuntozero-haircare.it\/fr\/product\/he-she-curl-cream-creme-definition-boucles\/#breadcrumb\"},\"inLanguage\":\"fr-FR\",\"potentialAction\":[{\"@type\":\"ReadAction\",\"target\":[\"https:\/\/seipuntozero-haircare.it\/fr\/product\/he-she-curl-cream-creme-definition-boucles\/\"]}]},{\"@type\":\"ImageObject\",\"inLanguage\":\"fr-FR\",\"@id\":\"https:\/\/seipuntozero-haircare.it\/fr\/product\/he-she-curl-cream-creme-definition-boucles\/#primaryimage\",\"url\":\"https:\/\/seipuntozero-haircare.it\/wp-content\/uploads\/2017\/03\/262366_sei_punto_zero_heshe_curl_cream_90ml.png\",\"contentUrl\":\"https:\/\/seipuntozero-haircare.it\/wp-content\/uploads\/2017\/03\/262366_sei_punto_zero_heshe_curl_cream_90ml.png\",\"width\":600,\"height\":600,\"caption\":\"He.She - Crema Definizione Ricci\"},{\"@type\":\"BreadcrumbList\",\"@id\":\"https:\/\/seipuntozero-haircare.it\/fr\/product\/he-she-curl-cream-creme-definition-boucles\/#breadcrumb\",\"itemListElement\":[{\"@type\":\"ListItem\",\"position\":1,\"name\":\"Home\",\"item\":\"https:\/\/seipuntozero-haircare.it\/fr\/\"},{\"@type\":\"ListItem\",\"position\":2,\"name\":\"Products\",\"item\":\"https:\/\/seipuntozero-haircare.it\/fr\/shop\/\"},{\"@type\":\"ListItem\",\"position\":3,\"name\":\"HE.SHE \u2013 CURL CREAM Cr\u00e8me d\u00e9finition boucles\"}]},{\"@type\":\"WebSite\",\"@id\":\"https:\/\/seipuntozero-haircare.it\/fr\/#website\",\"url\":\"https:\/\/seipuntozero-haircare.it\/fr\/\",\"name\":\"6.Zero\",\"description\":\"Essential Touch\",\"potentialAction\":[{\"@type\":\"SearchAction\",\"target\":{\"@type\":\"EntryPoint\",\"urlTemplate\":\"https:\/\/seipuntozero-haircare.it\/fr\/?s={search_term_string}\"},\"query-input\":{\"@type\":\"PropertyValueSpecification\",\"valueRequired\":true,\"valueName\":\"search_term_string\"}}],\"inLanguage\":\"fr-FR\"}]}<\/script>\n<!-- \/ Yoast SEO plugin. -->","yoast_head_json":{"title":"HE.SHE \u2013 CURL CREAM  Cr\u00e8me d\u00e9finition boucles - 6.Zero","description":"He.She Curl Cream, cr\u00e8me pour raviver et cr\u00e9er des boucles d\u00e9finies et \u00e9lastiques. Id\u00e9ale pour donner une consistance et une douceur intenses aux cheveux ondul\u00e9s naturels et boucl\u00e9s de toutes les longueurs, en luttant efficacement contre l\u2019effet cr\u00e9pu durant toute la journ\u00e9e.","robots":{"index":"index","follow":"follow","max-snippet":"max-snippet:-1","max-image-preview":"max-image-preview:large","max-video-preview":"max-video-preview:-1"},"canonical":"https:\/\/seipuntozero-haircare.it\/fr\/product\/he-she-curl-cream-creme-definition-boucles\/","og_locale":"fr_FR","og_type":"article","og_title":"HE.SHE \u2013 CURL CREAM  Cr\u00e8me d\u00e9finition boucles - 6.Zero","og_description":"He.She Curl Cream, cr\u00e8me pour raviver et cr\u00e9er des boucles d\u00e9finies et \u00e9lastiques. Id\u00e9ale pour donner une consistance et une douceur intenses aux cheveux ondul\u00e9s naturels et boucl\u00e9s de toutes les longueurs, en luttant efficacement contre l\u2019effet cr\u00e9pu durant toute la journ\u00e9e.","og_url":"https:\/\/seipuntozero-haircare.it\/fr\/product\/he-she-curl-cream-creme-definition-boucles\/","og_site_name":"6.Zero","article_modified_time":"2021-06-09T09:29:13+00:00","og_image":[{"width":600,"height":600,"url":"https:\/\/seipuntozero-haircare.it\/wp-content\/uploads\/2017\/03\/262366_sei_punto_zero_heshe_curl_cream_90ml.png","type":"image\/png"}],"twitter_card":"summary_large_image","twitter_misc":{"Dur\u00e9e de lecture estim\u00e9e":"1 minute"},"schema":{"@context":"https:\/\/schema.org","@graph":[{"@type":"WebPage","@id":"https:\/\/seipuntozero-haircare.it\/fr\/product\/he-she-curl-cream-creme-definition-boucles\/","url":"https:\/\/seipuntozero-haircare.it\/fr\/product\/he-she-curl-cream-creme-definition-boucles\/","name":"HE.SHE \u2013 CURL CREAM Cr\u00e8me d\u00e9finition boucles - 6.Zero","isPartOf":{"@id":"https:\/\/seipuntozero-haircare.it\/fr\/#website"},"primaryImageOfPage":{"@id":"https:\/\/seipuntozero-haircare.it\/fr\/product\/he-she-curl-cream-creme-definition-boucles\/#primaryimage"},"image":{"@id":"https:\/\/seipuntozero-haircare.it\/fr\/product\/he-she-curl-cream-creme-definition-boucles\/#primaryimage"},"thumbnailUrl":"https:\/\/seipuntozero-haircare.it\/wp-content\/uploads\/2017\/03\/262366_sei_punto_zero_heshe_curl_cream_90ml.png","datePublished":"2017-03-15T15:48:27+00:00","dateModified":"2021-06-09T09:29:13+00:00","description":"He.She Curl Cream, cr\u00e8me pour raviver et cr\u00e9er des boucles d\u00e9finies et \u00e9lastiques. Id\u00e9ale pour donner une consistance et une douceur intenses aux cheveux ondul\u00e9s naturels et boucl\u00e9s de toutes les longueurs, en luttant efficacement contre l\u2019effet cr\u00e9pu durant toute la journ\u00e9e.","breadcrumb":{"@id":"https:\/\/seipuntozero-haircare.it\/fr\/product\/he-she-curl-cream-creme-definition-boucles\/#breadcrumb"},"inLanguage":"fr-FR","potentialAction":[{"@type":"ReadAction","target":["https:\/\/seipuntozero-haircare.it\/fr\/product\/he-she-curl-cream-creme-definition-boucles\/"]}]},{"@type":"ImageObject","inLanguage":"fr-FR","@id":"https:\/\/seipuntozero-haircare.it\/fr\/product\/he-she-curl-cream-creme-definition-boucles\/#primaryimage","url":"https:\/\/seipuntozero-haircare.it\/wp-content\/uploads\/2017\/03\/262366_sei_punto_zero_heshe_curl_cream_90ml.png","contentUrl":"https:\/\/seipuntozero-haircare.it\/wp-content\/uploads\/2017\/03\/262366_sei_punto_zero_heshe_curl_cream_90ml.png","width":600,"height":600,"caption":"He.She - Crema Definizione Ricci"},{"@type":"BreadcrumbList","@id":"https:\/\/seipuntozero-haircare.it\/fr\/product\/he-she-curl-cream-creme-definition-boucles\/#breadcrumb","itemListElement":[{"@type":"ListItem","position":1,"name":"Home","item":"https:\/\/seipuntozero-haircare.it\/fr\/"},{"@type":"ListItem","position":2,"name":"Products","item":"https:\/\/seipuntozero-haircare.it\/fr\/shop\/"},{"@type":"ListItem","position":3,"name":"HE.SHE \u2013 CURL CREAM Cr\u00e8me d\u00e9finition boucles"}]},{"@type":"WebSite","@id":"https:\/\/seipuntozero-haircare.it\/fr\/#website","url":"https:\/\/seipuntozero-haircare.it\/fr\/","name":"6.Zero","description":"Essential Touch","potentialAction":[{"@type":"SearchAction","target":{"@type":"EntryPoint","urlTemplate":"https:\/\/seipuntozero-haircare.it\/fr\/?s={search_term_string}"},"query-input":{"@type":"PropertyValueSpecification","valueRequired":true,"valueName":"search_term_string"}}],"inLanguage":"fr-FR"}]}},"_links":{"self":[{"href":"https:\/\/seipuntozero-haircare.it\/fr\/wp-json\/wp\/v2\/product\/15191","targetHints":{"allow":["GET"]}}],"collection":[{"href":"https:\/\/seipuntozero-haircare.it\/fr\/wp-json\/wp\/v2\/product"}],"about":[{"href":"https:\/\/seipuntozero-haircare.it\/fr\/wp-json\/wp\/v2\/types\/product"}],"wp:featuredmedia":[{"embeddable":true,"href":"https:\/\/seipuntozero-haircare.it\/fr\/wp-json\/wp\/v2\/media\/18543"}],"wp:attachment":[{"href":"https:\/\/seipuntozero-haircare.it\/fr\/wp-json\/wp\/v2\/media?parent=15191"}],"wp:term":[{"taxonomy":"product_brand","embeddable":true,"href":"https:\/\/seipuntozero-haircare.it\/fr\/wp-json\/wp\/v2\/product_brand?post=15191"},{"taxonomy":"product_cat","embeddable":true,"href":"https:\/\/seipuntozero-haircare.it\/fr\/wp-json\/wp\/v2\/product_cat?post=15191"},{"taxonomy":"product_tag","embeddable":true,"href":"https:\/\/seipuntozero-haircare.it\/fr\/wp-json\/wp\/v2\/product_tag?post=15191"}],"curies":[{"name":"wp","href":"https:\/\/api.w.org\/{rel}","templated":true}]}}