{"id":15189,"date":"2017-03-15T16:50:08","date_gmt":"2017-03-15T15:50:08","guid":{"rendered":"https:\/\/seipuntozero-haircare.it\/prodotto\/he-she-smooth-cream-creme-lissante-anti-frisottis\/"},"modified":"2021-06-09T11:28:14","modified_gmt":"2021-06-09T09:28:14","slug":"he-she-smooth-cream-creme-lissante-anti-frisottis","status":"publish","type":"product","link":"https:\/\/seipuntozero-haircare.it\/fr\/product\/he-she-smooth-cream-creme-lissante-anti-frisottis\/","title":{"rendered":"HE.SHE \u2013 SMOOTH CREAM <br> Cr\u00e8me lissante anti-frisottis"},"content":{"rendered":"<ul>\n<li>Les cheveux sont parfaitement <strong>lisses et resplendissants<\/strong><\/li>\n<li>Contr\u00f4le maximal de l\u2019<strong>effet cr\u00e9pu<\/strong><\/li>\n<li>L\u2019<strong>Huile de Jojoba <\/strong>nourrit, conditionne et hydrate la fibre<\/li>\n<\/ul>\n","protected":false},"excerpt":{"rendered":"<p>He.She Smooth Cream, <strong>cr\u00e8me lissante anti-frisottis<\/strong> sans rin\u00e7age, contr\u00f4le l\u2019\u00e9lectricit\u00e9 statique, garantissant une action<strong> anti-frizz <\/strong>constante. Id\u00e9ale pour pr\u00e9server la bonne hydratation et la douceur de la fibre, elle enveloppe le cheveu d\u2019un film invisible\u00a0: la chevelure en ressort <strong>ultra-lisse<\/strong>, soyeuse et resplendissante, parce qu\u2019elle est constamment <strong>prot\u00e9g\u00e9e de l\u2019humidit\u00e9 et des frisottis<\/strong>. La cr\u00e8me lissante Smooth Cream est riche en <strong>Huile de Jojoba<\/strong>, pour <strong>nourrir, conditionner<\/strong> et opposer une r\u00e9sistance aux conditions environnementales et aux <strong>agents ext\u00e9rieurs<\/strong> qui influent sur la configuration du cheveu, le rendant \u00e9lectrique.<\/p>\n<p>Tube 200 ml<\/p>\n","protected":false},"featured_media":18537,"template":"","meta":[],"product_brand":[],"product_cat":[607],"product_tag":[],"class_list":["post-15189","product","type-product","status-publish","has-post-thumbnail","hentry","product_cat-styling-fr"],"yoast_head":"<!-- This site is optimized with the Yoast SEO plugin v27.1.1 - https:\/\/yoast.com\/product\/yoast-seo-wordpress\/ -->\n<title>HE.SHE \u2013 SMOOTH CREAM | Cr\u00e8me lissante anti-frisottis<\/title>\n<meta name=\"description\" content=\"He.She Smooth Cream, cr\u00e8me lissante anti-frisottis sans rin\u00e7age, contr\u00f4le l\u2019\u00e9lectricit\u00e9 statique, garantissant une action anti-frizz constante. Id\u00e9ale pour pr\u00e9server la bonne hydratation et la douceur de la fibre, elle enveloppe le cheveu d\u2019un film invisible.\" \/>\n<meta name=\"robots\" content=\"index, follow, max-snippet:-1, max-image-preview:large, max-video-preview:-1\" \/>\n<link rel=\"canonical\" href=\"https:\/\/seipuntozero-haircare.it\/fr\/product\/he-she-smooth-cream-creme-lissante-anti-frisottis\/\" \/>\n<meta property=\"og:locale\" content=\"fr_FR\" \/>\n<meta property=\"og:type\" content=\"article\" \/>\n<meta property=\"og:title\" content=\"HE.SHE \u2013 SMOOTH CREAM | Cr\u00e8me lissante anti-frisottis\" \/>\n<meta property=\"og:description\" content=\"He.She Smooth Cream, cr\u00e8me lissante anti-frisottis sans rin\u00e7age, contr\u00f4le l\u2019\u00e9lectricit\u00e9 statique, garantissant une action anti-frizz constante. Id\u00e9ale pour pr\u00e9server la bonne hydratation et la douceur de la fibre, elle enveloppe le cheveu d\u2019un film invisible.\" \/>\n<meta property=\"og:url\" content=\"https:\/\/seipuntozero-haircare.it\/fr\/product\/he-she-smooth-cream-creme-lissante-anti-frisottis\/\" \/>\n<meta property=\"og:site_name\" content=\"6.Zero\" \/>\n<meta property=\"article:modified_time\" content=\"2021-06-09T09:28:14+00:00\" \/>\n<meta property=\"og:image\" content=\"https:\/\/seipuntozero-haircare.it\/wp-content\/uploads\/2017\/03\/262373_sei_punto_zero_finish_styling_heshe_smooth_cream_200ml.png\" \/>\n\t<meta property=\"og:image:width\" content=\"600\" \/>\n\t<meta property=\"og:image:height\" content=\"600\" \/>\n\t<meta property=\"og:image:type\" content=\"image\/png\" \/>\n<meta name=\"twitter:card\" content=\"summary_large_image\" \/>\n<meta name=\"twitter:label1\" content=\"Dur\u00e9e de lecture estim\u00e9e\" \/>\n\t<meta name=\"twitter:data1\" content=\"1 minute\" \/>\n<script type=\"application\/ld+json\" class=\"yoast-schema-graph\">{\"@context\":\"https:\/\/schema.org\",\"@graph\":[{\"@type\":\"WebPage\",\"@id\":\"https:\/\/seipuntozero-haircare.it\/fr\/product\/he-she-smooth-cream-creme-lissante-anti-frisottis\/\",\"url\":\"https:\/\/seipuntozero-haircare.it\/fr\/product\/he-she-smooth-cream-creme-lissante-anti-frisottis\/\",\"name\":\"HE.SHE \u2013 SMOOTH CREAM | Cr\u00e8me lissante anti-frisottis\",\"isPartOf\":{\"@id\":\"https:\/\/seipuntozero-haircare.it\/fr\/#website\"},\"primaryImageOfPage\":{\"@id\":\"https:\/\/seipuntozero-haircare.it\/fr\/product\/he-she-smooth-cream-creme-lissante-anti-frisottis\/#primaryimage\"},\"image\":{\"@id\":\"https:\/\/seipuntozero-haircare.it\/fr\/product\/he-she-smooth-cream-creme-lissante-anti-frisottis\/#primaryimage\"},\"thumbnailUrl\":\"https:\/\/seipuntozero-haircare.it\/wp-content\/uploads\/2017\/03\/262373_sei_punto_zero_finish_styling_heshe_smooth_cream_200ml.png\",\"datePublished\":\"2017-03-15T15:50:08+00:00\",\"dateModified\":\"2021-06-09T09:28:14+00:00\",\"description\":\"He.She Smooth Cream, cr\u00e8me lissante anti-frisottis sans rin\u00e7age, contr\u00f4le l\u2019\u00e9lectricit\u00e9 statique, garantissant une action anti-frizz constante. Id\u00e9ale pour pr\u00e9server la bonne hydratation et la douceur de la fibre, elle enveloppe le cheveu d\u2019un film invisible.\",\"breadcrumb\":{\"@id\":\"https:\/\/seipuntozero-haircare.it\/fr\/product\/he-she-smooth-cream-creme-lissante-anti-frisottis\/#breadcrumb\"},\"inLanguage\":\"fr-FR\",\"potentialAction\":[{\"@type\":\"ReadAction\",\"target\":[\"https:\/\/seipuntozero-haircare.it\/fr\/product\/he-she-smooth-cream-creme-lissante-anti-frisottis\/\"]}]},{\"@type\":\"ImageObject\",\"inLanguage\":\"fr-FR\",\"@id\":\"https:\/\/seipuntozero-haircare.it\/fr\/product\/he-she-smooth-cream-creme-lissante-anti-frisottis\/#primaryimage\",\"url\":\"https:\/\/seipuntozero-haircare.it\/wp-content\/uploads\/2017\/03\/262373_sei_punto_zero_finish_styling_heshe_smooth_cream_200ml.png\",\"contentUrl\":\"https:\/\/seipuntozero-haircare.it\/wp-content\/uploads\/2017\/03\/262373_sei_punto_zero_finish_styling_heshe_smooth_cream_200ml.png\",\"width\":600,\"height\":600,\"caption\":\"He.She - Crema Effetto Lisciante\"},{\"@type\":\"BreadcrumbList\",\"@id\":\"https:\/\/seipuntozero-haircare.it\/fr\/product\/he-she-smooth-cream-creme-lissante-anti-frisottis\/#breadcrumb\",\"itemListElement\":[{\"@type\":\"ListItem\",\"position\":1,\"name\":\"Home\",\"item\":\"https:\/\/seipuntozero-haircare.it\/fr\/\"},{\"@type\":\"ListItem\",\"position\":2,\"name\":\"Products\",\"item\":\"https:\/\/seipuntozero-haircare.it\/fr\/shop\/\"},{\"@type\":\"ListItem\",\"position\":3,\"name\":\"HE.SHE \u2013 SMOOTH CREAM Cr\u00e8me lissante anti-frisottis\"}]},{\"@type\":\"WebSite\",\"@id\":\"https:\/\/seipuntozero-haircare.it\/fr\/#website\",\"url\":\"https:\/\/seipuntozero-haircare.it\/fr\/\",\"name\":\"6.Zero\",\"description\":\"Essential Touch\",\"potentialAction\":[{\"@type\":\"SearchAction\",\"target\":{\"@type\":\"EntryPoint\",\"urlTemplate\":\"https:\/\/seipuntozero-haircare.it\/fr\/?s={search_term_string}\"},\"query-input\":{\"@type\":\"PropertyValueSpecification\",\"valueRequired\":true,\"valueName\":\"search_term_string\"}}],\"inLanguage\":\"fr-FR\"}]}<\/script>\n<!-- \/ Yoast SEO plugin. -->","yoast_head_json":{"title":"HE.SHE \u2013 SMOOTH CREAM | Cr\u00e8me lissante anti-frisottis","description":"He.She Smooth Cream, cr\u00e8me lissante anti-frisottis sans rin\u00e7age, contr\u00f4le l\u2019\u00e9lectricit\u00e9 statique, garantissant une action anti-frizz constante. Id\u00e9ale pour pr\u00e9server la bonne hydratation et la douceur de la fibre, elle enveloppe le cheveu d\u2019un film invisible.","robots":{"index":"index","follow":"follow","max-snippet":"max-snippet:-1","max-image-preview":"max-image-preview:large","max-video-preview":"max-video-preview:-1"},"canonical":"https:\/\/seipuntozero-haircare.it\/fr\/product\/he-she-smooth-cream-creme-lissante-anti-frisottis\/","og_locale":"fr_FR","og_type":"article","og_title":"HE.SHE \u2013 SMOOTH CREAM | Cr\u00e8me lissante anti-frisottis","og_description":"He.She Smooth Cream, cr\u00e8me lissante anti-frisottis sans rin\u00e7age, contr\u00f4le l\u2019\u00e9lectricit\u00e9 statique, garantissant une action anti-frizz constante. Id\u00e9ale pour pr\u00e9server la bonne hydratation et la douceur de la fibre, elle enveloppe le cheveu d\u2019un film invisible.","og_url":"https:\/\/seipuntozero-haircare.it\/fr\/product\/he-she-smooth-cream-creme-lissante-anti-frisottis\/","og_site_name":"6.Zero","article_modified_time":"2021-06-09T09:28:14+00:00","og_image":[{"width":600,"height":600,"url":"https:\/\/seipuntozero-haircare.it\/wp-content\/uploads\/2017\/03\/262373_sei_punto_zero_finish_styling_heshe_smooth_cream_200ml.png","type":"image\/png"}],"twitter_card":"summary_large_image","twitter_misc":{"Dur\u00e9e de lecture estim\u00e9e":"1 minute"},"schema":{"@context":"https:\/\/schema.org","@graph":[{"@type":"WebPage","@id":"https:\/\/seipuntozero-haircare.it\/fr\/product\/he-she-smooth-cream-creme-lissante-anti-frisottis\/","url":"https:\/\/seipuntozero-haircare.it\/fr\/product\/he-she-smooth-cream-creme-lissante-anti-frisottis\/","name":"HE.SHE \u2013 SMOOTH CREAM | Cr\u00e8me lissante anti-frisottis","isPartOf":{"@id":"https:\/\/seipuntozero-haircare.it\/fr\/#website"},"primaryImageOfPage":{"@id":"https:\/\/seipuntozero-haircare.it\/fr\/product\/he-she-smooth-cream-creme-lissante-anti-frisottis\/#primaryimage"},"image":{"@id":"https:\/\/seipuntozero-haircare.it\/fr\/product\/he-she-smooth-cream-creme-lissante-anti-frisottis\/#primaryimage"},"thumbnailUrl":"https:\/\/seipuntozero-haircare.it\/wp-content\/uploads\/2017\/03\/262373_sei_punto_zero_finish_styling_heshe_smooth_cream_200ml.png","datePublished":"2017-03-15T15:50:08+00:00","dateModified":"2021-06-09T09:28:14+00:00","description":"He.She Smooth Cream, cr\u00e8me lissante anti-frisottis sans rin\u00e7age, contr\u00f4le l\u2019\u00e9lectricit\u00e9 statique, garantissant une action anti-frizz constante. Id\u00e9ale pour pr\u00e9server la bonne hydratation et la douceur de la fibre, elle enveloppe le cheveu d\u2019un film invisible.","breadcrumb":{"@id":"https:\/\/seipuntozero-haircare.it\/fr\/product\/he-she-smooth-cream-creme-lissante-anti-frisottis\/#breadcrumb"},"inLanguage":"fr-FR","potentialAction":[{"@type":"ReadAction","target":["https:\/\/seipuntozero-haircare.it\/fr\/product\/he-she-smooth-cream-creme-lissante-anti-frisottis\/"]}]},{"@type":"ImageObject","inLanguage":"fr-FR","@id":"https:\/\/seipuntozero-haircare.it\/fr\/product\/he-she-smooth-cream-creme-lissante-anti-frisottis\/#primaryimage","url":"https:\/\/seipuntozero-haircare.it\/wp-content\/uploads\/2017\/03\/262373_sei_punto_zero_finish_styling_heshe_smooth_cream_200ml.png","contentUrl":"https:\/\/seipuntozero-haircare.it\/wp-content\/uploads\/2017\/03\/262373_sei_punto_zero_finish_styling_heshe_smooth_cream_200ml.png","width":600,"height":600,"caption":"He.She - Crema Effetto Lisciante"},{"@type":"BreadcrumbList","@id":"https:\/\/seipuntozero-haircare.it\/fr\/product\/he-she-smooth-cream-creme-lissante-anti-frisottis\/#breadcrumb","itemListElement":[{"@type":"ListItem","position":1,"name":"Home","item":"https:\/\/seipuntozero-haircare.it\/fr\/"},{"@type":"ListItem","position":2,"name":"Products","item":"https:\/\/seipuntozero-haircare.it\/fr\/shop\/"},{"@type":"ListItem","position":3,"name":"HE.SHE \u2013 SMOOTH CREAM Cr\u00e8me lissante anti-frisottis"}]},{"@type":"WebSite","@id":"https:\/\/seipuntozero-haircare.it\/fr\/#website","url":"https:\/\/seipuntozero-haircare.it\/fr\/","name":"6.Zero","description":"Essential Touch","potentialAction":[{"@type":"SearchAction","target":{"@type":"EntryPoint","urlTemplate":"https:\/\/seipuntozero-haircare.it\/fr\/?s={search_term_string}"},"query-input":{"@type":"PropertyValueSpecification","valueRequired":true,"valueName":"search_term_string"}}],"inLanguage":"fr-FR"}]}},"_links":{"self":[{"href":"https:\/\/seipuntozero-haircare.it\/fr\/wp-json\/wp\/v2\/product\/15189","targetHints":{"allow":["GET"]}}],"collection":[{"href":"https:\/\/seipuntozero-haircare.it\/fr\/wp-json\/wp\/v2\/product"}],"about":[{"href":"https:\/\/seipuntozero-haircare.it\/fr\/wp-json\/wp\/v2\/types\/product"}],"wp:featuredmedia":[{"embeddable":true,"href":"https:\/\/seipuntozero-haircare.it\/fr\/wp-json\/wp\/v2\/media\/18537"}],"wp:attachment":[{"href":"https:\/\/seipuntozero-haircare.it\/fr\/wp-json\/wp\/v2\/media?parent=15189"}],"wp:term":[{"taxonomy":"product_brand","embeddable":true,"href":"https:\/\/seipuntozero-haircare.it\/fr\/wp-json\/wp\/v2\/product_brand?post=15189"},{"taxonomy":"product_cat","embeddable":true,"href":"https:\/\/seipuntozero-haircare.it\/fr\/wp-json\/wp\/v2\/product_cat?post=15189"},{"taxonomy":"product_tag","embeddable":true,"href":"https:\/\/seipuntozero-haircare.it\/fr\/wp-json\/wp\/v2\/product_tag?post=15189"}],"curies":[{"name":"wp","href":"https:\/\/api.w.org\/{rel}","templated":true}]}}