{"id":15187,"date":"2017-03-15T16:51:49","date_gmt":"2017-03-15T15:51:49","guid":{"rendered":"https:\/\/seipuntozero-haircare.it\/prodotto\/he-she-oil-non-oil-huile-protection-et-brillance-anti-frisottis\/"},"modified":"2021-06-09T11:27:19","modified_gmt":"2021-06-09T09:27:19","slug":"he-she-oil-non-oil-huile-protection-et-brillance-anti-frisottis","status":"publish","type":"product","link":"https:\/\/seipuntozero-haircare.it\/fr\/product\/he-she-oil-non-oil-huile-protection-et-brillance-anti-frisottis\/","title":{"rendered":"HE.SHE \u2013 OIL NON OIL <br> Huile protection et brillance anti-frisottis"},"content":{"rendered":"<ul>\n<li><strong>Illumine les cheveux<\/strong> sans alourdir<\/li>\n<li>Exerce une action<strong> anti-frisottis<\/strong><\/li>\n<li><strong>Nourrit, hydrate et prot\u00e8ge<\/strong> la chevelure des agents ext\u00e9rieurs<\/li>\n<\/ul>\n","protected":false},"excerpt":{"rendered":"<p>He.She Oil non Oil, <strong>huile protection et brillance anti-frisottis<\/strong>, est id\u00e9ale pour les cheveux trait\u00e9s, secs et opaques. La lotion aux propri\u00e9t\u00e9s r\u00e9g\u00e9n\u00e9rantes et lustrantes <strong>neutralise l\u2019effet cr\u00e9pu<\/strong> et donne une nouvelle luminosit\u00e9 aux cheveux\u00a0: nutrition, hydratation et protection contre les agents ext\u00e9rieurs sont assur\u00e9es par une <strong>texture l\u00e9g\u00e8re et cosm\u00e9tique<\/strong>, qui ne graisse pas et n\u2019alourdit pas la chevelure, rendue instantan\u00e9ment <strong>coiffable<\/strong> et brillante.<\/p>\n<p>Flacon 200 ml<\/p>\n","protected":false},"featured_media":18530,"template":"","meta":[],"product_brand":[],"product_cat":[607],"product_tag":[],"class_list":["post-15187","product","type-product","status-publish","has-post-thumbnail","hentry","product_cat-styling-fr"],"yoast_head":"<!-- This site is optimized with the Yoast SEO plugin v27.1.1 - https:\/\/yoast.com\/product\/yoast-seo-wordpress\/ -->\n<title>HE.SHE \u2013 OIL NON OIL | Huile protection et brillance anti-frisottis<\/title>\n<meta name=\"description\" content=\"He.She Oil non Oil, huile protection et brillance anti-frisottis, est id\u00e9ale pour les cheveux trait\u00e9s, secs et opaques.\" \/>\n<meta name=\"robots\" content=\"index, follow, max-snippet:-1, max-image-preview:large, max-video-preview:-1\" \/>\n<link rel=\"canonical\" href=\"https:\/\/seipuntozero-haircare.it\/fr\/product\/he-she-oil-non-oil-huile-protection-et-brillance-anti-frisottis\/\" \/>\n<meta property=\"og:locale\" content=\"fr_FR\" \/>\n<meta property=\"og:type\" content=\"article\" \/>\n<meta property=\"og:title\" content=\"HE.SHE \u2013 OIL NON OIL | Huile protection et brillance anti-frisottis\" \/>\n<meta property=\"og:description\" content=\"He.She Oil non Oil, huile protection et brillance anti-frisottis, est id\u00e9ale pour les cheveux trait\u00e9s, secs et opaques.\" \/>\n<meta property=\"og:url\" content=\"https:\/\/seipuntozero-haircare.it\/fr\/product\/he-she-oil-non-oil-huile-protection-et-brillance-anti-frisottis\/\" \/>\n<meta property=\"og:site_name\" content=\"6.Zero\" \/>\n<meta property=\"article:modified_time\" content=\"2021-06-09T09:27:19+00:00\" \/>\n<meta property=\"og:image\" content=\"https:\/\/seipuntozero-haircare.it\/wp-content\/uploads\/2017\/03\/262380_sei_punto_zero_finish_styling_heshe_oil_non_oil_200ml.png\" \/>\n\t<meta property=\"og:image:width\" content=\"600\" \/>\n\t<meta property=\"og:image:height\" content=\"600\" \/>\n\t<meta property=\"og:image:type\" content=\"image\/png\" \/>\n<meta name=\"twitter:card\" content=\"summary_large_image\" \/>\n<meta name=\"twitter:label1\" content=\"Dur\u00e9e de lecture estim\u00e9e\" \/>\n\t<meta name=\"twitter:data1\" content=\"1 minute\" \/>\n<script type=\"application\/ld+json\" class=\"yoast-schema-graph\">{\"@context\":\"https:\/\/schema.org\",\"@graph\":[{\"@type\":\"WebPage\",\"@id\":\"https:\/\/seipuntozero-haircare.it\/fr\/product\/he-she-oil-non-oil-huile-protection-et-brillance-anti-frisottis\/\",\"url\":\"https:\/\/seipuntozero-haircare.it\/fr\/product\/he-she-oil-non-oil-huile-protection-et-brillance-anti-frisottis\/\",\"name\":\"HE.SHE \u2013 OIL NON OIL | Huile protection et brillance anti-frisottis\",\"isPartOf\":{\"@id\":\"https:\/\/seipuntozero-haircare.it\/fr\/#website\"},\"primaryImageOfPage\":{\"@id\":\"https:\/\/seipuntozero-haircare.it\/fr\/product\/he-she-oil-non-oil-huile-protection-et-brillance-anti-frisottis\/#primaryimage\"},\"image\":{\"@id\":\"https:\/\/seipuntozero-haircare.it\/fr\/product\/he-she-oil-non-oil-huile-protection-et-brillance-anti-frisottis\/#primaryimage\"},\"thumbnailUrl\":\"https:\/\/seipuntozero-haircare.it\/wp-content\/uploads\/2017\/03\/262380_sei_punto_zero_finish_styling_heshe_oil_non_oil_200ml.png\",\"datePublished\":\"2017-03-15T15:51:49+00:00\",\"dateModified\":\"2021-06-09T09:27:19+00:00\",\"description\":\"He.She Oil non Oil, huile protection et brillance anti-frisottis, est id\u00e9ale pour les cheveux trait\u00e9s, secs et opaques.\",\"breadcrumb\":{\"@id\":\"https:\/\/seipuntozero-haircare.it\/fr\/product\/he-she-oil-non-oil-huile-protection-et-brillance-anti-frisottis\/#breadcrumb\"},\"inLanguage\":\"fr-FR\",\"potentialAction\":[{\"@type\":\"ReadAction\",\"target\":[\"https:\/\/seipuntozero-haircare.it\/fr\/product\/he-she-oil-non-oil-huile-protection-et-brillance-anti-frisottis\/\"]}]},{\"@type\":\"ImageObject\",\"inLanguage\":\"fr-FR\",\"@id\":\"https:\/\/seipuntozero-haircare.it\/fr\/product\/he-she-oil-non-oil-huile-protection-et-brillance-anti-frisottis\/#primaryimage\",\"url\":\"https:\/\/seipuntozero-haircare.it\/wp-content\/uploads\/2017\/03\/262380_sei_punto_zero_finish_styling_heshe_oil_non_oil_200ml.png\",\"contentUrl\":\"https:\/\/seipuntozero-haircare.it\/wp-content\/uploads\/2017\/03\/262380_sei_punto_zero_finish_styling_heshe_oil_non_oil_200ml.png\",\"width\":600,\"height\":600,\"caption\":\"He.She - Oil non Oil\"},{\"@type\":\"BreadcrumbList\",\"@id\":\"https:\/\/seipuntozero-haircare.it\/fr\/product\/he-she-oil-non-oil-huile-protection-et-brillance-anti-frisottis\/#breadcrumb\",\"itemListElement\":[{\"@type\":\"ListItem\",\"position\":1,\"name\":\"Home\",\"item\":\"https:\/\/seipuntozero-haircare.it\/fr\/\"},{\"@type\":\"ListItem\",\"position\":2,\"name\":\"Products\",\"item\":\"https:\/\/seipuntozero-haircare.it\/fr\/shop\/\"},{\"@type\":\"ListItem\",\"position\":3,\"name\":\"HE.SHE \u2013 OIL NON OIL Huile protection et brillance anti-frisottis\"}]},{\"@type\":\"WebSite\",\"@id\":\"https:\/\/seipuntozero-haircare.it\/fr\/#website\",\"url\":\"https:\/\/seipuntozero-haircare.it\/fr\/\",\"name\":\"6.Zero\",\"description\":\"Essential Touch\",\"potentialAction\":[{\"@type\":\"SearchAction\",\"target\":{\"@type\":\"EntryPoint\",\"urlTemplate\":\"https:\/\/seipuntozero-haircare.it\/fr\/?s={search_term_string}\"},\"query-input\":{\"@type\":\"PropertyValueSpecification\",\"valueRequired\":true,\"valueName\":\"search_term_string\"}}],\"inLanguage\":\"fr-FR\"}]}<\/script>\n<!-- \/ Yoast SEO plugin. -->","yoast_head_json":{"title":"HE.SHE \u2013 OIL NON OIL | Huile protection et brillance anti-frisottis","description":"He.She Oil non Oil, huile protection et brillance anti-frisottis, est id\u00e9ale pour les cheveux trait\u00e9s, secs et opaques.","robots":{"index":"index","follow":"follow","max-snippet":"max-snippet:-1","max-image-preview":"max-image-preview:large","max-video-preview":"max-video-preview:-1"},"canonical":"https:\/\/seipuntozero-haircare.it\/fr\/product\/he-she-oil-non-oil-huile-protection-et-brillance-anti-frisottis\/","og_locale":"fr_FR","og_type":"article","og_title":"HE.SHE \u2013 OIL NON OIL | Huile protection et brillance anti-frisottis","og_description":"He.She Oil non Oil, huile protection et brillance anti-frisottis, est id\u00e9ale pour les cheveux trait\u00e9s, secs et opaques.","og_url":"https:\/\/seipuntozero-haircare.it\/fr\/product\/he-she-oil-non-oil-huile-protection-et-brillance-anti-frisottis\/","og_site_name":"6.Zero","article_modified_time":"2021-06-09T09:27:19+00:00","og_image":[{"width":600,"height":600,"url":"https:\/\/seipuntozero-haircare.it\/wp-content\/uploads\/2017\/03\/262380_sei_punto_zero_finish_styling_heshe_oil_non_oil_200ml.png","type":"image\/png"}],"twitter_card":"summary_large_image","twitter_misc":{"Dur\u00e9e de lecture estim\u00e9e":"1 minute"},"schema":{"@context":"https:\/\/schema.org","@graph":[{"@type":"WebPage","@id":"https:\/\/seipuntozero-haircare.it\/fr\/product\/he-she-oil-non-oil-huile-protection-et-brillance-anti-frisottis\/","url":"https:\/\/seipuntozero-haircare.it\/fr\/product\/he-she-oil-non-oil-huile-protection-et-brillance-anti-frisottis\/","name":"HE.SHE \u2013 OIL NON OIL | Huile protection et brillance anti-frisottis","isPartOf":{"@id":"https:\/\/seipuntozero-haircare.it\/fr\/#website"},"primaryImageOfPage":{"@id":"https:\/\/seipuntozero-haircare.it\/fr\/product\/he-she-oil-non-oil-huile-protection-et-brillance-anti-frisottis\/#primaryimage"},"image":{"@id":"https:\/\/seipuntozero-haircare.it\/fr\/product\/he-she-oil-non-oil-huile-protection-et-brillance-anti-frisottis\/#primaryimage"},"thumbnailUrl":"https:\/\/seipuntozero-haircare.it\/wp-content\/uploads\/2017\/03\/262380_sei_punto_zero_finish_styling_heshe_oil_non_oil_200ml.png","datePublished":"2017-03-15T15:51:49+00:00","dateModified":"2021-06-09T09:27:19+00:00","description":"He.She Oil non Oil, huile protection et brillance anti-frisottis, est id\u00e9ale pour les cheveux trait\u00e9s, secs et opaques.","breadcrumb":{"@id":"https:\/\/seipuntozero-haircare.it\/fr\/product\/he-she-oil-non-oil-huile-protection-et-brillance-anti-frisottis\/#breadcrumb"},"inLanguage":"fr-FR","potentialAction":[{"@type":"ReadAction","target":["https:\/\/seipuntozero-haircare.it\/fr\/product\/he-she-oil-non-oil-huile-protection-et-brillance-anti-frisottis\/"]}]},{"@type":"ImageObject","inLanguage":"fr-FR","@id":"https:\/\/seipuntozero-haircare.it\/fr\/product\/he-she-oil-non-oil-huile-protection-et-brillance-anti-frisottis\/#primaryimage","url":"https:\/\/seipuntozero-haircare.it\/wp-content\/uploads\/2017\/03\/262380_sei_punto_zero_finish_styling_heshe_oil_non_oil_200ml.png","contentUrl":"https:\/\/seipuntozero-haircare.it\/wp-content\/uploads\/2017\/03\/262380_sei_punto_zero_finish_styling_heshe_oil_non_oil_200ml.png","width":600,"height":600,"caption":"He.She - Oil non Oil"},{"@type":"BreadcrumbList","@id":"https:\/\/seipuntozero-haircare.it\/fr\/product\/he-she-oil-non-oil-huile-protection-et-brillance-anti-frisottis\/#breadcrumb","itemListElement":[{"@type":"ListItem","position":1,"name":"Home","item":"https:\/\/seipuntozero-haircare.it\/fr\/"},{"@type":"ListItem","position":2,"name":"Products","item":"https:\/\/seipuntozero-haircare.it\/fr\/shop\/"},{"@type":"ListItem","position":3,"name":"HE.SHE \u2013 OIL NON OIL Huile protection et brillance anti-frisottis"}]},{"@type":"WebSite","@id":"https:\/\/seipuntozero-haircare.it\/fr\/#website","url":"https:\/\/seipuntozero-haircare.it\/fr\/","name":"6.Zero","description":"Essential Touch","potentialAction":[{"@type":"SearchAction","target":{"@type":"EntryPoint","urlTemplate":"https:\/\/seipuntozero-haircare.it\/fr\/?s={search_term_string}"},"query-input":{"@type":"PropertyValueSpecification","valueRequired":true,"valueName":"search_term_string"}}],"inLanguage":"fr-FR"}]}},"_links":{"self":[{"href":"https:\/\/seipuntozero-haircare.it\/fr\/wp-json\/wp\/v2\/product\/15187","targetHints":{"allow":["GET"]}}],"collection":[{"href":"https:\/\/seipuntozero-haircare.it\/fr\/wp-json\/wp\/v2\/product"}],"about":[{"href":"https:\/\/seipuntozero-haircare.it\/fr\/wp-json\/wp\/v2\/types\/product"}],"wp:featuredmedia":[{"embeddable":true,"href":"https:\/\/seipuntozero-haircare.it\/fr\/wp-json\/wp\/v2\/media\/18530"}],"wp:attachment":[{"href":"https:\/\/seipuntozero-haircare.it\/fr\/wp-json\/wp\/v2\/media?parent=15187"}],"wp:term":[{"taxonomy":"product_brand","embeddable":true,"href":"https:\/\/seipuntozero-haircare.it\/fr\/wp-json\/wp\/v2\/product_brand?post=15187"},{"taxonomy":"product_cat","embeddable":true,"href":"https:\/\/seipuntozero-haircare.it\/fr\/wp-json\/wp\/v2\/product_cat?post=15187"},{"taxonomy":"product_tag","embeddable":true,"href":"https:\/\/seipuntozero-haircare.it\/fr\/wp-json\/wp\/v2\/product_tag?post=15187"}],"curies":[{"name":"wp","href":"https:\/\/api.w.org\/{rel}","templated":true}]}}