{"id":15185,"date":"2017-03-15T16:53:53","date_gmt":"2017-03-15T15:53:53","guid":{"rendered":"https:\/\/seipuntozero-haircare.it\/prodotto\/he-she-spray-biphasique-hydro-nourrissant\/"},"modified":"2021-06-09T10:52:59","modified_gmt":"2021-06-09T08:52:59","slug":"he-she-spray-biphasique-hydro-nourrissant","status":"publish","type":"product","link":"https:\/\/seipuntozero-haircare.it\/fr\/product\/he-she-spray-biphasique-hydro-nourrissant\/","title":{"rendered":"HE.SHE <br> Spray biphasique hydro-nourrissant"},"content":{"rendered":"<ul>\n<li>Spray multifonction qui <strong>hydrate, nourrit et prot\u00e8ge<\/strong> le cheveu<\/li>\n<li><strong>Conditionne et discipline<\/strong> la chevelure<\/li>\n<li>Enrichi aux <strong>Prot\u00e9ines de Soie<\/strong> et aux <strong>Acides amin\u00e9s de K\u00e9ratine<\/strong><\/li>\n<li>Indispensable pour pr\u00e9parer le cheveu au <strong>brushing<\/strong><\/li>\n<\/ul>\n","protected":false},"excerpt":{"rendered":"<p>He.She <strong>Spray biphasique hydro-nourrissant et protecteur<\/strong> apporte luminosit\u00e9, douceur et hydratation aux cheveux. Il prot\u00e8ge la chevelure du <strong>stress caus\u00e9 par les agents ext\u00e9rieurs<\/strong> (atmosph\u00e9riques ou chimiques), en lib\u00e9rant des propri\u00e9t\u00e9s conditionnantes et disciplinantes in\u00e9dites. La multifonction du spray He.She est soutenue par la pr\u00e9sence de <strong>Prot\u00e9ines de Soie et d\u2019Acides amin\u00e9s de K\u00e9ratine\u00a0<\/strong>: en adoucissant et en nourrissant le cheveu, il <strong>favorise la coiffure<\/strong>, en la pr\u00e9parant \u00e0 la r\u00e9alisation du <strong>brushing<\/strong>.<\/p>\n<p>Flacon 200 ml<\/p>\n","protected":false},"featured_media":18523,"template":"","meta":[],"product_brand":[],"product_cat":[607],"product_tag":[],"class_list":["post-15185","product","type-product","status-publish","has-post-thumbnail","hentry","product_cat-styling-fr"],"yoast_head":"<!-- This site is optimized with the Yoast SEO plugin v27.1.1 - https:\/\/yoast.com\/product\/yoast-seo-wordpress\/ -->\n<title>HE.SHE  Spray biphasique hydro-nourrissant - 6.Zero<\/title>\n<meta name=\"description\" content=\"He.She Spray biphasique hydro-nourrissant et protecteur apporte luminosit\u00e9, douceur et hydratation aux cheveux.\" \/>\n<meta name=\"robots\" content=\"index, follow, max-snippet:-1, max-image-preview:large, max-video-preview:-1\" \/>\n<link rel=\"canonical\" href=\"https:\/\/seipuntozero-haircare.it\/fr\/product\/he-she-spray-biphasique-hydro-nourrissant\/\" \/>\n<meta property=\"og:locale\" content=\"fr_FR\" \/>\n<meta property=\"og:type\" content=\"article\" \/>\n<meta property=\"og:title\" content=\"HE.SHE  Spray biphasique hydro-nourrissant - 6.Zero\" \/>\n<meta property=\"og:description\" content=\"He.She Spray biphasique hydro-nourrissant et protecteur apporte luminosit\u00e9, douceur et hydratation aux cheveux.\" \/>\n<meta property=\"og:url\" content=\"https:\/\/seipuntozero-haircare.it\/fr\/product\/he-she-spray-biphasique-hydro-nourrissant\/\" \/>\n<meta property=\"og:site_name\" content=\"6.Zero\" \/>\n<meta property=\"article:modified_time\" content=\"2021-06-09T08:52:59+00:00\" \/>\n<meta property=\"og:image\" content=\"https:\/\/seipuntozero-haircare.it\/wp-content\/uploads\/2017\/03\/262397_sei_punto_zero_finish_styling_heshe_spray_bifasico_200ml.png\" \/>\n\t<meta property=\"og:image:width\" content=\"600\" \/>\n\t<meta property=\"og:image:height\" content=\"600\" \/>\n\t<meta property=\"og:image:type\" content=\"image\/png\" \/>\n<meta name=\"twitter:card\" content=\"summary_large_image\" \/>\n<meta name=\"twitter:label1\" content=\"Dur\u00e9e de lecture estim\u00e9e\" \/>\n\t<meta name=\"twitter:data1\" content=\"1 minute\" \/>\n<script type=\"application\/ld+json\" class=\"yoast-schema-graph\">{\"@context\":\"https:\/\/schema.org\",\"@graph\":[{\"@type\":\"WebPage\",\"@id\":\"https:\/\/seipuntozero-haircare.it\/fr\/product\/he-she-spray-biphasique-hydro-nourrissant\/\",\"url\":\"https:\/\/seipuntozero-haircare.it\/fr\/product\/he-she-spray-biphasique-hydro-nourrissant\/\",\"name\":\"HE.SHE Spray biphasique hydro-nourrissant - 6.Zero\",\"isPartOf\":{\"@id\":\"https:\/\/seipuntozero-haircare.it\/fr\/#website\"},\"primaryImageOfPage\":{\"@id\":\"https:\/\/seipuntozero-haircare.it\/fr\/product\/he-she-spray-biphasique-hydro-nourrissant\/#primaryimage\"},\"image\":{\"@id\":\"https:\/\/seipuntozero-haircare.it\/fr\/product\/he-she-spray-biphasique-hydro-nourrissant\/#primaryimage\"},\"thumbnailUrl\":\"https:\/\/seipuntozero-haircare.it\/wp-content\/uploads\/2017\/03\/262397_sei_punto_zero_finish_styling_heshe_spray_bifasico_200ml.png\",\"datePublished\":\"2017-03-15T15:53:53+00:00\",\"dateModified\":\"2021-06-09T08:52:59+00:00\",\"description\":\"He.She Spray biphasique hydro-nourrissant et protecteur apporte luminosit\u00e9, douceur et hydratation aux cheveux.\",\"breadcrumb\":{\"@id\":\"https:\/\/seipuntozero-haircare.it\/fr\/product\/he-she-spray-biphasique-hydro-nourrissant\/#breadcrumb\"},\"inLanguage\":\"fr-FR\",\"potentialAction\":[{\"@type\":\"ReadAction\",\"target\":[\"https:\/\/seipuntozero-haircare.it\/fr\/product\/he-she-spray-biphasique-hydro-nourrissant\/\"]}]},{\"@type\":\"ImageObject\",\"inLanguage\":\"fr-FR\",\"@id\":\"https:\/\/seipuntozero-haircare.it\/fr\/product\/he-she-spray-biphasique-hydro-nourrissant\/#primaryimage\",\"url\":\"https:\/\/seipuntozero-haircare.it\/wp-content\/uploads\/2017\/03\/262397_sei_punto_zero_finish_styling_heshe_spray_bifasico_200ml.png\",\"contentUrl\":\"https:\/\/seipuntozero-haircare.it\/wp-content\/uploads\/2017\/03\/262397_sei_punto_zero_finish_styling_heshe_spray_bifasico_200ml.png\",\"width\":600,\"height\":600,\"caption\":\"He.She - Spray Bifasico\"},{\"@type\":\"BreadcrumbList\",\"@id\":\"https:\/\/seipuntozero-haircare.it\/fr\/product\/he-she-spray-biphasique-hydro-nourrissant\/#breadcrumb\",\"itemListElement\":[{\"@type\":\"ListItem\",\"position\":1,\"name\":\"Home\",\"item\":\"https:\/\/seipuntozero-haircare.it\/fr\/\"},{\"@type\":\"ListItem\",\"position\":2,\"name\":\"Products\",\"item\":\"https:\/\/seipuntozero-haircare.it\/fr\/shop\/\"},{\"@type\":\"ListItem\",\"position\":3,\"name\":\"HE.SHE Spray biphasique hydro-nourrissant\"}]},{\"@type\":\"WebSite\",\"@id\":\"https:\/\/seipuntozero-haircare.it\/fr\/#website\",\"url\":\"https:\/\/seipuntozero-haircare.it\/fr\/\",\"name\":\"6.Zero\",\"description\":\"Essential Touch\",\"potentialAction\":[{\"@type\":\"SearchAction\",\"target\":{\"@type\":\"EntryPoint\",\"urlTemplate\":\"https:\/\/seipuntozero-haircare.it\/fr\/?s={search_term_string}\"},\"query-input\":{\"@type\":\"PropertyValueSpecification\",\"valueRequired\":true,\"valueName\":\"search_term_string\"}}],\"inLanguage\":\"fr-FR\"}]}<\/script>\n<!-- \/ Yoast SEO plugin. -->","yoast_head_json":{"title":"HE.SHE  Spray biphasique hydro-nourrissant - 6.Zero","description":"He.She Spray biphasique hydro-nourrissant et protecteur apporte luminosit\u00e9, douceur et hydratation aux cheveux.","robots":{"index":"index","follow":"follow","max-snippet":"max-snippet:-1","max-image-preview":"max-image-preview:large","max-video-preview":"max-video-preview:-1"},"canonical":"https:\/\/seipuntozero-haircare.it\/fr\/product\/he-she-spray-biphasique-hydro-nourrissant\/","og_locale":"fr_FR","og_type":"article","og_title":"HE.SHE  Spray biphasique hydro-nourrissant - 6.Zero","og_description":"He.She Spray biphasique hydro-nourrissant et protecteur apporte luminosit\u00e9, douceur et hydratation aux cheveux.","og_url":"https:\/\/seipuntozero-haircare.it\/fr\/product\/he-she-spray-biphasique-hydro-nourrissant\/","og_site_name":"6.Zero","article_modified_time":"2021-06-09T08:52:59+00:00","og_image":[{"width":600,"height":600,"url":"https:\/\/seipuntozero-haircare.it\/wp-content\/uploads\/2017\/03\/262397_sei_punto_zero_finish_styling_heshe_spray_bifasico_200ml.png","type":"image\/png"}],"twitter_card":"summary_large_image","twitter_misc":{"Dur\u00e9e de lecture estim\u00e9e":"1 minute"},"schema":{"@context":"https:\/\/schema.org","@graph":[{"@type":"WebPage","@id":"https:\/\/seipuntozero-haircare.it\/fr\/product\/he-she-spray-biphasique-hydro-nourrissant\/","url":"https:\/\/seipuntozero-haircare.it\/fr\/product\/he-she-spray-biphasique-hydro-nourrissant\/","name":"HE.SHE Spray biphasique hydro-nourrissant - 6.Zero","isPartOf":{"@id":"https:\/\/seipuntozero-haircare.it\/fr\/#website"},"primaryImageOfPage":{"@id":"https:\/\/seipuntozero-haircare.it\/fr\/product\/he-she-spray-biphasique-hydro-nourrissant\/#primaryimage"},"image":{"@id":"https:\/\/seipuntozero-haircare.it\/fr\/product\/he-she-spray-biphasique-hydro-nourrissant\/#primaryimage"},"thumbnailUrl":"https:\/\/seipuntozero-haircare.it\/wp-content\/uploads\/2017\/03\/262397_sei_punto_zero_finish_styling_heshe_spray_bifasico_200ml.png","datePublished":"2017-03-15T15:53:53+00:00","dateModified":"2021-06-09T08:52:59+00:00","description":"He.She Spray biphasique hydro-nourrissant et protecteur apporte luminosit\u00e9, douceur et hydratation aux cheveux.","breadcrumb":{"@id":"https:\/\/seipuntozero-haircare.it\/fr\/product\/he-she-spray-biphasique-hydro-nourrissant\/#breadcrumb"},"inLanguage":"fr-FR","potentialAction":[{"@type":"ReadAction","target":["https:\/\/seipuntozero-haircare.it\/fr\/product\/he-she-spray-biphasique-hydro-nourrissant\/"]}]},{"@type":"ImageObject","inLanguage":"fr-FR","@id":"https:\/\/seipuntozero-haircare.it\/fr\/product\/he-she-spray-biphasique-hydro-nourrissant\/#primaryimage","url":"https:\/\/seipuntozero-haircare.it\/wp-content\/uploads\/2017\/03\/262397_sei_punto_zero_finish_styling_heshe_spray_bifasico_200ml.png","contentUrl":"https:\/\/seipuntozero-haircare.it\/wp-content\/uploads\/2017\/03\/262397_sei_punto_zero_finish_styling_heshe_spray_bifasico_200ml.png","width":600,"height":600,"caption":"He.She - Spray Bifasico"},{"@type":"BreadcrumbList","@id":"https:\/\/seipuntozero-haircare.it\/fr\/product\/he-she-spray-biphasique-hydro-nourrissant\/#breadcrumb","itemListElement":[{"@type":"ListItem","position":1,"name":"Home","item":"https:\/\/seipuntozero-haircare.it\/fr\/"},{"@type":"ListItem","position":2,"name":"Products","item":"https:\/\/seipuntozero-haircare.it\/fr\/shop\/"},{"@type":"ListItem","position":3,"name":"HE.SHE Spray biphasique hydro-nourrissant"}]},{"@type":"WebSite","@id":"https:\/\/seipuntozero-haircare.it\/fr\/#website","url":"https:\/\/seipuntozero-haircare.it\/fr\/","name":"6.Zero","description":"Essential Touch","potentialAction":[{"@type":"SearchAction","target":{"@type":"EntryPoint","urlTemplate":"https:\/\/seipuntozero-haircare.it\/fr\/?s={search_term_string}"},"query-input":{"@type":"PropertyValueSpecification","valueRequired":true,"valueName":"search_term_string"}}],"inLanguage":"fr-FR"}]}},"_links":{"self":[{"href":"https:\/\/seipuntozero-haircare.it\/fr\/wp-json\/wp\/v2\/product\/15185","targetHints":{"allow":["GET"]}}],"collection":[{"href":"https:\/\/seipuntozero-haircare.it\/fr\/wp-json\/wp\/v2\/product"}],"about":[{"href":"https:\/\/seipuntozero-haircare.it\/fr\/wp-json\/wp\/v2\/types\/product"}],"wp:featuredmedia":[{"embeddable":true,"href":"https:\/\/seipuntozero-haircare.it\/fr\/wp-json\/wp\/v2\/media\/18523"}],"wp:attachment":[{"href":"https:\/\/seipuntozero-haircare.it\/fr\/wp-json\/wp\/v2\/media?parent=15185"}],"wp:term":[{"taxonomy":"product_brand","embeddable":true,"href":"https:\/\/seipuntozero-haircare.it\/fr\/wp-json\/wp\/v2\/product_brand?post=15185"},{"taxonomy":"product_cat","embeddable":true,"href":"https:\/\/seipuntozero-haircare.it\/fr\/wp-json\/wp\/v2\/product_cat?post=15185"},{"taxonomy":"product_tag","embeddable":true,"href":"https:\/\/seipuntozero-haircare.it\/fr\/wp-json\/wp\/v2\/product_tag?post=15185"}],"curies":[{"name":"wp","href":"https:\/\/api.w.org\/{rel}","templated":true}]}}