{"id":15183,"date":"2017-03-15T16:55:49","date_gmt":"2017-03-15T15:55:49","guid":{"rendered":"https:\/\/seipuntozero-haircare.it\/prodotto\/he-she-gel-en-mousse-texture-et-volume\/"},"modified":"2021-06-09T10:52:04","modified_gmt":"2021-06-09T08:52:04","slug":"he-she-gel-en-mousse-texture-et-volume","status":"publish","type":"product","link":"https:\/\/seipuntozero-haircare.it\/fr\/product\/he-she-gel-en-mousse-texture-et-volume\/","title":{"rendered":"HE.SHE <br> Gel en mousse texture et volume"},"content":{"rendered":"<ul>\n<li>Combine l\u2019action<strong> fixatrice<\/strong> du gel avec les <strong>propri\u00e9t\u00e9s volumatrices et texturisantes<\/strong> d\u2019une mousse<\/li>\n<li>Apporte un <strong>maintien durable<\/strong> et une nouvelle richesse aux cheveux<\/li>\n<li>Formule avec <strong>K\u00e9ratine<\/strong> et <strong>Huile de Macadamia<\/strong><\/li>\n<\/ul>\n","protected":false},"excerpt":{"rendered":"<p>He.She <strong>Gel en mousse<\/strong>, enrichi \u00e0 la <strong>K\u00e9ratine et \u00e0 l\u2019Huile de Macadamia<\/strong>, offre une texture douce et l\u00e9g\u00e8re qui conf\u00e8re <strong>consistance et vitalit\u00e9<\/strong> \u00e0 toute la chevelure. Id\u00e9al pour d\u00e9finir la coiffure sur cheveux lav\u00e9s et tamponn\u00e9s et pour fournir un <strong>maintien durable et un effet mouill\u00e9<\/strong> sur cheveux s\u00e9ch\u00e9s. La consistance d\u00e9licate de la mousse permet de d\u00e9finir la coiffure en d\u00e9tail, mettant en valeur <strong>chacune des m\u00e8ches<\/strong> avec un <strong>nouveau volume<\/strong>. Le gel en mousse ne laisse pas de r\u00e9sidus et n\u2019alourdit pas.<\/p>\n<p>Bouteille 300 ml<\/p>\n","protected":false},"featured_media":24337,"template":"","meta":[],"product_brand":[],"product_cat":[607],"product_tag":[],"class_list":["post-15183","product","type-product","status-publish","has-post-thumbnail","hentry","product_cat-styling-fr"],"yoast_head":"<!-- This site is optimized with the Yoast SEO plugin v27.1.1 - https:\/\/yoast.com\/product\/yoast-seo-wordpress\/ -->\n<title>HE.SHE | Gel en mousse texture et volume<\/title>\n<meta name=\"description\" content=\"He.She Gel en mousse, enrichi \u00e0 la K\u00e9ratine et \u00e0 l\u2019Huile de Macadamia, offre une texture douce et l\u00e9g\u00e8re qui conf\u00e8re consistance et vitalit\u00e9 \u00e0 toute la chevelure.\" \/>\n<meta name=\"robots\" content=\"index, follow, max-snippet:-1, max-image-preview:large, max-video-preview:-1\" \/>\n<link rel=\"canonical\" href=\"https:\/\/seipuntozero-haircare.it\/fr\/product\/he-she-gel-en-mousse-texture-et-volume\/\" \/>\n<meta property=\"og:locale\" content=\"fr_FR\" \/>\n<meta property=\"og:type\" content=\"article\" \/>\n<meta property=\"og:title\" content=\"HE.SHE | Gel en mousse texture et volume\" \/>\n<meta property=\"og:description\" content=\"He.She Gel en mousse, enrichi \u00e0 la K\u00e9ratine et \u00e0 l\u2019Huile de Macadamia, offre une texture douce et l\u00e9g\u00e8re qui conf\u00e8re consistance et vitalit\u00e9 \u00e0 toute la chevelure.\" \/>\n<meta property=\"og:url\" content=\"https:\/\/seipuntozero-haircare.it\/fr\/product\/he-she-gel-en-mousse-texture-et-volume\/\" \/>\n<meta property=\"og:site_name\" content=\"6.Zero\" \/>\n<meta property=\"article:modified_time\" content=\"2021-06-09T08:52:04+00:00\" \/>\n<meta property=\"og:image\" content=\"https:\/\/seipuntozero-haircare.it\/wp-content\/uploads\/2017\/03\/262403_sei_punto_zero_finish_styling_heshe_gel_in_mousse_300ml-2.png\" \/>\n\t<meta property=\"og:image:width\" content=\"800\" \/>\n\t<meta property=\"og:image:height\" content=\"800\" \/>\n\t<meta property=\"og:image:type\" content=\"image\/png\" \/>\n<meta name=\"twitter:card\" content=\"summary_large_image\" \/>\n<meta name=\"twitter:label1\" content=\"Dur\u00e9e de lecture estim\u00e9e\" \/>\n\t<meta name=\"twitter:data1\" content=\"1 minute\" \/>\n<script type=\"application\/ld+json\" class=\"yoast-schema-graph\">{\"@context\":\"https:\/\/schema.org\",\"@graph\":[{\"@type\":\"WebPage\",\"@id\":\"https:\/\/seipuntozero-haircare.it\/fr\/product\/he-she-gel-en-mousse-texture-et-volume\/\",\"url\":\"https:\/\/seipuntozero-haircare.it\/fr\/product\/he-she-gel-en-mousse-texture-et-volume\/\",\"name\":\"HE.SHE | Gel en mousse texture et volume\",\"isPartOf\":{\"@id\":\"https:\/\/seipuntozero-haircare.it\/fr\/#website\"},\"primaryImageOfPage\":{\"@id\":\"https:\/\/seipuntozero-haircare.it\/fr\/product\/he-she-gel-en-mousse-texture-et-volume\/#primaryimage\"},\"image\":{\"@id\":\"https:\/\/seipuntozero-haircare.it\/fr\/product\/he-she-gel-en-mousse-texture-et-volume\/#primaryimage\"},\"thumbnailUrl\":\"https:\/\/seipuntozero-haircare.it\/wp-content\/uploads\/2017\/03\/gel-in-mousse.png\",\"datePublished\":\"2017-03-15T15:55:49+00:00\",\"dateModified\":\"2021-06-09T08:52:04+00:00\",\"description\":\"He.She Gel en mousse, enrichi \u00e0 la K\u00e9ratine et \u00e0 l\u2019Huile de Macadamia, offre une texture douce et l\u00e9g\u00e8re qui conf\u00e8re consistance et vitalit\u00e9 \u00e0 toute la chevelure.\",\"breadcrumb\":{\"@id\":\"https:\/\/seipuntozero-haircare.it\/fr\/product\/he-she-gel-en-mousse-texture-et-volume\/#breadcrumb\"},\"inLanguage\":\"fr-FR\",\"potentialAction\":[{\"@type\":\"ReadAction\",\"target\":[\"https:\/\/seipuntozero-haircare.it\/fr\/product\/he-she-gel-en-mousse-texture-et-volume\/\"]}]},{\"@type\":\"ImageObject\",\"inLanguage\":\"fr-FR\",\"@id\":\"https:\/\/seipuntozero-haircare.it\/fr\/product\/he-she-gel-en-mousse-texture-et-volume\/#primaryimage\",\"url\":\"https:\/\/seipuntozero-haircare.it\/wp-content\/uploads\/2017\/03\/gel-in-mousse.png\",\"contentUrl\":\"https:\/\/seipuntozero-haircare.it\/wp-content\/uploads\/2017\/03\/gel-in-mousse.png\",\"width\":600,\"height\":600},{\"@type\":\"BreadcrumbList\",\"@id\":\"https:\/\/seipuntozero-haircare.it\/fr\/product\/he-she-gel-en-mousse-texture-et-volume\/#breadcrumb\",\"itemListElement\":[{\"@type\":\"ListItem\",\"position\":1,\"name\":\"Home\",\"item\":\"https:\/\/seipuntozero-haircare.it\/fr\/\"},{\"@type\":\"ListItem\",\"position\":2,\"name\":\"Products\",\"item\":\"https:\/\/seipuntozero-haircare.it\/fr\/shop\/\"},{\"@type\":\"ListItem\",\"position\":3,\"name\":\"HE.SHE Gel en mousse texture et volume\"}]},{\"@type\":\"WebSite\",\"@id\":\"https:\/\/seipuntozero-haircare.it\/fr\/#website\",\"url\":\"https:\/\/seipuntozero-haircare.it\/fr\/\",\"name\":\"6.Zero\",\"description\":\"Essential Touch\",\"potentialAction\":[{\"@type\":\"SearchAction\",\"target\":{\"@type\":\"EntryPoint\",\"urlTemplate\":\"https:\/\/seipuntozero-haircare.it\/fr\/?s={search_term_string}\"},\"query-input\":{\"@type\":\"PropertyValueSpecification\",\"valueRequired\":true,\"valueName\":\"search_term_string\"}}],\"inLanguage\":\"fr-FR\"}]}<\/script>\n<!-- \/ Yoast SEO plugin. -->","yoast_head_json":{"title":"HE.SHE | Gel en mousse texture et volume","description":"He.She Gel en mousse, enrichi \u00e0 la K\u00e9ratine et \u00e0 l\u2019Huile de Macadamia, offre une texture douce et l\u00e9g\u00e8re qui conf\u00e8re consistance et vitalit\u00e9 \u00e0 toute la chevelure.","robots":{"index":"index","follow":"follow","max-snippet":"max-snippet:-1","max-image-preview":"max-image-preview:large","max-video-preview":"max-video-preview:-1"},"canonical":"https:\/\/seipuntozero-haircare.it\/fr\/product\/he-she-gel-en-mousse-texture-et-volume\/","og_locale":"fr_FR","og_type":"article","og_title":"HE.SHE | Gel en mousse texture et volume","og_description":"He.She Gel en mousse, enrichi \u00e0 la K\u00e9ratine et \u00e0 l\u2019Huile de Macadamia, offre une texture douce et l\u00e9g\u00e8re qui conf\u00e8re consistance et vitalit\u00e9 \u00e0 toute la chevelure.","og_url":"https:\/\/seipuntozero-haircare.it\/fr\/product\/he-she-gel-en-mousse-texture-et-volume\/","og_site_name":"6.Zero","article_modified_time":"2021-06-09T08:52:04+00:00","og_image":[{"width":800,"height":800,"url":"https:\/\/seipuntozero-haircare.it\/wp-content\/uploads\/2017\/03\/262403_sei_punto_zero_finish_styling_heshe_gel_in_mousse_300ml-2.png","type":"image\/png"}],"twitter_card":"summary_large_image","twitter_misc":{"Dur\u00e9e de lecture estim\u00e9e":"1 minute"},"schema":{"@context":"https:\/\/schema.org","@graph":[{"@type":"WebPage","@id":"https:\/\/seipuntozero-haircare.it\/fr\/product\/he-she-gel-en-mousse-texture-et-volume\/","url":"https:\/\/seipuntozero-haircare.it\/fr\/product\/he-she-gel-en-mousse-texture-et-volume\/","name":"HE.SHE | Gel en mousse texture et volume","isPartOf":{"@id":"https:\/\/seipuntozero-haircare.it\/fr\/#website"},"primaryImageOfPage":{"@id":"https:\/\/seipuntozero-haircare.it\/fr\/product\/he-she-gel-en-mousse-texture-et-volume\/#primaryimage"},"image":{"@id":"https:\/\/seipuntozero-haircare.it\/fr\/product\/he-she-gel-en-mousse-texture-et-volume\/#primaryimage"},"thumbnailUrl":"https:\/\/seipuntozero-haircare.it\/wp-content\/uploads\/2017\/03\/gel-in-mousse.png","datePublished":"2017-03-15T15:55:49+00:00","dateModified":"2021-06-09T08:52:04+00:00","description":"He.She Gel en mousse, enrichi \u00e0 la K\u00e9ratine et \u00e0 l\u2019Huile de Macadamia, offre une texture douce et l\u00e9g\u00e8re qui conf\u00e8re consistance et vitalit\u00e9 \u00e0 toute la chevelure.","breadcrumb":{"@id":"https:\/\/seipuntozero-haircare.it\/fr\/product\/he-she-gel-en-mousse-texture-et-volume\/#breadcrumb"},"inLanguage":"fr-FR","potentialAction":[{"@type":"ReadAction","target":["https:\/\/seipuntozero-haircare.it\/fr\/product\/he-she-gel-en-mousse-texture-et-volume\/"]}]},{"@type":"ImageObject","inLanguage":"fr-FR","@id":"https:\/\/seipuntozero-haircare.it\/fr\/product\/he-she-gel-en-mousse-texture-et-volume\/#primaryimage","url":"https:\/\/seipuntozero-haircare.it\/wp-content\/uploads\/2017\/03\/gel-in-mousse.png","contentUrl":"https:\/\/seipuntozero-haircare.it\/wp-content\/uploads\/2017\/03\/gel-in-mousse.png","width":600,"height":600},{"@type":"BreadcrumbList","@id":"https:\/\/seipuntozero-haircare.it\/fr\/product\/he-she-gel-en-mousse-texture-et-volume\/#breadcrumb","itemListElement":[{"@type":"ListItem","position":1,"name":"Home","item":"https:\/\/seipuntozero-haircare.it\/fr\/"},{"@type":"ListItem","position":2,"name":"Products","item":"https:\/\/seipuntozero-haircare.it\/fr\/shop\/"},{"@type":"ListItem","position":3,"name":"HE.SHE Gel en mousse texture et volume"}]},{"@type":"WebSite","@id":"https:\/\/seipuntozero-haircare.it\/fr\/#website","url":"https:\/\/seipuntozero-haircare.it\/fr\/","name":"6.Zero","description":"Essential Touch","potentialAction":[{"@type":"SearchAction","target":{"@type":"EntryPoint","urlTemplate":"https:\/\/seipuntozero-haircare.it\/fr\/?s={search_term_string}"},"query-input":{"@type":"PropertyValueSpecification","valueRequired":true,"valueName":"search_term_string"}}],"inLanguage":"fr-FR"}]}},"_links":{"self":[{"href":"https:\/\/seipuntozero-haircare.it\/fr\/wp-json\/wp\/v2\/product\/15183","targetHints":{"allow":["GET"]}}],"collection":[{"href":"https:\/\/seipuntozero-haircare.it\/fr\/wp-json\/wp\/v2\/product"}],"about":[{"href":"https:\/\/seipuntozero-haircare.it\/fr\/wp-json\/wp\/v2\/types\/product"}],"wp:featuredmedia":[{"embeddable":true,"href":"https:\/\/seipuntozero-haircare.it\/fr\/wp-json\/wp\/v2\/media\/24337"}],"wp:attachment":[{"href":"https:\/\/seipuntozero-haircare.it\/fr\/wp-json\/wp\/v2\/media?parent=15183"}],"wp:term":[{"taxonomy":"product_brand","embeddable":true,"href":"https:\/\/seipuntozero-haircare.it\/fr\/wp-json\/wp\/v2\/product_brand?post=15183"},{"taxonomy":"product_cat","embeddable":true,"href":"https:\/\/seipuntozero-haircare.it\/fr\/wp-json\/wp\/v2\/product_cat?post=15183"},{"taxonomy":"product_tag","embeddable":true,"href":"https:\/\/seipuntozero-haircare.it\/fr\/wp-json\/wp\/v2\/product_tag?post=15183"}],"curies":[{"name":"wp","href":"https:\/\/api.w.org\/{rel}","templated":true}]}}