{"id":15181,"date":"2017-03-15T16:57:24","date_gmt":"2017-03-15T15:57:24","guid":{"rendered":"https:\/\/seipuntozero-haircare.it\/prodotto\/he-she-laque-ecologique-volumatrice-sans-gaz\/"},"modified":"2021-06-09T10:51:14","modified_gmt":"2021-06-09T08:51:14","slug":"he-she-laque-ecologique-volumatrice-sans-gaz","status":"publish","type":"product","link":"https:\/\/seipuntozero-haircare.it\/fr\/product\/he-she-laque-ecologique-volumatrice-sans-gaz\/","title":{"rendered":"HE.SHE <br> Laque \u00e9cologique volumatrice sans gaz"},"content":{"rendered":"<ul>\n<li>Donne un <strong>volume nouveau<\/strong> \u00e0 la coiffure<\/li>\n<li><strong>Fixe le pli<\/strong> de fa\u00e7on naturelle<\/li>\n<li><strong>Prot\u00e8ge les cheveux<\/strong> de l\u2019humidit\u00e9<\/li>\n<\/ul>\n","protected":false},"excerpt":{"rendered":"<p><strong>He.She Laque \u00e9cologique volumatrice<\/strong> sans gaz adapt\u00e9e \u00e0 tous les types de cheveux. Elle <strong>fixe le pli<\/strong> et respecte la structure naturelle du cheveu en garantissant un aspect sain et resplendissant. Elle <strong>prot\u00e8ge la chevelure<\/strong> de l\u2019humidit\u00e9 et lui donne de l\u2019\u00e9clat, en enveloppant le cheveu en douceur et en le fixant avec une efficacit\u00e9 d\u00e9licate sans le coller et sans laisser de r\u00e9sidus. La <strong>fixation<\/strong> est intense mais l\u00e9g\u00e8re, la coiffure acquiert un <strong>volume nouveau<\/strong>.<\/p>\n<p>Bouteille 400 ml<\/p>\n","protected":false},"featured_media":18511,"template":"","meta":[],"product_brand":[],"product_cat":[607],"product_tag":[],"class_list":["post-15181","product","type-product","status-publish","has-post-thumbnail","hentry","product_cat-styling-fr"],"yoast_head":"<!-- This site is optimized with the Yoast SEO plugin v27.1.1 - https:\/\/yoast.com\/product\/yoast-seo-wordpress\/ -->\n<title>HE.SHE  Laque \u00e9cologique volumatrice sans gaz - 6.Zero<\/title>\n<meta name=\"description\" content=\"He.She Laque \u00e9cologique volumatrice sans gaz adapt\u00e9e \u00e0 tous les types de cheveux. Elle fixe le pli et respecte la structure naturelle du cheveu en garantissant un aspect sain et resplendissant.\" \/>\n<meta name=\"robots\" content=\"index, follow, max-snippet:-1, max-image-preview:large, max-video-preview:-1\" \/>\n<link rel=\"canonical\" href=\"https:\/\/seipuntozero-haircare.it\/fr\/product\/he-she-laque-ecologique-volumatrice-sans-gaz\/\" \/>\n<meta property=\"og:locale\" content=\"fr_FR\" \/>\n<meta property=\"og:type\" content=\"article\" \/>\n<meta property=\"og:title\" content=\"HE.SHE  Laque \u00e9cologique volumatrice sans gaz - 6.Zero\" \/>\n<meta property=\"og:description\" content=\"He.She Laque \u00e9cologique volumatrice sans gaz adapt\u00e9e \u00e0 tous les types de cheveux. Elle fixe le pli et respecte la structure naturelle du cheveu en garantissant un aspect sain et resplendissant.\" \/>\n<meta property=\"og:url\" content=\"https:\/\/seipuntozero-haircare.it\/fr\/product\/he-she-laque-ecologique-volumatrice-sans-gaz\/\" \/>\n<meta property=\"og:site_name\" content=\"6.Zero\" \/>\n<meta property=\"article:modified_time\" content=\"2021-06-09T08:51:14+00:00\" \/>\n<meta property=\"og:image\" content=\"https:\/\/seipuntozero-haircare.it\/wp-content\/uploads\/2017\/03\/262410_sei_punto_zero_lacca_ecologica_400ml.png\" \/>\n\t<meta property=\"og:image:width\" content=\"600\" \/>\n\t<meta property=\"og:image:height\" content=\"600\" \/>\n\t<meta property=\"og:image:type\" content=\"image\/png\" \/>\n<meta name=\"twitter:card\" content=\"summary_large_image\" \/>\n<meta name=\"twitter:label1\" content=\"Dur\u00e9e de lecture estim\u00e9e\" \/>\n\t<meta name=\"twitter:data1\" content=\"1 minute\" \/>\n<script type=\"application\/ld+json\" class=\"yoast-schema-graph\">{\"@context\":\"https:\/\/schema.org\",\"@graph\":[{\"@type\":\"WebPage\",\"@id\":\"https:\/\/seipuntozero-haircare.it\/fr\/product\/he-she-laque-ecologique-volumatrice-sans-gaz\/\",\"url\":\"https:\/\/seipuntozero-haircare.it\/fr\/product\/he-she-laque-ecologique-volumatrice-sans-gaz\/\",\"name\":\"HE.SHE Laque \u00e9cologique volumatrice sans gaz - 6.Zero\",\"isPartOf\":{\"@id\":\"https:\/\/seipuntozero-haircare.it\/fr\/#website\"},\"primaryImageOfPage\":{\"@id\":\"https:\/\/seipuntozero-haircare.it\/fr\/product\/he-she-laque-ecologique-volumatrice-sans-gaz\/#primaryimage\"},\"image\":{\"@id\":\"https:\/\/seipuntozero-haircare.it\/fr\/product\/he-she-laque-ecologique-volumatrice-sans-gaz\/#primaryimage\"},\"thumbnailUrl\":\"https:\/\/seipuntozero-haircare.it\/wp-content\/uploads\/2017\/03\/262410_sei_punto_zero_lacca_ecologica_400ml.png\",\"datePublished\":\"2017-03-15T15:57:24+00:00\",\"dateModified\":\"2021-06-09T08:51:14+00:00\",\"description\":\"He.She Laque \u00e9cologique volumatrice sans gaz adapt\u00e9e \u00e0 tous les types de cheveux. Elle fixe le pli et respecte la structure naturelle du cheveu en garantissant un aspect sain et resplendissant.\",\"breadcrumb\":{\"@id\":\"https:\/\/seipuntozero-haircare.it\/fr\/product\/he-she-laque-ecologique-volumatrice-sans-gaz\/#breadcrumb\"},\"inLanguage\":\"fr-FR\",\"potentialAction\":[{\"@type\":\"ReadAction\",\"target\":[\"https:\/\/seipuntozero-haircare.it\/fr\/product\/he-she-laque-ecologique-volumatrice-sans-gaz\/\"]}]},{\"@type\":\"ImageObject\",\"inLanguage\":\"fr-FR\",\"@id\":\"https:\/\/seipuntozero-haircare.it\/fr\/product\/he-she-laque-ecologique-volumatrice-sans-gaz\/#primaryimage\",\"url\":\"https:\/\/seipuntozero-haircare.it\/wp-content\/uploads\/2017\/03\/262410_sei_punto_zero_lacca_ecologica_400ml.png\",\"contentUrl\":\"https:\/\/seipuntozero-haircare.it\/wp-content\/uploads\/2017\/03\/262410_sei_punto_zero_lacca_ecologica_400ml.png\",\"width\":600,\"height\":600,\"caption\":\"He.She - Lacca Ecologica\"},{\"@type\":\"BreadcrumbList\",\"@id\":\"https:\/\/seipuntozero-haircare.it\/fr\/product\/he-she-laque-ecologique-volumatrice-sans-gaz\/#breadcrumb\",\"itemListElement\":[{\"@type\":\"ListItem\",\"position\":1,\"name\":\"Home\",\"item\":\"https:\/\/seipuntozero-haircare.it\/fr\/\"},{\"@type\":\"ListItem\",\"position\":2,\"name\":\"Products\",\"item\":\"https:\/\/seipuntozero-haircare.it\/fr\/shop\/\"},{\"@type\":\"ListItem\",\"position\":3,\"name\":\"HE.SHE Laque \u00e9cologique volumatrice sans gaz\"}]},{\"@type\":\"WebSite\",\"@id\":\"https:\/\/seipuntozero-haircare.it\/fr\/#website\",\"url\":\"https:\/\/seipuntozero-haircare.it\/fr\/\",\"name\":\"6.Zero\",\"description\":\"Essential Touch\",\"potentialAction\":[{\"@type\":\"SearchAction\",\"target\":{\"@type\":\"EntryPoint\",\"urlTemplate\":\"https:\/\/seipuntozero-haircare.it\/fr\/?s={search_term_string}\"},\"query-input\":{\"@type\":\"PropertyValueSpecification\",\"valueRequired\":true,\"valueName\":\"search_term_string\"}}],\"inLanguage\":\"fr-FR\"}]}<\/script>\n<!-- \/ Yoast SEO plugin. -->","yoast_head_json":{"title":"HE.SHE  Laque \u00e9cologique volumatrice sans gaz - 6.Zero","description":"He.She Laque \u00e9cologique volumatrice sans gaz adapt\u00e9e \u00e0 tous les types de cheveux. Elle fixe le pli et respecte la structure naturelle du cheveu en garantissant un aspect sain et resplendissant.","robots":{"index":"index","follow":"follow","max-snippet":"max-snippet:-1","max-image-preview":"max-image-preview:large","max-video-preview":"max-video-preview:-1"},"canonical":"https:\/\/seipuntozero-haircare.it\/fr\/product\/he-she-laque-ecologique-volumatrice-sans-gaz\/","og_locale":"fr_FR","og_type":"article","og_title":"HE.SHE  Laque \u00e9cologique volumatrice sans gaz - 6.Zero","og_description":"He.She Laque \u00e9cologique volumatrice sans gaz adapt\u00e9e \u00e0 tous les types de cheveux. Elle fixe le pli et respecte la structure naturelle du cheveu en garantissant un aspect sain et resplendissant.","og_url":"https:\/\/seipuntozero-haircare.it\/fr\/product\/he-she-laque-ecologique-volumatrice-sans-gaz\/","og_site_name":"6.Zero","article_modified_time":"2021-06-09T08:51:14+00:00","og_image":[{"width":600,"height":600,"url":"https:\/\/seipuntozero-haircare.it\/wp-content\/uploads\/2017\/03\/262410_sei_punto_zero_lacca_ecologica_400ml.png","type":"image\/png"}],"twitter_card":"summary_large_image","twitter_misc":{"Dur\u00e9e de lecture estim\u00e9e":"1 minute"},"schema":{"@context":"https:\/\/schema.org","@graph":[{"@type":"WebPage","@id":"https:\/\/seipuntozero-haircare.it\/fr\/product\/he-she-laque-ecologique-volumatrice-sans-gaz\/","url":"https:\/\/seipuntozero-haircare.it\/fr\/product\/he-she-laque-ecologique-volumatrice-sans-gaz\/","name":"HE.SHE Laque \u00e9cologique volumatrice sans gaz - 6.Zero","isPartOf":{"@id":"https:\/\/seipuntozero-haircare.it\/fr\/#website"},"primaryImageOfPage":{"@id":"https:\/\/seipuntozero-haircare.it\/fr\/product\/he-she-laque-ecologique-volumatrice-sans-gaz\/#primaryimage"},"image":{"@id":"https:\/\/seipuntozero-haircare.it\/fr\/product\/he-she-laque-ecologique-volumatrice-sans-gaz\/#primaryimage"},"thumbnailUrl":"https:\/\/seipuntozero-haircare.it\/wp-content\/uploads\/2017\/03\/262410_sei_punto_zero_lacca_ecologica_400ml.png","datePublished":"2017-03-15T15:57:24+00:00","dateModified":"2021-06-09T08:51:14+00:00","description":"He.She Laque \u00e9cologique volumatrice sans gaz adapt\u00e9e \u00e0 tous les types de cheveux. Elle fixe le pli et respecte la structure naturelle du cheveu en garantissant un aspect sain et resplendissant.","breadcrumb":{"@id":"https:\/\/seipuntozero-haircare.it\/fr\/product\/he-she-laque-ecologique-volumatrice-sans-gaz\/#breadcrumb"},"inLanguage":"fr-FR","potentialAction":[{"@type":"ReadAction","target":["https:\/\/seipuntozero-haircare.it\/fr\/product\/he-she-laque-ecologique-volumatrice-sans-gaz\/"]}]},{"@type":"ImageObject","inLanguage":"fr-FR","@id":"https:\/\/seipuntozero-haircare.it\/fr\/product\/he-she-laque-ecologique-volumatrice-sans-gaz\/#primaryimage","url":"https:\/\/seipuntozero-haircare.it\/wp-content\/uploads\/2017\/03\/262410_sei_punto_zero_lacca_ecologica_400ml.png","contentUrl":"https:\/\/seipuntozero-haircare.it\/wp-content\/uploads\/2017\/03\/262410_sei_punto_zero_lacca_ecologica_400ml.png","width":600,"height":600,"caption":"He.She - Lacca Ecologica"},{"@type":"BreadcrumbList","@id":"https:\/\/seipuntozero-haircare.it\/fr\/product\/he-she-laque-ecologique-volumatrice-sans-gaz\/#breadcrumb","itemListElement":[{"@type":"ListItem","position":1,"name":"Home","item":"https:\/\/seipuntozero-haircare.it\/fr\/"},{"@type":"ListItem","position":2,"name":"Products","item":"https:\/\/seipuntozero-haircare.it\/fr\/shop\/"},{"@type":"ListItem","position":3,"name":"HE.SHE Laque \u00e9cologique volumatrice sans gaz"}]},{"@type":"WebSite","@id":"https:\/\/seipuntozero-haircare.it\/fr\/#website","url":"https:\/\/seipuntozero-haircare.it\/fr\/","name":"6.Zero","description":"Essential Touch","potentialAction":[{"@type":"SearchAction","target":{"@type":"EntryPoint","urlTemplate":"https:\/\/seipuntozero-haircare.it\/fr\/?s={search_term_string}"},"query-input":{"@type":"PropertyValueSpecification","valueRequired":true,"valueName":"search_term_string"}}],"inLanguage":"fr-FR"}]}},"_links":{"self":[{"href":"https:\/\/seipuntozero-haircare.it\/fr\/wp-json\/wp\/v2\/product\/15181","targetHints":{"allow":["GET"]}}],"collection":[{"href":"https:\/\/seipuntozero-haircare.it\/fr\/wp-json\/wp\/v2\/product"}],"about":[{"href":"https:\/\/seipuntozero-haircare.it\/fr\/wp-json\/wp\/v2\/types\/product"}],"wp:featuredmedia":[{"embeddable":true,"href":"https:\/\/seipuntozero-haircare.it\/fr\/wp-json\/wp\/v2\/media\/18511"}],"wp:attachment":[{"href":"https:\/\/seipuntozero-haircare.it\/fr\/wp-json\/wp\/v2\/media?parent=15181"}],"wp:term":[{"taxonomy":"product_brand","embeddable":true,"href":"https:\/\/seipuntozero-haircare.it\/fr\/wp-json\/wp\/v2\/product_brand?post=15181"},{"taxonomy":"product_cat","embeddable":true,"href":"https:\/\/seipuntozero-haircare.it\/fr\/wp-json\/wp\/v2\/product_cat?post=15181"},{"taxonomy":"product_tag","embeddable":true,"href":"https:\/\/seipuntozero-haircare.it\/fr\/wp-json\/wp\/v2\/product_tag?post=15181"}],"curies":[{"name":"wp","href":"https:\/\/api.w.org\/{rel}","templated":true}]}}