{"id":15179,"date":"2017-03-15T17:01:06","date_gmt":"2017-03-15T16:01:06","guid":{"rendered":"https:\/\/seipuntozero-haircare.it\/prodotto\/he-she-laque-spray-volumatrice-anti-humidite\/"},"modified":"2025-07-21T12:38:38","modified_gmt":"2025-07-21T10:38:38","slug":"he-she-laque-spray-volumatrice-anti-humidite","status":"publish","type":"product","link":"https:\/\/seipuntozero-haircare.it\/fr\/product\/he-she-laque-spray-volumatrice-anti-humidite\/","title":{"rendered":"HE.SHE <br> Laque spray volumatrice anti-humidit\u00e9"},"content":{"rendered":"<ul>\n<li><strong>Contr\u00f4le<\/strong> maximum<strong> et volume<\/strong> de la coiffure<\/li>\n<li><strong>Formule anti-humidit\u00e9<\/strong> pour un pli toujours parfait<\/li>\n<li><strong>Fixation forte<\/strong> mais l\u00e9g\u00e8re<\/li>\n<\/ul>\n","protected":false},"excerpt":{"rendered":"<p><strong>He.She Laque spray strong volumatrice anti-humidit\u00e9<\/strong> permet de modeler rapidement la coiffure et de maintenir les <strong>cheveux \u00e9lastiques et volumineux<\/strong> plus longtemps. Elle apporte un <strong>\u00e9clat et une douceur<\/strong> naturels, sans alourdir, et s\u2019\u00e9limine facilement en quelques coups de brosse. En cr\u00e9ant un film impalpable qui <strong>prot\u00e8ge la chevelure<\/strong>, la laque spray strong emp\u00eache l\u2019humidit\u00e9 de compromettre le pli.<\/p>\n","protected":false},"featured_media":24322,"template":"","meta":[],"product_brand":[],"product_cat":[607],"product_tag":[],"class_list":["post-15179","product","type-product","status-publish","has-post-thumbnail","hentry","product_cat-styling-fr"],"yoast_head":"<!-- This site is optimized with the Yoast SEO plugin v27.1.1 - https:\/\/yoast.com\/product\/yoast-seo-wordpress\/ -->\n<title>HE.SHE | Laque spray volumatrice anti-humidit\u00e9<\/title>\n<meta name=\"description\" content=\"He.She Laque spray strong volumatrice anti-humidit\u00e9 permet de modeler rapidement la coiffure et de maintenir les cheveux \u00e9lastiques et volumineux plus longtemps. Elle apporte un \u00e9clat et une douceur naturels, sans alourdir, et s\u2019\u00e9limine facilement en quelques coups de brosse.\" \/>\n<meta name=\"robots\" content=\"index, follow, max-snippet:-1, max-image-preview:large, max-video-preview:-1\" \/>\n<link rel=\"canonical\" href=\"https:\/\/seipuntozero-haircare.it\/fr\/product\/he-she-laque-spray-volumatrice-anti-humidite\/\" \/>\n<meta property=\"og:locale\" content=\"fr_FR\" \/>\n<meta property=\"og:type\" content=\"article\" \/>\n<meta property=\"og:title\" content=\"HE.SHE | Laque spray volumatrice anti-humidit\u00e9\" \/>\n<meta property=\"og:description\" content=\"He.She Laque spray strong volumatrice anti-humidit\u00e9 permet de modeler rapidement la coiffure et de maintenir les cheveux \u00e9lastiques et volumineux plus longtemps. Elle apporte un \u00e9clat et une douceur naturels, sans alourdir, et s\u2019\u00e9limine facilement en quelques coups de brosse.\" \/>\n<meta property=\"og:url\" content=\"https:\/\/seipuntozero-haircare.it\/fr\/product\/he-she-laque-spray-volumatrice-anti-humidite\/\" \/>\n<meta property=\"og:site_name\" content=\"6.Zero\" \/>\n<meta property=\"article:modified_time\" content=\"2025-07-21T10:38:38+00:00\" \/>\n<meta property=\"og:image\" content=\"https:\/\/seipuntozero-haircare.it\/wp-content\/uploads\/2017\/03\/262427_sei_punto_zero_heshe_wet_gel_extra_strong_500ml.png\" \/>\n\t<meta property=\"og:image:width\" content=\"600\" \/>\n\t<meta property=\"og:image:height\" content=\"600\" \/>\n\t<meta property=\"og:image:type\" content=\"image\/png\" \/>\n<meta name=\"twitter:card\" content=\"summary_large_image\" \/>\n<meta name=\"twitter:label1\" content=\"Dur\u00e9e de lecture estim\u00e9e\" \/>\n\t<meta name=\"twitter:data1\" content=\"1 minute\" \/>\n<script type=\"application\/ld+json\" class=\"yoast-schema-graph\">{\"@context\":\"https:\/\/schema.org\",\"@graph\":[{\"@type\":\"WebPage\",\"@id\":\"https:\/\/seipuntozero-haircare.it\/fr\/product\/he-she-laque-spray-volumatrice-anti-humidite\/\",\"url\":\"https:\/\/seipuntozero-haircare.it\/fr\/product\/he-she-laque-spray-volumatrice-anti-humidite\/\",\"name\":\"HE.SHE | Laque spray volumatrice anti-humidit\u00e9\",\"isPartOf\":{\"@id\":\"https:\/\/seipuntozero-haircare.it\/fr\/#website\"},\"primaryImageOfPage\":{\"@id\":\"https:\/\/seipuntozero-haircare.it\/fr\/product\/he-she-laque-spray-volumatrice-anti-humidite\/#primaryimage\"},\"image\":{\"@id\":\"https:\/\/seipuntozero-haircare.it\/fr\/product\/he-she-laque-spray-volumatrice-anti-humidite\/#primaryimage\"},\"thumbnailUrl\":\"https:\/\/seipuntozero-haircare.it\/wp-content\/uploads\/2017\/03\/lacca-spray-500ml.png\",\"datePublished\":\"2017-03-15T16:01:06+00:00\",\"dateModified\":\"2025-07-21T10:38:38+00:00\",\"description\":\"He.She Laque spray strong volumatrice anti-humidit\u00e9 permet de modeler rapidement la coiffure et de maintenir les cheveux \u00e9lastiques et volumineux plus longtemps. Elle apporte un \u00e9clat et une douceur naturels, sans alourdir, et s\u2019\u00e9limine facilement en quelques coups de brosse.\",\"breadcrumb\":{\"@id\":\"https:\/\/seipuntozero-haircare.it\/fr\/product\/he-she-laque-spray-volumatrice-anti-humidite\/#breadcrumb\"},\"inLanguage\":\"fr-FR\",\"potentialAction\":[{\"@type\":\"ReadAction\",\"target\":[\"https:\/\/seipuntozero-haircare.it\/fr\/product\/he-she-laque-spray-volumatrice-anti-humidite\/\"]}]},{\"@type\":\"ImageObject\",\"inLanguage\":\"fr-FR\",\"@id\":\"https:\/\/seipuntozero-haircare.it\/fr\/product\/he-she-laque-spray-volumatrice-anti-humidite\/#primaryimage\",\"url\":\"https:\/\/seipuntozero-haircare.it\/wp-content\/uploads\/2017\/03\/lacca-spray-500ml.png\",\"contentUrl\":\"https:\/\/seipuntozero-haircare.it\/wp-content\/uploads\/2017\/03\/lacca-spray-500ml.png\",\"width\":600,\"height\":600},{\"@type\":\"BreadcrumbList\",\"@id\":\"https:\/\/seipuntozero-haircare.it\/fr\/product\/he-she-laque-spray-volumatrice-anti-humidite\/#breadcrumb\",\"itemListElement\":[{\"@type\":\"ListItem\",\"position\":1,\"name\":\"Home\",\"item\":\"https:\/\/seipuntozero-haircare.it\/fr\/\"},{\"@type\":\"ListItem\",\"position\":2,\"name\":\"Products\",\"item\":\"https:\/\/seipuntozero-haircare.it\/fr\/shop\/\"},{\"@type\":\"ListItem\",\"position\":3,\"name\":\"HE.SHE Laque spray volumatrice anti-humidit\u00e9\"}]},{\"@type\":\"WebSite\",\"@id\":\"https:\/\/seipuntozero-haircare.it\/fr\/#website\",\"url\":\"https:\/\/seipuntozero-haircare.it\/fr\/\",\"name\":\"6.Zero\",\"description\":\"Essential Touch\",\"potentialAction\":[{\"@type\":\"SearchAction\",\"target\":{\"@type\":\"EntryPoint\",\"urlTemplate\":\"https:\/\/seipuntozero-haircare.it\/fr\/?s={search_term_string}\"},\"query-input\":{\"@type\":\"PropertyValueSpecification\",\"valueRequired\":true,\"valueName\":\"search_term_string\"}}],\"inLanguage\":\"fr-FR\"}]}<\/script>\n<!-- \/ Yoast SEO plugin. -->","yoast_head_json":{"title":"HE.SHE | Laque spray volumatrice anti-humidit\u00e9","description":"He.She Laque spray strong volumatrice anti-humidit\u00e9 permet de modeler rapidement la coiffure et de maintenir les cheveux \u00e9lastiques et volumineux plus longtemps. Elle apporte un \u00e9clat et une douceur naturels, sans alourdir, et s\u2019\u00e9limine facilement en quelques coups de brosse.","robots":{"index":"index","follow":"follow","max-snippet":"max-snippet:-1","max-image-preview":"max-image-preview:large","max-video-preview":"max-video-preview:-1"},"canonical":"https:\/\/seipuntozero-haircare.it\/fr\/product\/he-she-laque-spray-volumatrice-anti-humidite\/","og_locale":"fr_FR","og_type":"article","og_title":"HE.SHE | Laque spray volumatrice anti-humidit\u00e9","og_description":"He.She Laque spray strong volumatrice anti-humidit\u00e9 permet de modeler rapidement la coiffure et de maintenir les cheveux \u00e9lastiques et volumineux plus longtemps. Elle apporte un \u00e9clat et une douceur naturels, sans alourdir, et s\u2019\u00e9limine facilement en quelques coups de brosse.","og_url":"https:\/\/seipuntozero-haircare.it\/fr\/product\/he-she-laque-spray-volumatrice-anti-humidite\/","og_site_name":"6.Zero","article_modified_time":"2025-07-21T10:38:38+00:00","og_image":[{"width":600,"height":600,"url":"https:\/\/seipuntozero-haircare.it\/wp-content\/uploads\/2017\/03\/262427_sei_punto_zero_heshe_wet_gel_extra_strong_500ml.png","type":"image\/png"}],"twitter_card":"summary_large_image","twitter_misc":{"Dur\u00e9e de lecture estim\u00e9e":"1 minute"},"schema":{"@context":"https:\/\/schema.org","@graph":[{"@type":"WebPage","@id":"https:\/\/seipuntozero-haircare.it\/fr\/product\/he-she-laque-spray-volumatrice-anti-humidite\/","url":"https:\/\/seipuntozero-haircare.it\/fr\/product\/he-she-laque-spray-volumatrice-anti-humidite\/","name":"HE.SHE | Laque spray volumatrice anti-humidit\u00e9","isPartOf":{"@id":"https:\/\/seipuntozero-haircare.it\/fr\/#website"},"primaryImageOfPage":{"@id":"https:\/\/seipuntozero-haircare.it\/fr\/product\/he-she-laque-spray-volumatrice-anti-humidite\/#primaryimage"},"image":{"@id":"https:\/\/seipuntozero-haircare.it\/fr\/product\/he-she-laque-spray-volumatrice-anti-humidite\/#primaryimage"},"thumbnailUrl":"https:\/\/seipuntozero-haircare.it\/wp-content\/uploads\/2017\/03\/lacca-spray-500ml.png","datePublished":"2017-03-15T16:01:06+00:00","dateModified":"2025-07-21T10:38:38+00:00","description":"He.She Laque spray strong volumatrice anti-humidit\u00e9 permet de modeler rapidement la coiffure et de maintenir les cheveux \u00e9lastiques et volumineux plus longtemps. Elle apporte un \u00e9clat et une douceur naturels, sans alourdir, et s\u2019\u00e9limine facilement en quelques coups de brosse.","breadcrumb":{"@id":"https:\/\/seipuntozero-haircare.it\/fr\/product\/he-she-laque-spray-volumatrice-anti-humidite\/#breadcrumb"},"inLanguage":"fr-FR","potentialAction":[{"@type":"ReadAction","target":["https:\/\/seipuntozero-haircare.it\/fr\/product\/he-she-laque-spray-volumatrice-anti-humidite\/"]}]},{"@type":"ImageObject","inLanguage":"fr-FR","@id":"https:\/\/seipuntozero-haircare.it\/fr\/product\/he-she-laque-spray-volumatrice-anti-humidite\/#primaryimage","url":"https:\/\/seipuntozero-haircare.it\/wp-content\/uploads\/2017\/03\/lacca-spray-500ml.png","contentUrl":"https:\/\/seipuntozero-haircare.it\/wp-content\/uploads\/2017\/03\/lacca-spray-500ml.png","width":600,"height":600},{"@type":"BreadcrumbList","@id":"https:\/\/seipuntozero-haircare.it\/fr\/product\/he-she-laque-spray-volumatrice-anti-humidite\/#breadcrumb","itemListElement":[{"@type":"ListItem","position":1,"name":"Home","item":"https:\/\/seipuntozero-haircare.it\/fr\/"},{"@type":"ListItem","position":2,"name":"Products","item":"https:\/\/seipuntozero-haircare.it\/fr\/shop\/"},{"@type":"ListItem","position":3,"name":"HE.SHE Laque spray volumatrice anti-humidit\u00e9"}]},{"@type":"WebSite","@id":"https:\/\/seipuntozero-haircare.it\/fr\/#website","url":"https:\/\/seipuntozero-haircare.it\/fr\/","name":"6.Zero","description":"Essential Touch","potentialAction":[{"@type":"SearchAction","target":{"@type":"EntryPoint","urlTemplate":"https:\/\/seipuntozero-haircare.it\/fr\/?s={search_term_string}"},"query-input":{"@type":"PropertyValueSpecification","valueRequired":true,"valueName":"search_term_string"}}],"inLanguage":"fr-FR"}]}},"_links":{"self":[{"href":"https:\/\/seipuntozero-haircare.it\/fr\/wp-json\/wp\/v2\/product\/15179","targetHints":{"allow":["GET"]}}],"collection":[{"href":"https:\/\/seipuntozero-haircare.it\/fr\/wp-json\/wp\/v2\/product"}],"about":[{"href":"https:\/\/seipuntozero-haircare.it\/fr\/wp-json\/wp\/v2\/types\/product"}],"wp:featuredmedia":[{"embeddable":true,"href":"https:\/\/seipuntozero-haircare.it\/fr\/wp-json\/wp\/v2\/media\/24322"}],"wp:attachment":[{"href":"https:\/\/seipuntozero-haircare.it\/fr\/wp-json\/wp\/v2\/media?parent=15179"}],"wp:term":[{"taxonomy":"product_brand","embeddable":true,"href":"https:\/\/seipuntozero-haircare.it\/fr\/wp-json\/wp\/v2\/product_brand?post=15179"},{"taxonomy":"product_cat","embeddable":true,"href":"https:\/\/seipuntozero-haircare.it\/fr\/wp-json\/wp\/v2\/product_cat?post=15179"},{"taxonomy":"product_tag","embeddable":true,"href":"https:\/\/seipuntozero-haircare.it\/fr\/wp-json\/wp\/v2\/product_tag?post=15179"}],"curies":[{"name":"wp","href":"https:\/\/api.w.org\/{rel}","templated":true}]}}