{"id":15177,"date":"2017-03-15T17:02:51","date_gmt":"2017-03-15T16:02:51","guid":{"rendered":"https:\/\/seipuntozero-haircare.it\/prodotto\/he-she-spray-directionnel-fixation-forte\/"},"modified":"2021-06-09T10:47:52","modified_gmt":"2021-06-09T08:47:52","slug":"he-she-spray-directionnel-fixation-forte","status":"publish","type":"product","link":"https:\/\/seipuntozero-haircare.it\/fr\/product\/he-she-spray-directionnel-fixation-forte\/","title":{"rendered":"HE.SHE <br> Spray directionnel fixation forte"},"content":{"rendered":"<ul>\n<li>Mod\u00e8le la chevelure en offrant <strong>d\u00e9finition et forme<\/strong><\/li>\n<li><strong>Prot\u00e8ge les cheveux<\/strong> des agents ext\u00e9rieurs<\/li>\n<li><strong>Fixation durable<\/strong> du pli<\/li>\n<\/ul>\n","protected":false},"excerpt":{"rendered":"<p><strong>He.She Spray directionnel \u00e0 fixation forte<\/strong> sans gaz. Id\u00e9al pour des coiffures structur\u00e9es, il permet de modeler la chevelure \u00e0 loisir en apportant <strong>d\u00e9finition et forme<\/strong>. Prot\u00e8ge les cheveux des <strong>agents atmosph\u00e9riques<\/strong> et peut \u00eatre \u00e9limin\u00e9 facilement en quelques coups de brosse. La vaporisation du spray directionnel sur la chevelure agence les cheveux de fa\u00e7on <strong>flexible<\/strong>, en garantissant une fixation<strong> prolong\u00e9e<\/strong>, pour une coiffure vibrante et \u00e9nergique.<\/p>\n<p>Bouteille 400 ml<\/p>\n","protected":false},"featured_media":24330,"template":"","meta":[],"product_brand":[],"product_cat":[607],"product_tag":[],"class_list":["post-15177","product","type-product","status-publish","has-post-thumbnail","hentry","product_cat-styling-fr"],"yoast_head":"<!-- This site is optimized with the Yoast SEO plugin v27.1.1 - https:\/\/yoast.com\/product\/yoast-seo-wordpress\/ -->\n<title>HE.SHE  Spray directionnel fixation forte - 6.Zero<\/title>\n<meta name=\"description\" content=\"He.She Spray directionnel \u00e0 fixation forte sans gaz. Id\u00e9al pour des coiffures structur\u00e9es, il permet de modeler la chevelure \u00e0 loisir en apportant d\u00e9finition et forme.\" \/>\n<meta name=\"robots\" content=\"index, follow, max-snippet:-1, max-image-preview:large, max-video-preview:-1\" \/>\n<link rel=\"canonical\" href=\"https:\/\/seipuntozero-haircare.it\/fr\/product\/he-she-spray-directionnel-fixation-forte\/\" \/>\n<meta property=\"og:locale\" content=\"fr_FR\" \/>\n<meta property=\"og:type\" content=\"article\" \/>\n<meta property=\"og:title\" content=\"HE.SHE  Spray directionnel fixation forte - 6.Zero\" \/>\n<meta property=\"og:description\" content=\"He.She Spray directionnel \u00e0 fixation forte sans gaz. Id\u00e9al pour des coiffures structur\u00e9es, il permet de modeler la chevelure \u00e0 loisir en apportant d\u00e9finition et forme.\" \/>\n<meta property=\"og:url\" content=\"https:\/\/seipuntozero-haircare.it\/fr\/product\/he-she-spray-directionnel-fixation-forte\/\" \/>\n<meta property=\"og:site_name\" content=\"6.Zero\" \/>\n<meta property=\"article:modified_time\" content=\"2021-06-09T08:47:52+00:00\" \/>\n<meta property=\"og:image\" content=\"https:\/\/seipuntozero-haircare.it\/wp-content\/uploads\/2017\/03\/262434_sei_punto_zero_finish_styling_heshe_spray_direzionale_no_gas_400ml.png\" \/>\n\t<meta property=\"og:image:width\" content=\"600\" \/>\n\t<meta property=\"og:image:height\" content=\"600\" \/>\n\t<meta property=\"og:image:type\" content=\"image\/png\" \/>\n<meta name=\"twitter:card\" content=\"summary_large_image\" \/>\n<meta name=\"twitter:label1\" content=\"Dur\u00e9e de lecture estim\u00e9e\" \/>\n\t<meta name=\"twitter:data1\" content=\"1 minute\" \/>\n<script type=\"application\/ld+json\" class=\"yoast-schema-graph\">{\"@context\":\"https:\/\/schema.org\",\"@graph\":[{\"@type\":\"WebPage\",\"@id\":\"https:\/\/seipuntozero-haircare.it\/fr\/product\/he-she-spray-directionnel-fixation-forte\/\",\"url\":\"https:\/\/seipuntozero-haircare.it\/fr\/product\/he-she-spray-directionnel-fixation-forte\/\",\"name\":\"HE.SHE Spray directionnel fixation forte - 6.Zero\",\"isPartOf\":{\"@id\":\"https:\/\/seipuntozero-haircare.it\/fr\/#website\"},\"primaryImageOfPage\":{\"@id\":\"https:\/\/seipuntozero-haircare.it\/fr\/product\/he-she-spray-directionnel-fixation-forte\/#primaryimage\"},\"image\":{\"@id\":\"https:\/\/seipuntozero-haircare.it\/fr\/product\/he-she-spray-directionnel-fixation-forte\/#primaryimage\"},\"thumbnailUrl\":\"https:\/\/seipuntozero-haircare.it\/wp-content\/uploads\/2017\/03\/spray-direzionale-400-ml.png\",\"datePublished\":\"2017-03-15T16:02:51+00:00\",\"dateModified\":\"2021-06-09T08:47:52+00:00\",\"description\":\"He.She Spray directionnel \u00e0 fixation forte sans gaz. Id\u00e9al pour des coiffures structur\u00e9es, il permet de modeler la chevelure \u00e0 loisir en apportant d\u00e9finition et forme.\",\"breadcrumb\":{\"@id\":\"https:\/\/seipuntozero-haircare.it\/fr\/product\/he-she-spray-directionnel-fixation-forte\/#breadcrumb\"},\"inLanguage\":\"fr-FR\",\"potentialAction\":[{\"@type\":\"ReadAction\",\"target\":[\"https:\/\/seipuntozero-haircare.it\/fr\/product\/he-she-spray-directionnel-fixation-forte\/\"]}]},{\"@type\":\"ImageObject\",\"inLanguage\":\"fr-FR\",\"@id\":\"https:\/\/seipuntozero-haircare.it\/fr\/product\/he-she-spray-directionnel-fixation-forte\/#primaryimage\",\"url\":\"https:\/\/seipuntozero-haircare.it\/wp-content\/uploads\/2017\/03\/spray-direzionale-400-ml.png\",\"contentUrl\":\"https:\/\/seipuntozero-haircare.it\/wp-content\/uploads\/2017\/03\/spray-direzionale-400-ml.png\",\"width\":600,\"height\":600},{\"@type\":\"BreadcrumbList\",\"@id\":\"https:\/\/seipuntozero-haircare.it\/fr\/product\/he-she-spray-directionnel-fixation-forte\/#breadcrumb\",\"itemListElement\":[{\"@type\":\"ListItem\",\"position\":1,\"name\":\"Home\",\"item\":\"https:\/\/seipuntozero-haircare.it\/fr\/\"},{\"@type\":\"ListItem\",\"position\":2,\"name\":\"Products\",\"item\":\"https:\/\/seipuntozero-haircare.it\/fr\/shop\/\"},{\"@type\":\"ListItem\",\"position\":3,\"name\":\"HE.SHE Spray directionnel fixation forte\"}]},{\"@type\":\"WebSite\",\"@id\":\"https:\/\/seipuntozero-haircare.it\/fr\/#website\",\"url\":\"https:\/\/seipuntozero-haircare.it\/fr\/\",\"name\":\"6.Zero\",\"description\":\"Essential Touch\",\"potentialAction\":[{\"@type\":\"SearchAction\",\"target\":{\"@type\":\"EntryPoint\",\"urlTemplate\":\"https:\/\/seipuntozero-haircare.it\/fr\/?s={search_term_string}\"},\"query-input\":{\"@type\":\"PropertyValueSpecification\",\"valueRequired\":true,\"valueName\":\"search_term_string\"}}],\"inLanguage\":\"fr-FR\"}]}<\/script>\n<!-- \/ Yoast SEO plugin. -->","yoast_head_json":{"title":"HE.SHE  Spray directionnel fixation forte - 6.Zero","description":"He.She Spray directionnel \u00e0 fixation forte sans gaz. Id\u00e9al pour des coiffures structur\u00e9es, il permet de modeler la chevelure \u00e0 loisir en apportant d\u00e9finition et forme.","robots":{"index":"index","follow":"follow","max-snippet":"max-snippet:-1","max-image-preview":"max-image-preview:large","max-video-preview":"max-video-preview:-1"},"canonical":"https:\/\/seipuntozero-haircare.it\/fr\/product\/he-she-spray-directionnel-fixation-forte\/","og_locale":"fr_FR","og_type":"article","og_title":"HE.SHE  Spray directionnel fixation forte - 6.Zero","og_description":"He.She Spray directionnel \u00e0 fixation forte sans gaz. Id\u00e9al pour des coiffures structur\u00e9es, il permet de modeler la chevelure \u00e0 loisir en apportant d\u00e9finition et forme.","og_url":"https:\/\/seipuntozero-haircare.it\/fr\/product\/he-she-spray-directionnel-fixation-forte\/","og_site_name":"6.Zero","article_modified_time":"2021-06-09T08:47:52+00:00","og_image":[{"width":600,"height":600,"url":"https:\/\/seipuntozero-haircare.it\/wp-content\/uploads\/2017\/03\/262434_sei_punto_zero_finish_styling_heshe_spray_direzionale_no_gas_400ml.png","type":"image\/png"}],"twitter_card":"summary_large_image","twitter_misc":{"Dur\u00e9e de lecture estim\u00e9e":"1 minute"},"schema":{"@context":"https:\/\/schema.org","@graph":[{"@type":"WebPage","@id":"https:\/\/seipuntozero-haircare.it\/fr\/product\/he-she-spray-directionnel-fixation-forte\/","url":"https:\/\/seipuntozero-haircare.it\/fr\/product\/he-she-spray-directionnel-fixation-forte\/","name":"HE.SHE Spray directionnel fixation forte - 6.Zero","isPartOf":{"@id":"https:\/\/seipuntozero-haircare.it\/fr\/#website"},"primaryImageOfPage":{"@id":"https:\/\/seipuntozero-haircare.it\/fr\/product\/he-she-spray-directionnel-fixation-forte\/#primaryimage"},"image":{"@id":"https:\/\/seipuntozero-haircare.it\/fr\/product\/he-she-spray-directionnel-fixation-forte\/#primaryimage"},"thumbnailUrl":"https:\/\/seipuntozero-haircare.it\/wp-content\/uploads\/2017\/03\/spray-direzionale-400-ml.png","datePublished":"2017-03-15T16:02:51+00:00","dateModified":"2021-06-09T08:47:52+00:00","description":"He.She Spray directionnel \u00e0 fixation forte sans gaz. Id\u00e9al pour des coiffures structur\u00e9es, il permet de modeler la chevelure \u00e0 loisir en apportant d\u00e9finition et forme.","breadcrumb":{"@id":"https:\/\/seipuntozero-haircare.it\/fr\/product\/he-she-spray-directionnel-fixation-forte\/#breadcrumb"},"inLanguage":"fr-FR","potentialAction":[{"@type":"ReadAction","target":["https:\/\/seipuntozero-haircare.it\/fr\/product\/he-she-spray-directionnel-fixation-forte\/"]}]},{"@type":"ImageObject","inLanguage":"fr-FR","@id":"https:\/\/seipuntozero-haircare.it\/fr\/product\/he-she-spray-directionnel-fixation-forte\/#primaryimage","url":"https:\/\/seipuntozero-haircare.it\/wp-content\/uploads\/2017\/03\/spray-direzionale-400-ml.png","contentUrl":"https:\/\/seipuntozero-haircare.it\/wp-content\/uploads\/2017\/03\/spray-direzionale-400-ml.png","width":600,"height":600},{"@type":"BreadcrumbList","@id":"https:\/\/seipuntozero-haircare.it\/fr\/product\/he-she-spray-directionnel-fixation-forte\/#breadcrumb","itemListElement":[{"@type":"ListItem","position":1,"name":"Home","item":"https:\/\/seipuntozero-haircare.it\/fr\/"},{"@type":"ListItem","position":2,"name":"Products","item":"https:\/\/seipuntozero-haircare.it\/fr\/shop\/"},{"@type":"ListItem","position":3,"name":"HE.SHE Spray directionnel fixation forte"}]},{"@type":"WebSite","@id":"https:\/\/seipuntozero-haircare.it\/fr\/#website","url":"https:\/\/seipuntozero-haircare.it\/fr\/","name":"6.Zero","description":"Essential Touch","potentialAction":[{"@type":"SearchAction","target":{"@type":"EntryPoint","urlTemplate":"https:\/\/seipuntozero-haircare.it\/fr\/?s={search_term_string}"},"query-input":{"@type":"PropertyValueSpecification","valueRequired":true,"valueName":"search_term_string"}}],"inLanguage":"fr-FR"}]}},"_links":{"self":[{"href":"https:\/\/seipuntozero-haircare.it\/fr\/wp-json\/wp\/v2\/product\/15177","targetHints":{"allow":["GET"]}}],"collection":[{"href":"https:\/\/seipuntozero-haircare.it\/fr\/wp-json\/wp\/v2\/product"}],"about":[{"href":"https:\/\/seipuntozero-haircare.it\/fr\/wp-json\/wp\/v2\/types\/product"}],"wp:featuredmedia":[{"embeddable":true,"href":"https:\/\/seipuntozero-haircare.it\/fr\/wp-json\/wp\/v2\/media\/24330"}],"wp:attachment":[{"href":"https:\/\/seipuntozero-haircare.it\/fr\/wp-json\/wp\/v2\/media?parent=15177"}],"wp:term":[{"taxonomy":"product_brand","embeddable":true,"href":"https:\/\/seipuntozero-haircare.it\/fr\/wp-json\/wp\/v2\/product_brand?post=15177"},{"taxonomy":"product_cat","embeddable":true,"href":"https:\/\/seipuntozero-haircare.it\/fr\/wp-json\/wp\/v2\/product_cat?post=15177"},{"taxonomy":"product_tag","embeddable":true,"href":"https:\/\/seipuntozero-haircare.it\/fr\/wp-json\/wp\/v2\/product_tag?post=15177"}],"curies":[{"name":"wp","href":"https:\/\/api.w.org\/{rel}","templated":true}]}}