{"id":15171,"date":"2017-03-15T17:07:50","date_gmt":"2017-03-15T16:07:50","guid":{"rendered":"https:\/\/seipuntozero-haircare.it\/prodotto\/he-she-spray-gloss-effet-lumiere-anti-frisottis\/"},"modified":"2021-06-09T10:44:13","modified_gmt":"2021-06-09T08:44:13","slug":"he-she-spray-gloss-effet-lumiere-anti-frisottis","status":"publish","type":"product","link":"https:\/\/seipuntozero-haircare.it\/fr\/product\/he-she-spray-gloss-effet-lumiere-anti-frisottis\/","title":{"rendered":"HE.SHE <br> Spray Gloss effet lumi\u00e8re anti-frisottis"},"content":{"rendered":"<ul>\n<li>R\u00e9duit l\u2019<strong>effet cr\u00e9pu <\/strong>sur la chevelure<\/li>\n<li>Offre une <strong>finition luisante<\/strong> et illumine la coiffure<\/li>\n<li><strong>Prot\u00e8ge les cheveux<\/strong> de l\u2019humidit\u00e9<\/li>\n<\/ul>\n","protected":false},"excerpt":{"rendered":"<p><strong>He.She Spray Gloss effet lumi\u00e8re<\/strong>, gr\u00e2ce \u00e0 sa <strong>formule <\/strong>sp\u00e9ciale <strong>anti-frisottis<\/strong>, prot\u00e8ge les cheveux de l\u2019humidit\u00e9 et apporte une <strong>finition extra luisante<\/strong>, en exaltant et en <strong>sublimant la beaut\u00e9<\/strong> de la chevelure. Les cheveux sont alors doux et extraordinairement <strong>brillants.<\/strong> Sans alourdir ni graisser la chevelure, le spray peut vanter de remarquables <strong>propri\u00e9t\u00e9s \u00e9clairantes et protectrices<\/strong> face aux agents ext\u00e9rieurs, pour un effet anti-frizz qui <strong>emp\u00eache l\u2019humidit\u00e9<\/strong> de faire gonfler et cr\u00eaper la cuticule.<\/p>\n<p>Bouteille 300 ml<\/p>\n","protected":false},"featured_media":18481,"template":"","meta":[],"product_brand":[],"product_cat":[607],"product_tag":[],"class_list":["post-15171","product","type-product","status-publish","has-post-thumbnail","hentry","product_cat-styling-fr"],"yoast_head":"<!-- This site is optimized with the Yoast SEO plugin v27.1.1 - https:\/\/yoast.com\/product\/yoast-seo-wordpress\/ -->\n<title>HE.SHE  Spray Gloss effet lumi\u00e8re anti-frisottis - 6.Zero<\/title>\n<meta name=\"description\" content=\"He.She Spray Gloss effet lumi\u00e8re, gr\u00e2ce \u00e0 sa formule sp\u00e9ciale anti-frisottis, prot\u00e8ge les cheveux de l\u2019humidit\u00e9 et apporte une finition extra luisante, en exaltant et en sublimant la beaut\u00e9 de la chevelure.\" \/>\n<meta name=\"robots\" content=\"index, follow, max-snippet:-1, max-image-preview:large, max-video-preview:-1\" \/>\n<link rel=\"canonical\" href=\"https:\/\/seipuntozero-haircare.it\/fr\/product\/he-she-spray-gloss-effet-lumiere-anti-frisottis\/\" \/>\n<meta property=\"og:locale\" content=\"fr_FR\" \/>\n<meta property=\"og:type\" content=\"article\" \/>\n<meta property=\"og:title\" content=\"HE.SHE  Spray Gloss effet lumi\u00e8re anti-frisottis - 6.Zero\" \/>\n<meta property=\"og:description\" content=\"He.She Spray Gloss effet lumi\u00e8re, gr\u00e2ce \u00e0 sa formule sp\u00e9ciale anti-frisottis, prot\u00e8ge les cheveux de l\u2019humidit\u00e9 et apporte une finition extra luisante, en exaltant et en sublimant la beaut\u00e9 de la chevelure.\" \/>\n<meta property=\"og:url\" content=\"https:\/\/seipuntozero-haircare.it\/fr\/product\/he-she-spray-gloss-effet-lumiere-anti-frisottis\/\" \/>\n<meta property=\"og:site_name\" content=\"6.Zero\" \/>\n<meta property=\"article:modified_time\" content=\"2021-06-09T08:44:13+00:00\" \/>\n<meta property=\"og:image\" content=\"https:\/\/seipuntozero-haircare.it\/wp-content\/uploads\/2017\/03\/262465_sei_punto_zero_heshe_spray_gloss_shining_300ml.png\" \/>\n\t<meta property=\"og:image:width\" content=\"600\" \/>\n\t<meta property=\"og:image:height\" content=\"600\" \/>\n\t<meta property=\"og:image:type\" content=\"image\/png\" \/>\n<meta name=\"twitter:card\" content=\"summary_large_image\" \/>\n<meta name=\"twitter:label1\" content=\"Dur\u00e9e de lecture estim\u00e9e\" \/>\n\t<meta name=\"twitter:data1\" content=\"1 minute\" \/>\n<script type=\"application\/ld+json\" class=\"yoast-schema-graph\">{\"@context\":\"https:\/\/schema.org\",\"@graph\":[{\"@type\":\"WebPage\",\"@id\":\"https:\/\/seipuntozero-haircare.it\/fr\/product\/he-she-spray-gloss-effet-lumiere-anti-frisottis\/\",\"url\":\"https:\/\/seipuntozero-haircare.it\/fr\/product\/he-she-spray-gloss-effet-lumiere-anti-frisottis\/\",\"name\":\"HE.SHE Spray Gloss effet lumi\u00e8re anti-frisottis - 6.Zero\",\"isPartOf\":{\"@id\":\"https:\/\/seipuntozero-haircare.it\/fr\/#website\"},\"primaryImageOfPage\":{\"@id\":\"https:\/\/seipuntozero-haircare.it\/fr\/product\/he-she-spray-gloss-effet-lumiere-anti-frisottis\/#primaryimage\"},\"image\":{\"@id\":\"https:\/\/seipuntozero-haircare.it\/fr\/product\/he-she-spray-gloss-effet-lumiere-anti-frisottis\/#primaryimage\"},\"thumbnailUrl\":\"https:\/\/seipuntozero-haircare.it\/wp-content\/uploads\/2017\/03\/262465_sei_punto_zero_heshe_spray_gloss_shining_300ml.png\",\"datePublished\":\"2017-03-15T16:07:50+00:00\",\"dateModified\":\"2021-06-09T08:44:13+00:00\",\"description\":\"He.She Spray Gloss effet lumi\u00e8re, gr\u00e2ce \u00e0 sa formule sp\u00e9ciale anti-frisottis, prot\u00e8ge les cheveux de l\u2019humidit\u00e9 et apporte une finition extra luisante, en exaltant et en sublimant la beaut\u00e9 de la chevelure.\",\"breadcrumb\":{\"@id\":\"https:\/\/seipuntozero-haircare.it\/fr\/product\/he-she-spray-gloss-effet-lumiere-anti-frisottis\/#breadcrumb\"},\"inLanguage\":\"fr-FR\",\"potentialAction\":[{\"@type\":\"ReadAction\",\"target\":[\"https:\/\/seipuntozero-haircare.it\/fr\/product\/he-she-spray-gloss-effet-lumiere-anti-frisottis\/\"]}]},{\"@type\":\"ImageObject\",\"inLanguage\":\"fr-FR\",\"@id\":\"https:\/\/seipuntozero-haircare.it\/fr\/product\/he-she-spray-gloss-effet-lumiere-anti-frisottis\/#primaryimage\",\"url\":\"https:\/\/seipuntozero-haircare.it\/wp-content\/uploads\/2017\/03\/262465_sei_punto_zero_heshe_spray_gloss_shining_300ml.png\",\"contentUrl\":\"https:\/\/seipuntozero-haircare.it\/wp-content\/uploads\/2017\/03\/262465_sei_punto_zero_heshe_spray_gloss_shining_300ml.png\",\"width\":600,\"height\":600,\"caption\":\"He.She - Spray Gloss\"},{\"@type\":\"BreadcrumbList\",\"@id\":\"https:\/\/seipuntozero-haircare.it\/fr\/product\/he-she-spray-gloss-effet-lumiere-anti-frisottis\/#breadcrumb\",\"itemListElement\":[{\"@type\":\"ListItem\",\"position\":1,\"name\":\"Home\",\"item\":\"https:\/\/seipuntozero-haircare.it\/fr\/\"},{\"@type\":\"ListItem\",\"position\":2,\"name\":\"Products\",\"item\":\"https:\/\/seipuntozero-haircare.it\/fr\/shop\/\"},{\"@type\":\"ListItem\",\"position\":3,\"name\":\"HE.SHE Spray Gloss effet lumi\u00e8re anti-frisottis\"}]},{\"@type\":\"WebSite\",\"@id\":\"https:\/\/seipuntozero-haircare.it\/fr\/#website\",\"url\":\"https:\/\/seipuntozero-haircare.it\/fr\/\",\"name\":\"6.Zero\",\"description\":\"Essential Touch\",\"potentialAction\":[{\"@type\":\"SearchAction\",\"target\":{\"@type\":\"EntryPoint\",\"urlTemplate\":\"https:\/\/seipuntozero-haircare.it\/fr\/?s={search_term_string}\"},\"query-input\":{\"@type\":\"PropertyValueSpecification\",\"valueRequired\":true,\"valueName\":\"search_term_string\"}}],\"inLanguage\":\"fr-FR\"}]}<\/script>\n<!-- \/ Yoast SEO plugin. -->","yoast_head_json":{"title":"HE.SHE  Spray Gloss effet lumi\u00e8re anti-frisottis - 6.Zero","description":"He.She Spray Gloss effet lumi\u00e8re, gr\u00e2ce \u00e0 sa formule sp\u00e9ciale anti-frisottis, prot\u00e8ge les cheveux de l\u2019humidit\u00e9 et apporte une finition extra luisante, en exaltant et en sublimant la beaut\u00e9 de la chevelure.","robots":{"index":"index","follow":"follow","max-snippet":"max-snippet:-1","max-image-preview":"max-image-preview:large","max-video-preview":"max-video-preview:-1"},"canonical":"https:\/\/seipuntozero-haircare.it\/fr\/product\/he-she-spray-gloss-effet-lumiere-anti-frisottis\/","og_locale":"fr_FR","og_type":"article","og_title":"HE.SHE  Spray Gloss effet lumi\u00e8re anti-frisottis - 6.Zero","og_description":"He.She Spray Gloss effet lumi\u00e8re, gr\u00e2ce \u00e0 sa formule sp\u00e9ciale anti-frisottis, prot\u00e8ge les cheveux de l\u2019humidit\u00e9 et apporte une finition extra luisante, en exaltant et en sublimant la beaut\u00e9 de la chevelure.","og_url":"https:\/\/seipuntozero-haircare.it\/fr\/product\/he-she-spray-gloss-effet-lumiere-anti-frisottis\/","og_site_name":"6.Zero","article_modified_time":"2021-06-09T08:44:13+00:00","og_image":[{"width":600,"height":600,"url":"https:\/\/seipuntozero-haircare.it\/wp-content\/uploads\/2017\/03\/262465_sei_punto_zero_heshe_spray_gloss_shining_300ml.png","type":"image\/png"}],"twitter_card":"summary_large_image","twitter_misc":{"Dur\u00e9e de lecture estim\u00e9e":"1 minute"},"schema":{"@context":"https:\/\/schema.org","@graph":[{"@type":"WebPage","@id":"https:\/\/seipuntozero-haircare.it\/fr\/product\/he-she-spray-gloss-effet-lumiere-anti-frisottis\/","url":"https:\/\/seipuntozero-haircare.it\/fr\/product\/he-she-spray-gloss-effet-lumiere-anti-frisottis\/","name":"HE.SHE Spray Gloss effet lumi\u00e8re anti-frisottis - 6.Zero","isPartOf":{"@id":"https:\/\/seipuntozero-haircare.it\/fr\/#website"},"primaryImageOfPage":{"@id":"https:\/\/seipuntozero-haircare.it\/fr\/product\/he-she-spray-gloss-effet-lumiere-anti-frisottis\/#primaryimage"},"image":{"@id":"https:\/\/seipuntozero-haircare.it\/fr\/product\/he-she-spray-gloss-effet-lumiere-anti-frisottis\/#primaryimage"},"thumbnailUrl":"https:\/\/seipuntozero-haircare.it\/wp-content\/uploads\/2017\/03\/262465_sei_punto_zero_heshe_spray_gloss_shining_300ml.png","datePublished":"2017-03-15T16:07:50+00:00","dateModified":"2021-06-09T08:44:13+00:00","description":"He.She Spray Gloss effet lumi\u00e8re, gr\u00e2ce \u00e0 sa formule sp\u00e9ciale anti-frisottis, prot\u00e8ge les cheveux de l\u2019humidit\u00e9 et apporte une finition extra luisante, en exaltant et en sublimant la beaut\u00e9 de la chevelure.","breadcrumb":{"@id":"https:\/\/seipuntozero-haircare.it\/fr\/product\/he-she-spray-gloss-effet-lumiere-anti-frisottis\/#breadcrumb"},"inLanguage":"fr-FR","potentialAction":[{"@type":"ReadAction","target":["https:\/\/seipuntozero-haircare.it\/fr\/product\/he-she-spray-gloss-effet-lumiere-anti-frisottis\/"]}]},{"@type":"ImageObject","inLanguage":"fr-FR","@id":"https:\/\/seipuntozero-haircare.it\/fr\/product\/he-she-spray-gloss-effet-lumiere-anti-frisottis\/#primaryimage","url":"https:\/\/seipuntozero-haircare.it\/wp-content\/uploads\/2017\/03\/262465_sei_punto_zero_heshe_spray_gloss_shining_300ml.png","contentUrl":"https:\/\/seipuntozero-haircare.it\/wp-content\/uploads\/2017\/03\/262465_sei_punto_zero_heshe_spray_gloss_shining_300ml.png","width":600,"height":600,"caption":"He.She - Spray Gloss"},{"@type":"BreadcrumbList","@id":"https:\/\/seipuntozero-haircare.it\/fr\/product\/he-she-spray-gloss-effet-lumiere-anti-frisottis\/#breadcrumb","itemListElement":[{"@type":"ListItem","position":1,"name":"Home","item":"https:\/\/seipuntozero-haircare.it\/fr\/"},{"@type":"ListItem","position":2,"name":"Products","item":"https:\/\/seipuntozero-haircare.it\/fr\/shop\/"},{"@type":"ListItem","position":3,"name":"HE.SHE Spray Gloss effet lumi\u00e8re anti-frisottis"}]},{"@type":"WebSite","@id":"https:\/\/seipuntozero-haircare.it\/fr\/#website","url":"https:\/\/seipuntozero-haircare.it\/fr\/","name":"6.Zero","description":"Essential Touch","potentialAction":[{"@type":"SearchAction","target":{"@type":"EntryPoint","urlTemplate":"https:\/\/seipuntozero-haircare.it\/fr\/?s={search_term_string}"},"query-input":{"@type":"PropertyValueSpecification","valueRequired":true,"valueName":"search_term_string"}}],"inLanguage":"fr-FR"}]}},"_links":{"self":[{"href":"https:\/\/seipuntozero-haircare.it\/fr\/wp-json\/wp\/v2\/product\/15171","targetHints":{"allow":["GET"]}}],"collection":[{"href":"https:\/\/seipuntozero-haircare.it\/fr\/wp-json\/wp\/v2\/product"}],"about":[{"href":"https:\/\/seipuntozero-haircare.it\/fr\/wp-json\/wp\/v2\/types\/product"}],"wp:featuredmedia":[{"embeddable":true,"href":"https:\/\/seipuntozero-haircare.it\/fr\/wp-json\/wp\/v2\/media\/18481"}],"wp:attachment":[{"href":"https:\/\/seipuntozero-haircare.it\/fr\/wp-json\/wp\/v2\/media?parent=15171"}],"wp:term":[{"taxonomy":"product_brand","embeddable":true,"href":"https:\/\/seipuntozero-haircare.it\/fr\/wp-json\/wp\/v2\/product_brand?post=15171"},{"taxonomy":"product_cat","embeddable":true,"href":"https:\/\/seipuntozero-haircare.it\/fr\/wp-json\/wp\/v2\/product_cat?post=15171"},{"taxonomy":"product_tag","embeddable":true,"href":"https:\/\/seipuntozero-haircare.it\/fr\/wp-json\/wp\/v2\/product_tag?post=15171"}],"curies":[{"name":"wp","href":"https:\/\/api.w.org\/{rel}","templated":true}]}}