{"id":15165,"date":"2017-09-28T10:28:06","date_gmt":"2017-09-28T08:28:06","guid":{"rendered":"https:\/\/seipuntozero-haircare.it\/prodotto\/take-over-active-sheer-shampooing-bivalent-peaux-grasses-avec-pellicules-et-longueurs-seches\/"},"modified":"2021-09-29T10:10:03","modified_gmt":"2021-09-29T08:10:03","slug":"take-over-active-sheer-shampooing-bivalent-peaux-grasses-avec-pellicules-et-longueurs-seches","status":"publish","type":"product","link":"https:\/\/seipuntozero-haircare.it\/fr\/product\/take-over-active-sheer-shampooing-bivalent-peaux-grasses-avec-pellicules-et-longueurs-seches\/","title":{"rendered":"TAKE OVER \u2013 ACTIVE SHEER <br> Shampooing bivalent peaux grasses, avec pellicules et longueurs s\u00e8ches"},"content":{"rendered":"<ul>\n<li><strong>Nettoie et purifie<\/strong> la peau grasse, avec pellicules et longueurs s\u00e8ches<\/li>\n<li>Limite la formation de <strong>pellicules et l\u2019exc\u00e8s de s\u00e9bum<\/strong><\/li>\n<\/ul>\n","protected":false},"excerpt":{"rendered":"<p><strong>Shampooing bivalent<\/strong> pour <strong>peaux grasse avec pellicules<\/strong> et <strong>longueurs s\u00e8ches<\/strong> \u00e0 action nettoyante d\u00e9licate. Il purifie le cuir chevelu gr\u00e2ce \u00e0 la <strong>Piroctone Olamine<\/strong> et \u00e0 l\u2019<strong>Acide Salicylique,<\/strong> qui contribuent \u00e0 diminuer la formation des pellicules et \u00e0 r\u00e9duire l\u2019exc\u00e8s de s\u00e9bum, en rendant \u00e9quilibre et fra\u00eecheur \u00e0 la chevelure. L\u2019<strong>extrait de Romarin <\/strong>favorise un nettoyage profond du cheveu, en exer\u00e7ant une action antioxydante intense.<\/p>\n<p>Flacon 300 ml<\/p>\n","protected":false},"featured_media":19807,"template":"","meta":[],"product_brand":[],"product_cat":[606],"product_tag":[],"class_list":["post-15165","product","type-product","status-publish","has-post-thumbnail","hentry","product_cat-take-over-active-sheer-fr"],"yoast_head":"<!-- This site is optimized with the Yoast SEO plugin v27.1.1 - https:\/\/yoast.com\/product\/yoast-seo-wordpress\/ -->\n<title>Shampooing bivalent peaux grasses, avec pellicules et longueurs s\u00e8ches<\/title>\n<meta name=\"description\" content=\"Shampooing bivalent pour peaux grasse avec pellicules et longueurs s\u00e8ches \u00e0 action nettoyante d\u00e9licate. Il purifie le cuir chevelu gr\u00e2ce \u00e0 la Piroctone Olamine et \u00e0 l\u2019Acide Salicylique.\" \/>\n<meta name=\"robots\" content=\"index, follow, max-snippet:-1, max-image-preview:large, max-video-preview:-1\" \/>\n<link rel=\"canonical\" href=\"https:\/\/seipuntozero-haircare.it\/fr\/product\/take-over-active-sheer-shampooing-bivalent-peaux-grasses-avec-pellicules-et-longueurs-seches\/\" \/>\n<meta property=\"og:locale\" content=\"fr_FR\" \/>\n<meta property=\"og:type\" content=\"article\" \/>\n<meta property=\"og:title\" content=\"Shampooing bivalent peaux grasses, avec pellicules et longueurs s\u00e8ches\" \/>\n<meta property=\"og:description\" content=\"Shampooing bivalent pour peaux grasse avec pellicules et longueurs s\u00e8ches \u00e0 action nettoyante d\u00e9licate. Il purifie le cuir chevelu gr\u00e2ce \u00e0 la Piroctone Olamine et \u00e0 l\u2019Acide Salicylique.\" \/>\n<meta property=\"og:url\" content=\"https:\/\/seipuntozero-haircare.it\/fr\/product\/take-over-active-sheer-shampooing-bivalent-peaux-grasses-avec-pellicules-et-longueurs-seches\/\" \/>\n<meta property=\"og:site_name\" content=\"6.Zero\" \/>\n<meta property=\"article:modified_time\" content=\"2021-09-29T08:10:03+00:00\" \/>\n<meta property=\"og:image\" content=\"https:\/\/seipuntozero-haircare.it\/wp-content\/uploads\/2019\/09\/263264_sei_punto_zero_take_over_active_sheer_shampoo_300ml-1.png\" \/>\n\t<meta property=\"og:image:width\" content=\"800\" \/>\n\t<meta property=\"og:image:height\" content=\"800\" \/>\n\t<meta property=\"og:image:type\" content=\"image\/png\" \/>\n<meta name=\"twitter:card\" content=\"summary_large_image\" \/>\n<meta name=\"twitter:label1\" content=\"Dur\u00e9e de lecture estim\u00e9e\" \/>\n\t<meta name=\"twitter:data1\" content=\"1 minute\" \/>\n<script type=\"application\/ld+json\" class=\"yoast-schema-graph\">{\"@context\":\"https:\/\/schema.org\",\"@graph\":[{\"@type\":\"WebPage\",\"@id\":\"https:\/\/seipuntozero-haircare.it\/fr\/product\/take-over-active-sheer-shampooing-bivalent-peaux-grasses-avec-pellicules-et-longueurs-seches\/\",\"url\":\"https:\/\/seipuntozero-haircare.it\/fr\/product\/take-over-active-sheer-shampooing-bivalent-peaux-grasses-avec-pellicules-et-longueurs-seches\/\",\"name\":\"Shampooing bivalent peaux grasses, avec pellicules et longueurs s\u00e8ches\",\"isPartOf\":{\"@id\":\"https:\/\/seipuntozero-haircare.it\/fr\/#website\"},\"primaryImageOfPage\":{\"@id\":\"https:\/\/seipuntozero-haircare.it\/fr\/product\/take-over-active-sheer-shampooing-bivalent-peaux-grasses-avec-pellicules-et-longueurs-seches\/#primaryimage\"},\"image\":{\"@id\":\"https:\/\/seipuntozero-haircare.it\/fr\/product\/take-over-active-sheer-shampooing-bivalent-peaux-grasses-avec-pellicules-et-longueurs-seches\/#primaryimage\"},\"thumbnailUrl\":\"https:\/\/seipuntozero-haircare.it\/wp-content\/uploads\/2019\/09\/263264_sei_punto_zero_take_over_active_sheer_shampoo_300ml-1.png\",\"datePublished\":\"2017-09-28T08:28:06+00:00\",\"dateModified\":\"2021-09-29T08:10:03+00:00\",\"description\":\"Shampooing bivalent pour peaux grasse avec pellicules et longueurs s\u00e8ches \u00e0 action nettoyante d\u00e9licate. Il purifie le cuir chevelu gr\u00e2ce \u00e0 la Piroctone Olamine et \u00e0 l\u2019Acide Salicylique.\",\"breadcrumb\":{\"@id\":\"https:\/\/seipuntozero-haircare.it\/fr\/product\/take-over-active-sheer-shampooing-bivalent-peaux-grasses-avec-pellicules-et-longueurs-seches\/#breadcrumb\"},\"inLanguage\":\"fr-FR\",\"potentialAction\":[{\"@type\":\"ReadAction\",\"target\":[\"https:\/\/seipuntozero-haircare.it\/fr\/product\/take-over-active-sheer-shampooing-bivalent-peaux-grasses-avec-pellicules-et-longueurs-seches\/\"]}]},{\"@type\":\"ImageObject\",\"inLanguage\":\"fr-FR\",\"@id\":\"https:\/\/seipuntozero-haircare.it\/fr\/product\/take-over-active-sheer-shampooing-bivalent-peaux-grasses-avec-pellicules-et-longueurs-seches\/#primaryimage\",\"url\":\"https:\/\/seipuntozero-haircare.it\/wp-content\/uploads\/2019\/09\/263264_sei_punto_zero_take_over_active_sheer_shampoo_300ml-1.png\",\"contentUrl\":\"https:\/\/seipuntozero-haircare.it\/wp-content\/uploads\/2019\/09\/263264_sei_punto_zero_take_over_active_sheer_shampoo_300ml-1.png\",\"width\":800,\"height\":800},{\"@type\":\"BreadcrumbList\",\"@id\":\"https:\/\/seipuntozero-haircare.it\/fr\/product\/take-over-active-sheer-shampooing-bivalent-peaux-grasses-avec-pellicules-et-longueurs-seches\/#breadcrumb\",\"itemListElement\":[{\"@type\":\"ListItem\",\"position\":1,\"name\":\"Home\",\"item\":\"https:\/\/seipuntozero-haircare.it\/fr\/\"},{\"@type\":\"ListItem\",\"position\":2,\"name\":\"Products\",\"item\":\"https:\/\/seipuntozero-haircare.it\/fr\/shop\/\"},{\"@type\":\"ListItem\",\"position\":3,\"name\":\"TAKE OVER \u2013 ACTIVE SHEER Shampooing bivalent peaux grasses, avec pellicules et longueurs s\u00e8ches\"}]},{\"@type\":\"WebSite\",\"@id\":\"https:\/\/seipuntozero-haircare.it\/fr\/#website\",\"url\":\"https:\/\/seipuntozero-haircare.it\/fr\/\",\"name\":\"6.Zero\",\"description\":\"Essential Touch\",\"potentialAction\":[{\"@type\":\"SearchAction\",\"target\":{\"@type\":\"EntryPoint\",\"urlTemplate\":\"https:\/\/seipuntozero-haircare.it\/fr\/?s={search_term_string}\"},\"query-input\":{\"@type\":\"PropertyValueSpecification\",\"valueRequired\":true,\"valueName\":\"search_term_string\"}}],\"inLanguage\":\"fr-FR\"}]}<\/script>\n<!-- \/ Yoast SEO plugin. -->","yoast_head_json":{"title":"Shampooing bivalent peaux grasses, avec pellicules et longueurs s\u00e8ches","description":"Shampooing bivalent pour peaux grasse avec pellicules et longueurs s\u00e8ches \u00e0 action nettoyante d\u00e9licate. Il purifie le cuir chevelu gr\u00e2ce \u00e0 la Piroctone Olamine et \u00e0 l\u2019Acide Salicylique.","robots":{"index":"index","follow":"follow","max-snippet":"max-snippet:-1","max-image-preview":"max-image-preview:large","max-video-preview":"max-video-preview:-1"},"canonical":"https:\/\/seipuntozero-haircare.it\/fr\/product\/take-over-active-sheer-shampooing-bivalent-peaux-grasses-avec-pellicules-et-longueurs-seches\/","og_locale":"fr_FR","og_type":"article","og_title":"Shampooing bivalent peaux grasses, avec pellicules et longueurs s\u00e8ches","og_description":"Shampooing bivalent pour peaux grasse avec pellicules et longueurs s\u00e8ches \u00e0 action nettoyante d\u00e9licate. Il purifie le cuir chevelu gr\u00e2ce \u00e0 la Piroctone Olamine et \u00e0 l\u2019Acide Salicylique.","og_url":"https:\/\/seipuntozero-haircare.it\/fr\/product\/take-over-active-sheer-shampooing-bivalent-peaux-grasses-avec-pellicules-et-longueurs-seches\/","og_site_name":"6.Zero","article_modified_time":"2021-09-29T08:10:03+00:00","og_image":[{"width":800,"height":800,"url":"https:\/\/seipuntozero-haircare.it\/wp-content\/uploads\/2019\/09\/263264_sei_punto_zero_take_over_active_sheer_shampoo_300ml-1.png","type":"image\/png"}],"twitter_card":"summary_large_image","twitter_misc":{"Dur\u00e9e de lecture estim\u00e9e":"1 minute"},"schema":{"@context":"https:\/\/schema.org","@graph":[{"@type":"WebPage","@id":"https:\/\/seipuntozero-haircare.it\/fr\/product\/take-over-active-sheer-shampooing-bivalent-peaux-grasses-avec-pellicules-et-longueurs-seches\/","url":"https:\/\/seipuntozero-haircare.it\/fr\/product\/take-over-active-sheer-shampooing-bivalent-peaux-grasses-avec-pellicules-et-longueurs-seches\/","name":"Shampooing bivalent peaux grasses, avec pellicules et longueurs s\u00e8ches","isPartOf":{"@id":"https:\/\/seipuntozero-haircare.it\/fr\/#website"},"primaryImageOfPage":{"@id":"https:\/\/seipuntozero-haircare.it\/fr\/product\/take-over-active-sheer-shampooing-bivalent-peaux-grasses-avec-pellicules-et-longueurs-seches\/#primaryimage"},"image":{"@id":"https:\/\/seipuntozero-haircare.it\/fr\/product\/take-over-active-sheer-shampooing-bivalent-peaux-grasses-avec-pellicules-et-longueurs-seches\/#primaryimage"},"thumbnailUrl":"https:\/\/seipuntozero-haircare.it\/wp-content\/uploads\/2019\/09\/263264_sei_punto_zero_take_over_active_sheer_shampoo_300ml-1.png","datePublished":"2017-09-28T08:28:06+00:00","dateModified":"2021-09-29T08:10:03+00:00","description":"Shampooing bivalent pour peaux grasse avec pellicules et longueurs s\u00e8ches \u00e0 action nettoyante d\u00e9licate. Il purifie le cuir chevelu gr\u00e2ce \u00e0 la Piroctone Olamine et \u00e0 l\u2019Acide Salicylique.","breadcrumb":{"@id":"https:\/\/seipuntozero-haircare.it\/fr\/product\/take-over-active-sheer-shampooing-bivalent-peaux-grasses-avec-pellicules-et-longueurs-seches\/#breadcrumb"},"inLanguage":"fr-FR","potentialAction":[{"@type":"ReadAction","target":["https:\/\/seipuntozero-haircare.it\/fr\/product\/take-over-active-sheer-shampooing-bivalent-peaux-grasses-avec-pellicules-et-longueurs-seches\/"]}]},{"@type":"ImageObject","inLanguage":"fr-FR","@id":"https:\/\/seipuntozero-haircare.it\/fr\/product\/take-over-active-sheer-shampooing-bivalent-peaux-grasses-avec-pellicules-et-longueurs-seches\/#primaryimage","url":"https:\/\/seipuntozero-haircare.it\/wp-content\/uploads\/2019\/09\/263264_sei_punto_zero_take_over_active_sheer_shampoo_300ml-1.png","contentUrl":"https:\/\/seipuntozero-haircare.it\/wp-content\/uploads\/2019\/09\/263264_sei_punto_zero_take_over_active_sheer_shampoo_300ml-1.png","width":800,"height":800},{"@type":"BreadcrumbList","@id":"https:\/\/seipuntozero-haircare.it\/fr\/product\/take-over-active-sheer-shampooing-bivalent-peaux-grasses-avec-pellicules-et-longueurs-seches\/#breadcrumb","itemListElement":[{"@type":"ListItem","position":1,"name":"Home","item":"https:\/\/seipuntozero-haircare.it\/fr\/"},{"@type":"ListItem","position":2,"name":"Products","item":"https:\/\/seipuntozero-haircare.it\/fr\/shop\/"},{"@type":"ListItem","position":3,"name":"TAKE OVER \u2013 ACTIVE SHEER Shampooing bivalent peaux grasses, avec pellicules et longueurs s\u00e8ches"}]},{"@type":"WebSite","@id":"https:\/\/seipuntozero-haircare.it\/fr\/#website","url":"https:\/\/seipuntozero-haircare.it\/fr\/","name":"6.Zero","description":"Essential Touch","potentialAction":[{"@type":"SearchAction","target":{"@type":"EntryPoint","urlTemplate":"https:\/\/seipuntozero-haircare.it\/fr\/?s={search_term_string}"},"query-input":{"@type":"PropertyValueSpecification","valueRequired":true,"valueName":"search_term_string"}}],"inLanguage":"fr-FR"}]}},"_links":{"self":[{"href":"https:\/\/seipuntozero-haircare.it\/fr\/wp-json\/wp\/v2\/product\/15165","targetHints":{"allow":["GET"]}}],"collection":[{"href":"https:\/\/seipuntozero-haircare.it\/fr\/wp-json\/wp\/v2\/product"}],"about":[{"href":"https:\/\/seipuntozero-haircare.it\/fr\/wp-json\/wp\/v2\/types\/product"}],"wp:featuredmedia":[{"embeddable":true,"href":"https:\/\/seipuntozero-haircare.it\/fr\/wp-json\/wp\/v2\/media\/19807"}],"wp:attachment":[{"href":"https:\/\/seipuntozero-haircare.it\/fr\/wp-json\/wp\/v2\/media?parent=15165"}],"wp:term":[{"taxonomy":"product_brand","embeddable":true,"href":"https:\/\/seipuntozero-haircare.it\/fr\/wp-json\/wp\/v2\/product_brand?post=15165"},{"taxonomy":"product_cat","embeddable":true,"href":"https:\/\/seipuntozero-haircare.it\/fr\/wp-json\/wp\/v2\/product_cat?post=15165"},{"taxonomy":"product_tag","embeddable":true,"href":"https:\/\/seipuntozero-haircare.it\/fr\/wp-json\/wp\/v2\/product_tag?post=15165"}],"curies":[{"name":"wp","href":"https:\/\/api.w.org\/{rel}","templated":true}]}}