{"id":15161,"date":"2017-09-28T10:04:15","date_gmt":"2017-09-28T08:04:15","guid":{"rendered":"https:\/\/seipuntozero-haircare.it\/prodotto\/take-over-active-power-shampooing-adjuvant-prevention-chute\/"},"modified":"2023-11-21T10:25:19","modified_gmt":"2023-11-21T09:25:19","slug":"take-over-active-power-shampooing-adjuvant-prevention-chute","status":"publish","type":"product","link":"https:\/\/seipuntozero-haircare.it\/fr\/product\/take-over-active-power-shampooing-adjuvant-prevention-chute\/","title":{"rendered":"TAKE OVER \u2013 ACTIVE POWER <br> Shampooing adjuvant pr\u00e9vention chute"},"content":{"rendered":"<ul>\n<li>Nettoie la <strong>peau et les cheveux fragiles<\/strong> en une action d\u00e9licate<\/li>\n<li><strong>Conditionne<\/strong> la chevelure<\/li>\n<li>Les cheveux acqui\u00e8rent de la <strong>vigueur<\/strong> et un aspect plus sain et brillant<\/li>\n<\/ul>\n","protected":false},"excerpt":{"rendered":"<p>Le nouveau <strong>shampooing adjuvant<\/strong> pr\u00e9vention chute pour <strong>cheveux fragiles et faibles<\/strong> nettoie d\u00e9licatement la peau et les cheveux et g\u00e9n\u00e8re une multi-action qui <strong>renforce le bulbe pileux<\/strong> en profondeur. Les <strong>extraits v\u00e9g\u00e9taux et <\/strong>les<strong> vitamines<\/strong> pr\u00e9sents dans la formule vantent des <strong>propri\u00e9t\u00e9s tonifiantes<\/strong> stimulantes qui <strong>conditionnent la chevelure<\/strong> et lui offrent un aspect sain et brillant.<\/p>\n<p>Flacon 300 ml<\/p>\n","protected":false},"featured_media":19777,"template":"","meta":[],"product_brand":[],"product_cat":[605],"product_tag":[],"class_list":["post-15161","product","type-product","status-publish","has-post-thumbnail","hentry","product_cat-take-over-active-power-fr"],"yoast_head":"<!-- This site is optimized with the Yoast SEO plugin v27.1.1 - https:\/\/yoast.com\/product\/yoast-seo-wordpress\/ -->\n<title>TAKE OVER \u2013 ACTIVE POWER | Shampooing adjuvant pr\u00e9vention chute<\/title>\n<meta name=\"description\" content=\"Le nouveau shampooing adjuvant pr\u00e9vention chute pour cheveux fragiles et faibles nettoie d\u00e9licatement la peau et les cheveux et g\u00e9n\u00e8re une multi-action qui renforce le bulbe pileux en profondeur.\" \/>\n<meta name=\"robots\" content=\"index, follow, max-snippet:-1, max-image-preview:large, max-video-preview:-1\" \/>\n<link rel=\"canonical\" href=\"https:\/\/seipuntozero-haircare.it\/fr\/product\/take-over-active-power-shampooing-adjuvant-prevention-chute\/\" \/>\n<meta property=\"og:locale\" content=\"fr_FR\" \/>\n<meta property=\"og:type\" content=\"article\" \/>\n<meta property=\"og:title\" content=\"TAKE OVER \u2013 ACTIVE POWER | Shampooing adjuvant pr\u00e9vention chute\" \/>\n<meta property=\"og:description\" content=\"Le nouveau shampooing adjuvant pr\u00e9vention chute pour cheveux fragiles et faibles nettoie d\u00e9licatement la peau et les cheveux et g\u00e9n\u00e8re une multi-action qui renforce le bulbe pileux en profondeur.\" \/>\n<meta property=\"og:url\" content=\"https:\/\/seipuntozero-haircare.it\/fr\/product\/take-over-active-power-shampooing-adjuvant-prevention-chute\/\" \/>\n<meta property=\"og:site_name\" content=\"6.Zero\" \/>\n<meta property=\"article:modified_time\" content=\"2023-11-21T09:25:19+00:00\" \/>\n<meta property=\"og:image\" content=\"https:\/\/seipuntozero-haircare.it\/wp-content\/uploads\/2017\/09\/263257_sei_punto_zero_take_over_active_power_shampoo_300ml-1.png\" \/>\n\t<meta property=\"og:image:width\" content=\"800\" \/>\n\t<meta property=\"og:image:height\" content=\"800\" \/>\n\t<meta property=\"og:image:type\" content=\"image\/png\" \/>\n<meta name=\"twitter:card\" content=\"summary_large_image\" \/>\n<meta name=\"twitter:label1\" content=\"Dur\u00e9e de lecture estim\u00e9e\" \/>\n\t<meta name=\"twitter:data1\" content=\"1 minute\" \/>\n<script type=\"application\/ld+json\" class=\"yoast-schema-graph\">{\"@context\":\"https:\/\/schema.org\",\"@graph\":[{\"@type\":\"WebPage\",\"@id\":\"https:\/\/seipuntozero-haircare.it\/fr\/product\/take-over-active-power-shampooing-adjuvant-prevention-chute\/\",\"url\":\"https:\/\/seipuntozero-haircare.it\/fr\/product\/take-over-active-power-shampooing-adjuvant-prevention-chute\/\",\"name\":\"TAKE OVER \u2013 ACTIVE POWER | Shampooing adjuvant pr\u00e9vention chute\",\"isPartOf\":{\"@id\":\"https:\/\/seipuntozero-haircare.it\/fr\/#website\"},\"primaryImageOfPage\":{\"@id\":\"https:\/\/seipuntozero-haircare.it\/fr\/product\/take-over-active-power-shampooing-adjuvant-prevention-chute\/#primaryimage\"},\"image\":{\"@id\":\"https:\/\/seipuntozero-haircare.it\/fr\/product\/take-over-active-power-shampooing-adjuvant-prevention-chute\/#primaryimage\"},\"thumbnailUrl\":\"https:\/\/seipuntozero-haircare.it\/wp-content\/uploads\/2017\/09\/263257_sei_punto_zero_take_over_active_power_shampoo_300ml-1.png\",\"datePublished\":\"2017-09-28T08:04:15+00:00\",\"dateModified\":\"2023-11-21T09:25:19+00:00\",\"description\":\"Le nouveau shampooing adjuvant pr\u00e9vention chute pour cheveux fragiles et faibles nettoie d\u00e9licatement la peau et les cheveux et g\u00e9n\u00e8re une multi-action qui renforce le bulbe pileux en profondeur.\",\"breadcrumb\":{\"@id\":\"https:\/\/seipuntozero-haircare.it\/fr\/product\/take-over-active-power-shampooing-adjuvant-prevention-chute\/#breadcrumb\"},\"inLanguage\":\"fr-FR\",\"potentialAction\":[{\"@type\":\"ReadAction\",\"target\":[\"https:\/\/seipuntozero-haircare.it\/fr\/product\/take-over-active-power-shampooing-adjuvant-prevention-chute\/\"]}]},{\"@type\":\"ImageObject\",\"inLanguage\":\"fr-FR\",\"@id\":\"https:\/\/seipuntozero-haircare.it\/fr\/product\/take-over-active-power-shampooing-adjuvant-prevention-chute\/#primaryimage\",\"url\":\"https:\/\/seipuntozero-haircare.it\/wp-content\/uploads\/2017\/09\/263257_sei_punto_zero_take_over_active_power_shampoo_300ml-1.png\",\"contentUrl\":\"https:\/\/seipuntozero-haircare.it\/wp-content\/uploads\/2017\/09\/263257_sei_punto_zero_take_over_active_power_shampoo_300ml-1.png\",\"width\":800,\"height\":800},{\"@type\":\"BreadcrumbList\",\"@id\":\"https:\/\/seipuntozero-haircare.it\/fr\/product\/take-over-active-power-shampooing-adjuvant-prevention-chute\/#breadcrumb\",\"itemListElement\":[{\"@type\":\"ListItem\",\"position\":1,\"name\":\"Home\",\"item\":\"https:\/\/seipuntozero-haircare.it\/fr\/\"},{\"@type\":\"ListItem\",\"position\":2,\"name\":\"Products\",\"item\":\"https:\/\/seipuntozero-haircare.it\/fr\/shop\/\"},{\"@type\":\"ListItem\",\"position\":3,\"name\":\"TAKE OVER \u2013 ACTIVE POWER Shampooing adjuvant pr\u00e9vention chute\"}]},{\"@type\":\"WebSite\",\"@id\":\"https:\/\/seipuntozero-haircare.it\/fr\/#website\",\"url\":\"https:\/\/seipuntozero-haircare.it\/fr\/\",\"name\":\"6.Zero\",\"description\":\"Essential Touch\",\"potentialAction\":[{\"@type\":\"SearchAction\",\"target\":{\"@type\":\"EntryPoint\",\"urlTemplate\":\"https:\/\/seipuntozero-haircare.it\/fr\/?s={search_term_string}\"},\"query-input\":{\"@type\":\"PropertyValueSpecification\",\"valueRequired\":true,\"valueName\":\"search_term_string\"}}],\"inLanguage\":\"fr-FR\"}]}<\/script>\n<!-- \/ Yoast SEO plugin. -->","yoast_head_json":{"title":"TAKE OVER \u2013 ACTIVE POWER | Shampooing adjuvant pr\u00e9vention chute","description":"Le nouveau shampooing adjuvant pr\u00e9vention chute pour cheveux fragiles et faibles nettoie d\u00e9licatement la peau et les cheveux et g\u00e9n\u00e8re une multi-action qui renforce le bulbe pileux en profondeur.","robots":{"index":"index","follow":"follow","max-snippet":"max-snippet:-1","max-image-preview":"max-image-preview:large","max-video-preview":"max-video-preview:-1"},"canonical":"https:\/\/seipuntozero-haircare.it\/fr\/product\/take-over-active-power-shampooing-adjuvant-prevention-chute\/","og_locale":"fr_FR","og_type":"article","og_title":"TAKE OVER \u2013 ACTIVE POWER | Shampooing adjuvant pr\u00e9vention chute","og_description":"Le nouveau shampooing adjuvant pr\u00e9vention chute pour cheveux fragiles et faibles nettoie d\u00e9licatement la peau et les cheveux et g\u00e9n\u00e8re une multi-action qui renforce le bulbe pileux en profondeur.","og_url":"https:\/\/seipuntozero-haircare.it\/fr\/product\/take-over-active-power-shampooing-adjuvant-prevention-chute\/","og_site_name":"6.Zero","article_modified_time":"2023-11-21T09:25:19+00:00","og_image":[{"width":800,"height":800,"url":"https:\/\/seipuntozero-haircare.it\/wp-content\/uploads\/2017\/09\/263257_sei_punto_zero_take_over_active_power_shampoo_300ml-1.png","type":"image\/png"}],"twitter_card":"summary_large_image","twitter_misc":{"Dur\u00e9e de lecture estim\u00e9e":"1 minute"},"schema":{"@context":"https:\/\/schema.org","@graph":[{"@type":"WebPage","@id":"https:\/\/seipuntozero-haircare.it\/fr\/product\/take-over-active-power-shampooing-adjuvant-prevention-chute\/","url":"https:\/\/seipuntozero-haircare.it\/fr\/product\/take-over-active-power-shampooing-adjuvant-prevention-chute\/","name":"TAKE OVER \u2013 ACTIVE POWER | Shampooing adjuvant pr\u00e9vention chute","isPartOf":{"@id":"https:\/\/seipuntozero-haircare.it\/fr\/#website"},"primaryImageOfPage":{"@id":"https:\/\/seipuntozero-haircare.it\/fr\/product\/take-over-active-power-shampooing-adjuvant-prevention-chute\/#primaryimage"},"image":{"@id":"https:\/\/seipuntozero-haircare.it\/fr\/product\/take-over-active-power-shampooing-adjuvant-prevention-chute\/#primaryimage"},"thumbnailUrl":"https:\/\/seipuntozero-haircare.it\/wp-content\/uploads\/2017\/09\/263257_sei_punto_zero_take_over_active_power_shampoo_300ml-1.png","datePublished":"2017-09-28T08:04:15+00:00","dateModified":"2023-11-21T09:25:19+00:00","description":"Le nouveau shampooing adjuvant pr\u00e9vention chute pour cheveux fragiles et faibles nettoie d\u00e9licatement la peau et les cheveux et g\u00e9n\u00e8re une multi-action qui renforce le bulbe pileux en profondeur.","breadcrumb":{"@id":"https:\/\/seipuntozero-haircare.it\/fr\/product\/take-over-active-power-shampooing-adjuvant-prevention-chute\/#breadcrumb"},"inLanguage":"fr-FR","potentialAction":[{"@type":"ReadAction","target":["https:\/\/seipuntozero-haircare.it\/fr\/product\/take-over-active-power-shampooing-adjuvant-prevention-chute\/"]}]},{"@type":"ImageObject","inLanguage":"fr-FR","@id":"https:\/\/seipuntozero-haircare.it\/fr\/product\/take-over-active-power-shampooing-adjuvant-prevention-chute\/#primaryimage","url":"https:\/\/seipuntozero-haircare.it\/wp-content\/uploads\/2017\/09\/263257_sei_punto_zero_take_over_active_power_shampoo_300ml-1.png","contentUrl":"https:\/\/seipuntozero-haircare.it\/wp-content\/uploads\/2017\/09\/263257_sei_punto_zero_take_over_active_power_shampoo_300ml-1.png","width":800,"height":800},{"@type":"BreadcrumbList","@id":"https:\/\/seipuntozero-haircare.it\/fr\/product\/take-over-active-power-shampooing-adjuvant-prevention-chute\/#breadcrumb","itemListElement":[{"@type":"ListItem","position":1,"name":"Home","item":"https:\/\/seipuntozero-haircare.it\/fr\/"},{"@type":"ListItem","position":2,"name":"Products","item":"https:\/\/seipuntozero-haircare.it\/fr\/shop\/"},{"@type":"ListItem","position":3,"name":"TAKE OVER \u2013 ACTIVE POWER Shampooing adjuvant pr\u00e9vention chute"}]},{"@type":"WebSite","@id":"https:\/\/seipuntozero-haircare.it\/fr\/#website","url":"https:\/\/seipuntozero-haircare.it\/fr\/","name":"6.Zero","description":"Essential Touch","potentialAction":[{"@type":"SearchAction","target":{"@type":"EntryPoint","urlTemplate":"https:\/\/seipuntozero-haircare.it\/fr\/?s={search_term_string}"},"query-input":{"@type":"PropertyValueSpecification","valueRequired":true,"valueName":"search_term_string"}}],"inLanguage":"fr-FR"}]}},"_links":{"self":[{"href":"https:\/\/seipuntozero-haircare.it\/fr\/wp-json\/wp\/v2\/product\/15161","targetHints":{"allow":["GET"]}}],"collection":[{"href":"https:\/\/seipuntozero-haircare.it\/fr\/wp-json\/wp\/v2\/product"}],"about":[{"href":"https:\/\/seipuntozero-haircare.it\/fr\/wp-json\/wp\/v2\/types\/product"}],"wp:featuredmedia":[{"embeddable":true,"href":"https:\/\/seipuntozero-haircare.it\/fr\/wp-json\/wp\/v2\/media\/19777"}],"wp:attachment":[{"href":"https:\/\/seipuntozero-haircare.it\/fr\/wp-json\/wp\/v2\/media?parent=15161"}],"wp:term":[{"taxonomy":"product_brand","embeddable":true,"href":"https:\/\/seipuntozero-haircare.it\/fr\/wp-json\/wp\/v2\/product_brand?post=15161"},{"taxonomy":"product_cat","embeddable":true,"href":"https:\/\/seipuntozero-haircare.it\/fr\/wp-json\/wp\/v2\/product_cat?post=15161"},{"taxonomy":"product_tag","embeddable":true,"href":"https:\/\/seipuntozero-haircare.it\/fr\/wp-json\/wp\/v2\/product_tag?post=15161"}],"curies":[{"name":"wp","href":"https:\/\/api.w.org\/{rel}","templated":true}]}}