{"id":15159,"date":"2017-09-28T10:09:31","date_gmt":"2017-09-28T08:09:31","guid":{"rendered":"https:\/\/seipuntozero-haircare.it\/prodotto\/take-over-active-power-traitement-prevention-chute-en-ampoules\/"},"modified":"2023-11-21T10:24:27","modified_gmt":"2023-11-21T09:24:27","slug":"take-over-active-power-traitement-prevention-chute-en-ampoules","status":"publish","type":"product","link":"https:\/\/seipuntozero-haircare.it\/fr\/product\/take-over-active-power-traitement-prevention-chute-en-ampoules\/","title":{"rendered":"TAKE OVER \u2013 ACTIVE POWER <br> Traitement pr\u00e9vention chute en ampoules"},"content":{"rendered":"<ul>\n<li>Lutte efficacement contre l\u2019<strong>affaiblissement et <\/strong>la<strong> chute des cheveux<\/strong><\/li>\n<li>Formule riche en <strong>actifs \u00e9nergisants<\/strong> et antioxydants<\/li>\n<li><strong>Renforce le bulbe capillaire<\/strong> et active la microcirculation<\/li>\n<\/ul>\n","protected":false},"excerpt":{"rendered":"<p><strong>Traitement pr\u00e9vention chute en ampoules<\/strong>, pour cheveux faibles et fragiles. Sa formule est enrichie de <strong>substances fonctionnelles<\/strong> d\u2019origine v\u00e9g\u00e9tale, de <strong>complexes vitaminiques<\/strong> et d\u2019un <strong>complexe d\u2019acides amin\u00e9s<\/strong> particulier, aux propri\u00e9t\u00e9s antioxydantes et \u00e9nergisantes, qui aide \u00e0 <strong>lutter contre l\u2019affaiblissement et la chute des <\/strong>cheveux. De plus, gr\u00e2ce \u00e0 leurs propri\u00e9t\u00e9s nourrissantes et revitalisantes, les actifs du <strong>traitement antichute<\/strong> favorisent l\u2019activation de la <strong>microcirculation<\/strong> du cuir chevelu, renfor\u00e7ant le bulbe capillaire.<\/p>\n<p>Bo\u00eete 10 ampoules<\/p>\n","protected":false},"featured_media":19783,"template":"","meta":[],"product_brand":[],"product_cat":[605],"product_tag":[],"class_list":["post-15159","product","type-product","status-publish","has-post-thumbnail","hentry","product_cat-take-over-active-power-fr"],"yoast_head":"<!-- This site is optimized with the Yoast SEO plugin v27.1.1 - https:\/\/yoast.com\/product\/yoast-seo-wordpress\/ -->\n<title>TAKE OVER \u2013 ACTIVE POWER | Traitement pr\u00e9vention chute en ampoules<\/title>\n<meta name=\"description\" content=\"Traitement pr\u00e9vention chute en ampoules, pour cheveux faibles et fragiles. Sa formule est enrichie de substances fonctionnelles d\u2019origine v\u00e9g\u00e9tale, de complexes vitaminiques et d\u2019un complexe d\u2019acides amin\u00e9s particulier, aux propri\u00e9t\u00e9s antioxydantes et \u00e9nergisantes, qui aide \u00e0 lutter contre l\u2019affaiblissement et la chute des cheveux.\" \/>\n<meta name=\"robots\" content=\"index, follow, max-snippet:-1, max-image-preview:large, max-video-preview:-1\" \/>\n<link rel=\"canonical\" href=\"https:\/\/seipuntozero-haircare.it\/fr\/product\/take-over-active-power-traitement-prevention-chute-en-ampoules\/\" \/>\n<meta property=\"og:locale\" content=\"fr_FR\" \/>\n<meta property=\"og:type\" content=\"article\" \/>\n<meta property=\"og:title\" content=\"TAKE OVER \u2013 ACTIVE POWER | Traitement pr\u00e9vention chute en ampoules\" \/>\n<meta property=\"og:description\" content=\"Traitement pr\u00e9vention chute en ampoules, pour cheveux faibles et fragiles. Sa formule est enrichie de substances fonctionnelles d\u2019origine v\u00e9g\u00e9tale, de complexes vitaminiques et d\u2019un complexe d\u2019acides amin\u00e9s particulier, aux propri\u00e9t\u00e9s antioxydantes et \u00e9nergisantes, qui aide \u00e0 lutter contre l\u2019affaiblissement et la chute des cheveux.\" \/>\n<meta property=\"og:url\" content=\"https:\/\/seipuntozero-haircare.it\/fr\/product\/take-over-active-power-traitement-prevention-chute-en-ampoules\/\" \/>\n<meta property=\"og:site_name\" content=\"6.Zero\" \/>\n<meta property=\"article:modified_time\" content=\"2023-11-21T09:24:27+00:00\" \/>\n<meta property=\"og:image\" content=\"https:\/\/seipuntozero-haircare.it\/wp-content\/uploads\/2017\/09\/262496_sei_punto_zero_take_over_active_power_hair_loss_prevention_treatment-1.png\" \/>\n\t<meta property=\"og:image:width\" content=\"600\" \/>\n\t<meta property=\"og:image:height\" content=\"600\" \/>\n\t<meta property=\"og:image:type\" content=\"image\/png\" \/>\n<meta name=\"twitter:card\" content=\"summary_large_image\" \/>\n<meta name=\"twitter:label1\" content=\"Dur\u00e9e de lecture estim\u00e9e\" \/>\n\t<meta name=\"twitter:data1\" content=\"1 minute\" \/>\n<script type=\"application\/ld+json\" class=\"yoast-schema-graph\">{\"@context\":\"https:\/\/schema.org\",\"@graph\":[{\"@type\":\"WebPage\",\"@id\":\"https:\/\/seipuntozero-haircare.it\/fr\/product\/take-over-active-power-traitement-prevention-chute-en-ampoules\/\",\"url\":\"https:\/\/seipuntozero-haircare.it\/fr\/product\/take-over-active-power-traitement-prevention-chute-en-ampoules\/\",\"name\":\"TAKE OVER \u2013 ACTIVE POWER | Traitement pr\u00e9vention chute en ampoules\",\"isPartOf\":{\"@id\":\"https:\/\/seipuntozero-haircare.it\/fr\/#website\"},\"primaryImageOfPage\":{\"@id\":\"https:\/\/seipuntozero-haircare.it\/fr\/product\/take-over-active-power-traitement-prevention-chute-en-ampoules\/#primaryimage\"},\"image\":{\"@id\":\"https:\/\/seipuntozero-haircare.it\/fr\/product\/take-over-active-power-traitement-prevention-chute-en-ampoules\/#primaryimage\"},\"thumbnailUrl\":\"https:\/\/seipuntozero-haircare.it\/wp-content\/uploads\/2017\/09\/262496_sei_punto_zero_take_over_active_power_hair_loss_prevention_treatment-1.png\",\"datePublished\":\"2017-09-28T08:09:31+00:00\",\"dateModified\":\"2023-11-21T09:24:27+00:00\",\"description\":\"Traitement pr\u00e9vention chute en ampoules, pour cheveux faibles et fragiles. Sa formule est enrichie de substances fonctionnelles d\u2019origine v\u00e9g\u00e9tale, de complexes vitaminiques et d\u2019un complexe d\u2019acides amin\u00e9s particulier, aux propri\u00e9t\u00e9s antioxydantes et \u00e9nergisantes, qui aide \u00e0 lutter contre l\u2019affaiblissement et la chute des cheveux.\",\"breadcrumb\":{\"@id\":\"https:\/\/seipuntozero-haircare.it\/fr\/product\/take-over-active-power-traitement-prevention-chute-en-ampoules\/#breadcrumb\"},\"inLanguage\":\"fr-FR\",\"potentialAction\":[{\"@type\":\"ReadAction\",\"target\":[\"https:\/\/seipuntozero-haircare.it\/fr\/product\/take-over-active-power-traitement-prevention-chute-en-ampoules\/\"]}]},{\"@type\":\"ImageObject\",\"inLanguage\":\"fr-FR\",\"@id\":\"https:\/\/seipuntozero-haircare.it\/fr\/product\/take-over-active-power-traitement-prevention-chute-en-ampoules\/#primaryimage\",\"url\":\"https:\/\/seipuntozero-haircare.it\/wp-content\/uploads\/2017\/09\/262496_sei_punto_zero_take_over_active_power_hair_loss_prevention_treatment-1.png\",\"contentUrl\":\"https:\/\/seipuntozero-haircare.it\/wp-content\/uploads\/2017\/09\/262496_sei_punto_zero_take_over_active_power_hair_loss_prevention_treatment-1.png\",\"width\":600,\"height\":600},{\"@type\":\"BreadcrumbList\",\"@id\":\"https:\/\/seipuntozero-haircare.it\/fr\/product\/take-over-active-power-traitement-prevention-chute-en-ampoules\/#breadcrumb\",\"itemListElement\":[{\"@type\":\"ListItem\",\"position\":1,\"name\":\"Home\",\"item\":\"https:\/\/seipuntozero-haircare.it\/fr\/\"},{\"@type\":\"ListItem\",\"position\":2,\"name\":\"Products\",\"item\":\"https:\/\/seipuntozero-haircare.it\/fr\/shop\/\"},{\"@type\":\"ListItem\",\"position\":3,\"name\":\"TAKE OVER \u2013 ACTIVE POWER Traitement pr\u00e9vention chute en ampoules\"}]},{\"@type\":\"WebSite\",\"@id\":\"https:\/\/seipuntozero-haircare.it\/fr\/#website\",\"url\":\"https:\/\/seipuntozero-haircare.it\/fr\/\",\"name\":\"6.Zero\",\"description\":\"Essential Touch\",\"potentialAction\":[{\"@type\":\"SearchAction\",\"target\":{\"@type\":\"EntryPoint\",\"urlTemplate\":\"https:\/\/seipuntozero-haircare.it\/fr\/?s={search_term_string}\"},\"query-input\":{\"@type\":\"PropertyValueSpecification\",\"valueRequired\":true,\"valueName\":\"search_term_string\"}}],\"inLanguage\":\"fr-FR\"}]}<\/script>\n<!-- \/ Yoast SEO plugin. -->","yoast_head_json":{"title":"TAKE OVER \u2013 ACTIVE POWER | Traitement pr\u00e9vention chute en ampoules","description":"Traitement pr\u00e9vention chute en ampoules, pour cheveux faibles et fragiles. Sa formule est enrichie de substances fonctionnelles d\u2019origine v\u00e9g\u00e9tale, de complexes vitaminiques et d\u2019un complexe d\u2019acides amin\u00e9s particulier, aux propri\u00e9t\u00e9s antioxydantes et \u00e9nergisantes, qui aide \u00e0 lutter contre l\u2019affaiblissement et la chute des cheveux.","robots":{"index":"index","follow":"follow","max-snippet":"max-snippet:-1","max-image-preview":"max-image-preview:large","max-video-preview":"max-video-preview:-1"},"canonical":"https:\/\/seipuntozero-haircare.it\/fr\/product\/take-over-active-power-traitement-prevention-chute-en-ampoules\/","og_locale":"fr_FR","og_type":"article","og_title":"TAKE OVER \u2013 ACTIVE POWER | Traitement pr\u00e9vention chute en ampoules","og_description":"Traitement pr\u00e9vention chute en ampoules, pour cheveux faibles et fragiles. Sa formule est enrichie de substances fonctionnelles d\u2019origine v\u00e9g\u00e9tale, de complexes vitaminiques et d\u2019un complexe d\u2019acides amin\u00e9s particulier, aux propri\u00e9t\u00e9s antioxydantes et \u00e9nergisantes, qui aide \u00e0 lutter contre l\u2019affaiblissement et la chute des cheveux.","og_url":"https:\/\/seipuntozero-haircare.it\/fr\/product\/take-over-active-power-traitement-prevention-chute-en-ampoules\/","og_site_name":"6.Zero","article_modified_time":"2023-11-21T09:24:27+00:00","og_image":[{"width":600,"height":600,"url":"https:\/\/seipuntozero-haircare.it\/wp-content\/uploads\/2017\/09\/262496_sei_punto_zero_take_over_active_power_hair_loss_prevention_treatment-1.png","type":"image\/png"}],"twitter_card":"summary_large_image","twitter_misc":{"Dur\u00e9e de lecture estim\u00e9e":"1 minute"},"schema":{"@context":"https:\/\/schema.org","@graph":[{"@type":"WebPage","@id":"https:\/\/seipuntozero-haircare.it\/fr\/product\/take-over-active-power-traitement-prevention-chute-en-ampoules\/","url":"https:\/\/seipuntozero-haircare.it\/fr\/product\/take-over-active-power-traitement-prevention-chute-en-ampoules\/","name":"TAKE OVER \u2013 ACTIVE POWER | Traitement pr\u00e9vention chute en ampoules","isPartOf":{"@id":"https:\/\/seipuntozero-haircare.it\/fr\/#website"},"primaryImageOfPage":{"@id":"https:\/\/seipuntozero-haircare.it\/fr\/product\/take-over-active-power-traitement-prevention-chute-en-ampoules\/#primaryimage"},"image":{"@id":"https:\/\/seipuntozero-haircare.it\/fr\/product\/take-over-active-power-traitement-prevention-chute-en-ampoules\/#primaryimage"},"thumbnailUrl":"https:\/\/seipuntozero-haircare.it\/wp-content\/uploads\/2017\/09\/262496_sei_punto_zero_take_over_active_power_hair_loss_prevention_treatment-1.png","datePublished":"2017-09-28T08:09:31+00:00","dateModified":"2023-11-21T09:24:27+00:00","description":"Traitement pr\u00e9vention chute en ampoules, pour cheveux faibles et fragiles. Sa formule est enrichie de substances fonctionnelles d\u2019origine v\u00e9g\u00e9tale, de complexes vitaminiques et d\u2019un complexe d\u2019acides amin\u00e9s particulier, aux propri\u00e9t\u00e9s antioxydantes et \u00e9nergisantes, qui aide \u00e0 lutter contre l\u2019affaiblissement et la chute des cheveux.","breadcrumb":{"@id":"https:\/\/seipuntozero-haircare.it\/fr\/product\/take-over-active-power-traitement-prevention-chute-en-ampoules\/#breadcrumb"},"inLanguage":"fr-FR","potentialAction":[{"@type":"ReadAction","target":["https:\/\/seipuntozero-haircare.it\/fr\/product\/take-over-active-power-traitement-prevention-chute-en-ampoules\/"]}]},{"@type":"ImageObject","inLanguage":"fr-FR","@id":"https:\/\/seipuntozero-haircare.it\/fr\/product\/take-over-active-power-traitement-prevention-chute-en-ampoules\/#primaryimage","url":"https:\/\/seipuntozero-haircare.it\/wp-content\/uploads\/2017\/09\/262496_sei_punto_zero_take_over_active_power_hair_loss_prevention_treatment-1.png","contentUrl":"https:\/\/seipuntozero-haircare.it\/wp-content\/uploads\/2017\/09\/262496_sei_punto_zero_take_over_active_power_hair_loss_prevention_treatment-1.png","width":600,"height":600},{"@type":"BreadcrumbList","@id":"https:\/\/seipuntozero-haircare.it\/fr\/product\/take-over-active-power-traitement-prevention-chute-en-ampoules\/#breadcrumb","itemListElement":[{"@type":"ListItem","position":1,"name":"Home","item":"https:\/\/seipuntozero-haircare.it\/fr\/"},{"@type":"ListItem","position":2,"name":"Products","item":"https:\/\/seipuntozero-haircare.it\/fr\/shop\/"},{"@type":"ListItem","position":3,"name":"TAKE OVER \u2013 ACTIVE POWER Traitement pr\u00e9vention chute en ampoules"}]},{"@type":"WebSite","@id":"https:\/\/seipuntozero-haircare.it\/fr\/#website","url":"https:\/\/seipuntozero-haircare.it\/fr\/","name":"6.Zero","description":"Essential Touch","potentialAction":[{"@type":"SearchAction","target":{"@type":"EntryPoint","urlTemplate":"https:\/\/seipuntozero-haircare.it\/fr\/?s={search_term_string}"},"query-input":{"@type":"PropertyValueSpecification","valueRequired":true,"valueName":"search_term_string"}}],"inLanguage":"fr-FR"}]}},"_links":{"self":[{"href":"https:\/\/seipuntozero-haircare.it\/fr\/wp-json\/wp\/v2\/product\/15159","targetHints":{"allow":["GET"]}}],"collection":[{"href":"https:\/\/seipuntozero-haircare.it\/fr\/wp-json\/wp\/v2\/product"}],"about":[{"href":"https:\/\/seipuntozero-haircare.it\/fr\/wp-json\/wp\/v2\/types\/product"}],"wp:featuredmedia":[{"embeddable":true,"href":"https:\/\/seipuntozero-haircare.it\/fr\/wp-json\/wp\/v2\/media\/19783"}],"wp:attachment":[{"href":"https:\/\/seipuntozero-haircare.it\/fr\/wp-json\/wp\/v2\/media?parent=15159"}],"wp:term":[{"taxonomy":"product_brand","embeddable":true,"href":"https:\/\/seipuntozero-haircare.it\/fr\/wp-json\/wp\/v2\/product_brand?post=15159"},{"taxonomy":"product_cat","embeddable":true,"href":"https:\/\/seipuntozero-haircare.it\/fr\/wp-json\/wp\/v2\/product_cat?post=15159"},{"taxonomy":"product_tag","embeddable":true,"href":"https:\/\/seipuntozero-haircare.it\/fr\/wp-json\/wp\/v2\/product_tag?post=15159"}],"curies":[{"name":"wp","href":"https:\/\/api.w.org\/{rel}","templated":true}]}}