{"id":15157,"date":"2021-05-24T09:00:02","date_gmt":"2021-05-24T07:00:02","guid":{"rendered":"https:\/\/seipuntozero-haircare.it\/prodotto\/take-over-sun-deluxe-shampoing-douche-apres-soleil\/"},"modified":"2021-06-09T10:23:06","modified_gmt":"2021-06-09T08:23:06","slug":"take-over-sun-deluxe-shampoing-douche-apres-soleil","status":"publish","type":"product","link":"https:\/\/seipuntozero-haircare.it\/fr\/product\/take-over-sun-deluxe-shampoing-douche-apres-soleil\/","title":{"rendered":"TAKE OVER \u2013 SUN DELUXE <br> Shampoing douche apr\u00e8s-soleil"},"content":{"rendered":"<ul>\n<li>Exerce une action protectrice en cas d&rsquo;exposition au soleil, au sel et au chlore.<\/li>\n<li>Nettoie d\u00e9licatement, laisse la peau douce et les cheveux brillants et \u00e9clatants.<\/li>\n<\/ul>\n","protected":false},"excerpt":{"rendered":"<p><strong>Take Over Sun Deluxe<\/strong>, <strong>shampoing douche<\/strong> apr\u00e8s-soleil illuminant et protecteur. Il nettoie en douceur le corps et les cheveux soumis au stress caus\u00e9 par des agents ext\u00e9rieurs\u00a0: rayons UV, sel et chlore. Sa formule enrichie en <strong>vitamine E et en polyph\u00e9nols<\/strong> exerce une fonction protectrice, restaure l&rsquo;hydratation naturelle et rend la peau douce et les cheveux \u00e9clatants.<\/p>\n<p>300 ml<\/p>\n","protected":false},"featured_media":19519,"template":"","meta":[],"product_brand":[],"product_cat":[604],"product_tag":[],"class_list":["post-15157","product","type-product","status-publish","has-post-thumbnail","hentry","product_cat-take-over-sun-deluxe-fr"],"yoast_head":"<!-- This site is optimized with the Yoast SEO plugin v27.1.1 - https:\/\/yoast.com\/product\/yoast-seo-wordpress\/ -->\n<title>TAKE OVER \u2013 SUN DELUXE | Shampoing douche apr\u00e8s-soleil<\/title>\n<meta name=\"description\" content=\"Take Over Sun Deluxe, shampoing douche apr\u00e8s-soleil illuminant et protecteur.\" \/>\n<meta name=\"robots\" content=\"index, follow, max-snippet:-1, max-image-preview:large, max-video-preview:-1\" \/>\n<link rel=\"canonical\" href=\"https:\/\/seipuntozero-haircare.it\/fr\/product\/take-over-sun-deluxe-shampoing-douche-apres-soleil\/\" \/>\n<meta property=\"og:locale\" content=\"fr_FR\" \/>\n<meta property=\"og:type\" content=\"article\" \/>\n<meta property=\"og:title\" content=\"TAKE OVER \u2013 SUN DELUXE | Shampoing douche apr\u00e8s-soleil\" \/>\n<meta property=\"og:description\" content=\"Take Over Sun Deluxe, shampoing douche apr\u00e8s-soleil illuminant et protecteur.\" \/>\n<meta property=\"og:url\" content=\"https:\/\/seipuntozero-haircare.it\/fr\/product\/take-over-sun-deluxe-shampoing-douche-apres-soleil\/\" \/>\n<meta property=\"og:site_name\" content=\"6.Zero\" \/>\n<meta property=\"article:modified_time\" content=\"2021-06-09T08:23:06+00:00\" \/>\n<meta property=\"og:image\" content=\"https:\/\/seipuntozero-haircare.it\/wp-content\/uploads\/2021\/05\/263226_sei_punto_zero_take_over_sun_deluxe_shampoo_300ml.png\" \/>\n\t<meta property=\"og:image:width\" content=\"600\" \/>\n\t<meta property=\"og:image:height\" content=\"600\" \/>\n\t<meta property=\"og:image:type\" content=\"image\/png\" \/>\n<meta name=\"twitter:card\" content=\"summary_large_image\" \/>\n<meta name=\"twitter:label1\" content=\"Dur\u00e9e de lecture estim\u00e9e\" \/>\n\t<meta name=\"twitter:data1\" content=\"1 minute\" \/>\n<script type=\"application\/ld+json\" class=\"yoast-schema-graph\">{\"@context\":\"https:\/\/schema.org\",\"@graph\":[{\"@type\":\"WebPage\",\"@id\":\"https:\/\/seipuntozero-haircare.it\/fr\/product\/take-over-sun-deluxe-shampoing-douche-apres-soleil\/\",\"url\":\"https:\/\/seipuntozero-haircare.it\/fr\/product\/take-over-sun-deluxe-shampoing-douche-apres-soleil\/\",\"name\":\"TAKE OVER \u2013 SUN DELUXE | Shampoing douche apr\u00e8s-soleil\",\"isPartOf\":{\"@id\":\"https:\/\/seipuntozero-haircare.it\/fr\/#website\"},\"primaryImageOfPage\":{\"@id\":\"https:\/\/seipuntozero-haircare.it\/fr\/product\/take-over-sun-deluxe-shampoing-douche-apres-soleil\/#primaryimage\"},\"image\":{\"@id\":\"https:\/\/seipuntozero-haircare.it\/fr\/product\/take-over-sun-deluxe-shampoing-douche-apres-soleil\/#primaryimage\"},\"thumbnailUrl\":\"https:\/\/seipuntozero-haircare.it\/wp-content\/uploads\/2023\/05\/263226_sei_punto_zero_take_over_sun_deluxe_shampoo_300ml.png\",\"datePublished\":\"2021-05-24T07:00:02+00:00\",\"dateModified\":\"2021-06-09T08:23:06+00:00\",\"description\":\"Take Over Sun Deluxe, shampoing douche apr\u00e8s-soleil illuminant et protecteur.\",\"breadcrumb\":{\"@id\":\"https:\/\/seipuntozero-haircare.it\/fr\/product\/take-over-sun-deluxe-shampoing-douche-apres-soleil\/#breadcrumb\"},\"inLanguage\":\"fr-FR\",\"potentialAction\":[{\"@type\":\"ReadAction\",\"target\":[\"https:\/\/seipuntozero-haircare.it\/fr\/product\/take-over-sun-deluxe-shampoing-douche-apres-soleil\/\"]}]},{\"@type\":\"ImageObject\",\"inLanguage\":\"fr-FR\",\"@id\":\"https:\/\/seipuntozero-haircare.it\/fr\/product\/take-over-sun-deluxe-shampoing-douche-apres-soleil\/#primaryimage\",\"url\":\"https:\/\/seipuntozero-haircare.it\/wp-content\/uploads\/2023\/05\/263226_sei_punto_zero_take_over_sun_deluxe_shampoo_300ml.png\",\"contentUrl\":\"https:\/\/seipuntozero-haircare.it\/wp-content\/uploads\/2023\/05\/263226_sei_punto_zero_take_over_sun_deluxe_shampoo_300ml.png\",\"width\":600,\"height\":600},{\"@type\":\"BreadcrumbList\",\"@id\":\"https:\/\/seipuntozero-haircare.it\/fr\/product\/take-over-sun-deluxe-shampoing-douche-apres-soleil\/#breadcrumb\",\"itemListElement\":[{\"@type\":\"ListItem\",\"position\":1,\"name\":\"Home\",\"item\":\"https:\/\/seipuntozero-haircare.it\/fr\/\"},{\"@type\":\"ListItem\",\"position\":2,\"name\":\"Products\",\"item\":\"https:\/\/seipuntozero-haircare.it\/fr\/shop\/\"},{\"@type\":\"ListItem\",\"position\":3,\"name\":\"TAKE OVER \u2013 SUN DELUXE Shampoing douche apr\u00e8s-soleil\"}]},{\"@type\":\"WebSite\",\"@id\":\"https:\/\/seipuntozero-haircare.it\/fr\/#website\",\"url\":\"https:\/\/seipuntozero-haircare.it\/fr\/\",\"name\":\"6.Zero\",\"description\":\"Essential Touch\",\"potentialAction\":[{\"@type\":\"SearchAction\",\"target\":{\"@type\":\"EntryPoint\",\"urlTemplate\":\"https:\/\/seipuntozero-haircare.it\/fr\/?s={search_term_string}\"},\"query-input\":{\"@type\":\"PropertyValueSpecification\",\"valueRequired\":true,\"valueName\":\"search_term_string\"}}],\"inLanguage\":\"fr-FR\"}]}<\/script>\n<!-- \/ Yoast SEO plugin. -->","yoast_head_json":{"title":"TAKE OVER \u2013 SUN DELUXE | Shampoing douche apr\u00e8s-soleil","description":"Take Over Sun Deluxe, shampoing douche apr\u00e8s-soleil illuminant et protecteur.","robots":{"index":"index","follow":"follow","max-snippet":"max-snippet:-1","max-image-preview":"max-image-preview:large","max-video-preview":"max-video-preview:-1"},"canonical":"https:\/\/seipuntozero-haircare.it\/fr\/product\/take-over-sun-deluxe-shampoing-douche-apres-soleil\/","og_locale":"fr_FR","og_type":"article","og_title":"TAKE OVER \u2013 SUN DELUXE | Shampoing douche apr\u00e8s-soleil","og_description":"Take Over Sun Deluxe, shampoing douche apr\u00e8s-soleil illuminant et protecteur.","og_url":"https:\/\/seipuntozero-haircare.it\/fr\/product\/take-over-sun-deluxe-shampoing-douche-apres-soleil\/","og_site_name":"6.Zero","article_modified_time":"2021-06-09T08:23:06+00:00","og_image":[{"width":600,"height":600,"url":"https:\/\/seipuntozero-haircare.it\/wp-content\/uploads\/2021\/05\/263226_sei_punto_zero_take_over_sun_deluxe_shampoo_300ml.png","type":"image\/png"}],"twitter_card":"summary_large_image","twitter_misc":{"Dur\u00e9e de lecture estim\u00e9e":"1 minute"},"schema":{"@context":"https:\/\/schema.org","@graph":[{"@type":"WebPage","@id":"https:\/\/seipuntozero-haircare.it\/fr\/product\/take-over-sun-deluxe-shampoing-douche-apres-soleil\/","url":"https:\/\/seipuntozero-haircare.it\/fr\/product\/take-over-sun-deluxe-shampoing-douche-apres-soleil\/","name":"TAKE OVER \u2013 SUN DELUXE | Shampoing douche apr\u00e8s-soleil","isPartOf":{"@id":"https:\/\/seipuntozero-haircare.it\/fr\/#website"},"primaryImageOfPage":{"@id":"https:\/\/seipuntozero-haircare.it\/fr\/product\/take-over-sun-deluxe-shampoing-douche-apres-soleil\/#primaryimage"},"image":{"@id":"https:\/\/seipuntozero-haircare.it\/fr\/product\/take-over-sun-deluxe-shampoing-douche-apres-soleil\/#primaryimage"},"thumbnailUrl":"https:\/\/seipuntozero-haircare.it\/wp-content\/uploads\/2023\/05\/263226_sei_punto_zero_take_over_sun_deluxe_shampoo_300ml.png","datePublished":"2021-05-24T07:00:02+00:00","dateModified":"2021-06-09T08:23:06+00:00","description":"Take Over Sun Deluxe, shampoing douche apr\u00e8s-soleil illuminant et protecteur.","breadcrumb":{"@id":"https:\/\/seipuntozero-haircare.it\/fr\/product\/take-over-sun-deluxe-shampoing-douche-apres-soleil\/#breadcrumb"},"inLanguage":"fr-FR","potentialAction":[{"@type":"ReadAction","target":["https:\/\/seipuntozero-haircare.it\/fr\/product\/take-over-sun-deluxe-shampoing-douche-apres-soleil\/"]}]},{"@type":"ImageObject","inLanguage":"fr-FR","@id":"https:\/\/seipuntozero-haircare.it\/fr\/product\/take-over-sun-deluxe-shampoing-douche-apres-soleil\/#primaryimage","url":"https:\/\/seipuntozero-haircare.it\/wp-content\/uploads\/2023\/05\/263226_sei_punto_zero_take_over_sun_deluxe_shampoo_300ml.png","contentUrl":"https:\/\/seipuntozero-haircare.it\/wp-content\/uploads\/2023\/05\/263226_sei_punto_zero_take_over_sun_deluxe_shampoo_300ml.png","width":600,"height":600},{"@type":"BreadcrumbList","@id":"https:\/\/seipuntozero-haircare.it\/fr\/product\/take-over-sun-deluxe-shampoing-douche-apres-soleil\/#breadcrumb","itemListElement":[{"@type":"ListItem","position":1,"name":"Home","item":"https:\/\/seipuntozero-haircare.it\/fr\/"},{"@type":"ListItem","position":2,"name":"Products","item":"https:\/\/seipuntozero-haircare.it\/fr\/shop\/"},{"@type":"ListItem","position":3,"name":"TAKE OVER \u2013 SUN DELUXE Shampoing douche apr\u00e8s-soleil"}]},{"@type":"WebSite","@id":"https:\/\/seipuntozero-haircare.it\/fr\/#website","url":"https:\/\/seipuntozero-haircare.it\/fr\/","name":"6.Zero","description":"Essential Touch","potentialAction":[{"@type":"SearchAction","target":{"@type":"EntryPoint","urlTemplate":"https:\/\/seipuntozero-haircare.it\/fr\/?s={search_term_string}"},"query-input":{"@type":"PropertyValueSpecification","valueRequired":true,"valueName":"search_term_string"}}],"inLanguage":"fr-FR"}]}},"_links":{"self":[{"href":"https:\/\/seipuntozero-haircare.it\/fr\/wp-json\/wp\/v2\/product\/15157","targetHints":{"allow":["GET"]}}],"collection":[{"href":"https:\/\/seipuntozero-haircare.it\/fr\/wp-json\/wp\/v2\/product"}],"about":[{"href":"https:\/\/seipuntozero-haircare.it\/fr\/wp-json\/wp\/v2\/types\/product"}],"wp:featuredmedia":[{"embeddable":true,"href":"https:\/\/seipuntozero-haircare.it\/fr\/wp-json\/wp\/v2\/media\/19519"}],"wp:attachment":[{"href":"https:\/\/seipuntozero-haircare.it\/fr\/wp-json\/wp\/v2\/media?parent=15157"}],"wp:term":[{"taxonomy":"product_brand","embeddable":true,"href":"https:\/\/seipuntozero-haircare.it\/fr\/wp-json\/wp\/v2\/product_brand?post=15157"},{"taxonomy":"product_cat","embeddable":true,"href":"https:\/\/seipuntozero-haircare.it\/fr\/wp-json\/wp\/v2\/product_cat?post=15157"},{"taxonomy":"product_tag","embeddable":true,"href":"https:\/\/seipuntozero-haircare.it\/fr\/wp-json\/wp\/v2\/product_tag?post=15157"}],"curies":[{"name":"wp","href":"https:\/\/api.w.org\/{rel}","templated":true}]}}