{"id":15149,"date":"2019-03-14T18:00:38","date_gmt":"2019-03-14T17:00:38","guid":{"rendered":"https:\/\/seipuntozero-haircare.it\/prodotto\/take-over-pure-silver-masque-anti-jaunissement\/"},"modified":"2021-06-10T09:45:49","modified_gmt":"2021-06-10T07:45:49","slug":"take-over-pure-silver-masque-anti-jaunissement","status":"publish","type":"product","link":"https:\/\/seipuntozero-haircare.it\/fr\/product\/take-over-pure-silver-masque-anti-jaunissement\/","title":{"rendered":"TAKE OVER \u2013 PURE SILVER <br> Masque anti-jaunissement"},"content":{"rendered":"<ul>\n<li>Neutralise les ind\u00e9sirables <strong>nuances jaun\u00e2tres<\/strong><\/li>\n<li>R\u00e9v\u00e8le une<strong> couleur intense<\/strong> et brillante<\/li>\n<li><strong>N\u2019alourdit pas<\/strong> la chevelure<\/li>\n<\/ul>\n","protected":false},"excerpt":{"rendered":"<p>Le <strong>masque anti-jaunissement<\/strong> \u00e0 l\u2019action revitalisante Take Over Pure Silver est un produit professionnel qui combat et <strong>neutralise les pigments jaun\u00e2tres<\/strong> des <strong>cheveux blancs, gris<\/strong> et <strong>d\u00e9color\u00e9s<\/strong>. Apr\u00e8s application du soin Pure Silver, la chevelure est <strong>souple au toucher,<\/strong> elle retrouve son <strong>aspect brillant<\/strong> et les signes de jaunissement sont supprim\u00e9s.<\/p>\n<p>Format 500 ml<\/p>\n","protected":false},"featured_media":19977,"template":"","meta":[],"product_brand":[],"product_cat":[603],"product_tag":[],"class_list":["post-15149","product","type-product","status-publish","has-post-thumbnail","hentry","product_cat-take-over-pure-silver-fr"],"yoast_head":"<!-- This site is optimized with the Yoast SEO plugin v27.1.1 - https:\/\/yoast.com\/product\/yoast-seo-wordpress\/ -->\n<title>TAKE OVER \u2013 PURE SILVER | Masque anti-jaunissement<\/title>\n<meta name=\"description\" content=\"Take Over Pure Silver est un produit professionnel qui combat et neutralise les pigments jaun\u00e2tres des cheveux blancs, gris et d\u00e9color\u00e9s.\" \/>\n<meta name=\"robots\" content=\"index, follow, max-snippet:-1, max-image-preview:large, max-video-preview:-1\" \/>\n<link rel=\"canonical\" href=\"https:\/\/seipuntozero-haircare.it\/fr\/product\/take-over-pure-silver-masque-anti-jaunissement\/\" \/>\n<meta property=\"og:locale\" content=\"fr_FR\" \/>\n<meta property=\"og:type\" content=\"article\" \/>\n<meta property=\"og:title\" content=\"TAKE OVER \u2013 PURE SILVER | Masque anti-jaunissement\" \/>\n<meta property=\"og:description\" content=\"Take Over Pure Silver est un produit professionnel qui combat et neutralise les pigments jaun\u00e2tres des cheveux blancs, gris et d\u00e9color\u00e9s.\" \/>\n<meta property=\"og:url\" content=\"https:\/\/seipuntozero-haircare.it\/fr\/product\/take-over-pure-silver-masque-anti-jaunissement\/\" \/>\n<meta property=\"og:site_name\" content=\"6.Zero\" \/>\n<meta property=\"article:modified_time\" content=\"2021-06-10T07:45:49+00:00\" \/>\n<meta property=\"og:image\" content=\"https:\/\/seipuntozero-haircare.it\/wp-content\/uploads\/2022\/05\/262632_sei_punto_zero_take_over_pure_silver_mask_500ml.png\" \/>\n\t<meta property=\"og:image:width\" content=\"800\" \/>\n\t<meta property=\"og:image:height\" content=\"800\" \/>\n\t<meta property=\"og:image:type\" content=\"image\/png\" \/>\n<meta name=\"twitter:card\" content=\"summary_large_image\" \/>\n<meta name=\"twitter:label1\" content=\"Dur\u00e9e de lecture estim\u00e9e\" \/>\n\t<meta name=\"twitter:data1\" content=\"1 minute\" \/>\n<script type=\"application\/ld+json\" class=\"yoast-schema-graph\">{\"@context\":\"https:\/\/schema.org\",\"@graph\":[{\"@type\":\"WebPage\",\"@id\":\"https:\/\/seipuntozero-haircare.it\/fr\/product\/take-over-pure-silver-masque-anti-jaunissement\/\",\"url\":\"https:\/\/seipuntozero-haircare.it\/fr\/product\/take-over-pure-silver-masque-anti-jaunissement\/\",\"name\":\"TAKE OVER \u2013 PURE SILVER | Masque anti-jaunissement\",\"isPartOf\":{\"@id\":\"https:\/\/seipuntozero-haircare.it\/fr\/#website\"},\"primaryImageOfPage\":{\"@id\":\"https:\/\/seipuntozero-haircare.it\/fr\/product\/take-over-pure-silver-masque-anti-jaunissement\/#primaryimage\"},\"image\":{\"@id\":\"https:\/\/seipuntozero-haircare.it\/fr\/product\/take-over-pure-silver-masque-anti-jaunissement\/#primaryimage\"},\"thumbnailUrl\":\"https:\/\/seipuntozero-haircare.it\/wp-content\/uploads\/2022\/05\/262632_sei_punto_zero_take_over_pure_silver_mask_500ml.png\",\"datePublished\":\"2019-03-14T17:00:38+00:00\",\"dateModified\":\"2021-06-10T07:45:49+00:00\",\"description\":\"Take Over Pure Silver est un produit professionnel qui combat et neutralise les pigments jaun\u00e2tres des cheveux blancs, gris et d\u00e9color\u00e9s.\",\"breadcrumb\":{\"@id\":\"https:\/\/seipuntozero-haircare.it\/fr\/product\/take-over-pure-silver-masque-anti-jaunissement\/#breadcrumb\"},\"inLanguage\":\"fr-FR\",\"potentialAction\":[{\"@type\":\"ReadAction\",\"target\":[\"https:\/\/seipuntozero-haircare.it\/fr\/product\/take-over-pure-silver-masque-anti-jaunissement\/\"]}]},{\"@type\":\"ImageObject\",\"inLanguage\":\"fr-FR\",\"@id\":\"https:\/\/seipuntozero-haircare.it\/fr\/product\/take-over-pure-silver-masque-anti-jaunissement\/#primaryimage\",\"url\":\"https:\/\/seipuntozero-haircare.it\/wp-content\/uploads\/2022\/05\/262632_sei_punto_zero_take_over_pure_silver_mask_500ml.png\",\"contentUrl\":\"https:\/\/seipuntozero-haircare.it\/wp-content\/uploads\/2022\/05\/262632_sei_punto_zero_take_over_pure_silver_mask_500ml.png\",\"width\":800,\"height\":800},{\"@type\":\"BreadcrumbList\",\"@id\":\"https:\/\/seipuntozero-haircare.it\/fr\/product\/take-over-pure-silver-masque-anti-jaunissement\/#breadcrumb\",\"itemListElement\":[{\"@type\":\"ListItem\",\"position\":1,\"name\":\"Home\",\"item\":\"https:\/\/seipuntozero-haircare.it\/fr\/\"},{\"@type\":\"ListItem\",\"position\":2,\"name\":\"Products\",\"item\":\"https:\/\/seipuntozero-haircare.it\/fr\/shop\/\"},{\"@type\":\"ListItem\",\"position\":3,\"name\":\"TAKE OVER \u2013 PURE SILVER Masque anti-jaunissement\"}]},{\"@type\":\"WebSite\",\"@id\":\"https:\/\/seipuntozero-haircare.it\/fr\/#website\",\"url\":\"https:\/\/seipuntozero-haircare.it\/fr\/\",\"name\":\"6.Zero\",\"description\":\"Essential Touch\",\"potentialAction\":[{\"@type\":\"SearchAction\",\"target\":{\"@type\":\"EntryPoint\",\"urlTemplate\":\"https:\/\/seipuntozero-haircare.it\/fr\/?s={search_term_string}\"},\"query-input\":{\"@type\":\"PropertyValueSpecification\",\"valueRequired\":true,\"valueName\":\"search_term_string\"}}],\"inLanguage\":\"fr-FR\"}]}<\/script>\n<!-- \/ Yoast SEO plugin. -->","yoast_head_json":{"title":"TAKE OVER \u2013 PURE SILVER | Masque anti-jaunissement","description":"Take Over Pure Silver est un produit professionnel qui combat et neutralise les pigments jaun\u00e2tres des cheveux blancs, gris et d\u00e9color\u00e9s.","robots":{"index":"index","follow":"follow","max-snippet":"max-snippet:-1","max-image-preview":"max-image-preview:large","max-video-preview":"max-video-preview:-1"},"canonical":"https:\/\/seipuntozero-haircare.it\/fr\/product\/take-over-pure-silver-masque-anti-jaunissement\/","og_locale":"fr_FR","og_type":"article","og_title":"TAKE OVER \u2013 PURE SILVER | Masque anti-jaunissement","og_description":"Take Over Pure Silver est un produit professionnel qui combat et neutralise les pigments jaun\u00e2tres des cheveux blancs, gris et d\u00e9color\u00e9s.","og_url":"https:\/\/seipuntozero-haircare.it\/fr\/product\/take-over-pure-silver-masque-anti-jaunissement\/","og_site_name":"6.Zero","article_modified_time":"2021-06-10T07:45:49+00:00","og_image":[{"width":800,"height":800,"url":"https:\/\/seipuntozero-haircare.it\/wp-content\/uploads\/2022\/05\/262632_sei_punto_zero_take_over_pure_silver_mask_500ml.png","type":"image\/png"}],"twitter_card":"summary_large_image","twitter_misc":{"Dur\u00e9e de lecture estim\u00e9e":"1 minute"},"schema":{"@context":"https:\/\/schema.org","@graph":[{"@type":"WebPage","@id":"https:\/\/seipuntozero-haircare.it\/fr\/product\/take-over-pure-silver-masque-anti-jaunissement\/","url":"https:\/\/seipuntozero-haircare.it\/fr\/product\/take-over-pure-silver-masque-anti-jaunissement\/","name":"TAKE OVER \u2013 PURE SILVER | Masque anti-jaunissement","isPartOf":{"@id":"https:\/\/seipuntozero-haircare.it\/fr\/#website"},"primaryImageOfPage":{"@id":"https:\/\/seipuntozero-haircare.it\/fr\/product\/take-over-pure-silver-masque-anti-jaunissement\/#primaryimage"},"image":{"@id":"https:\/\/seipuntozero-haircare.it\/fr\/product\/take-over-pure-silver-masque-anti-jaunissement\/#primaryimage"},"thumbnailUrl":"https:\/\/seipuntozero-haircare.it\/wp-content\/uploads\/2022\/05\/262632_sei_punto_zero_take_over_pure_silver_mask_500ml.png","datePublished":"2019-03-14T17:00:38+00:00","dateModified":"2021-06-10T07:45:49+00:00","description":"Take Over Pure Silver est un produit professionnel qui combat et neutralise les pigments jaun\u00e2tres des cheveux blancs, gris et d\u00e9color\u00e9s.","breadcrumb":{"@id":"https:\/\/seipuntozero-haircare.it\/fr\/product\/take-over-pure-silver-masque-anti-jaunissement\/#breadcrumb"},"inLanguage":"fr-FR","potentialAction":[{"@type":"ReadAction","target":["https:\/\/seipuntozero-haircare.it\/fr\/product\/take-over-pure-silver-masque-anti-jaunissement\/"]}]},{"@type":"ImageObject","inLanguage":"fr-FR","@id":"https:\/\/seipuntozero-haircare.it\/fr\/product\/take-over-pure-silver-masque-anti-jaunissement\/#primaryimage","url":"https:\/\/seipuntozero-haircare.it\/wp-content\/uploads\/2022\/05\/262632_sei_punto_zero_take_over_pure_silver_mask_500ml.png","contentUrl":"https:\/\/seipuntozero-haircare.it\/wp-content\/uploads\/2022\/05\/262632_sei_punto_zero_take_over_pure_silver_mask_500ml.png","width":800,"height":800},{"@type":"BreadcrumbList","@id":"https:\/\/seipuntozero-haircare.it\/fr\/product\/take-over-pure-silver-masque-anti-jaunissement\/#breadcrumb","itemListElement":[{"@type":"ListItem","position":1,"name":"Home","item":"https:\/\/seipuntozero-haircare.it\/fr\/"},{"@type":"ListItem","position":2,"name":"Products","item":"https:\/\/seipuntozero-haircare.it\/fr\/shop\/"},{"@type":"ListItem","position":3,"name":"TAKE OVER \u2013 PURE SILVER Masque anti-jaunissement"}]},{"@type":"WebSite","@id":"https:\/\/seipuntozero-haircare.it\/fr\/#website","url":"https:\/\/seipuntozero-haircare.it\/fr\/","name":"6.Zero","description":"Essential Touch","potentialAction":[{"@type":"SearchAction","target":{"@type":"EntryPoint","urlTemplate":"https:\/\/seipuntozero-haircare.it\/fr\/?s={search_term_string}"},"query-input":{"@type":"PropertyValueSpecification","valueRequired":true,"valueName":"search_term_string"}}],"inLanguage":"fr-FR"}]}},"_links":{"self":[{"href":"https:\/\/seipuntozero-haircare.it\/fr\/wp-json\/wp\/v2\/product\/15149","targetHints":{"allow":["GET"]}}],"collection":[{"href":"https:\/\/seipuntozero-haircare.it\/fr\/wp-json\/wp\/v2\/product"}],"about":[{"href":"https:\/\/seipuntozero-haircare.it\/fr\/wp-json\/wp\/v2\/types\/product"}],"wp:featuredmedia":[{"embeddable":true,"href":"https:\/\/seipuntozero-haircare.it\/fr\/wp-json\/wp\/v2\/media\/19977"}],"wp:attachment":[{"href":"https:\/\/seipuntozero-haircare.it\/fr\/wp-json\/wp\/v2\/media?parent=15149"}],"wp:term":[{"taxonomy":"product_brand","embeddable":true,"href":"https:\/\/seipuntozero-haircare.it\/fr\/wp-json\/wp\/v2\/product_brand?post=15149"},{"taxonomy":"product_cat","embeddable":true,"href":"https:\/\/seipuntozero-haircare.it\/fr\/wp-json\/wp\/v2\/product_cat?post=15149"},{"taxonomy":"product_tag","embeddable":true,"href":"https:\/\/seipuntozero-haircare.it\/fr\/wp-json\/wp\/v2\/product_tag?post=15149"}],"curies":[{"name":"wp","href":"https:\/\/api.w.org\/{rel}","templated":true}]}}