{"id":15143,"date":"2018-03-16T09:50:22","date_gmt":"2018-03-16T08:50:22","guid":{"rendered":"https:\/\/seipuntozero-haircare.it\/prodotto\/take-over-protective-color-shampooing-pour-cheveux-colores-et-meches\/"},"modified":"2021-06-09T10:16:52","modified_gmt":"2021-06-09T08:16:52","slug":"take-over-protective-color-shampooing-pour-cheveux-colores-et-meches","status":"publish","type":"product","link":"https:\/\/seipuntozero-haircare.it\/fr\/product\/take-over-protective-color-shampooing-pour-cheveux-colores-et-meches\/","title":{"rendered":"TAKE OVER \u2013 PROTECTIVE COLOR <br> Shampooing pour cheveux color\u00e9s et m\u00e9ch\u00e9s"},"content":{"rendered":"<ul>\n<li>Prolonge l\u2019<strong>intensit\u00e9 de la couleur <\/strong><\/li>\n<li>Les cheveux color\u00e9s et m\u00e9ch\u00e9s sont nettoy\u00e9s, <strong>prot\u00e9g\u00e9s et <\/strong><strong>hydrat\u00e9s<\/strong><\/li>\n<\/ul>\n","protected":false},"excerpt":{"rendered":"<p>Take Over Protective Color, <strong>shampooing pour cheveux color\u00e9s <\/strong>et <strong>m\u00e9ch\u00e9s<\/strong>. Nettoie d\u00e9licatement la peau et les cheveux, en nourrissant, renfor\u00e7ant et illuminant la chevelure\u00a0: la synergie parfaite d\u2019Huile d\u2019Argan et d\u2019Extrait de Grenade, en combinaison avec un Complexe v\u00e9g\u00e9tal protecteur sp\u00e9cifique, pr\u00e9serve durablement l\u2019<strong>intensit\u00e9 de la coloration<\/strong> \u00e0 laquelle est soumise la chevelure.<\/p>\n<p>Flacon 1000 ml<\/p>\n","protected":false},"featured_media":19953,"template":"","meta":[],"product_brand":[],"product_cat":[602],"product_tag":[],"class_list":["post-15143","product","type-product","status-publish","has-post-thumbnail","hentry","product_cat-take-over-protective-color-fr"],"yoast_head":"<!-- This site is optimized with the Yoast SEO plugin v27.1.1 - https:\/\/yoast.com\/product\/yoast-seo-wordpress\/ -->\n<title>TAKE OVER \u2013 PROTECTIVE COLOR | Shampooing pour cheveux color\u00e9s et m\u00e9ch\u00e9s<\/title>\n<meta name=\"description\" content=\"Take Over Protective Color, shampooing pour cheveux color\u00e9s et m\u00e9ch\u00e9s. Nettoie d\u00e9licatement la peau et les cheveux, en nourrissant, renfor\u00e7ant et illuminant la chevelure.\" \/>\n<meta name=\"robots\" content=\"index, follow, max-snippet:-1, max-image-preview:large, max-video-preview:-1\" \/>\n<link rel=\"canonical\" href=\"https:\/\/seipuntozero-haircare.it\/fr\/product\/take-over-protective-color-shampooing-pour-cheveux-colores-et-meches\/\" \/>\n<meta property=\"og:locale\" content=\"fr_FR\" \/>\n<meta property=\"og:type\" content=\"article\" \/>\n<meta property=\"og:title\" content=\"TAKE OVER \u2013 PROTECTIVE COLOR | Shampooing pour cheveux color\u00e9s et m\u00e9ch\u00e9s\" \/>\n<meta property=\"og:description\" content=\"Take Over Protective Color, shampooing pour cheveux color\u00e9s et m\u00e9ch\u00e9s. Nettoie d\u00e9licatement la peau et les cheveux, en nourrissant, renfor\u00e7ant et illuminant la chevelure.\" \/>\n<meta property=\"og:url\" content=\"https:\/\/seipuntozero-haircare.it\/fr\/product\/take-over-protective-color-shampooing-pour-cheveux-colores-et-meches\/\" \/>\n<meta property=\"og:site_name\" content=\"6.Zero\" \/>\n<meta property=\"article:modified_time\" content=\"2021-06-09T08:16:52+00:00\" \/>\n<meta property=\"og:image\" content=\"https:\/\/seipuntozero-haircare.it\/wp-content\/uploads\/2019\/03\/262526_sei_punto_zero_take_over_protective_color_shampoo_1000ml-1.png\" \/>\n\t<meta property=\"og:image:width\" content=\"800\" \/>\n\t<meta property=\"og:image:height\" content=\"800\" \/>\n\t<meta property=\"og:image:type\" content=\"image\/png\" \/>\n<meta name=\"twitter:card\" content=\"summary_large_image\" \/>\n<meta name=\"twitter:label1\" content=\"Dur\u00e9e de lecture estim\u00e9e\" \/>\n\t<meta name=\"twitter:data1\" content=\"1 minute\" \/>\n<script type=\"application\/ld+json\" class=\"yoast-schema-graph\">{\"@context\":\"https:\/\/schema.org\",\"@graph\":[{\"@type\":\"WebPage\",\"@id\":\"https:\/\/seipuntozero-haircare.it\/fr\/product\/take-over-protective-color-shampooing-pour-cheveux-colores-et-meches\/\",\"url\":\"https:\/\/seipuntozero-haircare.it\/fr\/product\/take-over-protective-color-shampooing-pour-cheveux-colores-et-meches\/\",\"name\":\"TAKE OVER \u2013 PROTECTIVE COLOR | Shampooing pour cheveux color\u00e9s et m\u00e9ch\u00e9s\",\"isPartOf\":{\"@id\":\"https:\/\/seipuntozero-haircare.it\/fr\/#website\"},\"primaryImageOfPage\":{\"@id\":\"https:\/\/seipuntozero-haircare.it\/fr\/product\/take-over-protective-color-shampooing-pour-cheveux-colores-et-meches\/#primaryimage\"},\"image\":{\"@id\":\"https:\/\/seipuntozero-haircare.it\/fr\/product\/take-over-protective-color-shampooing-pour-cheveux-colores-et-meches\/#primaryimage\"},\"thumbnailUrl\":\"https:\/\/seipuntozero-haircare.it\/wp-content\/uploads\/2019\/03\/262526_sei_punto_zero_take_over_protective_color_shampoo_1000ml-1.png\",\"datePublished\":\"2018-03-16T08:50:22+00:00\",\"dateModified\":\"2021-06-09T08:16:52+00:00\",\"description\":\"Take Over Protective Color, shampooing pour cheveux color\u00e9s et m\u00e9ch\u00e9s. Nettoie d\u00e9licatement la peau et les cheveux, en nourrissant, renfor\u00e7ant et illuminant la chevelure.\",\"breadcrumb\":{\"@id\":\"https:\/\/seipuntozero-haircare.it\/fr\/product\/take-over-protective-color-shampooing-pour-cheveux-colores-et-meches\/#breadcrumb\"},\"inLanguage\":\"fr-FR\",\"potentialAction\":[{\"@type\":\"ReadAction\",\"target\":[\"https:\/\/seipuntozero-haircare.it\/fr\/product\/take-over-protective-color-shampooing-pour-cheveux-colores-et-meches\/\"]}]},{\"@type\":\"ImageObject\",\"inLanguage\":\"fr-FR\",\"@id\":\"https:\/\/seipuntozero-haircare.it\/fr\/product\/take-over-protective-color-shampooing-pour-cheveux-colores-et-meches\/#primaryimage\",\"url\":\"https:\/\/seipuntozero-haircare.it\/wp-content\/uploads\/2019\/03\/262526_sei_punto_zero_take_over_protective_color_shampoo_1000ml-1.png\",\"contentUrl\":\"https:\/\/seipuntozero-haircare.it\/wp-content\/uploads\/2019\/03\/262526_sei_punto_zero_take_over_protective_color_shampoo_1000ml-1.png\",\"width\":800,\"height\":800},{\"@type\":\"BreadcrumbList\",\"@id\":\"https:\/\/seipuntozero-haircare.it\/fr\/product\/take-over-protective-color-shampooing-pour-cheveux-colores-et-meches\/#breadcrumb\",\"itemListElement\":[{\"@type\":\"ListItem\",\"position\":1,\"name\":\"Home\",\"item\":\"https:\/\/seipuntozero-haircare.it\/fr\/\"},{\"@type\":\"ListItem\",\"position\":2,\"name\":\"Products\",\"item\":\"https:\/\/seipuntozero-haircare.it\/fr\/shop\/\"},{\"@type\":\"ListItem\",\"position\":3,\"name\":\"TAKE OVER \u2013 PROTECTIVE COLOR Shampooing pour cheveux color\u00e9s et m\u00e9ch\u00e9s\"}]},{\"@type\":\"WebSite\",\"@id\":\"https:\/\/seipuntozero-haircare.it\/fr\/#website\",\"url\":\"https:\/\/seipuntozero-haircare.it\/fr\/\",\"name\":\"6.Zero\",\"description\":\"Essential Touch\",\"potentialAction\":[{\"@type\":\"SearchAction\",\"target\":{\"@type\":\"EntryPoint\",\"urlTemplate\":\"https:\/\/seipuntozero-haircare.it\/fr\/?s={search_term_string}\"},\"query-input\":{\"@type\":\"PropertyValueSpecification\",\"valueRequired\":true,\"valueName\":\"search_term_string\"}}],\"inLanguage\":\"fr-FR\"}]}<\/script>\n<!-- \/ Yoast SEO plugin. -->","yoast_head_json":{"title":"TAKE OVER \u2013 PROTECTIVE COLOR | Shampooing pour cheveux color\u00e9s et m\u00e9ch\u00e9s","description":"Take Over Protective Color, shampooing pour cheveux color\u00e9s et m\u00e9ch\u00e9s. Nettoie d\u00e9licatement la peau et les cheveux, en nourrissant, renfor\u00e7ant et illuminant la chevelure.","robots":{"index":"index","follow":"follow","max-snippet":"max-snippet:-1","max-image-preview":"max-image-preview:large","max-video-preview":"max-video-preview:-1"},"canonical":"https:\/\/seipuntozero-haircare.it\/fr\/product\/take-over-protective-color-shampooing-pour-cheveux-colores-et-meches\/","og_locale":"fr_FR","og_type":"article","og_title":"TAKE OVER \u2013 PROTECTIVE COLOR | Shampooing pour cheveux color\u00e9s et m\u00e9ch\u00e9s","og_description":"Take Over Protective Color, shampooing pour cheveux color\u00e9s et m\u00e9ch\u00e9s. Nettoie d\u00e9licatement la peau et les cheveux, en nourrissant, renfor\u00e7ant et illuminant la chevelure.","og_url":"https:\/\/seipuntozero-haircare.it\/fr\/product\/take-over-protective-color-shampooing-pour-cheveux-colores-et-meches\/","og_site_name":"6.Zero","article_modified_time":"2021-06-09T08:16:52+00:00","og_image":[{"width":800,"height":800,"url":"https:\/\/seipuntozero-haircare.it\/wp-content\/uploads\/2019\/03\/262526_sei_punto_zero_take_over_protective_color_shampoo_1000ml-1.png","type":"image\/png"}],"twitter_card":"summary_large_image","twitter_misc":{"Dur\u00e9e de lecture estim\u00e9e":"1 minute"},"schema":{"@context":"https:\/\/schema.org","@graph":[{"@type":"WebPage","@id":"https:\/\/seipuntozero-haircare.it\/fr\/product\/take-over-protective-color-shampooing-pour-cheveux-colores-et-meches\/","url":"https:\/\/seipuntozero-haircare.it\/fr\/product\/take-over-protective-color-shampooing-pour-cheveux-colores-et-meches\/","name":"TAKE OVER \u2013 PROTECTIVE COLOR | Shampooing pour cheveux color\u00e9s et m\u00e9ch\u00e9s","isPartOf":{"@id":"https:\/\/seipuntozero-haircare.it\/fr\/#website"},"primaryImageOfPage":{"@id":"https:\/\/seipuntozero-haircare.it\/fr\/product\/take-over-protective-color-shampooing-pour-cheveux-colores-et-meches\/#primaryimage"},"image":{"@id":"https:\/\/seipuntozero-haircare.it\/fr\/product\/take-over-protective-color-shampooing-pour-cheveux-colores-et-meches\/#primaryimage"},"thumbnailUrl":"https:\/\/seipuntozero-haircare.it\/wp-content\/uploads\/2019\/03\/262526_sei_punto_zero_take_over_protective_color_shampoo_1000ml-1.png","datePublished":"2018-03-16T08:50:22+00:00","dateModified":"2021-06-09T08:16:52+00:00","description":"Take Over Protective Color, shampooing pour cheveux color\u00e9s et m\u00e9ch\u00e9s. Nettoie d\u00e9licatement la peau et les cheveux, en nourrissant, renfor\u00e7ant et illuminant la chevelure.","breadcrumb":{"@id":"https:\/\/seipuntozero-haircare.it\/fr\/product\/take-over-protective-color-shampooing-pour-cheveux-colores-et-meches\/#breadcrumb"},"inLanguage":"fr-FR","potentialAction":[{"@type":"ReadAction","target":["https:\/\/seipuntozero-haircare.it\/fr\/product\/take-over-protective-color-shampooing-pour-cheveux-colores-et-meches\/"]}]},{"@type":"ImageObject","inLanguage":"fr-FR","@id":"https:\/\/seipuntozero-haircare.it\/fr\/product\/take-over-protective-color-shampooing-pour-cheveux-colores-et-meches\/#primaryimage","url":"https:\/\/seipuntozero-haircare.it\/wp-content\/uploads\/2019\/03\/262526_sei_punto_zero_take_over_protective_color_shampoo_1000ml-1.png","contentUrl":"https:\/\/seipuntozero-haircare.it\/wp-content\/uploads\/2019\/03\/262526_sei_punto_zero_take_over_protective_color_shampoo_1000ml-1.png","width":800,"height":800},{"@type":"BreadcrumbList","@id":"https:\/\/seipuntozero-haircare.it\/fr\/product\/take-over-protective-color-shampooing-pour-cheveux-colores-et-meches\/#breadcrumb","itemListElement":[{"@type":"ListItem","position":1,"name":"Home","item":"https:\/\/seipuntozero-haircare.it\/fr\/"},{"@type":"ListItem","position":2,"name":"Products","item":"https:\/\/seipuntozero-haircare.it\/fr\/shop\/"},{"@type":"ListItem","position":3,"name":"TAKE OVER \u2013 PROTECTIVE COLOR Shampooing pour cheveux color\u00e9s et m\u00e9ch\u00e9s"}]},{"@type":"WebSite","@id":"https:\/\/seipuntozero-haircare.it\/fr\/#website","url":"https:\/\/seipuntozero-haircare.it\/fr\/","name":"6.Zero","description":"Essential Touch","potentialAction":[{"@type":"SearchAction","target":{"@type":"EntryPoint","urlTemplate":"https:\/\/seipuntozero-haircare.it\/fr\/?s={search_term_string}"},"query-input":{"@type":"PropertyValueSpecification","valueRequired":true,"valueName":"search_term_string"}}],"inLanguage":"fr-FR"}]}},"_links":{"self":[{"href":"https:\/\/seipuntozero-haircare.it\/fr\/wp-json\/wp\/v2\/product\/15143","targetHints":{"allow":["GET"]}}],"collection":[{"href":"https:\/\/seipuntozero-haircare.it\/fr\/wp-json\/wp\/v2\/product"}],"about":[{"href":"https:\/\/seipuntozero-haircare.it\/fr\/wp-json\/wp\/v2\/types\/product"}],"wp:featuredmedia":[{"embeddable":true,"href":"https:\/\/seipuntozero-haircare.it\/fr\/wp-json\/wp\/v2\/media\/19953"}],"wp:attachment":[{"href":"https:\/\/seipuntozero-haircare.it\/fr\/wp-json\/wp\/v2\/media?parent=15143"}],"wp:term":[{"taxonomy":"product_brand","embeddable":true,"href":"https:\/\/seipuntozero-haircare.it\/fr\/wp-json\/wp\/v2\/product_brand?post=15143"},{"taxonomy":"product_cat","embeddable":true,"href":"https:\/\/seipuntozero-haircare.it\/fr\/wp-json\/wp\/v2\/product_cat?post=15143"},{"taxonomy":"product_tag","embeddable":true,"href":"https:\/\/seipuntozero-haircare.it\/fr\/wp-json\/wp\/v2\/product_tag?post=15143"}],"curies":[{"name":"wp","href":"https:\/\/api.w.org\/{rel}","templated":true}]}}