{"id":15133,"date":"2019-03-14T18:00:08","date_gmt":"2019-03-14T17:00:08","guid":{"rendered":"https:\/\/seipuntozero-haircare.it\/prodotto\/take-over-perfect-smooth-masque-pour-cheveux-raides-et-indisciplines\/"},"modified":"2021-06-09T10:10:49","modified_gmt":"2021-06-09T08:10:49","slug":"take-over-perfect-smooth-masque-pour-cheveux-raides-et-indisciplines","status":"publish","type":"product","link":"https:\/\/seipuntozero-haircare.it\/fr\/product\/take-over-perfect-smooth-masque-pour-cheveux-raides-et-indisciplines\/","title":{"rendered":"TAKE OVER \u2013 PERFECT SMOOTH <br> Masque pour cheveux raides et indisciplin\u00e9s"},"content":{"rendered":"<ul>\n<li><strong>Lisse et discipline<\/strong> tous les types de cheveux<\/li>\n<li>Exerce <strong>une action conditionnante<\/strong> et nourrissante<\/li>\n<li><strong>N\u2019alourdit pas<\/strong> la chevelure<\/li>\n<\/ul>\n","protected":false},"excerpt":{"rendered":"<p>Take Over Perfect Smooth, <strong>masque pour cheveux raides et indisciplin\u00e9s<\/strong>, exerce une action nourrissante et conditionnante intense qui d\u00e9tend la fibre capillaire, avec un <strong>effet anti-frisottis lustrant<\/strong>. Gr\u00e2ce \u00e0 sa formule innovante \u00e0 sa texture velout\u00e9e enrichie aux <strong>Prot\u00e9ines de Soie<\/strong> et aux <strong>Acides amin\u00e9s de K\u00e9ratine<\/strong>, il rend la <strong>chevelure parfaitement lisse, <\/strong>\u00e9lastique et resplendissante. N\u2019alourdit pas la chevelure.<\/p>\n<p>Pot 500 ml<\/p>\n","protected":false},"featured_media":19935,"template":"","meta":[],"product_brand":[],"product_cat":[601],"product_tag":[],"class_list":["post-15133","product","type-product","status-publish","has-post-thumbnail","hentry","product_cat-take-over-perfect-smooth-fr"],"yoast_head":"<!-- This site is optimized with the Yoast SEO plugin v27.1.1 - https:\/\/yoast.com\/product\/yoast-seo-wordpress\/ -->\n<title>TAKE OVER \u2013 PERFECT SMOOTH  Masque pour cheveux raides et indisciplin\u00e9s - 6.Zero<\/title>\n<meta name=\"description\" content=\"Take Over Perfect Smooth, masque pour cheveux raides et indisciplin\u00e9s, exerce une action nourrissante et conditionnante intense qui d\u00e9tend la fibre capillaire, avec un effet anti-frisottis lustrant.\" \/>\n<meta name=\"robots\" content=\"index, follow, max-snippet:-1, max-image-preview:large, max-video-preview:-1\" \/>\n<link rel=\"canonical\" href=\"https:\/\/seipuntozero-haircare.it\/fr\/product\/take-over-perfect-smooth-masque-pour-cheveux-raides-et-indisciplines\/\" \/>\n<meta property=\"og:locale\" content=\"fr_FR\" \/>\n<meta property=\"og:type\" content=\"article\" \/>\n<meta property=\"og:title\" content=\"TAKE OVER \u2013 PERFECT SMOOTH  Masque pour cheveux raides et indisciplin\u00e9s - 6.Zero\" \/>\n<meta property=\"og:description\" content=\"Take Over Perfect Smooth, masque pour cheveux raides et indisciplin\u00e9s, exerce une action nourrissante et conditionnante intense qui d\u00e9tend la fibre capillaire, avec un effet anti-frisottis lustrant.\" \/>\n<meta property=\"og:url\" content=\"https:\/\/seipuntozero-haircare.it\/fr\/product\/take-over-perfect-smooth-masque-pour-cheveux-raides-et-indisciplines\/\" \/>\n<meta property=\"og:site_name\" content=\"6.Zero\" \/>\n<meta property=\"article:modified_time\" content=\"2021-06-09T08:10:49+00:00\" \/>\n<meta property=\"og:image\" content=\"https:\/\/seipuntozero-haircare.it\/wp-content\/uploads\/2019\/03\/262618_sei_punto_zero_take_over_perfect_smooth_mask_500ml-1.png\" \/>\n\t<meta property=\"og:image:width\" content=\"800\" \/>\n\t<meta property=\"og:image:height\" content=\"800\" \/>\n\t<meta property=\"og:image:type\" content=\"image\/png\" \/>\n<meta name=\"twitter:card\" content=\"summary_large_image\" \/>\n<meta name=\"twitter:label1\" content=\"Dur\u00e9e de lecture estim\u00e9e\" \/>\n\t<meta name=\"twitter:data1\" content=\"1 minute\" \/>\n<script type=\"application\/ld+json\" class=\"yoast-schema-graph\">{\"@context\":\"https:\/\/schema.org\",\"@graph\":[{\"@type\":\"WebPage\",\"@id\":\"https:\/\/seipuntozero-haircare.it\/fr\/product\/take-over-perfect-smooth-masque-pour-cheveux-raides-et-indisciplines\/\",\"url\":\"https:\/\/seipuntozero-haircare.it\/fr\/product\/take-over-perfect-smooth-masque-pour-cheveux-raides-et-indisciplines\/\",\"name\":\"TAKE OVER \u2013 PERFECT SMOOTH Masque pour cheveux raides et indisciplin\u00e9s - 6.Zero\",\"isPartOf\":{\"@id\":\"https:\/\/seipuntozero-haircare.it\/fr\/#website\"},\"primaryImageOfPage\":{\"@id\":\"https:\/\/seipuntozero-haircare.it\/fr\/product\/take-over-perfect-smooth-masque-pour-cheveux-raides-et-indisciplines\/#primaryimage\"},\"image\":{\"@id\":\"https:\/\/seipuntozero-haircare.it\/fr\/product\/take-over-perfect-smooth-masque-pour-cheveux-raides-et-indisciplines\/#primaryimage\"},\"thumbnailUrl\":\"https:\/\/seipuntozero-haircare.it\/wp-content\/uploads\/2019\/03\/262618_sei_punto_zero_take_over_perfect_smooth_mask_500ml-1.png\",\"datePublished\":\"2019-03-14T17:00:08+00:00\",\"dateModified\":\"2021-06-09T08:10:49+00:00\",\"description\":\"Take Over Perfect Smooth, masque pour cheveux raides et indisciplin\u00e9s, exerce une action nourrissante et conditionnante intense qui d\u00e9tend la fibre capillaire, avec un effet anti-frisottis lustrant.\",\"breadcrumb\":{\"@id\":\"https:\/\/seipuntozero-haircare.it\/fr\/product\/take-over-perfect-smooth-masque-pour-cheveux-raides-et-indisciplines\/#breadcrumb\"},\"inLanguage\":\"fr-FR\",\"potentialAction\":[{\"@type\":\"ReadAction\",\"target\":[\"https:\/\/seipuntozero-haircare.it\/fr\/product\/take-over-perfect-smooth-masque-pour-cheveux-raides-et-indisciplines\/\"]}]},{\"@type\":\"ImageObject\",\"inLanguage\":\"fr-FR\",\"@id\":\"https:\/\/seipuntozero-haircare.it\/fr\/product\/take-over-perfect-smooth-masque-pour-cheveux-raides-et-indisciplines\/#primaryimage\",\"url\":\"https:\/\/seipuntozero-haircare.it\/wp-content\/uploads\/2019\/03\/262618_sei_punto_zero_take_over_perfect_smooth_mask_500ml-1.png\",\"contentUrl\":\"https:\/\/seipuntozero-haircare.it\/wp-content\/uploads\/2019\/03\/262618_sei_punto_zero_take_over_perfect_smooth_mask_500ml-1.png\",\"width\":800,\"height\":800},{\"@type\":\"BreadcrumbList\",\"@id\":\"https:\/\/seipuntozero-haircare.it\/fr\/product\/take-over-perfect-smooth-masque-pour-cheveux-raides-et-indisciplines\/#breadcrumb\",\"itemListElement\":[{\"@type\":\"ListItem\",\"position\":1,\"name\":\"Home\",\"item\":\"https:\/\/seipuntozero-haircare.it\/fr\/\"},{\"@type\":\"ListItem\",\"position\":2,\"name\":\"Products\",\"item\":\"https:\/\/seipuntozero-haircare.it\/fr\/shop\/\"},{\"@type\":\"ListItem\",\"position\":3,\"name\":\"TAKE OVER \u2013 PERFECT SMOOTH Masque pour cheveux raides et indisciplin\u00e9s\"}]},{\"@type\":\"WebSite\",\"@id\":\"https:\/\/seipuntozero-haircare.it\/fr\/#website\",\"url\":\"https:\/\/seipuntozero-haircare.it\/fr\/\",\"name\":\"6.Zero\",\"description\":\"Essential Touch\",\"potentialAction\":[{\"@type\":\"SearchAction\",\"target\":{\"@type\":\"EntryPoint\",\"urlTemplate\":\"https:\/\/seipuntozero-haircare.it\/fr\/?s={search_term_string}\"},\"query-input\":{\"@type\":\"PropertyValueSpecification\",\"valueRequired\":true,\"valueName\":\"search_term_string\"}}],\"inLanguage\":\"fr-FR\"}]}<\/script>\n<!-- \/ Yoast SEO plugin. -->","yoast_head_json":{"title":"TAKE OVER \u2013 PERFECT SMOOTH  Masque pour cheveux raides et indisciplin\u00e9s - 6.Zero","description":"Take Over Perfect Smooth, masque pour cheveux raides et indisciplin\u00e9s, exerce une action nourrissante et conditionnante intense qui d\u00e9tend la fibre capillaire, avec un effet anti-frisottis lustrant.","robots":{"index":"index","follow":"follow","max-snippet":"max-snippet:-1","max-image-preview":"max-image-preview:large","max-video-preview":"max-video-preview:-1"},"canonical":"https:\/\/seipuntozero-haircare.it\/fr\/product\/take-over-perfect-smooth-masque-pour-cheveux-raides-et-indisciplines\/","og_locale":"fr_FR","og_type":"article","og_title":"TAKE OVER \u2013 PERFECT SMOOTH  Masque pour cheveux raides et indisciplin\u00e9s - 6.Zero","og_description":"Take Over Perfect Smooth, masque pour cheveux raides et indisciplin\u00e9s, exerce une action nourrissante et conditionnante intense qui d\u00e9tend la fibre capillaire, avec un effet anti-frisottis lustrant.","og_url":"https:\/\/seipuntozero-haircare.it\/fr\/product\/take-over-perfect-smooth-masque-pour-cheveux-raides-et-indisciplines\/","og_site_name":"6.Zero","article_modified_time":"2021-06-09T08:10:49+00:00","og_image":[{"width":800,"height":800,"url":"https:\/\/seipuntozero-haircare.it\/wp-content\/uploads\/2019\/03\/262618_sei_punto_zero_take_over_perfect_smooth_mask_500ml-1.png","type":"image\/png"}],"twitter_card":"summary_large_image","twitter_misc":{"Dur\u00e9e de lecture estim\u00e9e":"1 minute"},"schema":{"@context":"https:\/\/schema.org","@graph":[{"@type":"WebPage","@id":"https:\/\/seipuntozero-haircare.it\/fr\/product\/take-over-perfect-smooth-masque-pour-cheveux-raides-et-indisciplines\/","url":"https:\/\/seipuntozero-haircare.it\/fr\/product\/take-over-perfect-smooth-masque-pour-cheveux-raides-et-indisciplines\/","name":"TAKE OVER \u2013 PERFECT SMOOTH Masque pour cheveux raides et indisciplin\u00e9s - 6.Zero","isPartOf":{"@id":"https:\/\/seipuntozero-haircare.it\/fr\/#website"},"primaryImageOfPage":{"@id":"https:\/\/seipuntozero-haircare.it\/fr\/product\/take-over-perfect-smooth-masque-pour-cheveux-raides-et-indisciplines\/#primaryimage"},"image":{"@id":"https:\/\/seipuntozero-haircare.it\/fr\/product\/take-over-perfect-smooth-masque-pour-cheveux-raides-et-indisciplines\/#primaryimage"},"thumbnailUrl":"https:\/\/seipuntozero-haircare.it\/wp-content\/uploads\/2019\/03\/262618_sei_punto_zero_take_over_perfect_smooth_mask_500ml-1.png","datePublished":"2019-03-14T17:00:08+00:00","dateModified":"2021-06-09T08:10:49+00:00","description":"Take Over Perfect Smooth, masque pour cheveux raides et indisciplin\u00e9s, exerce une action nourrissante et conditionnante intense qui d\u00e9tend la fibre capillaire, avec un effet anti-frisottis lustrant.","breadcrumb":{"@id":"https:\/\/seipuntozero-haircare.it\/fr\/product\/take-over-perfect-smooth-masque-pour-cheveux-raides-et-indisciplines\/#breadcrumb"},"inLanguage":"fr-FR","potentialAction":[{"@type":"ReadAction","target":["https:\/\/seipuntozero-haircare.it\/fr\/product\/take-over-perfect-smooth-masque-pour-cheveux-raides-et-indisciplines\/"]}]},{"@type":"ImageObject","inLanguage":"fr-FR","@id":"https:\/\/seipuntozero-haircare.it\/fr\/product\/take-over-perfect-smooth-masque-pour-cheveux-raides-et-indisciplines\/#primaryimage","url":"https:\/\/seipuntozero-haircare.it\/wp-content\/uploads\/2019\/03\/262618_sei_punto_zero_take_over_perfect_smooth_mask_500ml-1.png","contentUrl":"https:\/\/seipuntozero-haircare.it\/wp-content\/uploads\/2019\/03\/262618_sei_punto_zero_take_over_perfect_smooth_mask_500ml-1.png","width":800,"height":800},{"@type":"BreadcrumbList","@id":"https:\/\/seipuntozero-haircare.it\/fr\/product\/take-over-perfect-smooth-masque-pour-cheveux-raides-et-indisciplines\/#breadcrumb","itemListElement":[{"@type":"ListItem","position":1,"name":"Home","item":"https:\/\/seipuntozero-haircare.it\/fr\/"},{"@type":"ListItem","position":2,"name":"Products","item":"https:\/\/seipuntozero-haircare.it\/fr\/shop\/"},{"@type":"ListItem","position":3,"name":"TAKE OVER \u2013 PERFECT SMOOTH Masque pour cheveux raides et indisciplin\u00e9s"}]},{"@type":"WebSite","@id":"https:\/\/seipuntozero-haircare.it\/fr\/#website","url":"https:\/\/seipuntozero-haircare.it\/fr\/","name":"6.Zero","description":"Essential Touch","potentialAction":[{"@type":"SearchAction","target":{"@type":"EntryPoint","urlTemplate":"https:\/\/seipuntozero-haircare.it\/fr\/?s={search_term_string}"},"query-input":{"@type":"PropertyValueSpecification","valueRequired":true,"valueName":"search_term_string"}}],"inLanguage":"fr-FR"}]}},"_links":{"self":[{"href":"https:\/\/seipuntozero-haircare.it\/fr\/wp-json\/wp\/v2\/product\/15133","targetHints":{"allow":["GET"]}}],"collection":[{"href":"https:\/\/seipuntozero-haircare.it\/fr\/wp-json\/wp\/v2\/product"}],"about":[{"href":"https:\/\/seipuntozero-haircare.it\/fr\/wp-json\/wp\/v2\/types\/product"}],"wp:featuredmedia":[{"embeddable":true,"href":"https:\/\/seipuntozero-haircare.it\/fr\/wp-json\/wp\/v2\/media\/19935"}],"wp:attachment":[{"href":"https:\/\/seipuntozero-haircare.it\/fr\/wp-json\/wp\/v2\/media?parent=15133"}],"wp:term":[{"taxonomy":"product_brand","embeddable":true,"href":"https:\/\/seipuntozero-haircare.it\/fr\/wp-json\/wp\/v2\/product_brand?post=15133"},{"taxonomy":"product_cat","embeddable":true,"href":"https:\/\/seipuntozero-haircare.it\/fr\/wp-json\/wp\/v2\/product_cat?post=15133"},{"taxonomy":"product_tag","embeddable":true,"href":"https:\/\/seipuntozero-haircare.it\/fr\/wp-json\/wp\/v2\/product_tag?post=15133"}],"curies":[{"name":"wp","href":"https:\/\/api.w.org\/{rel}","templated":true}]}}