{"id":15127,"date":"2017-03-15T16:21:22","date_gmt":"2017-03-15T15:21:22","guid":{"rendered":"https:\/\/seipuntozero-haircare.it\/prodotto\/take-over-full-expand-masque-pour-cheveux-fins-2\/"},"modified":"2021-06-09T09:59:11","modified_gmt":"2021-06-09T07:59:11","slug":"take-over-full-expand-masque-pour-cheveux-fins-2","status":"publish","type":"product","link":"https:\/\/seipuntozero-haircare.it\/fr\/product\/take-over-full-expand-masque-pour-cheveux-fins-2\/","title":{"rendered":"TAKE OVER \u2013 FULL EXPAND <br> Masque pour cheveux fins"},"content":{"rendered":"<ul>\n<li>Donne <strong>volume et consistance<\/strong> aux cheveux fins<\/li>\n<li>Apporte <strong>nutrition au cheveu<\/strong>, en le redensifiant et en l\u2019hydratant intens\u00e9ment<\/li>\n<li><strong>N\u2019alourdit pas<\/strong> la chevelure<\/li>\n<\/ul>\n","protected":false},"excerpt":{"rendered":"<p>Take Over Full Expand, <strong>masque pour cheveux fins et sans volume<\/strong> donne de l\u2019\u00e9paisseur \u00e0 la fibre capillaire, des racines aux pointes, pour une chevelure visiblement <strong>volumineuse et extraordinairement douce<\/strong> au toucher. La formulation du masque am\u00e9liore d\u00e8s les premi\u00e8res applications la vitalit\u00e9 des cheveux fins, en les redensifiant avec une action intensive.<\/p>\n<p>Pot 300 ml<\/p>\n","protected":false},"featured_media":19844,"template":"","meta":[],"product_brand":[],"product_cat":[599],"product_tag":[],"class_list":["post-15127","product","type-product","status-publish","has-post-thumbnail","hentry","product_cat-take-over-full-expand-fr"],"yoast_head":"<!-- This site is optimized with the Yoast SEO plugin v27.1.1 - https:\/\/yoast.com\/product\/yoast-seo-wordpress\/ -->\n<title>TAKE OVER \u2013 FULL EXPAND  Masque pour cheveux fins - 6.Zero<\/title>\n<meta name=\"description\" content=\"Take Over Full Expand, masque pour cheveux fins et sans volume donne de l\u2019\u00e9paisseur \u00e0 la fibre capillaire, des racines aux pointes, pour une chevelure visiblement volumineuse et extraordinairement douce au toucher.\" \/>\n<meta name=\"robots\" content=\"index, follow, max-snippet:-1, max-image-preview:large, max-video-preview:-1\" \/>\n<link rel=\"canonical\" href=\"https:\/\/seipuntozero-haircare.it\/fr\/product\/take-over-full-expand-masque-pour-cheveux-fins-2\/\" \/>\n<meta property=\"og:locale\" content=\"fr_FR\" \/>\n<meta property=\"og:type\" content=\"article\" \/>\n<meta property=\"og:title\" content=\"TAKE OVER \u2013 FULL EXPAND  Masque pour cheveux fins - 6.Zero\" \/>\n<meta property=\"og:description\" content=\"Take Over Full Expand, masque pour cheveux fins et sans volume donne de l\u2019\u00e9paisseur \u00e0 la fibre capillaire, des racines aux pointes, pour une chevelure visiblement volumineuse et extraordinairement douce au toucher.\" \/>\n<meta property=\"og:url\" content=\"https:\/\/seipuntozero-haircare.it\/fr\/product\/take-over-full-expand-masque-pour-cheveux-fins-2\/\" \/>\n<meta property=\"og:site_name\" content=\"6.Zero\" \/>\n<meta property=\"article:modified_time\" content=\"2021-06-09T07:59:11+00:00\" \/>\n<meta property=\"og:image\" content=\"https:\/\/seipuntozero-haircare.it\/wp-content\/uploads\/2017\/03\/262267_sei_punto_zero_take_over_full_expand_mask_300ml.png\" \/>\n\t<meta property=\"og:image:width\" content=\"800\" \/>\n\t<meta property=\"og:image:height\" content=\"800\" \/>\n\t<meta property=\"og:image:type\" content=\"image\/png\" \/>\n<meta name=\"twitter:card\" content=\"summary_large_image\" \/>\n<meta name=\"twitter:label1\" content=\"Dur\u00e9e de lecture estim\u00e9e\" \/>\n\t<meta name=\"twitter:data1\" content=\"1 minute\" \/>\n<script type=\"application\/ld+json\" class=\"yoast-schema-graph\">{\"@context\":\"https:\/\/schema.org\",\"@graph\":[{\"@type\":\"WebPage\",\"@id\":\"https:\/\/seipuntozero-haircare.it\/fr\/product\/take-over-full-expand-masque-pour-cheveux-fins-2\/\",\"url\":\"https:\/\/seipuntozero-haircare.it\/fr\/product\/take-over-full-expand-masque-pour-cheveux-fins-2\/\",\"name\":\"TAKE OVER \u2013 FULL EXPAND Masque pour cheveux fins - 6.Zero\",\"isPartOf\":{\"@id\":\"https:\/\/seipuntozero-haircare.it\/fr\/#website\"},\"primaryImageOfPage\":{\"@id\":\"https:\/\/seipuntozero-haircare.it\/fr\/product\/take-over-full-expand-masque-pour-cheveux-fins-2\/#primaryimage\"},\"image\":{\"@id\":\"https:\/\/seipuntozero-haircare.it\/fr\/product\/take-over-full-expand-masque-pour-cheveux-fins-2\/#primaryimage\"},\"thumbnailUrl\":\"https:\/\/seipuntozero-haircare.it\/wp-content\/uploads\/2017\/03\/262267_sei_punto_zero_take_over_full_expand_mask_300ml.png\",\"datePublished\":\"2017-03-15T15:21:22+00:00\",\"dateModified\":\"2021-06-09T07:59:11+00:00\",\"description\":\"Take Over Full Expand, masque pour cheveux fins et sans volume donne de l\u2019\u00e9paisseur \u00e0 la fibre capillaire, des racines aux pointes, pour une chevelure visiblement volumineuse et extraordinairement douce au toucher.\",\"breadcrumb\":{\"@id\":\"https:\/\/seipuntozero-haircare.it\/fr\/product\/take-over-full-expand-masque-pour-cheveux-fins-2\/#breadcrumb\"},\"inLanguage\":\"fr-FR\",\"potentialAction\":[{\"@type\":\"ReadAction\",\"target\":[\"https:\/\/seipuntozero-haircare.it\/fr\/product\/take-over-full-expand-masque-pour-cheveux-fins-2\/\"]}]},{\"@type\":\"ImageObject\",\"inLanguage\":\"fr-FR\",\"@id\":\"https:\/\/seipuntozero-haircare.it\/fr\/product\/take-over-full-expand-masque-pour-cheveux-fins-2\/#primaryimage\",\"url\":\"https:\/\/seipuntozero-haircare.it\/wp-content\/uploads\/2017\/03\/262267_sei_punto_zero_take_over_full_expand_mask_300ml.png\",\"contentUrl\":\"https:\/\/seipuntozero-haircare.it\/wp-content\/uploads\/2017\/03\/262267_sei_punto_zero_take_over_full_expand_mask_300ml.png\",\"width\":800,\"height\":800},{\"@type\":\"BreadcrumbList\",\"@id\":\"https:\/\/seipuntozero-haircare.it\/fr\/product\/take-over-full-expand-masque-pour-cheveux-fins-2\/#breadcrumb\",\"itemListElement\":[{\"@type\":\"ListItem\",\"position\":1,\"name\":\"Home\",\"item\":\"https:\/\/seipuntozero-haircare.it\/fr\/\"},{\"@type\":\"ListItem\",\"position\":2,\"name\":\"Products\",\"item\":\"https:\/\/seipuntozero-haircare.it\/fr\/shop\/\"},{\"@type\":\"ListItem\",\"position\":3,\"name\":\"TAKE OVER \u2013 FULL EXPAND Masque pour cheveux fins\"}]},{\"@type\":\"WebSite\",\"@id\":\"https:\/\/seipuntozero-haircare.it\/fr\/#website\",\"url\":\"https:\/\/seipuntozero-haircare.it\/fr\/\",\"name\":\"6.Zero\",\"description\":\"Essential Touch\",\"potentialAction\":[{\"@type\":\"SearchAction\",\"target\":{\"@type\":\"EntryPoint\",\"urlTemplate\":\"https:\/\/seipuntozero-haircare.it\/fr\/?s={search_term_string}\"},\"query-input\":{\"@type\":\"PropertyValueSpecification\",\"valueRequired\":true,\"valueName\":\"search_term_string\"}}],\"inLanguage\":\"fr-FR\"}]}<\/script>\n<!-- \/ Yoast SEO plugin. -->","yoast_head_json":{"title":"TAKE OVER \u2013 FULL EXPAND  Masque pour cheveux fins - 6.Zero","description":"Take Over Full Expand, masque pour cheveux fins et sans volume donne de l\u2019\u00e9paisseur \u00e0 la fibre capillaire, des racines aux pointes, pour une chevelure visiblement volumineuse et extraordinairement douce au toucher.","robots":{"index":"index","follow":"follow","max-snippet":"max-snippet:-1","max-image-preview":"max-image-preview:large","max-video-preview":"max-video-preview:-1"},"canonical":"https:\/\/seipuntozero-haircare.it\/fr\/product\/take-over-full-expand-masque-pour-cheveux-fins-2\/","og_locale":"fr_FR","og_type":"article","og_title":"TAKE OVER \u2013 FULL EXPAND  Masque pour cheveux fins - 6.Zero","og_description":"Take Over Full Expand, masque pour cheveux fins et sans volume donne de l\u2019\u00e9paisseur \u00e0 la fibre capillaire, des racines aux pointes, pour une chevelure visiblement volumineuse et extraordinairement douce au toucher.","og_url":"https:\/\/seipuntozero-haircare.it\/fr\/product\/take-over-full-expand-masque-pour-cheveux-fins-2\/","og_site_name":"6.Zero","article_modified_time":"2021-06-09T07:59:11+00:00","og_image":[{"width":800,"height":800,"url":"https:\/\/seipuntozero-haircare.it\/wp-content\/uploads\/2017\/03\/262267_sei_punto_zero_take_over_full_expand_mask_300ml.png","type":"image\/png"}],"twitter_card":"summary_large_image","twitter_misc":{"Dur\u00e9e de lecture estim\u00e9e":"1 minute"},"schema":{"@context":"https:\/\/schema.org","@graph":[{"@type":"WebPage","@id":"https:\/\/seipuntozero-haircare.it\/fr\/product\/take-over-full-expand-masque-pour-cheveux-fins-2\/","url":"https:\/\/seipuntozero-haircare.it\/fr\/product\/take-over-full-expand-masque-pour-cheveux-fins-2\/","name":"TAKE OVER \u2013 FULL EXPAND Masque pour cheveux fins - 6.Zero","isPartOf":{"@id":"https:\/\/seipuntozero-haircare.it\/fr\/#website"},"primaryImageOfPage":{"@id":"https:\/\/seipuntozero-haircare.it\/fr\/product\/take-over-full-expand-masque-pour-cheveux-fins-2\/#primaryimage"},"image":{"@id":"https:\/\/seipuntozero-haircare.it\/fr\/product\/take-over-full-expand-masque-pour-cheveux-fins-2\/#primaryimage"},"thumbnailUrl":"https:\/\/seipuntozero-haircare.it\/wp-content\/uploads\/2017\/03\/262267_sei_punto_zero_take_over_full_expand_mask_300ml.png","datePublished":"2017-03-15T15:21:22+00:00","dateModified":"2021-06-09T07:59:11+00:00","description":"Take Over Full Expand, masque pour cheveux fins et sans volume donne de l\u2019\u00e9paisseur \u00e0 la fibre capillaire, des racines aux pointes, pour une chevelure visiblement volumineuse et extraordinairement douce au toucher.","breadcrumb":{"@id":"https:\/\/seipuntozero-haircare.it\/fr\/product\/take-over-full-expand-masque-pour-cheveux-fins-2\/#breadcrumb"},"inLanguage":"fr-FR","potentialAction":[{"@type":"ReadAction","target":["https:\/\/seipuntozero-haircare.it\/fr\/product\/take-over-full-expand-masque-pour-cheveux-fins-2\/"]}]},{"@type":"ImageObject","inLanguage":"fr-FR","@id":"https:\/\/seipuntozero-haircare.it\/fr\/product\/take-over-full-expand-masque-pour-cheveux-fins-2\/#primaryimage","url":"https:\/\/seipuntozero-haircare.it\/wp-content\/uploads\/2017\/03\/262267_sei_punto_zero_take_over_full_expand_mask_300ml.png","contentUrl":"https:\/\/seipuntozero-haircare.it\/wp-content\/uploads\/2017\/03\/262267_sei_punto_zero_take_over_full_expand_mask_300ml.png","width":800,"height":800},{"@type":"BreadcrumbList","@id":"https:\/\/seipuntozero-haircare.it\/fr\/product\/take-over-full-expand-masque-pour-cheveux-fins-2\/#breadcrumb","itemListElement":[{"@type":"ListItem","position":1,"name":"Home","item":"https:\/\/seipuntozero-haircare.it\/fr\/"},{"@type":"ListItem","position":2,"name":"Products","item":"https:\/\/seipuntozero-haircare.it\/fr\/shop\/"},{"@type":"ListItem","position":3,"name":"TAKE OVER \u2013 FULL EXPAND Masque pour cheveux fins"}]},{"@type":"WebSite","@id":"https:\/\/seipuntozero-haircare.it\/fr\/#website","url":"https:\/\/seipuntozero-haircare.it\/fr\/","name":"6.Zero","description":"Essential Touch","potentialAction":[{"@type":"SearchAction","target":{"@type":"EntryPoint","urlTemplate":"https:\/\/seipuntozero-haircare.it\/fr\/?s={search_term_string}"},"query-input":{"@type":"PropertyValueSpecification","valueRequired":true,"valueName":"search_term_string"}}],"inLanguage":"fr-FR"}]}},"_links":{"self":[{"href":"https:\/\/seipuntozero-haircare.it\/fr\/wp-json\/wp\/v2\/product\/15127","targetHints":{"allow":["GET"]}}],"collection":[{"href":"https:\/\/seipuntozero-haircare.it\/fr\/wp-json\/wp\/v2\/product"}],"about":[{"href":"https:\/\/seipuntozero-haircare.it\/fr\/wp-json\/wp\/v2\/types\/product"}],"wp:featuredmedia":[{"embeddable":true,"href":"https:\/\/seipuntozero-haircare.it\/fr\/wp-json\/wp\/v2\/media\/19844"}],"wp:attachment":[{"href":"https:\/\/seipuntozero-haircare.it\/fr\/wp-json\/wp\/v2\/media?parent=15127"}],"wp:term":[{"taxonomy":"product_brand","embeddable":true,"href":"https:\/\/seipuntozero-haircare.it\/fr\/wp-json\/wp\/v2\/product_brand?post=15127"},{"taxonomy":"product_cat","embeddable":true,"href":"https:\/\/seipuntozero-haircare.it\/fr\/wp-json\/wp\/v2\/product_cat?post=15127"},{"taxonomy":"product_tag","embeddable":true,"href":"https:\/\/seipuntozero-haircare.it\/fr\/wp-json\/wp\/v2\/product_tag?post=15127"}],"curies":[{"name":"wp","href":"https:\/\/api.w.org\/{rel}","templated":true}]}}