{"id":15121,"date":"2017-03-15T16:14:01","date_gmt":"2017-03-15T15:14:01","guid":{"rendered":"https:\/\/seipuntozero-haircare.it\/prodotto\/take-over-define-curl-shampooing-pour-cheveux-ondules-et-boucles-2\/"},"modified":"2021-09-29T09:41:36","modified_gmt":"2021-09-29T07:41:36","slug":"take-over-define-curl-shampooing-pour-cheveux-ondules-et-boucles-2","status":"publish","type":"product","link":"https:\/\/seipuntozero-haircare.it\/fr\/product\/take-over-define-curl-shampooing-pour-cheveux-ondules-et-boucles-2\/","title":{"rendered":"TAKE OVER \u2013 DEFINE CURL <br> Shampooing pour cheveux ondul\u00e9s et boucl\u00e9s"},"content":{"rendered":"<ul>\n<li>Les cheveux ondul\u00e9s et boucl\u00e9s sont l\u00e9gers et <strong>riches en volume<\/strong><\/li>\n<li>Contr\u00f4le l\u2019<strong>effet cr\u00e9pu<\/strong><\/li>\n<li>Exerce une action<strong> conditionnante<\/strong><\/li>\n<\/ul>\n","protected":false},"excerpt":{"rendered":"<p>Take Over Define Curl, <strong>shampooing pour cheveux ondul\u00e9s et boucl\u00e9s <\/strong>enrichi \u00e0 la <strong>K\u00e9ratine de Cachemire<\/strong>, pour nettoyer d\u00e9licatement et donner une \u00e9lasticit\u00e9 exclusive. Le shampooing rend les cheveux plus <strong>doux, l\u00e9gers et volumineux<\/strong>, en aidant \u00e0 contr\u00f4ler m\u00eame les <strong>boucles les plus touffues<\/strong> et en ma\u00eetrisant l\u2019effet \u00e9lectrostatique, cause de l\u2019<strong>inesth\u00e9tique effet cr\u00e9pu.<\/strong><\/p>\n<p>Flacon 300 ml<\/p>\n","protected":false},"featured_media":19831,"template":"","meta":[],"product_brand":[],"product_cat":[598],"product_tag":[],"class_list":["post-15121","product","type-product","status-publish","has-post-thumbnail","hentry","product_cat-take-over-define-curl-fr"],"yoast_head":"<!-- This site is optimized with the Yoast SEO plugin v27.1.1 - https:\/\/yoast.com\/product\/yoast-seo-wordpress\/ -->\n<title>TAKE OVER \u2013 DEFINE CURL  Shampooing pour cheveux ondul\u00e9s et boucl\u00e9s - 6.Zero<\/title>\n<meta name=\"description\" content=\"Take Over Define Curl, shampooing pour cheveux ondul\u00e9s et boucl\u00e9s enrichi \u00e0 la K\u00e9ratine de Cachemire, pour nettoyer d\u00e9licatement et donner une \u00e9lasticit\u00e9 exclusive.\" \/>\n<meta name=\"robots\" content=\"index, follow, max-snippet:-1, max-image-preview:large, max-video-preview:-1\" \/>\n<link rel=\"canonical\" href=\"https:\/\/seipuntozero-haircare.it\/fr\/product\/take-over-define-curl-shampooing-pour-cheveux-ondules-et-boucles-2\/\" \/>\n<meta property=\"og:locale\" content=\"fr_FR\" \/>\n<meta property=\"og:type\" content=\"article\" \/>\n<meta property=\"og:title\" content=\"TAKE OVER \u2013 DEFINE CURL  Shampooing pour cheveux ondul\u00e9s et boucl\u00e9s - 6.Zero\" \/>\n<meta property=\"og:description\" content=\"Take Over Define Curl, shampooing pour cheveux ondul\u00e9s et boucl\u00e9s enrichi \u00e0 la K\u00e9ratine de Cachemire, pour nettoyer d\u00e9licatement et donner une \u00e9lasticit\u00e9 exclusive.\" \/>\n<meta property=\"og:url\" content=\"https:\/\/seipuntozero-haircare.it\/fr\/product\/take-over-define-curl-shampooing-pour-cheveux-ondules-et-boucles-2\/\" \/>\n<meta property=\"og:site_name\" content=\"6.Zero\" \/>\n<meta property=\"article:modified_time\" content=\"2021-09-29T07:41:36+00:00\" \/>\n<meta property=\"og:image\" content=\"https:\/\/seipuntozero-haircare.it\/wp-content\/uploads\/2019\/03\/263271_sei_punto_zero_take_over_define_curl_shampoo_300ml.png\" \/>\n\t<meta property=\"og:image:width\" content=\"800\" \/>\n\t<meta property=\"og:image:height\" content=\"800\" \/>\n\t<meta property=\"og:image:type\" content=\"image\/png\" \/>\n<meta name=\"twitter:card\" content=\"summary_large_image\" \/>\n<meta name=\"twitter:label1\" content=\"Dur\u00e9e de lecture estim\u00e9e\" \/>\n\t<meta name=\"twitter:data1\" content=\"1 minute\" \/>\n<script type=\"application\/ld+json\" class=\"yoast-schema-graph\">{\"@context\":\"https:\/\/schema.org\",\"@graph\":[{\"@type\":\"WebPage\",\"@id\":\"https:\/\/seipuntozero-haircare.it\/fr\/product\/take-over-define-curl-shampooing-pour-cheveux-ondules-et-boucles-2\/\",\"url\":\"https:\/\/seipuntozero-haircare.it\/fr\/product\/take-over-define-curl-shampooing-pour-cheveux-ondules-et-boucles-2\/\",\"name\":\"TAKE OVER \u2013 DEFINE CURL Shampooing pour cheveux ondul\u00e9s et boucl\u00e9s - 6.Zero\",\"isPartOf\":{\"@id\":\"https:\/\/seipuntozero-haircare.it\/fr\/#website\"},\"primaryImageOfPage\":{\"@id\":\"https:\/\/seipuntozero-haircare.it\/fr\/product\/take-over-define-curl-shampooing-pour-cheveux-ondules-et-boucles-2\/#primaryimage\"},\"image\":{\"@id\":\"https:\/\/seipuntozero-haircare.it\/fr\/product\/take-over-define-curl-shampooing-pour-cheveux-ondules-et-boucles-2\/#primaryimage\"},\"thumbnailUrl\":\"https:\/\/seipuntozero-haircare.it\/wp-content\/uploads\/2019\/03\/263271_sei_punto_zero_take_over_define_curl_shampoo_300ml.png\",\"datePublished\":\"2017-03-15T15:14:01+00:00\",\"dateModified\":\"2021-09-29T07:41:36+00:00\",\"description\":\"Take Over Define Curl, shampooing pour cheveux ondul\u00e9s et boucl\u00e9s enrichi \u00e0 la K\u00e9ratine de Cachemire, pour nettoyer d\u00e9licatement et donner une \u00e9lasticit\u00e9 exclusive.\",\"breadcrumb\":{\"@id\":\"https:\/\/seipuntozero-haircare.it\/fr\/product\/take-over-define-curl-shampooing-pour-cheveux-ondules-et-boucles-2\/#breadcrumb\"},\"inLanguage\":\"fr-FR\",\"potentialAction\":[{\"@type\":\"ReadAction\",\"target\":[\"https:\/\/seipuntozero-haircare.it\/fr\/product\/take-over-define-curl-shampooing-pour-cheveux-ondules-et-boucles-2\/\"]}]},{\"@type\":\"ImageObject\",\"inLanguage\":\"fr-FR\",\"@id\":\"https:\/\/seipuntozero-haircare.it\/fr\/product\/take-over-define-curl-shampooing-pour-cheveux-ondules-et-boucles-2\/#primaryimage\",\"url\":\"https:\/\/seipuntozero-haircare.it\/wp-content\/uploads\/2019\/03\/263271_sei_punto_zero_take_over_define_curl_shampoo_300ml.png\",\"contentUrl\":\"https:\/\/seipuntozero-haircare.it\/wp-content\/uploads\/2019\/03\/263271_sei_punto_zero_take_over_define_curl_shampoo_300ml.png\",\"width\":800,\"height\":800},{\"@type\":\"BreadcrumbList\",\"@id\":\"https:\/\/seipuntozero-haircare.it\/fr\/product\/take-over-define-curl-shampooing-pour-cheveux-ondules-et-boucles-2\/#breadcrumb\",\"itemListElement\":[{\"@type\":\"ListItem\",\"position\":1,\"name\":\"Home\",\"item\":\"https:\/\/seipuntozero-haircare.it\/fr\/\"},{\"@type\":\"ListItem\",\"position\":2,\"name\":\"Products\",\"item\":\"https:\/\/seipuntozero-haircare.it\/fr\/shop\/\"},{\"@type\":\"ListItem\",\"position\":3,\"name\":\"TAKE OVER \u2013 DEFINE CURL Shampooing pour cheveux ondul\u00e9s et boucl\u00e9s\"}]},{\"@type\":\"WebSite\",\"@id\":\"https:\/\/seipuntozero-haircare.it\/fr\/#website\",\"url\":\"https:\/\/seipuntozero-haircare.it\/fr\/\",\"name\":\"6.Zero\",\"description\":\"Essential Touch\",\"potentialAction\":[{\"@type\":\"SearchAction\",\"target\":{\"@type\":\"EntryPoint\",\"urlTemplate\":\"https:\/\/seipuntozero-haircare.it\/fr\/?s={search_term_string}\"},\"query-input\":{\"@type\":\"PropertyValueSpecification\",\"valueRequired\":true,\"valueName\":\"search_term_string\"}}],\"inLanguage\":\"fr-FR\"}]}<\/script>\n<!-- \/ Yoast SEO plugin. -->","yoast_head_json":{"title":"TAKE OVER \u2013 DEFINE CURL  Shampooing pour cheveux ondul\u00e9s et boucl\u00e9s - 6.Zero","description":"Take Over Define Curl, shampooing pour cheveux ondul\u00e9s et boucl\u00e9s enrichi \u00e0 la K\u00e9ratine de Cachemire, pour nettoyer d\u00e9licatement et donner une \u00e9lasticit\u00e9 exclusive.","robots":{"index":"index","follow":"follow","max-snippet":"max-snippet:-1","max-image-preview":"max-image-preview:large","max-video-preview":"max-video-preview:-1"},"canonical":"https:\/\/seipuntozero-haircare.it\/fr\/product\/take-over-define-curl-shampooing-pour-cheveux-ondules-et-boucles-2\/","og_locale":"fr_FR","og_type":"article","og_title":"TAKE OVER \u2013 DEFINE CURL  Shampooing pour cheveux ondul\u00e9s et boucl\u00e9s - 6.Zero","og_description":"Take Over Define Curl, shampooing pour cheveux ondul\u00e9s et boucl\u00e9s enrichi \u00e0 la K\u00e9ratine de Cachemire, pour nettoyer d\u00e9licatement et donner une \u00e9lasticit\u00e9 exclusive.","og_url":"https:\/\/seipuntozero-haircare.it\/fr\/product\/take-over-define-curl-shampooing-pour-cheveux-ondules-et-boucles-2\/","og_site_name":"6.Zero","article_modified_time":"2021-09-29T07:41:36+00:00","og_image":[{"width":800,"height":800,"url":"https:\/\/seipuntozero-haircare.it\/wp-content\/uploads\/2019\/03\/263271_sei_punto_zero_take_over_define_curl_shampoo_300ml.png","type":"image\/png"}],"twitter_card":"summary_large_image","twitter_misc":{"Dur\u00e9e de lecture estim\u00e9e":"1 minute"},"schema":{"@context":"https:\/\/schema.org","@graph":[{"@type":"WebPage","@id":"https:\/\/seipuntozero-haircare.it\/fr\/product\/take-over-define-curl-shampooing-pour-cheveux-ondules-et-boucles-2\/","url":"https:\/\/seipuntozero-haircare.it\/fr\/product\/take-over-define-curl-shampooing-pour-cheveux-ondules-et-boucles-2\/","name":"TAKE OVER \u2013 DEFINE CURL Shampooing pour cheveux ondul\u00e9s et boucl\u00e9s - 6.Zero","isPartOf":{"@id":"https:\/\/seipuntozero-haircare.it\/fr\/#website"},"primaryImageOfPage":{"@id":"https:\/\/seipuntozero-haircare.it\/fr\/product\/take-over-define-curl-shampooing-pour-cheveux-ondules-et-boucles-2\/#primaryimage"},"image":{"@id":"https:\/\/seipuntozero-haircare.it\/fr\/product\/take-over-define-curl-shampooing-pour-cheveux-ondules-et-boucles-2\/#primaryimage"},"thumbnailUrl":"https:\/\/seipuntozero-haircare.it\/wp-content\/uploads\/2019\/03\/263271_sei_punto_zero_take_over_define_curl_shampoo_300ml.png","datePublished":"2017-03-15T15:14:01+00:00","dateModified":"2021-09-29T07:41:36+00:00","description":"Take Over Define Curl, shampooing pour cheveux ondul\u00e9s et boucl\u00e9s enrichi \u00e0 la K\u00e9ratine de Cachemire, pour nettoyer d\u00e9licatement et donner une \u00e9lasticit\u00e9 exclusive.","breadcrumb":{"@id":"https:\/\/seipuntozero-haircare.it\/fr\/product\/take-over-define-curl-shampooing-pour-cheveux-ondules-et-boucles-2\/#breadcrumb"},"inLanguage":"fr-FR","potentialAction":[{"@type":"ReadAction","target":["https:\/\/seipuntozero-haircare.it\/fr\/product\/take-over-define-curl-shampooing-pour-cheveux-ondules-et-boucles-2\/"]}]},{"@type":"ImageObject","inLanguage":"fr-FR","@id":"https:\/\/seipuntozero-haircare.it\/fr\/product\/take-over-define-curl-shampooing-pour-cheveux-ondules-et-boucles-2\/#primaryimage","url":"https:\/\/seipuntozero-haircare.it\/wp-content\/uploads\/2019\/03\/263271_sei_punto_zero_take_over_define_curl_shampoo_300ml.png","contentUrl":"https:\/\/seipuntozero-haircare.it\/wp-content\/uploads\/2019\/03\/263271_sei_punto_zero_take_over_define_curl_shampoo_300ml.png","width":800,"height":800},{"@type":"BreadcrumbList","@id":"https:\/\/seipuntozero-haircare.it\/fr\/product\/take-over-define-curl-shampooing-pour-cheveux-ondules-et-boucles-2\/#breadcrumb","itemListElement":[{"@type":"ListItem","position":1,"name":"Home","item":"https:\/\/seipuntozero-haircare.it\/fr\/"},{"@type":"ListItem","position":2,"name":"Products","item":"https:\/\/seipuntozero-haircare.it\/fr\/shop\/"},{"@type":"ListItem","position":3,"name":"TAKE OVER \u2013 DEFINE CURL Shampooing pour cheveux ondul\u00e9s et boucl\u00e9s"}]},{"@type":"WebSite","@id":"https:\/\/seipuntozero-haircare.it\/fr\/#website","url":"https:\/\/seipuntozero-haircare.it\/fr\/","name":"6.Zero","description":"Essential Touch","potentialAction":[{"@type":"SearchAction","target":{"@type":"EntryPoint","urlTemplate":"https:\/\/seipuntozero-haircare.it\/fr\/?s={search_term_string}"},"query-input":{"@type":"PropertyValueSpecification","valueRequired":true,"valueName":"search_term_string"}}],"inLanguage":"fr-FR"}]}},"_links":{"self":[{"href":"https:\/\/seipuntozero-haircare.it\/fr\/wp-json\/wp\/v2\/product\/15121","targetHints":{"allow":["GET"]}}],"collection":[{"href":"https:\/\/seipuntozero-haircare.it\/fr\/wp-json\/wp\/v2\/product"}],"about":[{"href":"https:\/\/seipuntozero-haircare.it\/fr\/wp-json\/wp\/v2\/types\/product"}],"wp:featuredmedia":[{"embeddable":true,"href":"https:\/\/seipuntozero-haircare.it\/fr\/wp-json\/wp\/v2\/media\/19831"}],"wp:attachment":[{"href":"https:\/\/seipuntozero-haircare.it\/fr\/wp-json\/wp\/v2\/media?parent=15121"}],"wp:term":[{"taxonomy":"product_brand","embeddable":true,"href":"https:\/\/seipuntozero-haircare.it\/fr\/wp-json\/wp\/v2\/product_brand?post=15121"},{"taxonomy":"product_cat","embeddable":true,"href":"https:\/\/seipuntozero-haircare.it\/fr\/wp-json\/wp\/v2\/product_cat?post=15121"},{"taxonomy":"product_tag","embeddable":true,"href":"https:\/\/seipuntozero-haircare.it\/fr\/wp-json\/wp\/v2\/product_tag?post=15121"}],"curies":[{"name":"wp","href":"https:\/\/api.w.org\/{rel}","templated":true}]}}