{"id":15119,"date":"2017-03-15T16:16:09","date_gmt":"2017-03-15T15:16:09","guid":{"rendered":"https:\/\/seipuntozero-haircare.it\/prodotto\/take-over-define-curl-masque-pour-cheveux-ondules-et-boucles-2\/"},"modified":"2021-06-09T09:54:39","modified_gmt":"2021-06-09T07:54:39","slug":"take-over-define-curl-masque-pour-cheveux-ondules-et-boucles-2","status":"publish","type":"product","link":"https:\/\/seipuntozero-haircare.it\/fr\/product\/take-over-define-curl-masque-pour-cheveux-ondules-et-boucles-2\/","title":{"rendered":"TAKE OVER \u2013 DEFINE CURL <br> Masque pour cheveux ondul\u00e9s et boucl\u00e9s"},"content":{"rendered":"<ul>\n<li>Nourrit et discipline m\u00eame les <strong>boucles les plus rebelles<\/strong><\/li>\n<li>Offre une <strong>chevelure volumineuse<\/strong>, douce et resplendissante<\/li>\n<li>Les cheveux boucl\u00e9s et ondul\u00e9s sont <strong>\u00e9lastiques et sans effet cr\u00e9pu<\/strong><\/li>\n<\/ul>\n","protected":false},"excerpt":{"rendered":"<p>Take Over Define Curl, <strong>masque pour cheveux ondul\u00e9s et boucl\u00e9s<\/strong>, \u00e0 la formule \u00e0 base de <strong>K\u00e9ratine de Cachemire<\/strong>. Le traitement pour la <em>curly routine<\/em> est caract\u00e9ris\u00e9 par une texture riche et intense, con\u00e7ue pour <strong>discipliner les boucles<\/strong> les plus rebelles et <strong>\u00e9liminer l\u2019effet cr\u00e9pu<\/strong>. Nourrit, apporte \u00e9lasticit\u00e9, douceur et d\u00e9finition pour une chevelure volumineuse et resplendissante.<\/p>\n<p>Pot 300 ml<\/p>\n","protected":false},"featured_media":19813,"template":"","meta":[],"product_brand":[],"product_cat":[598],"product_tag":[],"class_list":["post-15119","product","type-product","status-publish","has-post-thumbnail","hentry","product_cat-take-over-define-curl-fr"],"yoast_head":"<!-- This site is optimized with the Yoast SEO plugin v27.1.1 - https:\/\/yoast.com\/product\/yoast-seo-wordpress\/ -->\n<title>TAKE OVER \u2013 DEFINE CURL  Masque pour cheveux ondul\u00e9s et boucl\u00e9s - 6.Zero<\/title>\n<meta name=\"description\" content=\"Take Over Define Curl, masque pour cheveux ondul\u00e9s et boucl\u00e9s, \u00e0 la formule \u00e0 base de K\u00e9ratine de Cachemire. Le traitement pour la curly routine est caract\u00e9ris\u00e9 par une texture riche et intense, con\u00e7ue pour discipliner les boucles les plus rebelles et \u00e9liminer l\u2019effet cr\u00e9pu.\" \/>\n<meta name=\"robots\" content=\"index, follow, max-snippet:-1, max-image-preview:large, max-video-preview:-1\" \/>\n<link rel=\"canonical\" href=\"https:\/\/seipuntozero-haircare.it\/fr\/product\/take-over-define-curl-masque-pour-cheveux-ondules-et-boucles-2\/\" \/>\n<meta property=\"og:locale\" content=\"fr_FR\" \/>\n<meta property=\"og:type\" content=\"article\" \/>\n<meta property=\"og:title\" content=\"TAKE OVER \u2013 DEFINE CURL  Masque pour cheveux ondul\u00e9s et boucl\u00e9s - 6.Zero\" \/>\n<meta property=\"og:description\" content=\"Take Over Define Curl, masque pour cheveux ondul\u00e9s et boucl\u00e9s, \u00e0 la formule \u00e0 base de K\u00e9ratine de Cachemire. Le traitement pour la curly routine est caract\u00e9ris\u00e9 par une texture riche et intense, con\u00e7ue pour discipliner les boucles les plus rebelles et \u00e9liminer l\u2019effet cr\u00e9pu.\" \/>\n<meta property=\"og:url\" content=\"https:\/\/seipuntozero-haircare.it\/fr\/product\/take-over-define-curl-masque-pour-cheveux-ondules-et-boucles-2\/\" \/>\n<meta property=\"og:site_name\" content=\"6.Zero\" \/>\n<meta property=\"article:modified_time\" content=\"2021-06-09T07:54:39+00:00\" \/>\n<meta property=\"og:image\" content=\"https:\/\/seipuntozero-haircare.it\/wp-content\/uploads\/2019\/03\/262229_sei_punto_zero_take_over_define_curl_mask_300ml-1.png\" \/>\n\t<meta property=\"og:image:width\" content=\"800\" \/>\n\t<meta property=\"og:image:height\" content=\"800\" \/>\n\t<meta property=\"og:image:type\" content=\"image\/png\" \/>\n<meta name=\"twitter:card\" content=\"summary_large_image\" \/>\n<meta name=\"twitter:label1\" content=\"Dur\u00e9e de lecture estim\u00e9e\" \/>\n\t<meta name=\"twitter:data1\" content=\"1 minute\" \/>\n<script type=\"application\/ld+json\" class=\"yoast-schema-graph\">{\"@context\":\"https:\/\/schema.org\",\"@graph\":[{\"@type\":\"WebPage\",\"@id\":\"https:\/\/seipuntozero-haircare.it\/fr\/product\/take-over-define-curl-masque-pour-cheveux-ondules-et-boucles-2\/\",\"url\":\"https:\/\/seipuntozero-haircare.it\/fr\/product\/take-over-define-curl-masque-pour-cheveux-ondules-et-boucles-2\/\",\"name\":\"TAKE OVER \u2013 DEFINE CURL Masque pour cheveux ondul\u00e9s et boucl\u00e9s - 6.Zero\",\"isPartOf\":{\"@id\":\"https:\/\/seipuntozero-haircare.it\/fr\/#website\"},\"primaryImageOfPage\":{\"@id\":\"https:\/\/seipuntozero-haircare.it\/fr\/product\/take-over-define-curl-masque-pour-cheveux-ondules-et-boucles-2\/#primaryimage\"},\"image\":{\"@id\":\"https:\/\/seipuntozero-haircare.it\/fr\/product\/take-over-define-curl-masque-pour-cheveux-ondules-et-boucles-2\/#primaryimage\"},\"thumbnailUrl\":\"https:\/\/seipuntozero-haircare.it\/wp-content\/uploads\/2019\/03\/262229_sei_punto_zero_take_over_define_curl_mask_300ml-1.png\",\"datePublished\":\"2017-03-15T15:16:09+00:00\",\"dateModified\":\"2021-06-09T07:54:39+00:00\",\"description\":\"Take Over Define Curl, masque pour cheveux ondul\u00e9s et boucl\u00e9s, \u00e0 la formule \u00e0 base de K\u00e9ratine de Cachemire. Le traitement pour la curly routine est caract\u00e9ris\u00e9 par une texture riche et intense, con\u00e7ue pour discipliner les boucles les plus rebelles et \u00e9liminer l\u2019effet cr\u00e9pu.\",\"breadcrumb\":{\"@id\":\"https:\/\/seipuntozero-haircare.it\/fr\/product\/take-over-define-curl-masque-pour-cheveux-ondules-et-boucles-2\/#breadcrumb\"},\"inLanguage\":\"fr-FR\",\"potentialAction\":[{\"@type\":\"ReadAction\",\"target\":[\"https:\/\/seipuntozero-haircare.it\/fr\/product\/take-over-define-curl-masque-pour-cheveux-ondules-et-boucles-2\/\"]}]},{\"@type\":\"ImageObject\",\"inLanguage\":\"fr-FR\",\"@id\":\"https:\/\/seipuntozero-haircare.it\/fr\/product\/take-over-define-curl-masque-pour-cheveux-ondules-et-boucles-2\/#primaryimage\",\"url\":\"https:\/\/seipuntozero-haircare.it\/wp-content\/uploads\/2019\/03\/262229_sei_punto_zero_take_over_define_curl_mask_300ml-1.png\",\"contentUrl\":\"https:\/\/seipuntozero-haircare.it\/wp-content\/uploads\/2019\/03\/262229_sei_punto_zero_take_over_define_curl_mask_300ml-1.png\",\"width\":800,\"height\":800},{\"@type\":\"BreadcrumbList\",\"@id\":\"https:\/\/seipuntozero-haircare.it\/fr\/product\/take-over-define-curl-masque-pour-cheveux-ondules-et-boucles-2\/#breadcrumb\",\"itemListElement\":[{\"@type\":\"ListItem\",\"position\":1,\"name\":\"Home\",\"item\":\"https:\/\/seipuntozero-haircare.it\/fr\/\"},{\"@type\":\"ListItem\",\"position\":2,\"name\":\"Products\",\"item\":\"https:\/\/seipuntozero-haircare.it\/fr\/shop\/\"},{\"@type\":\"ListItem\",\"position\":3,\"name\":\"TAKE OVER \u2013 DEFINE CURL Masque pour cheveux ondul\u00e9s et boucl\u00e9s\"}]},{\"@type\":\"WebSite\",\"@id\":\"https:\/\/seipuntozero-haircare.it\/fr\/#website\",\"url\":\"https:\/\/seipuntozero-haircare.it\/fr\/\",\"name\":\"6.Zero\",\"description\":\"Essential Touch\",\"potentialAction\":[{\"@type\":\"SearchAction\",\"target\":{\"@type\":\"EntryPoint\",\"urlTemplate\":\"https:\/\/seipuntozero-haircare.it\/fr\/?s={search_term_string}\"},\"query-input\":{\"@type\":\"PropertyValueSpecification\",\"valueRequired\":true,\"valueName\":\"search_term_string\"}}],\"inLanguage\":\"fr-FR\"}]}<\/script>\n<!-- \/ Yoast SEO plugin. -->","yoast_head_json":{"title":"TAKE OVER \u2013 DEFINE CURL  Masque pour cheveux ondul\u00e9s et boucl\u00e9s - 6.Zero","description":"Take Over Define Curl, masque pour cheveux ondul\u00e9s et boucl\u00e9s, \u00e0 la formule \u00e0 base de K\u00e9ratine de Cachemire. Le traitement pour la curly routine est caract\u00e9ris\u00e9 par une texture riche et intense, con\u00e7ue pour discipliner les boucles les plus rebelles et \u00e9liminer l\u2019effet cr\u00e9pu.","robots":{"index":"index","follow":"follow","max-snippet":"max-snippet:-1","max-image-preview":"max-image-preview:large","max-video-preview":"max-video-preview:-1"},"canonical":"https:\/\/seipuntozero-haircare.it\/fr\/product\/take-over-define-curl-masque-pour-cheveux-ondules-et-boucles-2\/","og_locale":"fr_FR","og_type":"article","og_title":"TAKE OVER \u2013 DEFINE CURL  Masque pour cheveux ondul\u00e9s et boucl\u00e9s - 6.Zero","og_description":"Take Over Define Curl, masque pour cheveux ondul\u00e9s et boucl\u00e9s, \u00e0 la formule \u00e0 base de K\u00e9ratine de Cachemire. Le traitement pour la curly routine est caract\u00e9ris\u00e9 par une texture riche et intense, con\u00e7ue pour discipliner les boucles les plus rebelles et \u00e9liminer l\u2019effet cr\u00e9pu.","og_url":"https:\/\/seipuntozero-haircare.it\/fr\/product\/take-over-define-curl-masque-pour-cheveux-ondules-et-boucles-2\/","og_site_name":"6.Zero","article_modified_time":"2021-06-09T07:54:39+00:00","og_image":[{"width":800,"height":800,"url":"https:\/\/seipuntozero-haircare.it\/wp-content\/uploads\/2019\/03\/262229_sei_punto_zero_take_over_define_curl_mask_300ml-1.png","type":"image\/png"}],"twitter_card":"summary_large_image","twitter_misc":{"Dur\u00e9e de lecture estim\u00e9e":"1 minute"},"schema":{"@context":"https:\/\/schema.org","@graph":[{"@type":"WebPage","@id":"https:\/\/seipuntozero-haircare.it\/fr\/product\/take-over-define-curl-masque-pour-cheveux-ondules-et-boucles-2\/","url":"https:\/\/seipuntozero-haircare.it\/fr\/product\/take-over-define-curl-masque-pour-cheveux-ondules-et-boucles-2\/","name":"TAKE OVER \u2013 DEFINE CURL Masque pour cheveux ondul\u00e9s et boucl\u00e9s - 6.Zero","isPartOf":{"@id":"https:\/\/seipuntozero-haircare.it\/fr\/#website"},"primaryImageOfPage":{"@id":"https:\/\/seipuntozero-haircare.it\/fr\/product\/take-over-define-curl-masque-pour-cheveux-ondules-et-boucles-2\/#primaryimage"},"image":{"@id":"https:\/\/seipuntozero-haircare.it\/fr\/product\/take-over-define-curl-masque-pour-cheveux-ondules-et-boucles-2\/#primaryimage"},"thumbnailUrl":"https:\/\/seipuntozero-haircare.it\/wp-content\/uploads\/2019\/03\/262229_sei_punto_zero_take_over_define_curl_mask_300ml-1.png","datePublished":"2017-03-15T15:16:09+00:00","dateModified":"2021-06-09T07:54:39+00:00","description":"Take Over Define Curl, masque pour cheveux ondul\u00e9s et boucl\u00e9s, \u00e0 la formule \u00e0 base de K\u00e9ratine de Cachemire. Le traitement pour la curly routine est caract\u00e9ris\u00e9 par une texture riche et intense, con\u00e7ue pour discipliner les boucles les plus rebelles et \u00e9liminer l\u2019effet cr\u00e9pu.","breadcrumb":{"@id":"https:\/\/seipuntozero-haircare.it\/fr\/product\/take-over-define-curl-masque-pour-cheveux-ondules-et-boucles-2\/#breadcrumb"},"inLanguage":"fr-FR","potentialAction":[{"@type":"ReadAction","target":["https:\/\/seipuntozero-haircare.it\/fr\/product\/take-over-define-curl-masque-pour-cheveux-ondules-et-boucles-2\/"]}]},{"@type":"ImageObject","inLanguage":"fr-FR","@id":"https:\/\/seipuntozero-haircare.it\/fr\/product\/take-over-define-curl-masque-pour-cheveux-ondules-et-boucles-2\/#primaryimage","url":"https:\/\/seipuntozero-haircare.it\/wp-content\/uploads\/2019\/03\/262229_sei_punto_zero_take_over_define_curl_mask_300ml-1.png","contentUrl":"https:\/\/seipuntozero-haircare.it\/wp-content\/uploads\/2019\/03\/262229_sei_punto_zero_take_over_define_curl_mask_300ml-1.png","width":800,"height":800},{"@type":"BreadcrumbList","@id":"https:\/\/seipuntozero-haircare.it\/fr\/product\/take-over-define-curl-masque-pour-cheveux-ondules-et-boucles-2\/#breadcrumb","itemListElement":[{"@type":"ListItem","position":1,"name":"Home","item":"https:\/\/seipuntozero-haircare.it\/fr\/"},{"@type":"ListItem","position":2,"name":"Products","item":"https:\/\/seipuntozero-haircare.it\/fr\/shop\/"},{"@type":"ListItem","position":3,"name":"TAKE OVER \u2013 DEFINE CURL Masque pour cheveux ondul\u00e9s et boucl\u00e9s"}]},{"@type":"WebSite","@id":"https:\/\/seipuntozero-haircare.it\/fr\/#website","url":"https:\/\/seipuntozero-haircare.it\/fr\/","name":"6.Zero","description":"Essential Touch","potentialAction":[{"@type":"SearchAction","target":{"@type":"EntryPoint","urlTemplate":"https:\/\/seipuntozero-haircare.it\/fr\/?s={search_term_string}"},"query-input":{"@type":"PropertyValueSpecification","valueRequired":true,"valueName":"search_term_string"}}],"inLanguage":"fr-FR"}]}},"_links":{"self":[{"href":"https:\/\/seipuntozero-haircare.it\/fr\/wp-json\/wp\/v2\/product\/15119","targetHints":{"allow":["GET"]}}],"collection":[{"href":"https:\/\/seipuntozero-haircare.it\/fr\/wp-json\/wp\/v2\/product"}],"about":[{"href":"https:\/\/seipuntozero-haircare.it\/fr\/wp-json\/wp\/v2\/types\/product"}],"wp:featuredmedia":[{"embeddable":true,"href":"https:\/\/seipuntozero-haircare.it\/fr\/wp-json\/wp\/v2\/media\/19813"}],"wp:attachment":[{"href":"https:\/\/seipuntozero-haircare.it\/fr\/wp-json\/wp\/v2\/media?parent=15119"}],"wp:term":[{"taxonomy":"product_brand","embeddable":true,"href":"https:\/\/seipuntozero-haircare.it\/fr\/wp-json\/wp\/v2\/product_brand?post=15119"},{"taxonomy":"product_cat","embeddable":true,"href":"https:\/\/seipuntozero-haircare.it\/fr\/wp-json\/wp\/v2\/product_cat?post=15119"},{"taxonomy":"product_tag","embeddable":true,"href":"https:\/\/seipuntozero-haircare.it\/fr\/wp-json\/wp\/v2\/product_tag?post=15119"}],"curies":[{"name":"wp","href":"https:\/\/api.w.org\/{rel}","templated":true}]}}